{"id":29520,"date":"2022-02-22T08:57:15","date_gmt":"2022-02-22T01:57:15","guid":{"rendered":"https:\/\/mouldking.store\/?post_type=product&#038;p=29520"},"modified":"2024-09-04T16:18:34","modified_gmt":"2024-09-04T09:18:34","slug":"jie-star-89127-the-sushi-corner-with-2662-pieces","status":"publish","type":"product","link":"https:\/\/mouldking.store\/de\/shop\/jie-star-89127-the-sushi-corner-with-2662-pieces\/","title":{"rendered":"JIE STAR 89127 Die Sushi-Ecke mit 2662 Teilen"},"content":{"rendered":"<p>Produktinformation:<\/p>\n<ol>\n<li>Marke: JIE STAR<\/li>\n<li>Geschlecht: Unisex<\/li>\n<li>Name: The Sushi Corner<\/li>\n<li>Altersspanne: &gt; 6 Jahre alt<\/li>\n<li>Model Number: 89127<\/li>\n<li>Einstufung: Assemblage<\/li>\n<li>Kunststoffblockform: Selbstsichernde Steine<\/li>\n<li>Material: Kunststoff<\/li>\n<li>Kunststofftyp: ABS<\/li>\n<li>Bricks Blocks: 2662 PCS<\/li>\n<li>Enth\u00e4lt eine ausf\u00fchrliche Montageanleitung.<\/li>\n<\/ol>\n<p>Notiz:<br \/>\n1. Ohne Originalverpackung, aber wir garantieren, dass unsere Produkte eine Qualit\u00e4tssicherung und eine sch\u00f6ne Verpackung haben.<br \/>\n2. Wie alle Teile, die wir vor dem Versand \u00fcberpr\u00fcft haben, machen Sie sich keine Sorgen, wenn Sie feststellen, dass einige Teile fehlen oder besch\u00e4digt sind, und kontaktieren Sie uns einfach, und wir k\u00f6nnen sie Ihnen umgehend kostenlos erneut zusenden.<\/p>\n<p>&nbsp;<\/p>\n<figure id=\"attachment_29521\" aria-describedby=\"caption-attachment-29521\" style=\"width: 800px\" class=\"wp-caption aligncenter\"><img fetchpriority=\"high\" decoding=\"async\" class=\"wp-image-29521 size-full\" src=\"https:\/\/mouldking.store\/wp-content\/uploads\/2022\/02\/JIE-STAR-89127-The-Sushi-Corner-with-2662-pieces-1.jpg\" alt=\"JIE STAR 89127 The Sushi Corner with 2662 pieces\" width=\"800\" height=\"800\" title=\"-\" srcset=\"https:\/\/mouldking.store\/wp-content\/uploads\/2022\/02\/JIE-STAR-89127-The-Sushi-Corner-with-2662-pieces-1.jpg 800w, https:\/\/mouldking.store\/wp-content\/uploads\/2022\/02\/JIE-STAR-89127-The-Sushi-Corner-with-2662-pieces-1-300x300.jpg 300w, https:\/\/mouldking.store\/wp-content\/uploads\/2022\/02\/JIE-STAR-89127-The-Sushi-Corner-with-2662-pieces-1-768x768.jpg 768w, https:\/\/mouldking.store\/wp-content\/uploads\/2022\/02\/JIE-STAR-89127-The-Sushi-Corner-with-2662-pieces-1-600x600.jpg 600w, https:\/\/mouldking.store\/wp-content\/uploads\/2022\/02\/JIE-STAR-89127-The-Sushi-Corner-with-2662-pieces-1-150x150.jpg 150w\" sizes=\"(max-width: 800px) 100vw, 800px\" \/><figcaption id=\"caption-attachment-29521\" class=\"wp-caption-text\">JIE STAR 89127 Die Sushi-Ecke mit 2662 Teilen<\/figcaption><\/figure>\n<figure id=\"attachment_29526\" aria-describedby=\"caption-attachment-29526\" style=\"width: 760px\" class=\"wp-caption aligncenter\"><img decoding=\"async\" class=\"wp-image-29526 size-full\" src=\"https:\/\/mouldking.store\/wp-content\/uploads\/2022\/02\/JIE-STAR-89127-The-Sushi-Corner-with-2662-pieces-6.jpg\" alt=\"JIE STAR 89127 The Sushi Corner with 2662 pieces\" width=\"760\" height=\"1024\" title=\"-\" srcset=\"https:\/\/mouldking.store\/wp-content\/uploads\/2022\/02\/JIE-STAR-89127-The-Sushi-Corner-with-2662-pieces-6.jpg 760w, https:\/\/mouldking.store\/wp-content\/uploads\/2022\/02\/JIE-STAR-89127-The-Sushi-Corner-with-2662-pieces-6-223x300.jpg 223w, https:\/\/mouldking.store\/wp-content\/uploads\/2022\/02\/JIE-STAR-89127-The-Sushi-Corner-with-2662-pieces-6-300x404.jpg 300w, https:\/\/mouldking.store\/wp-content\/uploads\/2022\/02\/JIE-STAR-89127-The-Sushi-Corner-with-2662-pieces-6-600x808.jpg 600w, https:\/\/mouldking.store\/wp-content\/uploads\/2022\/02\/JIE-STAR-89127-The-Sushi-Corner-with-2662-pieces-6-111x150.jpg 111w\" sizes=\"(max-width: 760px) 100vw, 760px\" \/><figcaption id=\"caption-attachment-29526\" class=\"wp-caption-text\">JIE STAR 89127 Die Sushi-Ecke mit 2662 Teilen<\/figcaption><\/figure>\n<figure id=\"attachment_29525\" aria-describedby=\"caption-attachment-29525\" style=\"width: 790px\" class=\"wp-caption aligncenter\"><img decoding=\"async\" class=\"wp-image-29525 size-full\" src=\"https:\/\/mouldking.store\/wp-content\/uploads\/2022\/02\/JIE-STAR-89127-The-Sushi-Corner-with-2662-pieces-5.jpg\" alt=\"JIE STAR 89127 The Sushi Corner with 2662 pieces\" width=\"790\" height=\"858\" title=\"-\" srcset=\"https:\/\/mouldking.store\/wp-content\/uploads\/2022\/02\/JIE-STAR-89127-The-Sushi-Corner-with-2662-pieces-5.jpg 790w, https:\/\/mouldking.store\/wp-content\/uploads\/2022\/02\/JIE-STAR-89127-The-Sushi-Corner-with-2662-pieces-5-276x300.jpg 276w, https:\/\/mouldking.store\/wp-content\/uploads\/2022\/02\/JIE-STAR-89127-The-Sushi-Corner-with-2662-pieces-5-768x834.jpg 768w, https:\/\/mouldking.store\/wp-content\/uploads\/2022\/02\/JIE-STAR-89127-The-Sushi-Corner-with-2662-pieces-5-300x326.jpg 300w, https:\/\/mouldking.store\/wp-content\/uploads\/2022\/02\/JIE-STAR-89127-The-Sushi-Corner-with-2662-pieces-5-600x652.jpg 600w, https:\/\/mouldking.store\/wp-content\/uploads\/2022\/02\/JIE-STAR-89127-The-Sushi-Corner-with-2662-pieces-5-138x150.jpg 138w\" sizes=\"(max-width: 790px) 100vw, 790px\" \/><figcaption id=\"caption-attachment-29525\" class=\"wp-caption-text\">JIE STAR 89127 Die Sushi-Ecke mit 2662 Teilen<\/figcaption><\/figure>\n<figure id=\"attachment_29528\" aria-describedby=\"caption-attachment-29528\" style=\"width: 790px\" class=\"wp-caption aligncenter\"><img loading=\"lazy\" decoding=\"async\" class=\"wp-image-29528 size-full\" src=\"https:\/\/mouldking.store\/wp-content\/uploads\/2022\/02\/JIE-STAR-89127-The-Sushi-Corner-with-2662-pieces-8.jpg\" alt=\"JIE STAR 89127 The Sushi Corner with 2662 pieces\" width=\"790\" height=\"871\" title=\"-\" srcset=\"https:\/\/mouldking.store\/wp-content\/uploads\/2022\/02\/JIE-STAR-89127-The-Sushi-Corner-with-2662-pieces-8.jpg 790w, https:\/\/mouldking.store\/wp-content\/uploads\/2022\/02\/JIE-STAR-89127-The-Sushi-Corner-with-2662-pieces-8-272x300.jpg 272w, https:\/\/mouldking.store\/wp-content\/uploads\/2022\/02\/JIE-STAR-89127-The-Sushi-Corner-with-2662-pieces-8-768x847.jpg 768w, https:\/\/mouldking.store\/wp-content\/uploads\/2022\/02\/JIE-STAR-89127-The-Sushi-Corner-with-2662-pieces-8-300x331.jpg 300w, https:\/\/mouldking.store\/wp-content\/uploads\/2022\/02\/JIE-STAR-89127-The-Sushi-Corner-with-2662-pieces-8-600x662.jpg 600w, https:\/\/mouldking.store\/wp-content\/uploads\/2022\/02\/JIE-STAR-89127-The-Sushi-Corner-with-2662-pieces-8-136x150.jpg 136w\" sizes=\"(max-width: 790px) 100vw, 790px\" \/><figcaption id=\"caption-attachment-29528\" class=\"wp-caption-text\">JIE STAR 89127 Die Sushi-Ecke mit 2662 Teilen<\/figcaption><\/figure>\n<figure id=\"attachment_29527\" aria-describedby=\"caption-attachment-29527\" style=\"width: 574px\" class=\"wp-caption aligncenter\"><img loading=\"lazy\" decoding=\"async\" class=\"wp-image-29527 size-full\" src=\"https:\/\/mouldking.store\/wp-content\/uploads\/2022\/02\/JIE-STAR-89127-The-Sushi-Corner-with-2662-pieces-7.jpg\" alt=\"JIE STAR 89127 The Sushi Corner with 2662 pieces\" width=\"574\" height=\"1024\" title=\"-\" srcset=\"https:\/\/mouldking.store\/wp-content\/uploads\/2022\/02\/JIE-STAR-89127-The-Sushi-Corner-with-2662-pieces-7.jpg 574w, https:\/\/mouldking.store\/wp-content\/uploads\/2022\/02\/JIE-STAR-89127-The-Sushi-Corner-with-2662-pieces-7-168x300.jpg 168w, https:\/\/mouldking.store\/wp-content\/uploads\/2022\/02\/JIE-STAR-89127-The-Sushi-Corner-with-2662-pieces-7-300x535.jpg 300w, https:\/\/mouldking.store\/wp-content\/uploads\/2022\/02\/JIE-STAR-89127-The-Sushi-Corner-with-2662-pieces-7-84x150.jpg 84w\" sizes=\"(max-width: 574px) 100vw, 574px\" \/><figcaption id=\"caption-attachment-29527\" class=\"wp-caption-text\">JIE STAR 89127 Die Sushi-Ecke mit 2662 Teilen<\/figcaption><\/figure>\n<figure id=\"attachment_29524\" aria-describedby=\"caption-attachment-29524\" style=\"width: 680px\" class=\"wp-caption aligncenter\"><img loading=\"lazy\" decoding=\"async\" class=\"wp-image-29524 size-full\" src=\"https:\/\/mouldking.store\/wp-content\/uploads\/2022\/02\/JIE-STAR-89127-The-Sushi-Corner-with-2662-pieces-4.jpg\" alt=\"JIE STAR 89127 The Sushi Corner with 2662 pieces\" width=\"680\" height=\"1024\" title=\"-\" srcset=\"https:\/\/mouldking.store\/wp-content\/uploads\/2022\/02\/JIE-STAR-89127-The-Sushi-Corner-with-2662-pieces-4.jpg 680w, https:\/\/mouldking.store\/wp-content\/uploads\/2022\/02\/JIE-STAR-89127-The-Sushi-Corner-with-2662-pieces-4-199x300.jpg 199w, https:\/\/mouldking.store\/wp-content\/uploads\/2022\/02\/JIE-STAR-89127-The-Sushi-Corner-with-2662-pieces-4-300x452.jpg 300w, https:\/\/mouldking.store\/wp-content\/uploads\/2022\/02\/JIE-STAR-89127-The-Sushi-Corner-with-2662-pieces-4-600x904.jpg 600w, https:\/\/mouldking.store\/wp-content\/uploads\/2022\/02\/JIE-STAR-89127-The-Sushi-Corner-with-2662-pieces-4-100x150.jpg 100w\" sizes=\"(max-width: 680px) 100vw, 680px\" \/><figcaption id=\"caption-attachment-29524\" class=\"wp-caption-text\">JIE STAR 89127 Die Sushi-Ecke mit 2662 Teilen<\/figcaption><\/figure>\n<figure id=\"attachment_29523\" aria-describedby=\"caption-attachment-29523\" style=\"width: 711px\" class=\"wp-caption aligncenter\"><img loading=\"lazy\" decoding=\"async\" class=\"wp-image-29523 size-full\" src=\"https:\/\/mouldking.store\/wp-content\/uploads\/2022\/02\/JIE-STAR-89127-The-Sushi-Corner-with-2662-pieces-3.jpg\" alt=\"JIE STAR 89127 The Sushi Corner with 2662 pieces\" width=\"711\" height=\"1024\" title=\"-\" srcset=\"https:\/\/mouldking.store\/wp-content\/uploads\/2022\/02\/JIE-STAR-89127-The-Sushi-Corner-with-2662-pieces-3.jpg 711w, https:\/\/mouldking.store\/wp-content\/uploads\/2022\/02\/JIE-STAR-89127-The-Sushi-Corner-with-2662-pieces-3-208x300.jpg 208w, https:\/\/mouldking.store\/wp-content\/uploads\/2022\/02\/JIE-STAR-89127-The-Sushi-Corner-with-2662-pieces-3-300x432.jpg 300w, https:\/\/mouldking.store\/wp-content\/uploads\/2022\/02\/JIE-STAR-89127-The-Sushi-Corner-with-2662-pieces-3-600x864.jpg 600w, https:\/\/mouldking.store\/wp-content\/uploads\/2022\/02\/JIE-STAR-89127-The-Sushi-Corner-with-2662-pieces-3-104x150.jpg 104w\" sizes=\"(max-width: 711px) 100vw, 711px\" \/><figcaption id=\"caption-attachment-29523\" class=\"wp-caption-text\">JIE STAR 89127 Die Sushi-Ecke mit 2662 Teilen<\/figcaption><\/figure>\n<figure id=\"attachment_29522\" aria-describedby=\"caption-attachment-29522\" style=\"width: 643px\" class=\"wp-caption aligncenter\"><img loading=\"lazy\" decoding=\"async\" class=\"wp-image-29522 size-full\" src=\"https:\/\/mouldking.store\/wp-content\/uploads\/2022\/02\/JIE-STAR-89127-The-Sushi-Corner-with-2662-pieces-2.jpg\" alt=\"JIE STAR 89127 The Sushi Corner with 2662 pieces\" width=\"643\" height=\"1024\" title=\"-\" srcset=\"https:\/\/mouldking.store\/wp-content\/uploads\/2022\/02\/JIE-STAR-89127-The-Sushi-Corner-with-2662-pieces-2.jpg 643w, https:\/\/mouldking.store\/wp-content\/uploads\/2022\/02\/JIE-STAR-89127-The-Sushi-Corner-with-2662-pieces-2-188x300.jpg 188w, https:\/\/mouldking.store\/wp-content\/uploads\/2022\/02\/JIE-STAR-89127-The-Sushi-Corner-with-2662-pieces-2-300x478.jpg 300w, https:\/\/mouldking.store\/wp-content\/uploads\/2022\/02\/JIE-STAR-89127-The-Sushi-Corner-with-2662-pieces-2-600x956.jpg 600w, https:\/\/mouldking.store\/wp-content\/uploads\/2022\/02\/JIE-STAR-89127-The-Sushi-Corner-with-2662-pieces-2-94x150.jpg 94w\" sizes=\"(max-width: 643px) 100vw, 643px\" \/><figcaption id=\"caption-attachment-29522\" class=\"wp-caption-text\">JIE STAR 89127 Die Sushi-Ecke mit 2662 Teilen<\/figcaption><\/figure>","protected":false},"excerpt":{"rendered":"<p>Product information: Brand: JIE STAR Gender: Unisex Name: The Sushi Corner Age Range: &gt; 6 years old Model Number: 89127 Classification: Assemblage Plastic Block Shape: Self-Locking Bricks Material: Plastic Plastic Type: ABS Bricks Blocks: 2662 PCS Contains detailed assembly instructions. Notice: 1. Without an original box, but we guarantee our products have quality assurance and [&hellip;]<\/p>","protected":false},"featured_media":29521,"comment_status":"closed","ping_status":"closed","template":"","meta":{"_acf_changed":false},"product_cat":[390],"product_tag":[4475,4476,772,2256,4472,4474,4471,4478,4477,4473],"class_list":["product","first","instock","shipping-taxable","purchasable","product-type-simple"],"acf":[],"_links":{"self":[{"href":"https:\/\/mouldking.store\/de\/wp-json\/wp\/v2\/product\/29520","targetHints":{"allow":["GET"]}}],"collection":[{"href":"https:\/\/mouldking.store\/de\/wp-json\/wp\/v2\/product"}],"about":[{"href":"https:\/\/mouldking.store\/de\/wp-json\/wp\/v2\/types\/product"}],"replies":[{"embeddable":true,"href":"https:\/\/mouldking.store\/de\/wp-json\/wp\/v2\/comments?post=29520"}],"wp:featuredmedia":[{"embeddable":true,"href":"https:\/\/mouldking.store\/de\/wp-json\/wp\/v2\/media\/29521"}],"wp:attachment":[{"href":"https:\/\/mouldking.store\/de\/wp-json\/wp\/v2\/media?parent=29520"}],"wp:term":[{"taxonomy":"product_cat","embeddable":true,"href":"https:\/\/mouldking.store\/de\/wp-json\/wp\/v2\/product_cat?post=29520"},{"taxonomy":"product_tag","embeddable":true,"href":"https:\/\/mouldking.store\/de\/wp-json\/wp\/v2\/product_tag?post=29520"}],"curies":[{"name":"wp","href":"https:\/\/api.w.org\/{rel}","templated":true}]}}