{"id":29529,"date":"2022-02-22T09:03:23","date_gmt":"2022-02-22T02:03:23","guid":{"rendered":"https:\/\/mouldking.store\/?post_type=product&#038;p=29529"},"modified":"2022-02-22T09:03:23","modified_gmt":"2022-02-22T02:03:23","slug":"moyu-88003-rolls-royce-with-3120-pieces","status":"publish","type":"product","link":"https:\/\/mouldking.store\/de\/shop\/moyu-88003-rolls-royce-with-3120-pieces\/","title":{"rendered":"MOYU 88003 Rolls Royce mit 3120 Teilen"},"content":{"rendered":"<p>Produktinformation:<\/p>\n<ol>\n<li>Marke: MOYU<\/li>\n<li>Geschlecht: Unisex<\/li>\n<li>Name: Rolls-Royce<\/li>\n<li>Altersspanne: &gt; 6 Jahre alt<\/li>\n<li>Modellnummer: 88003<\/li>\n<li>Einstufung: Assemblage<\/li>\n<li>Kunststoffblockform: Selbstsichernde Steine<\/li>\n<li>Material: Kunststoff<\/li>\n<li>Kunststofftyp: ABS<\/li>\n<li>Ziegelsteine: 3120 St\u00fcck<\/li>\n<li>Enth\u00e4lt eine ausf\u00fchrliche Montageanleitung.<\/li>\n<\/ol>\n<p>Notiz:<br \/>\n1. Ohne Originalverpackung, aber wir garantieren, dass unsere Produkte eine Qualit\u00e4tssicherung und eine sch\u00f6ne Verpackung haben.<br \/>\n2. Wie alle Teile, die wir vor dem Versand \u00fcberpr\u00fcft haben, machen Sie sich keine Sorgen, wenn Sie feststellen, dass einige Teile fehlen oder besch\u00e4digt sind, und kontaktieren Sie uns einfach, und wir k\u00f6nnen sie Ihnen umgehend kostenlos erneut zusenden.<\/p>\n<figure id=\"attachment_29531\" aria-describedby=\"caption-attachment-29531\" style=\"width: 950px\" class=\"wp-caption aligncenter\"><img fetchpriority=\"high\" decoding=\"async\" class=\"wp-image-29531 size-full\" src=\"https:\/\/mouldking.store\/wp-content\/uploads\/2022\/02\/MOYU-88003-Rolls-Royce-with-3120-pieces-1.jpg\" alt=\"MOYU 88003 Rolls Royce with 3120 pieces\" width=\"950\" height=\"950\" title=\"-\" srcset=\"https:\/\/mouldking.store\/wp-content\/uploads\/2022\/02\/MOYU-88003-Rolls-Royce-with-3120-pieces-1.jpg 950w, https:\/\/mouldking.store\/wp-content\/uploads\/2022\/02\/MOYU-88003-Rolls-Royce-with-3120-pieces-1-300x300.jpg 300w, https:\/\/mouldking.store\/wp-content\/uploads\/2022\/02\/MOYU-88003-Rolls-Royce-with-3120-pieces-1-768x768.jpg 768w, https:\/\/mouldking.store\/wp-content\/uploads\/2022\/02\/MOYU-88003-Rolls-Royce-with-3120-pieces-1-600x600.jpg 600w, https:\/\/mouldking.store\/wp-content\/uploads\/2022\/02\/MOYU-88003-Rolls-Royce-with-3120-pieces-1-150x150.jpg 150w\" sizes=\"(max-width: 950px) 100vw, 950px\" \/><figcaption id=\"caption-attachment-29531\" class=\"wp-caption-text\">MOYU 88003 Rolls Royce mit 3120 Teilen<\/figcaption><\/figure>\n<figure id=\"attachment_29540\" aria-describedby=\"caption-attachment-29540\" style=\"width: 695px\" class=\"wp-caption aligncenter\"><img decoding=\"async\" class=\"wp-image-29540 size-full\" src=\"https:\/\/mouldking.store\/wp-content\/uploads\/2022\/02\/MOYU-88003-Rolls-Royce-with-3120-pieces-10.jpg\" alt=\"MOYU 88003 Rolls Royce with 3120 pieces\" width=\"695\" height=\"1024\" title=\"-\" srcset=\"https:\/\/mouldking.store\/wp-content\/uploads\/2022\/02\/MOYU-88003-Rolls-Royce-with-3120-pieces-10.jpg 695w, https:\/\/mouldking.store\/wp-content\/uploads\/2022\/02\/MOYU-88003-Rolls-Royce-with-3120-pieces-10-204x300.jpg 204w, https:\/\/mouldking.store\/wp-content\/uploads\/2022\/02\/MOYU-88003-Rolls-Royce-with-3120-pieces-10-300x442.jpg 300w, https:\/\/mouldking.store\/wp-content\/uploads\/2022\/02\/MOYU-88003-Rolls-Royce-with-3120-pieces-10-600x884.jpg 600w, https:\/\/mouldking.store\/wp-content\/uploads\/2022\/02\/MOYU-88003-Rolls-Royce-with-3120-pieces-10-102x150.jpg 102w\" sizes=\"(max-width: 695px) 100vw, 695px\" \/><figcaption id=\"caption-attachment-29540\" class=\"wp-caption-text\">MOYU 88003 Rolls Royce mit 3120 Teilen<\/figcaption><\/figure>\n<figure id=\"attachment_29537\" aria-describedby=\"caption-attachment-29537\" style=\"width: 695px\" class=\"wp-caption aligncenter\"><img decoding=\"async\" class=\"wp-image-29537 size-full\" src=\"https:\/\/mouldking.store\/wp-content\/uploads\/2022\/02\/MOYU-88003-Rolls-Royce-with-3120-pieces-7.jpg\" alt=\"MOYU 88003 Rolls Royce with 3120 pieces\" width=\"695\" height=\"1024\" title=\"-\" srcset=\"https:\/\/mouldking.store\/wp-content\/uploads\/2022\/02\/MOYU-88003-Rolls-Royce-with-3120-pieces-7.jpg 695w, https:\/\/mouldking.store\/wp-content\/uploads\/2022\/02\/MOYU-88003-Rolls-Royce-with-3120-pieces-7-204x300.jpg 204w, https:\/\/mouldking.store\/wp-content\/uploads\/2022\/02\/MOYU-88003-Rolls-Royce-with-3120-pieces-7-300x442.jpg 300w, https:\/\/mouldking.store\/wp-content\/uploads\/2022\/02\/MOYU-88003-Rolls-Royce-with-3120-pieces-7-600x884.jpg 600w, https:\/\/mouldking.store\/wp-content\/uploads\/2022\/02\/MOYU-88003-Rolls-Royce-with-3120-pieces-7-102x150.jpg 102w\" sizes=\"(max-width: 695px) 100vw, 695px\" \/><figcaption id=\"caption-attachment-29537\" class=\"wp-caption-text\">MOYU 88003 Rolls Royce mit 3120 Teilen<\/figcaption><\/figure>\n<figure id=\"attachment_29534\" aria-describedby=\"caption-attachment-29534\" style=\"width: 695px\" class=\"wp-caption aligncenter\"><img loading=\"lazy\" decoding=\"async\" class=\"wp-image-29534 size-full\" src=\"https:\/\/mouldking.store\/wp-content\/uploads\/2022\/02\/MOYU-88003-Rolls-Royce-with-3120-pieces-4.jpg\" alt=\"MOYU 88003 Rolls Royce with 3120 pieces\" width=\"695\" height=\"1024\" title=\"-\" srcset=\"https:\/\/mouldking.store\/wp-content\/uploads\/2022\/02\/MOYU-88003-Rolls-Royce-with-3120-pieces-4.jpg 695w, https:\/\/mouldking.store\/wp-content\/uploads\/2022\/02\/MOYU-88003-Rolls-Royce-with-3120-pieces-4-204x300.jpg 204w, https:\/\/mouldking.store\/wp-content\/uploads\/2022\/02\/MOYU-88003-Rolls-Royce-with-3120-pieces-4-300x442.jpg 300w, https:\/\/mouldking.store\/wp-content\/uploads\/2022\/02\/MOYU-88003-Rolls-Royce-with-3120-pieces-4-600x884.jpg 600w, https:\/\/mouldking.store\/wp-content\/uploads\/2022\/02\/MOYU-88003-Rolls-Royce-with-3120-pieces-4-102x150.jpg 102w\" sizes=\"(max-width: 695px) 100vw, 695px\" \/><figcaption id=\"caption-attachment-29534\" class=\"wp-caption-text\">MOYU 88003 Rolls Royce mit 3120 Teilen<\/figcaption><\/figure>\n<figure id=\"attachment_29538\" aria-describedby=\"caption-attachment-29538\" style=\"width: 695px\" class=\"wp-caption aligncenter\"><img loading=\"lazy\" decoding=\"async\" class=\"wp-image-29538 size-full\" src=\"https:\/\/mouldking.store\/wp-content\/uploads\/2022\/02\/MOYU-88003-Rolls-Royce-with-3120-pieces-8.jpg\" alt=\"MOYU 88003 Rolls Royce with 3120 pieces\" width=\"695\" height=\"1024\" title=\"-\" srcset=\"https:\/\/mouldking.store\/wp-content\/uploads\/2022\/02\/MOYU-88003-Rolls-Royce-with-3120-pieces-8.jpg 695w, https:\/\/mouldking.store\/wp-content\/uploads\/2022\/02\/MOYU-88003-Rolls-Royce-with-3120-pieces-8-204x300.jpg 204w, https:\/\/mouldking.store\/wp-content\/uploads\/2022\/02\/MOYU-88003-Rolls-Royce-with-3120-pieces-8-300x442.jpg 300w, https:\/\/mouldking.store\/wp-content\/uploads\/2022\/02\/MOYU-88003-Rolls-Royce-with-3120-pieces-8-600x884.jpg 600w, https:\/\/mouldking.store\/wp-content\/uploads\/2022\/02\/MOYU-88003-Rolls-Royce-with-3120-pieces-8-102x150.jpg 102w\" sizes=\"(max-width: 695px) 100vw, 695px\" \/><figcaption id=\"caption-attachment-29538\" class=\"wp-caption-text\">MOYU 88003 Rolls Royce mit 3120 Teilen<\/figcaption><\/figure>\n<figure id=\"attachment_29539\" aria-describedby=\"caption-attachment-29539\" style=\"width: 695px\" class=\"wp-caption aligncenter\"><img loading=\"lazy\" decoding=\"async\" class=\"wp-image-29539 size-full\" src=\"https:\/\/mouldking.store\/wp-content\/uploads\/2022\/02\/MOYU-88003-Rolls-Royce-with-3120-pieces-9.jpg\" alt=\"MOYU 88003 Rolls Royce with 3120 pieces\" width=\"695\" height=\"1024\" title=\"-\" srcset=\"https:\/\/mouldking.store\/wp-content\/uploads\/2022\/02\/MOYU-88003-Rolls-Royce-with-3120-pieces-9.jpg 695w, https:\/\/mouldking.store\/wp-content\/uploads\/2022\/02\/MOYU-88003-Rolls-Royce-with-3120-pieces-9-204x300.jpg 204w, https:\/\/mouldking.store\/wp-content\/uploads\/2022\/02\/MOYU-88003-Rolls-Royce-with-3120-pieces-9-300x442.jpg 300w, https:\/\/mouldking.store\/wp-content\/uploads\/2022\/02\/MOYU-88003-Rolls-Royce-with-3120-pieces-9-600x884.jpg 600w, https:\/\/mouldking.store\/wp-content\/uploads\/2022\/02\/MOYU-88003-Rolls-Royce-with-3120-pieces-9-102x150.jpg 102w\" sizes=\"(max-width: 695px) 100vw, 695px\" \/><figcaption id=\"caption-attachment-29539\" class=\"wp-caption-text\">MOYU 88003 Rolls Royce mit 3120 Teilen<\/figcaption><\/figure>\n<figure id=\"attachment_29535\" aria-describedby=\"caption-attachment-29535\" style=\"width: 695px\" class=\"wp-caption aligncenter\"><img loading=\"lazy\" decoding=\"async\" class=\"wp-image-29535 size-full\" src=\"https:\/\/mouldking.store\/wp-content\/uploads\/2022\/02\/MOYU-88003-Rolls-Royce-with-3120-pieces-5.jpg\" alt=\"MOYU 88003 Rolls Royce with 3120 pieces\" width=\"695\" height=\"1024\" title=\"-\" srcset=\"https:\/\/mouldking.store\/wp-content\/uploads\/2022\/02\/MOYU-88003-Rolls-Royce-with-3120-pieces-5.jpg 695w, https:\/\/mouldking.store\/wp-content\/uploads\/2022\/02\/MOYU-88003-Rolls-Royce-with-3120-pieces-5-204x300.jpg 204w, https:\/\/mouldking.store\/wp-content\/uploads\/2022\/02\/MOYU-88003-Rolls-Royce-with-3120-pieces-5-300x442.jpg 300w, https:\/\/mouldking.store\/wp-content\/uploads\/2022\/02\/MOYU-88003-Rolls-Royce-with-3120-pieces-5-600x884.jpg 600w, https:\/\/mouldking.store\/wp-content\/uploads\/2022\/02\/MOYU-88003-Rolls-Royce-with-3120-pieces-5-102x150.jpg 102w\" sizes=\"(max-width: 695px) 100vw, 695px\" \/><figcaption id=\"caption-attachment-29535\" class=\"wp-caption-text\">MOYU 88003 Rolls Royce mit 3120 Teilen<\/figcaption><\/figure>\n<figure id=\"attachment_29532\" aria-describedby=\"caption-attachment-29532\" style=\"width: 800px\" class=\"wp-caption aligncenter\"><img loading=\"lazy\" decoding=\"async\" class=\"wp-image-29532 size-full\" src=\"https:\/\/mouldking.store\/wp-content\/uploads\/2022\/02\/MOYU-88003-Rolls-Royce-with-3120-pieces-2.jpg\" alt=\"MOYU 88003 Rolls Royce with 3120 pieces\" width=\"800\" height=\"800\" title=\"-\" srcset=\"https:\/\/mouldking.store\/wp-content\/uploads\/2022\/02\/MOYU-88003-Rolls-Royce-with-3120-pieces-2.jpg 800w, https:\/\/mouldking.store\/wp-content\/uploads\/2022\/02\/MOYU-88003-Rolls-Royce-with-3120-pieces-2-300x300.jpg 300w, https:\/\/mouldking.store\/wp-content\/uploads\/2022\/02\/MOYU-88003-Rolls-Royce-with-3120-pieces-2-768x768.jpg 768w, https:\/\/mouldking.store\/wp-content\/uploads\/2022\/02\/MOYU-88003-Rolls-Royce-with-3120-pieces-2-600x600.jpg 600w, https:\/\/mouldking.store\/wp-content\/uploads\/2022\/02\/MOYU-88003-Rolls-Royce-with-3120-pieces-2-150x150.jpg 150w\" sizes=\"(max-width: 800px) 100vw, 800px\" \/><figcaption id=\"caption-attachment-29532\" class=\"wp-caption-text\">MOYU 88003 Rolls Royce mit 3120 Teilen<\/figcaption><\/figure>\n<figure id=\"attachment_29536\" aria-describedby=\"caption-attachment-29536\" style=\"width: 695px\" class=\"wp-caption aligncenter\"><img loading=\"lazy\" decoding=\"async\" class=\"wp-image-29536 size-full\" src=\"https:\/\/mouldking.store\/wp-content\/uploads\/2022\/02\/MOYU-88003-Rolls-Royce-with-3120-pieces-6.jpg\" alt=\"MOYU 88003 Rolls Royce with 3120 pieces\" width=\"695\" height=\"1024\" title=\"-\" srcset=\"https:\/\/mouldking.store\/wp-content\/uploads\/2022\/02\/MOYU-88003-Rolls-Royce-with-3120-pieces-6.jpg 695w, https:\/\/mouldking.store\/wp-content\/uploads\/2022\/02\/MOYU-88003-Rolls-Royce-with-3120-pieces-6-204x300.jpg 204w, https:\/\/mouldking.store\/wp-content\/uploads\/2022\/02\/MOYU-88003-Rolls-Royce-with-3120-pieces-6-300x442.jpg 300w, https:\/\/mouldking.store\/wp-content\/uploads\/2022\/02\/MOYU-88003-Rolls-Royce-with-3120-pieces-6-600x884.jpg 600w, https:\/\/mouldking.store\/wp-content\/uploads\/2022\/02\/MOYU-88003-Rolls-Royce-with-3120-pieces-6-102x150.jpg 102w\" sizes=\"(max-width: 695px) 100vw, 695px\" \/><figcaption id=\"caption-attachment-29536\" class=\"wp-caption-text\">MOYU 88003 Rolls Royce mit 3120 Teilen<\/figcaption><\/figure>\n<p>&nbsp;<\/p>","protected":false},"excerpt":{"rendered":"<p>Product information: Brand: MOYU Gender: Unisex Name: Rolls Royce Age Range: &gt; 6 years old Model Number: 88003 Classification: Assemblage Plastic Block Shape: Self-Locking Bricks Material: Plastic Plastic Type: ABS Bricks Blocks: 3120 PCS Contains detailed assembly instructions. Notice: 1. Without an original box, but we guarantee our products have quality assurance and nice packaging. [&hellip;]<\/p>","protected":false},"featured_media":29531,"comment_status":"closed","ping_status":"closed","template":"","meta":{"_acf_changed":false},"product_cat":[364],"product_tag":[4481,2451,4480,4479,3472],"class_list":["product","first","instock","shipping-taxable","purchasable","product-type-variable"],"acf":[],"_links":{"self":[{"href":"https:\/\/mouldking.store\/de\/wp-json\/wp\/v2\/product\/29529","targetHints":{"allow":["GET"]}}],"collection":[{"href":"https:\/\/mouldking.store\/de\/wp-json\/wp\/v2\/product"}],"about":[{"href":"https:\/\/mouldking.store\/de\/wp-json\/wp\/v2\/types\/product"}],"replies":[{"embeddable":true,"href":"https:\/\/mouldking.store\/de\/wp-json\/wp\/v2\/comments?post=29529"}],"wp:featuredmedia":[{"embeddable":true,"href":"https:\/\/mouldking.store\/de\/wp-json\/wp\/v2\/media\/29531"}],"wp:attachment":[{"href":"https:\/\/mouldking.store\/de\/wp-json\/wp\/v2\/media?parent=29529"}],"wp:term":[{"taxonomy":"product_cat","embeddable":true,"href":"https:\/\/mouldking.store\/de\/wp-json\/wp\/v2\/product_cat?post=29529"},{"taxonomy":"product_tag","embeddable":true,"href":"https:\/\/mouldking.store\/de\/wp-json\/wp\/v2\/product_tag?post=29529"}],"curies":[{"name":"wp","href":"https:\/\/api.w.org\/{rel}","templated":true}]}}