{"id":29543,"date":"2022-02-22T09:09:08","date_gmt":"2022-02-22T02:09:08","guid":{"rendered":"https:\/\/mouldking.store\/?post_type=product&#038;p=29543"},"modified":"2022-02-22T09:09:08","modified_gmt":"2022-02-22T02:09:08","slug":"qman-k20211-pokemon-music-box-with-500-pieces","status":"publish","type":"product","link":"https:\/\/mouldking.store\/de\/shop\/qman-k20211-pokemon-music-box-with-500-pieces\/","title":{"rendered":"Qman K20211 Pokemon Spieluhr mit 500 St\u00fcck"},"content":{"rendered":"<p>Produktinformation:<\/p>\n<ol>\n<li>Marke: Qman<\/li>\n<li>Geschlecht: Unisex<\/li>\n<li>Name: Pokemon Music Box<\/li>\n<li>Altersspanne: &gt; 6 Jahre alt<\/li>\n<li>Model Number: K20211<\/li>\n<li>Einstufung: Assemblage<\/li>\n<li>Kunststoffblockform: Selbstsichernde Steine<\/li>\n<li>Material: Kunststoff<\/li>\n<li>Kunststofftyp: ABS<\/li>\n<li>Bricks Blocks: 500 PCS<\/li>\n<li>Enth\u00e4lt eine ausf\u00fchrliche Montageanleitung.<\/li>\n<\/ol>\n<p>Notiz:<br \/>\n1. Ohne Originalverpackung, aber wir garantieren, dass unsere Produkte eine Qualit\u00e4tssicherung und eine sch\u00f6ne Verpackung haben.<br \/>\n2. Wie alle Teile, die wir vor dem Versand \u00fcberpr\u00fcft haben, machen Sie sich keine Sorgen, wenn Sie feststellen, dass einige Teile fehlen oder besch\u00e4digt sind, und kontaktieren Sie uns einfach, und wir k\u00f6nnen sie Ihnen umgehend kostenlos erneut zusenden.<\/p>\n<p>&nbsp;<\/p>\n<figure id=\"attachment_29544\" aria-describedby=\"caption-attachment-29544\" style=\"width: 800px\" class=\"wp-caption aligncenter\"><img fetchpriority=\"high\" decoding=\"async\" class=\"wp-image-29544 size-full\" src=\"https:\/\/mouldking.store\/wp-content\/uploads\/2022\/02\/Qman-K20211-Pokemon-Music-Box-with-500-pieces-1.jpg\" alt=\"Qman K20211 Pokemon Music Box with 500 pieces\" width=\"800\" height=\"800\" title=\"-\" srcset=\"https:\/\/mouldking.store\/wp-content\/uploads\/2022\/02\/Qman-K20211-Pokemon-Music-Box-with-500-pieces-1.jpg 800w, https:\/\/mouldking.store\/wp-content\/uploads\/2022\/02\/Qman-K20211-Pokemon-Music-Box-with-500-pieces-1-300x300.jpg 300w, https:\/\/mouldking.store\/wp-content\/uploads\/2022\/02\/Qman-K20211-Pokemon-Music-Box-with-500-pieces-1-768x768.jpg 768w, https:\/\/mouldking.store\/wp-content\/uploads\/2022\/02\/Qman-K20211-Pokemon-Music-Box-with-500-pieces-1-600x600.jpg 600w, https:\/\/mouldking.store\/wp-content\/uploads\/2022\/02\/Qman-K20211-Pokemon-Music-Box-with-500-pieces-1-150x150.jpg 150w\" sizes=\"(max-width: 800px) 100vw, 800px\" \/><figcaption id=\"caption-attachment-29544\" class=\"wp-caption-text\">Qman K20211 Pokemon Spieluhr mit 500 St\u00fcck<\/figcaption><\/figure>\n<figure id=\"attachment_29549\" aria-describedby=\"caption-attachment-29549\" style=\"width: 800px\" class=\"wp-caption aligncenter\"><img decoding=\"async\" class=\"wp-image-29549 size-full\" src=\"https:\/\/mouldking.store\/wp-content\/uploads\/2022\/02\/Qman-K20211-Pokemon-Music-Box-with-500-pieces-4.jpg\" alt=\"Qman K20211 Pokemon Music Box with 500 pieces\" width=\"800\" height=\"800\" title=\"-\" srcset=\"https:\/\/mouldking.store\/wp-content\/uploads\/2022\/02\/Qman-K20211-Pokemon-Music-Box-with-500-pieces-4.jpg 800w, https:\/\/mouldking.store\/wp-content\/uploads\/2022\/02\/Qman-K20211-Pokemon-Music-Box-with-500-pieces-4-300x300.jpg 300w, https:\/\/mouldking.store\/wp-content\/uploads\/2022\/02\/Qman-K20211-Pokemon-Music-Box-with-500-pieces-4-768x768.jpg 768w, https:\/\/mouldking.store\/wp-content\/uploads\/2022\/02\/Qman-K20211-Pokemon-Music-Box-with-500-pieces-4-600x600.jpg 600w, https:\/\/mouldking.store\/wp-content\/uploads\/2022\/02\/Qman-K20211-Pokemon-Music-Box-with-500-pieces-4-150x150.jpg 150w\" sizes=\"(max-width: 800px) 100vw, 800px\" \/><figcaption id=\"caption-attachment-29549\" class=\"wp-caption-text\">Qman K20211 Pokemon Spieluhr mit 500 St\u00fcck<\/figcaption><\/figure>\n<figure id=\"attachment_29550\" aria-describedby=\"caption-attachment-29550\" style=\"width: 651px\" class=\"wp-caption aligncenter\"><img decoding=\"async\" class=\"wp-image-29550 size-full\" src=\"https:\/\/mouldking.store\/wp-content\/uploads\/2022\/02\/Qman-K20211-Pokemon-Music-Box-with-500-pieces-3.png\" alt=\"Qman K20211 Pokemon Music Box with 500 pieces\" width=\"651\" height=\"1024\" title=\"-\" srcset=\"https:\/\/mouldking.store\/wp-content\/uploads\/2022\/02\/Qman-K20211-Pokemon-Music-Box-with-500-pieces-3.png 651w, https:\/\/mouldking.store\/wp-content\/uploads\/2022\/02\/Qman-K20211-Pokemon-Music-Box-with-500-pieces-3-191x300.png 191w, https:\/\/mouldking.store\/wp-content\/uploads\/2022\/02\/Qman-K20211-Pokemon-Music-Box-with-500-pieces-3-300x472.png 300w, https:\/\/mouldking.store\/wp-content\/uploads\/2022\/02\/Qman-K20211-Pokemon-Music-Box-with-500-pieces-3-600x944.png 600w, https:\/\/mouldking.store\/wp-content\/uploads\/2022\/02\/Qman-K20211-Pokemon-Music-Box-with-500-pieces-3-95x150.png 95w\" sizes=\"(max-width: 651px) 100vw, 651px\" \/><figcaption id=\"caption-attachment-29550\" class=\"wp-caption-text\">Qman K20211 Pokemon Spieluhr mit 500 St\u00fcck<\/figcaption><\/figure>\n<figure id=\"attachment_29552\" aria-describedby=\"caption-attachment-29552\" style=\"width: 800px\" class=\"wp-caption aligncenter\"><img loading=\"lazy\" decoding=\"async\" class=\"wp-image-29552 size-full\" src=\"https:\/\/mouldking.store\/wp-content\/uploads\/2022\/02\/Qman-K20211-Pokemon-Music-Box-with-500-pieces-5.jpg\" alt=\"Qman K20211 Pokemon Music Box with 500 pieces\" width=\"800\" height=\"800\" title=\"-\" srcset=\"https:\/\/mouldking.store\/wp-content\/uploads\/2022\/02\/Qman-K20211-Pokemon-Music-Box-with-500-pieces-5.jpg 800w, https:\/\/mouldking.store\/wp-content\/uploads\/2022\/02\/Qman-K20211-Pokemon-Music-Box-with-500-pieces-5-300x300.jpg 300w, https:\/\/mouldking.store\/wp-content\/uploads\/2022\/02\/Qman-K20211-Pokemon-Music-Box-with-500-pieces-5-768x768.jpg 768w, https:\/\/mouldking.store\/wp-content\/uploads\/2022\/02\/Qman-K20211-Pokemon-Music-Box-with-500-pieces-5-600x600.jpg 600w, https:\/\/mouldking.store\/wp-content\/uploads\/2022\/02\/Qman-K20211-Pokemon-Music-Box-with-500-pieces-5-150x150.jpg 150w\" sizes=\"(max-width: 800px) 100vw, 800px\" \/><figcaption id=\"caption-attachment-29552\" class=\"wp-caption-text\">Qman K20211 Pokemon Spieluhr mit 500 St\u00fcck<\/figcaption><\/figure>\n<figure id=\"attachment_29551\" aria-describedby=\"caption-attachment-29551\" style=\"width: 683px\" class=\"wp-caption aligncenter\"><img loading=\"lazy\" decoding=\"async\" class=\"wp-image-29551 size-full\" src=\"https:\/\/mouldking.store\/wp-content\/uploads\/2022\/02\/Qman-K20211-Pokemon-Music-Box-with-500-pieces-4.png\" alt=\"Qman K20211 Pokemon Music Box with 500 pieces\" width=\"683\" height=\"1024\" title=\"-\" srcset=\"https:\/\/mouldking.store\/wp-content\/uploads\/2022\/02\/Qman-K20211-Pokemon-Music-Box-with-500-pieces-4.png 683w, https:\/\/mouldking.store\/wp-content\/uploads\/2022\/02\/Qman-K20211-Pokemon-Music-Box-with-500-pieces-4-200x300.png 200w, https:\/\/mouldking.store\/wp-content\/uploads\/2022\/02\/Qman-K20211-Pokemon-Music-Box-with-500-pieces-4-300x450.png 300w, https:\/\/mouldking.store\/wp-content\/uploads\/2022\/02\/Qman-K20211-Pokemon-Music-Box-with-500-pieces-4-600x900.png 600w, https:\/\/mouldking.store\/wp-content\/uploads\/2022\/02\/Qman-K20211-Pokemon-Music-Box-with-500-pieces-4-100x150.png 100w\" sizes=\"(max-width: 683px) 100vw, 683px\" \/><figcaption id=\"caption-attachment-29551\" class=\"wp-caption-text\">Qman K20211 Pokemon Spieluhr mit 500 St\u00fcck<\/figcaption><\/figure>\n<figure id=\"attachment_29548\" aria-describedby=\"caption-attachment-29548\" style=\"width: 565px\" class=\"wp-caption aligncenter\"><img loading=\"lazy\" decoding=\"async\" class=\"wp-image-29548 size-full\" src=\"https:\/\/mouldking.store\/wp-content\/uploads\/2022\/02\/Qman-K20211-Pokemon-Music-Box-with-500-pieces-2.png\" alt=\"Qman K20211 Pokemon Music Box with 500 pieces\" width=\"565\" height=\"1024\" title=\"-\" srcset=\"https:\/\/mouldking.store\/wp-content\/uploads\/2022\/02\/Qman-K20211-Pokemon-Music-Box-with-500-pieces-2.png 565w, https:\/\/mouldking.store\/wp-content\/uploads\/2022\/02\/Qman-K20211-Pokemon-Music-Box-with-500-pieces-2-166x300.png 166w, https:\/\/mouldking.store\/wp-content\/uploads\/2022\/02\/Qman-K20211-Pokemon-Music-Box-with-500-pieces-2-300x544.png 300w, https:\/\/mouldking.store\/wp-content\/uploads\/2022\/02\/Qman-K20211-Pokemon-Music-Box-with-500-pieces-2-83x150.png 83w\" sizes=\"(max-width: 565px) 100vw, 565px\" \/><figcaption id=\"caption-attachment-29548\" class=\"wp-caption-text\">Qman K20211 Pokemon Spieluhr mit 500 St\u00fcck<\/figcaption><\/figure>\n<figure id=\"attachment_29545\" aria-describedby=\"caption-attachment-29545\" style=\"width: 800px\" class=\"wp-caption aligncenter\"><img loading=\"lazy\" decoding=\"async\" class=\"wp-image-29545 size-full\" src=\"https:\/\/mouldking.store\/wp-content\/uploads\/2022\/02\/Qman-K20211-Pokemon-Music-Box-with-500-pieces-2.jpg\" alt=\"Qman K20211 Pokemon Music Box with 500 pieces\" width=\"800\" height=\"800\" title=\"-\" srcset=\"https:\/\/mouldking.store\/wp-content\/uploads\/2022\/02\/Qman-K20211-Pokemon-Music-Box-with-500-pieces-2.jpg 800w, https:\/\/mouldking.store\/wp-content\/uploads\/2022\/02\/Qman-K20211-Pokemon-Music-Box-with-500-pieces-2-300x300.jpg 300w, https:\/\/mouldking.store\/wp-content\/uploads\/2022\/02\/Qman-K20211-Pokemon-Music-Box-with-500-pieces-2-768x768.jpg 768w, https:\/\/mouldking.store\/wp-content\/uploads\/2022\/02\/Qman-K20211-Pokemon-Music-Box-with-500-pieces-2-600x600.jpg 600w, https:\/\/mouldking.store\/wp-content\/uploads\/2022\/02\/Qman-K20211-Pokemon-Music-Box-with-500-pieces-2-150x150.jpg 150w\" sizes=\"(max-width: 800px) 100vw, 800px\" \/><figcaption id=\"caption-attachment-29545\" class=\"wp-caption-text\">Qman K20211 Pokemon Spieluhr mit 500 St\u00fcck<\/figcaption><\/figure>\n<figure id=\"attachment_29546\" aria-describedby=\"caption-attachment-29546\" style=\"width: 800px\" class=\"wp-caption aligncenter\"><img loading=\"lazy\" decoding=\"async\" class=\"wp-image-29546 size-full\" src=\"https:\/\/mouldking.store\/wp-content\/uploads\/2022\/02\/Qman-K20211-Pokemon-Music-Box-with-500-pieces-3.jpg\" alt=\"Qman K20211 Pokemon Music Box with 500 pieces\" width=\"800\" height=\"800\" title=\"-\" srcset=\"https:\/\/mouldking.store\/wp-content\/uploads\/2022\/02\/Qman-K20211-Pokemon-Music-Box-with-500-pieces-3.jpg 800w, https:\/\/mouldking.store\/wp-content\/uploads\/2022\/02\/Qman-K20211-Pokemon-Music-Box-with-500-pieces-3-300x300.jpg 300w, https:\/\/mouldking.store\/wp-content\/uploads\/2022\/02\/Qman-K20211-Pokemon-Music-Box-with-500-pieces-3-768x768.jpg 768w, https:\/\/mouldking.store\/wp-content\/uploads\/2022\/02\/Qman-K20211-Pokemon-Music-Box-with-500-pieces-3-600x600.jpg 600w, https:\/\/mouldking.store\/wp-content\/uploads\/2022\/02\/Qman-K20211-Pokemon-Music-Box-with-500-pieces-3-150x150.jpg 150w\" sizes=\"(max-width: 800px) 100vw, 800px\" \/><figcaption id=\"caption-attachment-29546\" class=\"wp-caption-text\">Qman K20211 Pokemon Spieluhr mit 500 St\u00fcck<\/figcaption><\/figure>\n<figure id=\"attachment_29547\" aria-describedby=\"caption-attachment-29547\" style=\"width: 790px\" class=\"wp-caption aligncenter\"><img loading=\"lazy\" decoding=\"async\" class=\"wp-image-29547 size-full\" src=\"https:\/\/mouldking.store\/wp-content\/uploads\/2022\/02\/Qman-K20211-Pokemon-Music-Box-with-500-pieces-1.png\" alt=\"Qman K20211 Pokemon Music Box with 500 pieces\" width=\"790\" height=\"585\" title=\"-\" srcset=\"https:\/\/mouldking.store\/wp-content\/uploads\/2022\/02\/Qman-K20211-Pokemon-Music-Box-with-500-pieces-1.png 790w, https:\/\/mouldking.store\/wp-content\/uploads\/2022\/02\/Qman-K20211-Pokemon-Music-Box-with-500-pieces-1-300x222.png 300w, https:\/\/mouldking.store\/wp-content\/uploads\/2022\/02\/Qman-K20211-Pokemon-Music-Box-with-500-pieces-1-768x569.png 768w, https:\/\/mouldking.store\/wp-content\/uploads\/2022\/02\/Qman-K20211-Pokemon-Music-Box-with-500-pieces-1-600x444.png 600w, https:\/\/mouldking.store\/wp-content\/uploads\/2022\/02\/Qman-K20211-Pokemon-Music-Box-with-500-pieces-1-150x111.png 150w\" sizes=\"(max-width: 790px) 100vw, 790px\" \/><figcaption id=\"caption-attachment-29547\" class=\"wp-caption-text\">Qman K20211 Pokemon Spieluhr mit 500 St\u00fcck<\/figcaption><\/figure>","protected":false},"excerpt":{"rendered":"<p>Produktinformationen: Marke: Qman Geschlecht: Unisex Name: Pokemon Music Box Altersgruppe: &gt; 6 Jahre Modellnummer: K20211 Klassifizierung: Assemblage Kunststoffblock Form: Selbstsichernde Steine Material: Kunststoff Kunststofftyp: ABS Steine Bl\u00f6cke: 500 PCS Enth\u00e4lt detailliert Montageanleitungen. Hinweis: 1. Ohne Originalverpackung, aber wir garantieren, dass unsere Produkte Qualit\u00e4tssicherung und sch\u00f6ne [\u2026]<\/p>","protected":false},"featured_media":29544,"comment_status":"closed","ping_status":"closed","template":"","meta":{"_acf_changed":false},"product_cat":[581],"product_tag":[4487,1370,2468,4484,4125,4483,4486,4485,4482],"class_list":["product","first","instock","shipping-taxable","purchasable","product-type-simple"],"acf":[],"_links":{"self":[{"href":"https:\/\/mouldking.store\/de\/wp-json\/wp\/v2\/product\/29543","targetHints":{"allow":["GET"]}}],"collection":[{"href":"https:\/\/mouldking.store\/de\/wp-json\/wp\/v2\/product"}],"about":[{"href":"https:\/\/mouldking.store\/de\/wp-json\/wp\/v2\/types\/product"}],"replies":[{"embeddable":true,"href":"https:\/\/mouldking.store\/de\/wp-json\/wp\/v2\/comments?post=29543"}],"wp:featuredmedia":[{"embeddable":true,"href":"https:\/\/mouldking.store\/de\/wp-json\/wp\/v2\/media\/29544"}],"wp:attachment":[{"href":"https:\/\/mouldking.store\/de\/wp-json\/wp\/v2\/media?parent=29543"}],"wp:term":[{"taxonomy":"product_cat","embeddable":true,"href":"https:\/\/mouldking.store\/de\/wp-json\/wp\/v2\/product_cat?post=29543"},{"taxonomy":"product_tag","embeddable":true,"href":"https:\/\/mouldking.store\/de\/wp-json\/wp\/v2\/product_tag?post=29543"}],"curies":[{"name":"wp","href":"https:\/\/api.w.org\/{rel}","templated":true}]}}