{"id":29553,"date":"2022-02-22T09:15:50","date_gmt":"2022-02-22T02:15:50","guid":{"rendered":"https:\/\/mouldking.store\/?post_type=product&#038;p=29553"},"modified":"2022-02-22T09:15:50","modified_gmt":"2022-02-22T02:15:50","slug":"qman-k20409-doraemon-cement-pipe-vacant-land-with-266-pieces","status":"publish","type":"product","link":"https:\/\/mouldking.store\/de\/shop\/qman-k20409-doraemon-cement-pipe-vacant-land-with-266-pieces\/","title":{"rendered":"Qman K20409 Doraemon Cement Pipe Vacant Land mit 266 St\u00fcck"},"content":{"rendered":"<p>Produktinformation:<\/p>\n<ol>\n<li>Marke: Qman<\/li>\n<li>Geschlecht: Unisex<\/li>\n<li>Name: Doraemon Cement Pipe Vacant Land<\/li>\n<li>Altersspanne: &gt; 6 Jahre alt<\/li>\n<li>Model Number: K20409<\/li>\n<li>Einstufung: Assemblage<\/li>\n<li>Kunststoffblockform: Selbstsichernde Steine<\/li>\n<li>Material: Kunststoff<\/li>\n<li>Kunststofftyp: ABS<\/li>\n<li>Bricks Blocks: 266 PCS<\/li>\n<li>Enth\u00e4lt eine ausf\u00fchrliche Montageanleitung.<\/li>\n<\/ol>\n<p>Notiz:<br \/>\n1. Ohne Originalverpackung, aber wir garantieren, dass unsere Produkte eine Qualit\u00e4tssicherung und eine sch\u00f6ne Verpackung haben.<br \/>\n2. Wie alle Teile, die wir vor dem Versand \u00fcberpr\u00fcft haben, machen Sie sich keine Sorgen, wenn Sie feststellen, dass einige Teile fehlen oder besch\u00e4digt sind, und kontaktieren Sie uns einfach, und wir k\u00f6nnen sie Ihnen umgehend kostenlos erneut zusenden.<\/p>\n<figure id=\"attachment_29554\" aria-describedby=\"caption-attachment-29554\" style=\"width: 800px\" class=\"wp-caption aligncenter\"><img fetchpriority=\"high\" decoding=\"async\" class=\"wp-image-29554 size-full\" src=\"https:\/\/mouldking.store\/wp-content\/uploads\/2022\/02\/Qman-K20409-Doraemon-Cement-Pipe-Vacant-Land-with-266-pieces-1.jpg\" alt=\"Qman K20409 Doraemon Cement Pipe Vacant Land with 266 pieces\" width=\"800\" height=\"800\" title=\"-\" srcset=\"https:\/\/mouldking.store\/wp-content\/uploads\/2022\/02\/Qman-K20409-Doraemon-Cement-Pipe-Vacant-Land-with-266-pieces-1.jpg 800w, https:\/\/mouldking.store\/wp-content\/uploads\/2022\/02\/Qman-K20409-Doraemon-Cement-Pipe-Vacant-Land-with-266-pieces-1-300x300.jpg 300w, https:\/\/mouldking.store\/wp-content\/uploads\/2022\/02\/Qman-K20409-Doraemon-Cement-Pipe-Vacant-Land-with-266-pieces-1-768x768.jpg 768w, https:\/\/mouldking.store\/wp-content\/uploads\/2022\/02\/Qman-K20409-Doraemon-Cement-Pipe-Vacant-Land-with-266-pieces-1-600x600.jpg 600w, https:\/\/mouldking.store\/wp-content\/uploads\/2022\/02\/Qman-K20409-Doraemon-Cement-Pipe-Vacant-Land-with-266-pieces-1-150x150.jpg 150w\" sizes=\"(max-width: 800px) 100vw, 800px\" \/><figcaption id=\"caption-attachment-29554\" class=\"wp-caption-text\">Qman K20409 Doraemon Cement Pipe Vacant Land mit 266 St\u00fcck<\/figcaption><\/figure>\n<figure id=\"attachment_29561\" aria-describedby=\"caption-attachment-29561\" style=\"width: 457px\" class=\"wp-caption aligncenter\"><img decoding=\"async\" class=\"wp-image-29561 size-full\" src=\"https:\/\/mouldking.store\/wp-content\/uploads\/2022\/02\/Qman-K20409-Doraemon-Cement-Pipe-Vacant-Land-with-266-pieces-8.jpg\" alt=\"Qman K20409 Doraemon Cement Pipe Vacant Land with 266 pieces\" width=\"457\" height=\"1024\" title=\"-\" srcset=\"https:\/\/mouldking.store\/wp-content\/uploads\/2022\/02\/Qman-K20409-Doraemon-Cement-Pipe-Vacant-Land-with-266-pieces-8.jpg 457w, https:\/\/mouldking.store\/wp-content\/uploads\/2022\/02\/Qman-K20409-Doraemon-Cement-Pipe-Vacant-Land-with-266-pieces-8-134x300.jpg 134w, https:\/\/mouldking.store\/wp-content\/uploads\/2022\/02\/Qman-K20409-Doraemon-Cement-Pipe-Vacant-Land-with-266-pieces-8-300x672.jpg 300w, https:\/\/mouldking.store\/wp-content\/uploads\/2022\/02\/Qman-K20409-Doraemon-Cement-Pipe-Vacant-Land-with-266-pieces-8-67x150.jpg 67w\" sizes=\"(max-width: 457px) 100vw, 457px\" \/><figcaption id=\"caption-attachment-29561\" class=\"wp-caption-text\">Qman K20409 Doraemon Cement Pipe Vacant Land mit 266 St\u00fcck<\/figcaption><\/figure>\n<figure id=\"attachment_29555\" aria-describedby=\"caption-attachment-29555\" style=\"width: 790px\" class=\"wp-caption aligncenter\"><img decoding=\"async\" class=\"wp-image-29555 size-full\" src=\"https:\/\/mouldking.store\/wp-content\/uploads\/2022\/02\/Qman-K20409-Doraemon-Cement-Pipe-Vacant-Land-with-266-pieces-2.jpg\" alt=\"Qman K20409 Doraemon Cement Pipe Vacant Land with 266 pieces\" width=\"790\" height=\"900\" title=\"-\" srcset=\"https:\/\/mouldking.store\/wp-content\/uploads\/2022\/02\/Qman-K20409-Doraemon-Cement-Pipe-Vacant-Land-with-266-pieces-2.jpg 790w, https:\/\/mouldking.store\/wp-content\/uploads\/2022\/02\/Qman-K20409-Doraemon-Cement-Pipe-Vacant-Land-with-266-pieces-2-263x300.jpg 263w, https:\/\/mouldking.store\/wp-content\/uploads\/2022\/02\/Qman-K20409-Doraemon-Cement-Pipe-Vacant-Land-with-266-pieces-2-768x875.jpg 768w, https:\/\/mouldking.store\/wp-content\/uploads\/2022\/02\/Qman-K20409-Doraemon-Cement-Pipe-Vacant-Land-with-266-pieces-2-300x342.jpg 300w, https:\/\/mouldking.store\/wp-content\/uploads\/2022\/02\/Qman-K20409-Doraemon-Cement-Pipe-Vacant-Land-with-266-pieces-2-600x684.jpg 600w, https:\/\/mouldking.store\/wp-content\/uploads\/2022\/02\/Qman-K20409-Doraemon-Cement-Pipe-Vacant-Land-with-266-pieces-2-132x150.jpg 132w\" sizes=\"(max-width: 790px) 100vw, 790px\" \/><figcaption id=\"caption-attachment-29555\" class=\"wp-caption-text\">Qman K20409 Doraemon Cement Pipe Vacant Land mit 266 St\u00fcck<\/figcaption><\/figure>\n<figure id=\"attachment_29560\" aria-describedby=\"caption-attachment-29560\" style=\"width: 680px\" class=\"wp-caption aligncenter\"><img loading=\"lazy\" decoding=\"async\" class=\"wp-image-29560 size-full\" src=\"https:\/\/mouldking.store\/wp-content\/uploads\/2022\/02\/Qman-K20409-Doraemon-Cement-Pipe-Vacant-Land-with-266-pieces-7.jpg\" alt=\"Qman K20409 Doraemon Cement Pipe Vacant Land with 266 pieces\" width=\"680\" height=\"1024\" title=\"-\" srcset=\"https:\/\/mouldking.store\/wp-content\/uploads\/2022\/02\/Qman-K20409-Doraemon-Cement-Pipe-Vacant-Land-with-266-pieces-7.jpg 680w, https:\/\/mouldking.store\/wp-content\/uploads\/2022\/02\/Qman-K20409-Doraemon-Cement-Pipe-Vacant-Land-with-266-pieces-7-199x300.jpg 199w, https:\/\/mouldking.store\/wp-content\/uploads\/2022\/02\/Qman-K20409-Doraemon-Cement-Pipe-Vacant-Land-with-266-pieces-7-300x452.jpg 300w, https:\/\/mouldking.store\/wp-content\/uploads\/2022\/02\/Qman-K20409-Doraemon-Cement-Pipe-Vacant-Land-with-266-pieces-7-600x904.jpg 600w, https:\/\/mouldking.store\/wp-content\/uploads\/2022\/02\/Qman-K20409-Doraemon-Cement-Pipe-Vacant-Land-with-266-pieces-7-100x150.jpg 100w\" sizes=\"(max-width: 680px) 100vw, 680px\" \/><figcaption id=\"caption-attachment-29560\" class=\"wp-caption-text\">Qman K20409 Doraemon Cement Pipe Vacant Land mit 266 St\u00fcck<\/figcaption><\/figure>\n<figure id=\"attachment_29559\" aria-describedby=\"caption-attachment-29559\" style=\"width: 790px\" class=\"wp-caption aligncenter\"><img loading=\"lazy\" decoding=\"async\" class=\"wp-image-29559 size-full\" src=\"https:\/\/mouldking.store\/wp-content\/uploads\/2022\/02\/Qman-K20409-Doraemon-Cement-Pipe-Vacant-Land-with-266-pieces-6.jpg\" alt=\"Qman K20409 Doraemon Cement Pipe Vacant Land with 266 pieces\" width=\"790\" height=\"936\" title=\"-\" srcset=\"https:\/\/mouldking.store\/wp-content\/uploads\/2022\/02\/Qman-K20409-Doraemon-Cement-Pipe-Vacant-Land-with-266-pieces-6.jpg 790w, https:\/\/mouldking.store\/wp-content\/uploads\/2022\/02\/Qman-K20409-Doraemon-Cement-Pipe-Vacant-Land-with-266-pieces-6-253x300.jpg 253w, https:\/\/mouldking.store\/wp-content\/uploads\/2022\/02\/Qman-K20409-Doraemon-Cement-Pipe-Vacant-Land-with-266-pieces-6-768x910.jpg 768w, https:\/\/mouldking.store\/wp-content\/uploads\/2022\/02\/Qman-K20409-Doraemon-Cement-Pipe-Vacant-Land-with-266-pieces-6-300x355.jpg 300w, https:\/\/mouldking.store\/wp-content\/uploads\/2022\/02\/Qman-K20409-Doraemon-Cement-Pipe-Vacant-Land-with-266-pieces-6-600x711.jpg 600w, https:\/\/mouldking.store\/wp-content\/uploads\/2022\/02\/Qman-K20409-Doraemon-Cement-Pipe-Vacant-Land-with-266-pieces-6-127x150.jpg 127w\" sizes=\"(max-width: 790px) 100vw, 790px\" \/><figcaption id=\"caption-attachment-29559\" class=\"wp-caption-text\">Qman K20409 Doraemon Cement Pipe Vacant Land mit 266 St\u00fcck<\/figcaption><\/figure>\n<figure id=\"attachment_29558\" aria-describedby=\"caption-attachment-29558\" style=\"width: 790px\" class=\"wp-caption aligncenter\"><img loading=\"lazy\" decoding=\"async\" class=\"wp-image-29558 size-full\" src=\"https:\/\/mouldking.store\/wp-content\/uploads\/2022\/02\/Qman-K20409-Doraemon-Cement-Pipe-Vacant-Land-with-266-pieces-5.jpg\" alt=\"Qman K20409 Doraemon Cement Pipe Vacant Land with 266 pieces\" width=\"790\" height=\"940\" title=\"-\" srcset=\"https:\/\/mouldking.store\/wp-content\/uploads\/2022\/02\/Qman-K20409-Doraemon-Cement-Pipe-Vacant-Land-with-266-pieces-5.jpg 790w, https:\/\/mouldking.store\/wp-content\/uploads\/2022\/02\/Qman-K20409-Doraemon-Cement-Pipe-Vacant-Land-with-266-pieces-5-252x300.jpg 252w, https:\/\/mouldking.store\/wp-content\/uploads\/2022\/02\/Qman-K20409-Doraemon-Cement-Pipe-Vacant-Land-with-266-pieces-5-768x914.jpg 768w, https:\/\/mouldking.store\/wp-content\/uploads\/2022\/02\/Qman-K20409-Doraemon-Cement-Pipe-Vacant-Land-with-266-pieces-5-300x357.jpg 300w, https:\/\/mouldking.store\/wp-content\/uploads\/2022\/02\/Qman-K20409-Doraemon-Cement-Pipe-Vacant-Land-with-266-pieces-5-600x714.jpg 600w, https:\/\/mouldking.store\/wp-content\/uploads\/2022\/02\/Qman-K20409-Doraemon-Cement-Pipe-Vacant-Land-with-266-pieces-5-126x150.jpg 126w\" sizes=\"(max-width: 790px) 100vw, 790px\" \/><figcaption id=\"caption-attachment-29558\" class=\"wp-caption-text\">Qman K20409 Doraemon Cement Pipe Vacant Land mit 266 St\u00fcck<\/figcaption><\/figure>\n<figure id=\"attachment_29557\" aria-describedby=\"caption-attachment-29557\" style=\"width: 731px\" class=\"wp-caption aligncenter\"><img loading=\"lazy\" decoding=\"async\" class=\"wp-image-29557 size-full\" src=\"https:\/\/mouldking.store\/wp-content\/uploads\/2022\/02\/Qman-K20409-Doraemon-Cement-Pipe-Vacant-Land-with-266-pieces-4.jpg\" alt=\"Qman K20409 Doraemon Cement Pipe Vacant Land with 266 pieces\" width=\"731\" height=\"1024\" title=\"-\" srcset=\"https:\/\/mouldking.store\/wp-content\/uploads\/2022\/02\/Qman-K20409-Doraemon-Cement-Pipe-Vacant-Land-with-266-pieces-4.jpg 731w, https:\/\/mouldking.store\/wp-content\/uploads\/2022\/02\/Qman-K20409-Doraemon-Cement-Pipe-Vacant-Land-with-266-pieces-4-214x300.jpg 214w, https:\/\/mouldking.store\/wp-content\/uploads\/2022\/02\/Qman-K20409-Doraemon-Cement-Pipe-Vacant-Land-with-266-pieces-4-300x420.jpg 300w, https:\/\/mouldking.store\/wp-content\/uploads\/2022\/02\/Qman-K20409-Doraemon-Cement-Pipe-Vacant-Land-with-266-pieces-4-600x840.jpg 600w, https:\/\/mouldking.store\/wp-content\/uploads\/2022\/02\/Qman-K20409-Doraemon-Cement-Pipe-Vacant-Land-with-266-pieces-4-107x150.jpg 107w\" sizes=\"(max-width: 731px) 100vw, 731px\" \/><figcaption id=\"caption-attachment-29557\" class=\"wp-caption-text\">Qman K20409 Doraemon Cement Pipe Vacant Land mit 266 St\u00fcck<\/figcaption><\/figure>\n<figure id=\"attachment_29556\" aria-describedby=\"caption-attachment-29556\" style=\"width: 646px\" class=\"wp-caption aligncenter\"><img loading=\"lazy\" decoding=\"async\" class=\"wp-image-29556 size-full\" src=\"https:\/\/mouldking.store\/wp-content\/uploads\/2022\/02\/Qman-K20409-Doraemon-Cement-Pipe-Vacant-Land-with-266-pieces-3.jpg\" alt=\"Qman K20409 Doraemon Cement Pipe Vacant Land with 266 pieces\" width=\"646\" height=\"1024\" title=\"-\" srcset=\"https:\/\/mouldking.store\/wp-content\/uploads\/2022\/02\/Qman-K20409-Doraemon-Cement-Pipe-Vacant-Land-with-266-pieces-3.jpg 646w, https:\/\/mouldking.store\/wp-content\/uploads\/2022\/02\/Qman-K20409-Doraemon-Cement-Pipe-Vacant-Land-with-266-pieces-3-189x300.jpg 189w, https:\/\/mouldking.store\/wp-content\/uploads\/2022\/02\/Qman-K20409-Doraemon-Cement-Pipe-Vacant-Land-with-266-pieces-3-300x476.jpg 300w, https:\/\/mouldking.store\/wp-content\/uploads\/2022\/02\/Qman-K20409-Doraemon-Cement-Pipe-Vacant-Land-with-266-pieces-3-600x951.jpg 600w, https:\/\/mouldking.store\/wp-content\/uploads\/2022\/02\/Qman-K20409-Doraemon-Cement-Pipe-Vacant-Land-with-266-pieces-3-95x150.jpg 95w\" sizes=\"(max-width: 646px) 100vw, 646px\" \/><figcaption id=\"caption-attachment-29556\" class=\"wp-caption-text\">Qman K20409 Doraemon Cement Pipe Vacant Land mit 266 St\u00fcck<\/figcaption><\/figure>","protected":false},"excerpt":{"rendered":"<p>Product information: Brand: Qman Gender: Unisex Name: Doraemon Cement Pipe Vacant Land Age Range: &gt; 6 years old Model Number: K20409 Classification: Assemblage Plastic Block Shape: Self-Locking Bricks Material: Plastic Plastic Type: ABS Bricks Blocks: 266 PCS Contains detailed assembly instructions. Notice: 1. Without an original box, but we guarantee our products have quality assurance [&hellip;]<\/p>","protected":false},"featured_media":29554,"comment_status":"closed","ping_status":"closed","template":"","meta":{"_acf_changed":false},"product_cat":[581],"product_tag":[4493,4492,4490,4491,4125,4489,4494,4488],"class_list":["product","first","instock","shipping-taxable","purchasable","product-type-simple"],"acf":[],"_links":{"self":[{"href":"https:\/\/mouldking.store\/de\/wp-json\/wp\/v2\/product\/29553","targetHints":{"allow":["GET"]}}],"collection":[{"href":"https:\/\/mouldking.store\/de\/wp-json\/wp\/v2\/product"}],"about":[{"href":"https:\/\/mouldking.store\/de\/wp-json\/wp\/v2\/types\/product"}],"replies":[{"embeddable":true,"href":"https:\/\/mouldking.store\/de\/wp-json\/wp\/v2\/comments?post=29553"}],"wp:featuredmedia":[{"embeddable":true,"href":"https:\/\/mouldking.store\/de\/wp-json\/wp\/v2\/media\/29554"}],"wp:attachment":[{"href":"https:\/\/mouldking.store\/de\/wp-json\/wp\/v2\/media?parent=29553"}],"wp:term":[{"taxonomy":"product_cat","embeddable":true,"href":"https:\/\/mouldking.store\/de\/wp-json\/wp\/v2\/product_cat?post=29553"},{"taxonomy":"product_tag","embeddable":true,"href":"https:\/\/mouldking.store\/de\/wp-json\/wp\/v2\/product_tag?post=29553"}],"curies":[{"name":"wp","href":"https:\/\/api.w.org\/{rel}","templated":true}]}}