{"id":29562,"date":"2022-02-22T09:19:24","date_gmt":"2022-02-22T02:19:24","guid":{"rendered":"https:\/\/mouldking.store\/?post_type=product&#038;p=29562"},"modified":"2022-12-14T15:27:43","modified_gmt":"2022-12-14T08:27:43","slug":"qman-k20507-naruto-uchiha-brothers-decisive-battle-with-460-pieces","status":"publish","type":"product","link":"https:\/\/mouldking.store\/de\/shop\/qman-k20507-naruto-uchiha-brothers-decisive-battle-with-460-pieces\/","title":{"rendered":"Qman K20507 Naruto Uchiha Brothers Entscheidungskampf mit 460 Teilen"},"content":{"rendered":"<p>Produktinformation:<\/p>\n<ol>\n<li>Marke: Qman<\/li>\n<li>Geschlecht: Unisex<\/li>\n<li>Name: Naruto Uchiha Brothers Decisive Battle<\/li>\n<li>Altersspanne: &gt; 6 Jahre alt<\/li>\n<li>Model Number: K20507<\/li>\n<li>Einstufung: Assemblage<\/li>\n<li>Kunststoffblockform: Selbstsichernde Steine<\/li>\n<li>Material: Kunststoff<\/li>\n<li>Kunststofftyp: ABS<\/li>\n<li>Bricks Blocks: 460 PCS<\/li>\n<li>Enth\u00e4lt eine ausf\u00fchrliche Montageanleitung.<\/li>\n<\/ol>\n<p>Notiz:<br \/>\n1. Ohne Originalverpackung, aber wir garantieren, dass unsere Produkte eine Qualit\u00e4tssicherung und eine sch\u00f6ne Verpackung haben.<br \/>\n2. Wie alle Teile, die wir vor dem Versand \u00fcberpr\u00fcft haben, machen Sie sich keine Sorgen, wenn Sie feststellen, dass einige Teile fehlen oder besch\u00e4digt sind, und kontaktieren Sie uns einfach, und wir k\u00f6nnen sie Ihnen umgehend kostenlos erneut zusenden.<\/p>\n<figure id=\"attachment_29563\" aria-describedby=\"caption-attachment-29563\" style=\"width: 800px\" class=\"wp-caption aligncenter\"><img fetchpriority=\"high\" decoding=\"async\" class=\"wp-image-29563 size-full\" src=\"https:\/\/mouldking.store\/wp-content\/uploads\/2022\/02\/Qman-K20507-Naruto-Uchiha-Brothers-Decisive-Battle-with-460-pieces-1.jpg\" alt=\"Qman K20507 Naruto Uchiha Brothers Decisive Battle with 460 pieces\" width=\"800\" height=\"800\" title=\"-\" srcset=\"https:\/\/mouldking.store\/wp-content\/uploads\/2022\/02\/Qman-K20507-Naruto-Uchiha-Brothers-Decisive-Battle-with-460-pieces-1.jpg 800w, https:\/\/mouldking.store\/wp-content\/uploads\/2022\/02\/Qman-K20507-Naruto-Uchiha-Brothers-Decisive-Battle-with-460-pieces-1-300x300.jpg 300w, https:\/\/mouldking.store\/wp-content\/uploads\/2022\/02\/Qman-K20507-Naruto-Uchiha-Brothers-Decisive-Battle-with-460-pieces-1-768x768.jpg 768w, https:\/\/mouldking.store\/wp-content\/uploads\/2022\/02\/Qman-K20507-Naruto-Uchiha-Brothers-Decisive-Battle-with-460-pieces-1-600x600.jpg 600w, https:\/\/mouldking.store\/wp-content\/uploads\/2022\/02\/Qman-K20507-Naruto-Uchiha-Brothers-Decisive-Battle-with-460-pieces-1-150x150.jpg 150w\" sizes=\"(max-width: 800px) 100vw, 800px\" \/><figcaption id=\"caption-attachment-29563\" class=\"wp-caption-text\">Qman K20507 Naruto Uchiha Brothers Entscheidungskampf mit 460 Teilen<\/figcaption><\/figure>\n<figure id=\"attachment_29564\" aria-describedby=\"caption-attachment-29564\" style=\"width: 800px\" class=\"wp-caption aligncenter\"><img decoding=\"async\" class=\"wp-image-29564 size-full\" src=\"https:\/\/mouldking.store\/wp-content\/uploads\/2022\/02\/Qman-K20507-Naruto-Uchiha-Brothers-Decisive-Battle-with-460-pieces-2.jpg\" alt=\"Qman K20507 Naruto Uchiha Brothers Decisive Battle with 460 pieces\" width=\"800\" height=\"800\" title=\"-\" srcset=\"https:\/\/mouldking.store\/wp-content\/uploads\/2022\/02\/Qman-K20507-Naruto-Uchiha-Brothers-Decisive-Battle-with-460-pieces-2.jpg 800w, https:\/\/mouldking.store\/wp-content\/uploads\/2022\/02\/Qman-K20507-Naruto-Uchiha-Brothers-Decisive-Battle-with-460-pieces-2-300x300.jpg 300w, https:\/\/mouldking.store\/wp-content\/uploads\/2022\/02\/Qman-K20507-Naruto-Uchiha-Brothers-Decisive-Battle-with-460-pieces-2-768x768.jpg 768w, https:\/\/mouldking.store\/wp-content\/uploads\/2022\/02\/Qman-K20507-Naruto-Uchiha-Brothers-Decisive-Battle-with-460-pieces-2-600x600.jpg 600w, https:\/\/mouldking.store\/wp-content\/uploads\/2022\/02\/Qman-K20507-Naruto-Uchiha-Brothers-Decisive-Battle-with-460-pieces-2-150x150.jpg 150w\" sizes=\"(max-width: 800px) 100vw, 800px\" \/><figcaption id=\"caption-attachment-29564\" class=\"wp-caption-text\">Qman K20507 Naruto Uchiha Brothers Entscheidungskampf mit 460 Teilen<\/figcaption><\/figure>\n<figure id=\"attachment_29566\" aria-describedby=\"caption-attachment-29566\" style=\"width: 800px\" class=\"wp-caption aligncenter\"><img decoding=\"async\" class=\"wp-image-29566 size-full\" src=\"https:\/\/mouldking.store\/wp-content\/uploads\/2022\/02\/Qman-K20507-Naruto-Uchiha-Brothers-Decisive-Battle-with-460-pieces-4.jpg\" alt=\"Qman K20507 Naruto Uchiha Brothers Decisive Battle with 460 pieces\" width=\"800\" height=\"800\" title=\"-\" srcset=\"https:\/\/mouldking.store\/wp-content\/uploads\/2022\/02\/Qman-K20507-Naruto-Uchiha-Brothers-Decisive-Battle-with-460-pieces-4.jpg 800w, https:\/\/mouldking.store\/wp-content\/uploads\/2022\/02\/Qman-K20507-Naruto-Uchiha-Brothers-Decisive-Battle-with-460-pieces-4-300x300.jpg 300w, https:\/\/mouldking.store\/wp-content\/uploads\/2022\/02\/Qman-K20507-Naruto-Uchiha-Brothers-Decisive-Battle-with-460-pieces-4-768x768.jpg 768w, https:\/\/mouldking.store\/wp-content\/uploads\/2022\/02\/Qman-K20507-Naruto-Uchiha-Brothers-Decisive-Battle-with-460-pieces-4-600x600.jpg 600w, https:\/\/mouldking.store\/wp-content\/uploads\/2022\/02\/Qman-K20507-Naruto-Uchiha-Brothers-Decisive-Battle-with-460-pieces-4-150x150.jpg 150w\" sizes=\"(max-width: 800px) 100vw, 800px\" \/><figcaption id=\"caption-attachment-29566\" class=\"wp-caption-text\">Qman K20507 Naruto Uchiha Brothers Entscheidungskampf mit 460 Teilen<\/figcaption><\/figure>\n<figure id=\"attachment_29565\" aria-describedby=\"caption-attachment-29565\" style=\"width: 800px\" class=\"wp-caption aligncenter\"><img loading=\"lazy\" decoding=\"async\" class=\"wp-image-29565 size-full\" src=\"https:\/\/mouldking.store\/wp-content\/uploads\/2022\/02\/Qman-K20507-Naruto-Uchiha-Brothers-Decisive-Battle-with-460-pieces-3.jpg\" alt=\"Qman K20507 Naruto Uchiha Brothers Decisive Battle with 460 pieces\" width=\"800\" height=\"800\" title=\"-\" srcset=\"https:\/\/mouldking.store\/wp-content\/uploads\/2022\/02\/Qman-K20507-Naruto-Uchiha-Brothers-Decisive-Battle-with-460-pieces-3.jpg 800w, https:\/\/mouldking.store\/wp-content\/uploads\/2022\/02\/Qman-K20507-Naruto-Uchiha-Brothers-Decisive-Battle-with-460-pieces-3-300x300.jpg 300w, https:\/\/mouldking.store\/wp-content\/uploads\/2022\/02\/Qman-K20507-Naruto-Uchiha-Brothers-Decisive-Battle-with-460-pieces-3-768x768.jpg 768w, https:\/\/mouldking.store\/wp-content\/uploads\/2022\/02\/Qman-K20507-Naruto-Uchiha-Brothers-Decisive-Battle-with-460-pieces-3-600x600.jpg 600w, https:\/\/mouldking.store\/wp-content\/uploads\/2022\/02\/Qman-K20507-Naruto-Uchiha-Brothers-Decisive-Battle-with-460-pieces-3-150x150.jpg 150w\" sizes=\"(max-width: 800px) 100vw, 800px\" \/><figcaption id=\"caption-attachment-29565\" class=\"wp-caption-text\">Qman K20507 Naruto Uchiha Brothers Entscheidungskampf mit 460 Teilen<\/figcaption><\/figure>","protected":false},"excerpt":{"rendered":"<p>Product information: Brand: Qman Gender: Unisex Name: Naruto Uchiha Brothers Decisive Battle Age Range: &gt; 6 years old Model Number: K20507 Classification: Assemblage Plastic Block Shape: Self-Locking Bricks Material: Plastic Plastic Type: ABS Bricks Blocks: 460 PCS Contains detailed assembly instructions. Notice: 1. Without an original box, but we guarantee our products have quality assurance [&hellip;]<\/p>","protected":false},"featured_media":29563,"comment_status":"closed","ping_status":"closed","template":"","meta":{"_acf_changed":false},"product_cat":[581],"product_tag":[4500,4498,2383,4497,4125,4496,4495,4501,4499],"class_list":["product","first","instock","shipping-taxable","purchasable","product-type-simple"],"acf":[],"_links":{"self":[{"href":"https:\/\/mouldking.store\/de\/wp-json\/wp\/v2\/product\/29562","targetHints":{"allow":["GET"]}}],"collection":[{"href":"https:\/\/mouldking.store\/de\/wp-json\/wp\/v2\/product"}],"about":[{"href":"https:\/\/mouldking.store\/de\/wp-json\/wp\/v2\/types\/product"}],"replies":[{"embeddable":true,"href":"https:\/\/mouldking.store\/de\/wp-json\/wp\/v2\/comments?post=29562"}],"wp:featuredmedia":[{"embeddable":true,"href":"https:\/\/mouldking.store\/de\/wp-json\/wp\/v2\/media\/29563"}],"wp:attachment":[{"href":"https:\/\/mouldking.store\/de\/wp-json\/wp\/v2\/media?parent=29562"}],"wp:term":[{"taxonomy":"product_cat","embeddable":true,"href":"https:\/\/mouldking.store\/de\/wp-json\/wp\/v2\/product_cat?post=29562"},{"taxonomy":"product_tag","embeddable":true,"href":"https:\/\/mouldking.store\/de\/wp-json\/wp\/v2\/product_tag?post=29562"}],"curies":[{"name":"wp","href":"https:\/\/api.w.org\/{rel}","templated":true}]}}