{"id":29574,"date":"2022-02-22T09:29:25","date_gmt":"2022-02-22T02:29:25","guid":{"rendered":"https:\/\/mouldking.store\/?post_type=product&#038;p=29574"},"modified":"2023-07-10T14:18:20","modified_gmt":"2023-07-10T07:18:20","slug":"mould-king-19004-rc-pneumatic-airport-rescue-vehicle-with-6653-pieces","status":"publish","type":"product","link":"https:\/\/mouldking.store\/de\/shop\/mould-king-19004-rc-pneumatic-airport-rescue-vehicle-with-6653-pieces\/","title":{"rendered":"Mould King 19004 RC Pneumatisches Flughafenrettungsfahrzeug mit 6653 Teilen"},"content":{"rendered":"<p>Produktinformation:<\/p>\n<ol>\n<li>Marke: Mould King<\/li>\n<li>Geschlecht: Unisex<\/li>\n<li>Name: RC Pneumatic Airport Rescue Vehicle<\/li>\n<li>Altersspanne: &gt; 14 Jahre alt<\/li>\n<li>Modellnummer: 19004<\/li>\n<li>Einstufung: Assemblage<\/li>\n<li>Kunststoffblockform: Selbstsichernde Steine<\/li>\n<li>Material: Kunststoff<\/li>\n<li>Kunststofftyp: ABS<\/li>\n<li>Ziegelsteine: 6653 PCS<\/li>\n<li>Enth\u00e4lt eine ausf\u00fchrliche Montageanleitung.<\/li>\n<\/ol>\n<p>Notiz:<br \/>\n1. Ohne Originalverpackung, aber wir garantieren, dass unsere Produkte eine Qualit\u00e4tssicherung und eine sch\u00f6ne Verpackung haben.<br \/>\n2. Wie alle Teile, die wir vor dem Versand \u00fcberpr\u00fcft haben, machen Sie sich keine Sorgen, wenn Sie feststellen, dass einige Teile fehlen oder besch\u00e4digt sind, und kontaktieren Sie uns einfach, und wir k\u00f6nnen sie Ihnen umgehend kostenlos erneut zusenden.<\/p>\n<figure id=\"attachment_29575\" aria-describedby=\"caption-attachment-29575\" style=\"width: 1024px\" class=\"wp-caption aligncenter\"><img fetchpriority=\"high\" decoding=\"async\" class=\"wp-image-29575 size-full\" src=\"https:\/\/mouldking.store\/wp-content\/uploads\/2022\/02\/Mould-King-19004-RC-Pneumatic-Airport-Rescue-Vehicle-with-6653-pieces-1.jpg\" alt=\"Mould King 19004 RC Pneumatic Airport Rescue Vehicle with 6653 pieces\" width=\"1024\" height=\"986\" title=\"-\" srcset=\"https:\/\/mouldking.store\/wp-content\/uploads\/2022\/02\/Mould-King-19004-RC-Pneumatic-Airport-Rescue-Vehicle-with-6653-pieces-1.jpg 1024w, https:\/\/mouldking.store\/wp-content\/uploads\/2022\/02\/Mould-King-19004-RC-Pneumatic-Airport-Rescue-Vehicle-with-6653-pieces-1-300x289.jpg 300w, https:\/\/mouldking.store\/wp-content\/uploads\/2022\/02\/Mould-King-19004-RC-Pneumatic-Airport-Rescue-Vehicle-with-6653-pieces-1-768x740.jpg 768w, https:\/\/mouldking.store\/wp-content\/uploads\/2022\/02\/Mould-King-19004-RC-Pneumatic-Airport-Rescue-Vehicle-with-6653-pieces-1-600x578.jpg 600w, https:\/\/mouldking.store\/wp-content\/uploads\/2022\/02\/Mould-King-19004-RC-Pneumatic-Airport-Rescue-Vehicle-with-6653-pieces-1-150x144.jpg 150w\" sizes=\"(max-width: 1024px) 100vw, 1024px\" \/><figcaption id=\"caption-attachment-29575\" class=\"wp-caption-text\">Mould King 19004 RC Pneumatisches Flughafenrettungsfahrzeug mit 6653 Teilen<\/figcaption><\/figure>\n<figure id=\"attachment_29582\" aria-describedby=\"caption-attachment-29582\" style=\"width: 1024px\" class=\"wp-caption aligncenter\"><img decoding=\"async\" class=\"wp-image-29582 size-full\" src=\"https:\/\/mouldking.store\/wp-content\/uploads\/2022\/02\/Mould-King-19004-RC-Pneumatic-Airport-Rescue-Vehicle-with-6653-pieces-8.jpg\" alt=\"Mould King 19004 RC Pneumatic Airport Rescue Vehicle with 6653 pieces\" width=\"1024\" height=\"973\" title=\"-\" srcset=\"https:\/\/mouldking.store\/wp-content\/uploads\/2022\/02\/Mould-King-19004-RC-Pneumatic-Airport-Rescue-Vehicle-with-6653-pieces-8.jpg 1024w, https:\/\/mouldking.store\/wp-content\/uploads\/2022\/02\/Mould-King-19004-RC-Pneumatic-Airport-Rescue-Vehicle-with-6653-pieces-8-300x285.jpg 300w, https:\/\/mouldking.store\/wp-content\/uploads\/2022\/02\/Mould-King-19004-RC-Pneumatic-Airport-Rescue-Vehicle-with-6653-pieces-8-768x730.jpg 768w, https:\/\/mouldking.store\/wp-content\/uploads\/2022\/02\/Mould-King-19004-RC-Pneumatic-Airport-Rescue-Vehicle-with-6653-pieces-8-600x570.jpg 600w, https:\/\/mouldking.store\/wp-content\/uploads\/2022\/02\/Mould-King-19004-RC-Pneumatic-Airport-Rescue-Vehicle-with-6653-pieces-8-150x143.jpg 150w\" sizes=\"(max-width: 1024px) 100vw, 1024px\" \/><figcaption id=\"caption-attachment-29582\" class=\"wp-caption-text\">Mould King 19004 RC Pneumatisches Flughafenrettungsfahrzeug mit 6653 Teilen<\/figcaption><\/figure>\n<figure id=\"attachment_29581\" aria-describedby=\"caption-attachment-29581\" style=\"width: 1024px\" class=\"wp-caption aligncenter\"><img decoding=\"async\" class=\"wp-image-29581 size-full\" src=\"https:\/\/mouldking.store\/wp-content\/uploads\/2022\/02\/Mould-King-19004-RC-Pneumatic-Airport-Rescue-Vehicle-with-6653-pieces-7.jpg\" alt=\"Mould King 19004 RC Pneumatic Airport Rescue Vehicle with 6653 pieces\" width=\"1024\" height=\"978\" title=\"-\" srcset=\"https:\/\/mouldking.store\/wp-content\/uploads\/2022\/02\/Mould-King-19004-RC-Pneumatic-Airport-Rescue-Vehicle-with-6653-pieces-7.jpg 1024w, https:\/\/mouldking.store\/wp-content\/uploads\/2022\/02\/Mould-King-19004-RC-Pneumatic-Airport-Rescue-Vehicle-with-6653-pieces-7-300x287.jpg 300w, https:\/\/mouldking.store\/wp-content\/uploads\/2022\/02\/Mould-King-19004-RC-Pneumatic-Airport-Rescue-Vehicle-with-6653-pieces-7-768x734.jpg 768w, https:\/\/mouldking.store\/wp-content\/uploads\/2022\/02\/Mould-King-19004-RC-Pneumatic-Airport-Rescue-Vehicle-with-6653-pieces-7-600x573.jpg 600w, https:\/\/mouldking.store\/wp-content\/uploads\/2022\/02\/Mould-King-19004-RC-Pneumatic-Airport-Rescue-Vehicle-with-6653-pieces-7-150x143.jpg 150w\" sizes=\"(max-width: 1024px) 100vw, 1024px\" \/><figcaption id=\"caption-attachment-29581\" class=\"wp-caption-text\">Mould King 19004 RC Pneumatisches Flughafenrettungsfahrzeug mit 6653 Teilen<\/figcaption><\/figure>\n<figure id=\"attachment_29578\" aria-describedby=\"caption-attachment-29578\" style=\"width: 760px\" class=\"wp-caption aligncenter\"><img loading=\"lazy\" decoding=\"async\" class=\"wp-image-29578 size-full\" src=\"https:\/\/mouldking.store\/wp-content\/uploads\/2022\/02\/Mould-King-19004-RC-Pneumatic-Airport-Rescue-Vehicle-with-6653-pieces-4.jpg\" alt=\"Mould King 19004 RC Pneumatic Airport Rescue Vehicle with 6653 pieces\" width=\"760\" height=\"1024\" title=\"-\" srcset=\"https:\/\/mouldking.store\/wp-content\/uploads\/2022\/02\/Mould-King-19004-RC-Pneumatic-Airport-Rescue-Vehicle-with-6653-pieces-4.jpg 760w, https:\/\/mouldking.store\/wp-content\/uploads\/2022\/02\/Mould-King-19004-RC-Pneumatic-Airport-Rescue-Vehicle-with-6653-pieces-4-223x300.jpg 223w, https:\/\/mouldking.store\/wp-content\/uploads\/2022\/02\/Mould-King-19004-RC-Pneumatic-Airport-Rescue-Vehicle-with-6653-pieces-4-300x404.jpg 300w, https:\/\/mouldking.store\/wp-content\/uploads\/2022\/02\/Mould-King-19004-RC-Pneumatic-Airport-Rescue-Vehicle-with-6653-pieces-4-600x808.jpg 600w, https:\/\/mouldking.store\/wp-content\/uploads\/2022\/02\/Mould-King-19004-RC-Pneumatic-Airport-Rescue-Vehicle-with-6653-pieces-4-111x150.jpg 111w\" sizes=\"(max-width: 760px) 100vw, 760px\" \/><figcaption id=\"caption-attachment-29578\" class=\"wp-caption-text\">Mould King 19004 RC Pneumatisches Flughafenrettungsfahrzeug mit 6653 Teilen<\/figcaption><\/figure>\n<figure id=\"attachment_29579\" aria-describedby=\"caption-attachment-29579\" style=\"width: 692px\" class=\"wp-caption aligncenter\"><img loading=\"lazy\" decoding=\"async\" class=\"wp-image-29579 size-full\" src=\"https:\/\/mouldking.store\/wp-content\/uploads\/2022\/02\/Mould-King-19004-RC-Pneumatic-Airport-Rescue-Vehicle-with-6653-pieces-5.jpg\" alt=\"Mould King 19004 RC Pneumatic Airport Rescue Vehicle with 6653 pieces\" width=\"692\" height=\"1024\" title=\"-\" srcset=\"https:\/\/mouldking.store\/wp-content\/uploads\/2022\/02\/Mould-King-19004-RC-Pneumatic-Airport-Rescue-Vehicle-with-6653-pieces-5.jpg 692w, https:\/\/mouldking.store\/wp-content\/uploads\/2022\/02\/Mould-King-19004-RC-Pneumatic-Airport-Rescue-Vehicle-with-6653-pieces-5-203x300.jpg 203w, https:\/\/mouldking.store\/wp-content\/uploads\/2022\/02\/Mould-King-19004-RC-Pneumatic-Airport-Rescue-Vehicle-with-6653-pieces-5-300x444.jpg 300w, https:\/\/mouldking.store\/wp-content\/uploads\/2022\/02\/Mould-King-19004-RC-Pneumatic-Airport-Rescue-Vehicle-with-6653-pieces-5-600x888.jpg 600w, https:\/\/mouldking.store\/wp-content\/uploads\/2022\/02\/Mould-King-19004-RC-Pneumatic-Airport-Rescue-Vehicle-with-6653-pieces-5-101x150.jpg 101w\" sizes=\"(max-width: 692px) 100vw, 692px\" \/><figcaption id=\"caption-attachment-29579\" class=\"wp-caption-text\">Mould King 19004 RC Pneumatisches Flughafenrettungsfahrzeug mit 6653 Teilen<\/figcaption><\/figure>\n<figure id=\"attachment_29577\" aria-describedby=\"caption-attachment-29577\" style=\"width: 800px\" class=\"wp-caption aligncenter\"><img loading=\"lazy\" decoding=\"async\" class=\"wp-image-29577 size-full\" src=\"https:\/\/mouldking.store\/wp-content\/uploads\/2022\/02\/Mould-King-19004-RC-Pneumatic-Airport-Rescue-Vehicle-with-6653-pieces-3.jpg\" alt=\"Mould King 19004 RC Pneumatic Airport Rescue Vehicle with 6653 pieces\" width=\"800\" height=\"1014\" title=\"-\" srcset=\"https:\/\/mouldking.store\/wp-content\/uploads\/2022\/02\/Mould-King-19004-RC-Pneumatic-Airport-Rescue-Vehicle-with-6653-pieces-3.jpg 800w, https:\/\/mouldking.store\/wp-content\/uploads\/2022\/02\/Mould-King-19004-RC-Pneumatic-Airport-Rescue-Vehicle-with-6653-pieces-3-237x300.jpg 237w, https:\/\/mouldking.store\/wp-content\/uploads\/2022\/02\/Mould-King-19004-RC-Pneumatic-Airport-Rescue-Vehicle-with-6653-pieces-3-768x973.jpg 768w, https:\/\/mouldking.store\/wp-content\/uploads\/2022\/02\/Mould-King-19004-RC-Pneumatic-Airport-Rescue-Vehicle-with-6653-pieces-3-300x380.jpg 300w, https:\/\/mouldking.store\/wp-content\/uploads\/2022\/02\/Mould-King-19004-RC-Pneumatic-Airport-Rescue-Vehicle-with-6653-pieces-3-600x761.jpg 600w, https:\/\/mouldking.store\/wp-content\/uploads\/2022\/02\/Mould-King-19004-RC-Pneumatic-Airport-Rescue-Vehicle-with-6653-pieces-3-118x150.jpg 118w\" sizes=\"(max-width: 800px) 100vw, 800px\" \/><figcaption id=\"caption-attachment-29577\" class=\"wp-caption-text\">Mould King 19004 RC Pneumatisches Flughafenrettungsfahrzeug mit 6653 Teilen<\/figcaption><\/figure>\n<figure id=\"attachment_29576\" aria-describedby=\"caption-attachment-29576\" style=\"width: 800px\" class=\"wp-caption aligncenter\"><img loading=\"lazy\" decoding=\"async\" class=\"wp-image-29576 size-full\" src=\"https:\/\/mouldking.store\/wp-content\/uploads\/2022\/02\/Mould-King-19004-RC-Pneumatic-Airport-Rescue-Vehicle-with-6653-pieces-2.jpg\" alt=\"Mould King 19004 RC Pneumatic Airport Rescue Vehicle with 6653 pieces\" width=\"800\" height=\"673\" title=\"-\" srcset=\"https:\/\/mouldking.store\/wp-content\/uploads\/2022\/02\/Mould-King-19004-RC-Pneumatic-Airport-Rescue-Vehicle-with-6653-pieces-2.jpg 800w, https:\/\/mouldking.store\/wp-content\/uploads\/2022\/02\/Mould-King-19004-RC-Pneumatic-Airport-Rescue-Vehicle-with-6653-pieces-2-300x252.jpg 300w, https:\/\/mouldking.store\/wp-content\/uploads\/2022\/02\/Mould-King-19004-RC-Pneumatic-Airport-Rescue-Vehicle-with-6653-pieces-2-768x646.jpg 768w, https:\/\/mouldking.store\/wp-content\/uploads\/2022\/02\/Mould-King-19004-RC-Pneumatic-Airport-Rescue-Vehicle-with-6653-pieces-2-600x505.jpg 600w, https:\/\/mouldking.store\/wp-content\/uploads\/2022\/02\/Mould-King-19004-RC-Pneumatic-Airport-Rescue-Vehicle-with-6653-pieces-2-150x126.jpg 150w\" sizes=\"(max-width: 800px) 100vw, 800px\" \/><figcaption id=\"caption-attachment-29576\" class=\"wp-caption-text\">Mould King 19004 RC Pneumatisches Flughafenrettungsfahrzeug mit 6653 Teilen<\/figcaption><\/figure>\n<figure id=\"attachment_29580\" aria-describedby=\"caption-attachment-29580\" style=\"width: 1024px\" class=\"wp-caption aligncenter\"><img loading=\"lazy\" decoding=\"async\" class=\"wp-image-29580 size-full\" src=\"https:\/\/mouldking.store\/wp-content\/uploads\/2022\/02\/Mould-King-19004-RC-Pneumatic-Airport-Rescue-Vehicle-with-6653-pieces-6.jpg\" alt=\"Mould King 19004 RC Pneumatic Airport Rescue Vehicle with 6653 pieces\" width=\"1024\" height=\"912\" title=\"-\" srcset=\"https:\/\/mouldking.store\/wp-content\/uploads\/2022\/02\/Mould-King-19004-RC-Pneumatic-Airport-Rescue-Vehicle-with-6653-pieces-6.jpg 1024w, https:\/\/mouldking.store\/wp-content\/uploads\/2022\/02\/Mould-King-19004-RC-Pneumatic-Airport-Rescue-Vehicle-with-6653-pieces-6-300x267.jpg 300w, https:\/\/mouldking.store\/wp-content\/uploads\/2022\/02\/Mould-King-19004-RC-Pneumatic-Airport-Rescue-Vehicle-with-6653-pieces-6-768x684.jpg 768w, https:\/\/mouldking.store\/wp-content\/uploads\/2022\/02\/Mould-King-19004-RC-Pneumatic-Airport-Rescue-Vehicle-with-6653-pieces-6-600x534.jpg 600w, https:\/\/mouldking.store\/wp-content\/uploads\/2022\/02\/Mould-King-19004-RC-Pneumatic-Airport-Rescue-Vehicle-with-6653-pieces-6-150x134.jpg 150w\" sizes=\"(max-width: 1024px) 100vw, 1024px\" \/><figcaption id=\"caption-attachment-29580\" class=\"wp-caption-text\">Mould King 19004 RC Pneumatisches Flughafenrettungsfahrzeug mit 6653 Teilen<\/figcaption><\/figure>","protected":false},"excerpt":{"rendered":"<p>Product information: Brand: Mould King Gender: Unisex Name: RC Pneumatic Airport Rescue Vehicle Age Range: &gt; 14 years old Model Number: 19004 Classification: Assemblage Plastic Block Shape: Self-Locking Bricks Material: Plastic Plastic Type: ABS Bricks Blocks: 6653 PCS Contains detailed assembly instructions. Notice: 1. Without an original box, but we guarantee our products have quality [&hellip;]<\/p>","protected":false},"featured_media":29575,"comment_status":"closed","ping_status":"closed","template":"","meta":{"_acf_changed":false},"product_cat":[364],"product_tag":[4511,615,4509,4508,4513,4512,481,4510,4514],"class_list":["product","first","outofstock","shipping-taxable","purchasable","product-type-simple"],"acf":[],"_links":{"self":[{"href":"https:\/\/mouldking.store\/de\/wp-json\/wp\/v2\/product\/29574","targetHints":{"allow":["GET"]}}],"collection":[{"href":"https:\/\/mouldking.store\/de\/wp-json\/wp\/v2\/product"}],"about":[{"href":"https:\/\/mouldking.store\/de\/wp-json\/wp\/v2\/types\/product"}],"replies":[{"embeddable":true,"href":"https:\/\/mouldking.store\/de\/wp-json\/wp\/v2\/comments?post=29574"}],"wp:featuredmedia":[{"embeddable":true,"href":"https:\/\/mouldking.store\/de\/wp-json\/wp\/v2\/media\/29575"}],"wp:attachment":[{"href":"https:\/\/mouldking.store\/de\/wp-json\/wp\/v2\/media?parent=29574"}],"wp:term":[{"taxonomy":"product_cat","embeddable":true,"href":"https:\/\/mouldking.store\/de\/wp-json\/wp\/v2\/product_cat?post=29574"},{"taxonomy":"product_tag","embeddable":true,"href":"https:\/\/mouldking.store\/de\/wp-json\/wp\/v2\/product_tag?post=29574"}],"curies":[{"name":"wp","href":"https:\/\/api.w.org\/{rel}","templated":true}]}}