{"id":29614,"date":"2022-02-22T09:56:23","date_gmt":"2022-02-22T02:56:23","guid":{"rendered":"https:\/\/mouldking.store\/?post_type=product&#038;p=29614"},"modified":"2022-02-22T09:56:23","modified_gmt":"2022-02-22T02:56:23","slug":"mould-king-15052-rc-desert-storm-with-555-pieces","status":"publish","type":"product","link":"https:\/\/mouldking.store\/de\/shop\/mould-king-15052-rc-desert-storm-with-555-pieces\/","title":{"rendered":"Mould King 15052 RC Desert Storm mit 555 Teilen"},"content":{"rendered":"<p>Produktinformation:<\/p>\n<ol>\n<li>Marke: Mould King<\/li>\n<li>Geschlecht: Unisex<\/li>\n<li>Name: RC W\u00fcstensturm<\/li>\n<li>Altersspanne: &gt; 14 Jahre alt<\/li>\n<li>Modellnummer: 15052<\/li>\n<li>Einstufung: Assemblage<\/li>\n<li>Kunststoffblockform: Selbstsichernde Steine<\/li>\n<li>Material: Kunststoff<\/li>\n<li>Kunststofftyp: ABS<\/li>\n<li>Ziegelsteine: 555 ST\u00dcCKE<\/li>\n<li>Enth\u00e4lt eine ausf\u00fchrliche Montageanleitung.<\/li>\n<\/ol>\n<p>Notiz:<br \/>\n1. Ohne Originalverpackung, aber wir garantieren, dass unsere Produkte eine Qualit\u00e4tssicherung und eine sch\u00f6ne Verpackung haben.<br \/>\n2. Wie alle Teile, die wir vor dem Versand \u00fcberpr\u00fcft haben, machen Sie sich keine Sorgen, wenn Sie feststellen, dass einige Teile fehlen oder besch\u00e4digt sind, und kontaktieren Sie uns einfach, und wir k\u00f6nnen sie Ihnen umgehend kostenlos erneut zusenden.<\/p>\n<figure id=\"attachment_29615\" aria-describedby=\"caption-attachment-29615\" style=\"width: 800px\" class=\"wp-caption aligncenter\"><img fetchpriority=\"high\" decoding=\"async\" class=\"wp-image-29615 size-full\" src=\"https:\/\/mouldking.store\/wp-content\/uploads\/2022\/02\/Mould-King-15052-RC-Desert-Storm-with-555-pieces-1.jpg\" alt=\"Mould King 15052 RC Desert Storm with 555 pieces\" width=\"800\" height=\"800\" title=\"-\" srcset=\"https:\/\/mouldking.store\/wp-content\/uploads\/2022\/02\/Mould-King-15052-RC-Desert-Storm-with-555-pieces-1.jpg 800w, https:\/\/mouldking.store\/wp-content\/uploads\/2022\/02\/Mould-King-15052-RC-Desert-Storm-with-555-pieces-1-300x300.jpg 300w, https:\/\/mouldking.store\/wp-content\/uploads\/2022\/02\/Mould-King-15052-RC-Desert-Storm-with-555-pieces-1-768x768.jpg 768w, https:\/\/mouldking.store\/wp-content\/uploads\/2022\/02\/Mould-King-15052-RC-Desert-Storm-with-555-pieces-1-600x600.jpg 600w, https:\/\/mouldking.store\/wp-content\/uploads\/2022\/02\/Mould-King-15052-RC-Desert-Storm-with-555-pieces-1-150x150.jpg 150w\" sizes=\"(max-width: 800px) 100vw, 800px\" \/><figcaption id=\"caption-attachment-29615\" class=\"wp-caption-text\">Mould King 15052 RC Desert Storm mit 555 Teilen<\/figcaption><\/figure>\n<figure id=\"attachment_29619\" aria-describedby=\"caption-attachment-29619\" style=\"width: 790px\" class=\"wp-caption aligncenter\"><img decoding=\"async\" class=\"wp-image-29619 size-full\" src=\"https:\/\/mouldking.store\/wp-content\/uploads\/2022\/02\/Mould-King-15052-RC-Desert-Storm-with-555-pieces-5.jpg\" alt=\"Mould King 15052 RC Desert Storm with 555 pieces\" width=\"790\" height=\"748\" title=\"-\" srcset=\"https:\/\/mouldking.store\/wp-content\/uploads\/2022\/02\/Mould-King-15052-RC-Desert-Storm-with-555-pieces-5.jpg 790w, https:\/\/mouldking.store\/wp-content\/uploads\/2022\/02\/Mould-King-15052-RC-Desert-Storm-with-555-pieces-5-300x284.jpg 300w, https:\/\/mouldking.store\/wp-content\/uploads\/2022\/02\/Mould-King-15052-RC-Desert-Storm-with-555-pieces-5-768x727.jpg 768w, https:\/\/mouldking.store\/wp-content\/uploads\/2022\/02\/Mould-King-15052-RC-Desert-Storm-with-555-pieces-5-600x568.jpg 600w, https:\/\/mouldking.store\/wp-content\/uploads\/2022\/02\/Mould-King-15052-RC-Desert-Storm-with-555-pieces-5-150x142.jpg 150w\" sizes=\"(max-width: 790px) 100vw, 790px\" \/><figcaption id=\"caption-attachment-29619\" class=\"wp-caption-text\">Mould King 15052 RC Desert Storm mit 555 Teilen<\/figcaption><\/figure>\n<figure id=\"attachment_29618\" aria-describedby=\"caption-attachment-29618\" style=\"width: 790px\" class=\"wp-caption aligncenter\"><img decoding=\"async\" class=\"wp-image-29618 size-full\" src=\"https:\/\/mouldking.store\/wp-content\/uploads\/2022\/02\/Mould-King-15052-RC-Desert-Storm-with-555-pieces-4.jpg\" alt=\"Mould King 15052 RC Desert Storm with 555 pieces\" width=\"790\" height=\"780\" title=\"-\" srcset=\"https:\/\/mouldking.store\/wp-content\/uploads\/2022\/02\/Mould-King-15052-RC-Desert-Storm-with-555-pieces-4.jpg 790w, https:\/\/mouldking.store\/wp-content\/uploads\/2022\/02\/Mould-King-15052-RC-Desert-Storm-with-555-pieces-4-300x296.jpg 300w, https:\/\/mouldking.store\/wp-content\/uploads\/2022\/02\/Mould-King-15052-RC-Desert-Storm-with-555-pieces-4-768x758.jpg 768w, https:\/\/mouldking.store\/wp-content\/uploads\/2022\/02\/Mould-King-15052-RC-Desert-Storm-with-555-pieces-4-600x592.jpg 600w, https:\/\/mouldking.store\/wp-content\/uploads\/2022\/02\/Mould-King-15052-RC-Desert-Storm-with-555-pieces-4-150x148.jpg 150w\" sizes=\"(max-width: 790px) 100vw, 790px\" \/><figcaption id=\"caption-attachment-29618\" class=\"wp-caption-text\">Mould King 15052 RC Desert Storm mit 555 Teilen<\/figcaption><\/figure>\n<figure id=\"attachment_29617\" aria-describedby=\"caption-attachment-29617\" style=\"width: 769px\" class=\"wp-caption aligncenter\"><img loading=\"lazy\" decoding=\"async\" class=\"wp-image-29617 size-full\" src=\"https:\/\/mouldking.store\/wp-content\/uploads\/2022\/02\/Mould-King-15052-RC-Desert-Storm-with-555-pieces-3.jpg\" alt=\"Mould King 15052 RC Desert Storm with 555 pieces\" width=\"769\" height=\"1024\" title=\"-\" srcset=\"https:\/\/mouldking.store\/wp-content\/uploads\/2022\/02\/Mould-King-15052-RC-Desert-Storm-with-555-pieces-3.jpg 769w, https:\/\/mouldking.store\/wp-content\/uploads\/2022\/02\/Mould-King-15052-RC-Desert-Storm-with-555-pieces-3-225x300.jpg 225w, https:\/\/mouldking.store\/wp-content\/uploads\/2022\/02\/Mould-King-15052-RC-Desert-Storm-with-555-pieces-3-300x399.jpg 300w, https:\/\/mouldking.store\/wp-content\/uploads\/2022\/02\/Mould-King-15052-RC-Desert-Storm-with-555-pieces-3-600x799.jpg 600w, https:\/\/mouldking.store\/wp-content\/uploads\/2022\/02\/Mould-King-15052-RC-Desert-Storm-with-555-pieces-3-113x150.jpg 113w\" sizes=\"(max-width: 769px) 100vw, 769px\" \/><figcaption id=\"caption-attachment-29617\" class=\"wp-caption-text\">Mould King 15052 RC Desert Storm mit 555 Teilen<\/figcaption><\/figure>\n<figure id=\"attachment_29616\" aria-describedby=\"caption-attachment-29616\" style=\"width: 647px\" class=\"wp-caption aligncenter\"><img loading=\"lazy\" decoding=\"async\" class=\"wp-image-29616 size-full\" src=\"https:\/\/mouldking.store\/wp-content\/uploads\/2022\/02\/Mould-King-15052-RC-Desert-Storm-with-555-pieces-2.jpg\" alt=\"Mould King 15052 RC Desert Storm with 555 pieces\" width=\"647\" height=\"1024\" title=\"-\" srcset=\"https:\/\/mouldking.store\/wp-content\/uploads\/2022\/02\/Mould-King-15052-RC-Desert-Storm-with-555-pieces-2.jpg 647w, https:\/\/mouldking.store\/wp-content\/uploads\/2022\/02\/Mould-King-15052-RC-Desert-Storm-with-555-pieces-2-190x300.jpg 190w, https:\/\/mouldking.store\/wp-content\/uploads\/2022\/02\/Mould-King-15052-RC-Desert-Storm-with-555-pieces-2-300x475.jpg 300w, https:\/\/mouldking.store\/wp-content\/uploads\/2022\/02\/Mould-King-15052-RC-Desert-Storm-with-555-pieces-2-600x950.jpg 600w, https:\/\/mouldking.store\/wp-content\/uploads\/2022\/02\/Mould-King-15052-RC-Desert-Storm-with-555-pieces-2-95x150.jpg 95w\" sizes=\"(max-width: 647px) 100vw, 647px\" \/><figcaption id=\"caption-attachment-29616\" class=\"wp-caption-text\">Mould King 15052 RC Desert Storm mit 555 Teilen<\/figcaption><\/figure>","protected":false},"excerpt":{"rendered":"<p>Product information: Brand: Mould King Gender: Unisex Name: RC Desert Storm Age Range: &gt; 14 years old Model Number: 15052 Classification: Assemblage Plastic Block Shape: Self-Locking Bricks Material: Plastic Plastic Type: ABS Bricks Blocks: 555 PCS Contains detailed assembly instructions. Notice: 1. Without an original box, but we guarantee our products have quality assurance and [&hellip;]<\/p>","protected":false},"featured_media":29615,"comment_status":"closed","ping_status":"closed","template":"","meta":{"_acf_changed":false},"product_cat":[364],"product_tag":[4546,4547,615,4544,4543,481,4545],"class_list":["product","first","instock","shipping-taxable","purchasable","product-type-simple"],"acf":[],"_links":{"self":[{"href":"https:\/\/mouldking.store\/de\/wp-json\/wp\/v2\/product\/29614","targetHints":{"allow":["GET"]}}],"collection":[{"href":"https:\/\/mouldking.store\/de\/wp-json\/wp\/v2\/product"}],"about":[{"href":"https:\/\/mouldking.store\/de\/wp-json\/wp\/v2\/types\/product"}],"replies":[{"embeddable":true,"href":"https:\/\/mouldking.store\/de\/wp-json\/wp\/v2\/comments?post=29614"}],"wp:featuredmedia":[{"embeddable":true,"href":"https:\/\/mouldking.store\/de\/wp-json\/wp\/v2\/media\/29615"}],"wp:attachment":[{"href":"https:\/\/mouldking.store\/de\/wp-json\/wp\/v2\/media?parent=29614"}],"wp:term":[{"taxonomy":"product_cat","embeddable":true,"href":"https:\/\/mouldking.store\/de\/wp-json\/wp\/v2\/product_cat?post=29614"},{"taxonomy":"product_tag","embeddable":true,"href":"https:\/\/mouldking.store\/de\/wp-json\/wp\/v2\/product_tag?post=29614"}],"curies":[{"name":"wp","href":"https:\/\/api.w.org\/{rel}","templated":true}]}}