{"id":29620,"date":"2022-02-22T10:00:06","date_gmt":"2022-02-22T03:00:06","guid":{"rendered":"https:\/\/mouldking.store\/?post_type=product&#038;p=29620"},"modified":"2022-02-22T10:00:06","modified_gmt":"2022-02-22T03:00:06","slug":"qman-k20212-pokemon-center-with-777-pieces","status":"publish","type":"product","link":"https:\/\/mouldking.store\/de\/shop\/qman-k20212-pokemon-center-with-777-pieces\/","title":{"rendered":"Qman K20212 Pokemon Center mit 777 Teilen"},"content":{"rendered":"<p>Produktinformation:<\/p>\n<ol>\n<li>Marke: Qman<\/li>\n<li>Geschlecht: Unisex<\/li>\n<li>Name: Pokemon-Center<\/li>\n<li>Altersspanne: &gt; 6 Jahre alt<\/li>\n<li>Modellnummer: K20212<\/li>\n<li>Einstufung: Assemblage<\/li>\n<li>Kunststoffblockform: Selbstsichernde Steine<\/li>\n<li>Material: Kunststoff<\/li>\n<li>Kunststofftyp: ABS<\/li>\n<li>Ziegelsteine: 777 ST\u00dcCKE<\/li>\n<li>Enth\u00e4lt eine ausf\u00fchrliche Montageanleitung.<\/li>\n<\/ol>\n<p>Notiz:<br \/>\n1. Ohne Originalverpackung, aber wir garantieren, dass unsere Produkte eine Qualit\u00e4tssicherung und eine sch\u00f6ne Verpackung haben.<br \/>\n2. Wie alle Teile, die wir vor dem Versand \u00fcberpr\u00fcft haben, machen Sie sich keine Sorgen, wenn Sie feststellen, dass einige Teile fehlen oder besch\u00e4digt sind, und kontaktieren Sie uns einfach, und wir k\u00f6nnen sie Ihnen umgehend kostenlos erneut zusenden.<\/p>\n<figure id=\"attachment_29621\" aria-describedby=\"caption-attachment-29621\" style=\"width: 800px\" class=\"wp-caption aligncenter\"><img fetchpriority=\"high\" decoding=\"async\" class=\"wp-image-29621 size-full\" src=\"https:\/\/mouldking.store\/wp-content\/uploads\/2022\/02\/Qman-K20212-Pokemon-Center-with-777-pieces-1.jpg\" alt=\"Qman K20212 Pokemon Center with 777 pieces\" width=\"800\" height=\"800\" title=\"-\" srcset=\"https:\/\/mouldking.store\/wp-content\/uploads\/2022\/02\/Qman-K20212-Pokemon-Center-with-777-pieces-1.jpg 800w, https:\/\/mouldking.store\/wp-content\/uploads\/2022\/02\/Qman-K20212-Pokemon-Center-with-777-pieces-1-300x300.jpg 300w, https:\/\/mouldking.store\/wp-content\/uploads\/2022\/02\/Qman-K20212-Pokemon-Center-with-777-pieces-1-768x768.jpg 768w, https:\/\/mouldking.store\/wp-content\/uploads\/2022\/02\/Qman-K20212-Pokemon-Center-with-777-pieces-1-600x600.jpg 600w, https:\/\/mouldking.store\/wp-content\/uploads\/2022\/02\/Qman-K20212-Pokemon-Center-with-777-pieces-1-150x150.jpg 150w\" sizes=\"(max-width: 800px) 100vw, 800px\" \/><figcaption id=\"caption-attachment-29621\" class=\"wp-caption-text\">Qman K20212 Pokemon Center mit 777 Teilen<\/figcaption><\/figure>\n<figure id=\"attachment_29622\" aria-describedby=\"caption-attachment-29622\" style=\"width: 430px\" class=\"wp-caption aligncenter\"><img decoding=\"async\" class=\"wp-image-29622 size-full\" src=\"https:\/\/mouldking.store\/wp-content\/uploads\/2022\/02\/Qman-K20212-Pokemon-Center-with-777-pieces-2.jpg\" alt=\"Qman K20212 Pokemon Center with 777 pieces\" width=\"430\" height=\"430\" title=\"-\" srcset=\"https:\/\/mouldking.store\/wp-content\/uploads\/2022\/02\/Qman-K20212-Pokemon-Center-with-777-pieces-2.jpg 430w, https:\/\/mouldking.store\/wp-content\/uploads\/2022\/02\/Qman-K20212-Pokemon-Center-with-777-pieces-2-300x300.jpg 300w, https:\/\/mouldking.store\/wp-content\/uploads\/2022\/02\/Qman-K20212-Pokemon-Center-with-777-pieces-2-150x150.jpg 150w\" sizes=\"(max-width: 430px) 100vw, 430px\" \/><figcaption id=\"caption-attachment-29622\" class=\"wp-caption-text\">Qman K20212 Pokemon Center mit 777 Teilen<\/figcaption><\/figure>\n<figure id=\"attachment_29623\" aria-describedby=\"caption-attachment-29623\" style=\"width: 430px\" class=\"wp-caption aligncenter\"><img decoding=\"async\" class=\"wp-image-29623 size-full\" src=\"https:\/\/mouldking.store\/wp-content\/uploads\/2022\/02\/Qman-K20212-Pokemon-Center-with-777-pieces-3.jpg\" alt=\"Qman K20212 Pokemon Center with 777 pieces\" width=\"430\" height=\"430\" title=\"-\" srcset=\"https:\/\/mouldking.store\/wp-content\/uploads\/2022\/02\/Qman-K20212-Pokemon-Center-with-777-pieces-3.jpg 430w, https:\/\/mouldking.store\/wp-content\/uploads\/2022\/02\/Qman-K20212-Pokemon-Center-with-777-pieces-3-300x300.jpg 300w, https:\/\/mouldking.store\/wp-content\/uploads\/2022\/02\/Qman-K20212-Pokemon-Center-with-777-pieces-3-150x150.jpg 150w\" sizes=\"(max-width: 430px) 100vw, 430px\" \/><figcaption id=\"caption-attachment-29623\" class=\"wp-caption-text\">Qman K20212 Pokemon Center mit 777 Teilen<\/figcaption><\/figure>\n<figure id=\"attachment_29624\" aria-describedby=\"caption-attachment-29624\" style=\"width: 723px\" class=\"wp-caption aligncenter\"><img loading=\"lazy\" decoding=\"async\" class=\"wp-image-29624 size-full\" src=\"https:\/\/mouldking.store\/wp-content\/uploads\/2022\/02\/Qman-K20212-Pokemon-Center-with-777-pieces-4.jpg\" alt=\"Qman K20212 Pokemon Center with 777 pieces\" width=\"723\" height=\"1024\" title=\"-\" srcset=\"https:\/\/mouldking.store\/wp-content\/uploads\/2022\/02\/Qman-K20212-Pokemon-Center-with-777-pieces-4.jpg 723w, https:\/\/mouldking.store\/wp-content\/uploads\/2022\/02\/Qman-K20212-Pokemon-Center-with-777-pieces-4-212x300.jpg 212w, https:\/\/mouldking.store\/wp-content\/uploads\/2022\/02\/Qman-K20212-Pokemon-Center-with-777-pieces-4-300x425.jpg 300w, https:\/\/mouldking.store\/wp-content\/uploads\/2022\/02\/Qman-K20212-Pokemon-Center-with-777-pieces-4-600x850.jpg 600w, https:\/\/mouldking.store\/wp-content\/uploads\/2022\/02\/Qman-K20212-Pokemon-Center-with-777-pieces-4-106x150.jpg 106w\" sizes=\"(max-width: 723px) 100vw, 723px\" \/><figcaption id=\"caption-attachment-29624\" class=\"wp-caption-text\">Qman K20212 Pokemon Center mit 777 Teilen<\/figcaption><\/figure>\n<figure id=\"attachment_29625\" aria-describedby=\"caption-attachment-29625\" style=\"width: 614px\" class=\"wp-caption aligncenter\"><img loading=\"lazy\" decoding=\"async\" class=\"wp-image-29625 size-full\" src=\"https:\/\/mouldking.store\/wp-content\/uploads\/2022\/02\/Qman-K20212-Pokemon-Center-with-777-pieces-5.jpg\" alt=\"Qman K20212 Pokemon Center with 777 pieces\" width=\"614\" height=\"1024\" title=\"-\" srcset=\"https:\/\/mouldking.store\/wp-content\/uploads\/2022\/02\/Qman-K20212-Pokemon-Center-with-777-pieces-5.jpg 614w, https:\/\/mouldking.store\/wp-content\/uploads\/2022\/02\/Qman-K20212-Pokemon-Center-with-777-pieces-5-180x300.jpg 180w, https:\/\/mouldking.store\/wp-content\/uploads\/2022\/02\/Qman-K20212-Pokemon-Center-with-777-pieces-5-300x500.jpg 300w, https:\/\/mouldking.store\/wp-content\/uploads\/2022\/02\/Qman-K20212-Pokemon-Center-with-777-pieces-5-600x1001.jpg 600w, https:\/\/mouldking.store\/wp-content\/uploads\/2022\/02\/Qman-K20212-Pokemon-Center-with-777-pieces-5-90x150.jpg 90w\" sizes=\"(max-width: 614px) 100vw, 614px\" \/><figcaption id=\"caption-attachment-29625\" class=\"wp-caption-text\">Qman K20212 Pokemon Center mit 777 Teilen<\/figcaption><\/figure>","protected":false},"excerpt":{"rendered":"<p>Produktinformationen: Marke: Qman Geschlecht: Unisex Name: Pokemon Center Altersgruppe: &gt; 6 Jahre Modellnummer: K20212 Klassifizierung: Assemblage Kunststoffblockform: Selbstsichernde Steine Material: Kunststoff Kunststofftyp: ABS-Steine Bl\u00f6cke: 777 PCS Enth\u00e4lt detaillierte Montage Anweisungen. Hinweis: 1. Ohne Originalverpackung, aber wir garantieren, dass unsere Produkte eine Qualit\u00e4tssicherung und eine sch\u00f6ne Verpackung haben. [\u2026]<\/p>","protected":false},"featured_media":29621,"comment_status":"closed","ping_status":"closed","template":"","meta":{"_acf_changed":false},"product_cat":[581],"product_tag":[4552,4553,2468,4550,4125,4549,4551,4548],"class_list":["product","first","instock","shipping-taxable","purchasable","product-type-simple"],"acf":[],"_links":{"self":[{"href":"https:\/\/mouldking.store\/de\/wp-json\/wp\/v2\/product\/29620","targetHints":{"allow":["GET"]}}],"collection":[{"href":"https:\/\/mouldking.store\/de\/wp-json\/wp\/v2\/product"}],"about":[{"href":"https:\/\/mouldking.store\/de\/wp-json\/wp\/v2\/types\/product"}],"replies":[{"embeddable":true,"href":"https:\/\/mouldking.store\/de\/wp-json\/wp\/v2\/comments?post=29620"}],"wp:featuredmedia":[{"embeddable":true,"href":"https:\/\/mouldking.store\/de\/wp-json\/wp\/v2\/media\/29621"}],"wp:attachment":[{"href":"https:\/\/mouldking.store\/de\/wp-json\/wp\/v2\/media?parent=29620"}],"wp:term":[{"taxonomy":"product_cat","embeddable":true,"href":"https:\/\/mouldking.store\/de\/wp-json\/wp\/v2\/product_cat?post=29620"},{"taxonomy":"product_tag","embeddable":true,"href":"https:\/\/mouldking.store\/de\/wp-json\/wp\/v2\/product_tag?post=29620"}],"curies":[{"name":"wp","href":"https:\/\/api.w.org\/{rel}","templated":true}]}}