{"id":29644,"date":"2022-02-22T10:36:59","date_gmt":"2022-02-22T03:36:59","guid":{"rendered":"https:\/\/mouldking.store\/?post_type=product&#038;p=29644"},"modified":"2024-08-06T15:21:18","modified_gmt":"2024-08-06T08:21:18","slug":"zrk-7825-thailand-grand-palace-with-9846-pieces","status":"publish","type":"product","link":"https:\/\/mouldking.store\/de\/shop\/zrk-7825-thailand-grand-palace-with-9846-pieces\/","title":{"rendered":"ZRK 7825 Thailand Grand Palace mit 9846 Teilen"},"content":{"rendered":"<p>Produktinformation:<\/p>\n<ol>\n<li>Brand: ZRK<\/li>\n<li>Geschlecht: Unisex<\/li>\n<li>Name: Thailand Grand Palace<\/li>\n<li>Altersspanne: &gt; 6 Jahre alt<\/li>\n<li>Model Number: 7825<\/li>\n<li>Einstufung: Assemblage<\/li>\n<li>Kunststoffblockform: Selbstsichernde Steine<\/li>\n<li>Material: Kunststoff<\/li>\n<li>Kunststofftyp: ABS<\/li>\n<li>Bricks Blocks: 9846 PCS<\/li>\n<li>Enth\u00e4lt eine ausf\u00fchrliche Montageanleitung.<\/li>\n<\/ol>\n<p>Notiz:<br \/>\n1. Ohne Originalverpackung, aber wir garantieren, dass unsere Produkte eine Qualit\u00e4tssicherung und eine sch\u00f6ne Verpackung haben.<br \/>\n2. Wie alle Teile, die wir vor dem Versand \u00fcberpr\u00fcft haben, machen Sie sich keine Sorgen, wenn Sie feststellen, dass einige Teile fehlen oder besch\u00e4digt sind, und kontaktieren Sie uns einfach, und wir k\u00f6nnen sie Ihnen umgehend kostenlos erneut zusenden.<\/p>\n<figure id=\"attachment_29645\" aria-describedby=\"caption-attachment-29645\" style=\"width: 800px\" class=\"wp-caption aligncenter\"><img fetchpriority=\"high\" decoding=\"async\" class=\"wp-image-29645 size-full\" src=\"https:\/\/mouldking.store\/wp-content\/uploads\/2022\/02\/ZRK-7825-Thailand-Grand-Palace-with-9846-pieces-1.jpg\" alt=\"ZRK 7825 Thailand Grand Palace with 9846 pieces\" width=\"800\" height=\"800\" title=\"-\" srcset=\"https:\/\/mouldking.store\/wp-content\/uploads\/2022\/02\/ZRK-7825-Thailand-Grand-Palace-with-9846-pieces-1.jpg 800w, https:\/\/mouldking.store\/wp-content\/uploads\/2022\/02\/ZRK-7825-Thailand-Grand-Palace-with-9846-pieces-1-300x300.jpg 300w, https:\/\/mouldking.store\/wp-content\/uploads\/2022\/02\/ZRK-7825-Thailand-Grand-Palace-with-9846-pieces-1-768x768.jpg 768w, https:\/\/mouldking.store\/wp-content\/uploads\/2022\/02\/ZRK-7825-Thailand-Grand-Palace-with-9846-pieces-1-600x600.jpg 600w, https:\/\/mouldking.store\/wp-content\/uploads\/2022\/02\/ZRK-7825-Thailand-Grand-Palace-with-9846-pieces-1-150x150.jpg 150w\" sizes=\"(max-width: 800px) 100vw, 800px\" \/><figcaption id=\"caption-attachment-29645\" class=\"wp-caption-text\">ZRK 7825 Thailand Grand Palace mit 9846 Teilen<\/figcaption><\/figure>\n<figure id=\"attachment_29648\" aria-describedby=\"caption-attachment-29648\" style=\"width: 750px\" class=\"wp-caption aligncenter\"><img decoding=\"async\" class=\"wp-image-29648 size-full\" src=\"https:\/\/mouldking.store\/wp-content\/uploads\/2022\/02\/ZRK-7825-Thailand-Grand-Palace-with-9846-pieces-4.jpg\" alt=\"ZRK 7825 Thailand Grand Palace with 9846 pieces\" width=\"750\" height=\"780\" title=\"-\" srcset=\"https:\/\/mouldking.store\/wp-content\/uploads\/2022\/02\/ZRK-7825-Thailand-Grand-Palace-with-9846-pieces-4.jpg 750w, https:\/\/mouldking.store\/wp-content\/uploads\/2022\/02\/ZRK-7825-Thailand-Grand-Palace-with-9846-pieces-4-288x300.jpg 288w, https:\/\/mouldking.store\/wp-content\/uploads\/2022\/02\/ZRK-7825-Thailand-Grand-Palace-with-9846-pieces-4-300x312.jpg 300w, https:\/\/mouldking.store\/wp-content\/uploads\/2022\/02\/ZRK-7825-Thailand-Grand-Palace-with-9846-pieces-4-600x624.jpg 600w, https:\/\/mouldking.store\/wp-content\/uploads\/2022\/02\/ZRK-7825-Thailand-Grand-Palace-with-9846-pieces-4-144x150.jpg 144w\" sizes=\"(max-width: 750px) 100vw, 750px\" \/><figcaption id=\"caption-attachment-29648\" class=\"wp-caption-text\">ZRK 7825 Thailand Grand Palace mit 9846 Teilen<\/figcaption><\/figure>\n<figure id=\"attachment_29652\" aria-describedby=\"caption-attachment-29652\" style=\"width: 750px\" class=\"wp-caption aligncenter\"><img decoding=\"async\" class=\"wp-image-29652 size-full\" src=\"https:\/\/mouldking.store\/wp-content\/uploads\/2022\/02\/ZRK-7825-Thailand-Grand-Palace-with-9846-pieces-8.jpg\" alt=\"ZRK 7825 Thailand Grand Palace with 9846 pieces\" width=\"750\" height=\"957\" title=\"-\" srcset=\"https:\/\/mouldking.store\/wp-content\/uploads\/2022\/02\/ZRK-7825-Thailand-Grand-Palace-with-9846-pieces-8.jpg 750w, https:\/\/mouldking.store\/wp-content\/uploads\/2022\/02\/ZRK-7825-Thailand-Grand-Palace-with-9846-pieces-8-235x300.jpg 235w, https:\/\/mouldking.store\/wp-content\/uploads\/2022\/02\/ZRK-7825-Thailand-Grand-Palace-with-9846-pieces-8-300x383.jpg 300w, https:\/\/mouldking.store\/wp-content\/uploads\/2022\/02\/ZRK-7825-Thailand-Grand-Palace-with-9846-pieces-8-600x766.jpg 600w, https:\/\/mouldking.store\/wp-content\/uploads\/2022\/02\/ZRK-7825-Thailand-Grand-Palace-with-9846-pieces-8-118x150.jpg 118w\" sizes=\"(max-width: 750px) 100vw, 750px\" \/><figcaption id=\"caption-attachment-29652\" class=\"wp-caption-text\">ZRK 7825 Thailand Grand Palace mit 9846 Teilen<\/figcaption><\/figure>\n<figure id=\"attachment_29651\" aria-describedby=\"caption-attachment-29651\" style=\"width: 726px\" class=\"wp-caption aligncenter\"><img loading=\"lazy\" decoding=\"async\" class=\"wp-image-29651 size-full\" src=\"https:\/\/mouldking.store\/wp-content\/uploads\/2022\/02\/ZRK-7825-Thailand-Grand-Palace-with-9846-pieces-7.jpg\" alt=\"ZRK 7825 Thailand Grand Palace with 9846 pieces\" width=\"726\" height=\"1024\" title=\"-\" srcset=\"https:\/\/mouldking.store\/wp-content\/uploads\/2022\/02\/ZRK-7825-Thailand-Grand-Palace-with-9846-pieces-7.jpg 726w, https:\/\/mouldking.store\/wp-content\/uploads\/2022\/02\/ZRK-7825-Thailand-Grand-Palace-with-9846-pieces-7-213x300.jpg 213w, https:\/\/mouldking.store\/wp-content\/uploads\/2022\/02\/ZRK-7825-Thailand-Grand-Palace-with-9846-pieces-7-300x423.jpg 300w, https:\/\/mouldking.store\/wp-content\/uploads\/2022\/02\/ZRK-7825-Thailand-Grand-Palace-with-9846-pieces-7-600x846.jpg 600w, https:\/\/mouldking.store\/wp-content\/uploads\/2022\/02\/ZRK-7825-Thailand-Grand-Palace-with-9846-pieces-7-106x150.jpg 106w\" sizes=\"(max-width: 726px) 100vw, 726px\" \/><figcaption id=\"caption-attachment-29651\" class=\"wp-caption-text\">ZRK 7825 Thailand Grand Palace mit 9846 Teilen<\/figcaption><\/figure>\n<figure id=\"attachment_29653\" aria-describedby=\"caption-attachment-29653\" style=\"width: 800px\" class=\"wp-caption aligncenter\"><img loading=\"lazy\" decoding=\"async\" class=\"wp-image-29653 size-full\" src=\"https:\/\/mouldking.store\/wp-content\/uploads\/2022\/02\/ZRK-7825-Thailand-Grand-Palace-with-9846-pieces-9.jpg\" alt=\"ZRK 7825 Thailand Grand Palace with 9846 pieces\" width=\"800\" height=\"800\" title=\"-\" srcset=\"https:\/\/mouldking.store\/wp-content\/uploads\/2022\/02\/ZRK-7825-Thailand-Grand-Palace-with-9846-pieces-9.jpg 800w, https:\/\/mouldking.store\/wp-content\/uploads\/2022\/02\/ZRK-7825-Thailand-Grand-Palace-with-9846-pieces-9-300x300.jpg 300w, https:\/\/mouldking.store\/wp-content\/uploads\/2022\/02\/ZRK-7825-Thailand-Grand-Palace-with-9846-pieces-9-768x768.jpg 768w, https:\/\/mouldking.store\/wp-content\/uploads\/2022\/02\/ZRK-7825-Thailand-Grand-Palace-with-9846-pieces-9-600x600.jpg 600w, https:\/\/mouldking.store\/wp-content\/uploads\/2022\/02\/ZRK-7825-Thailand-Grand-Palace-with-9846-pieces-9-150x150.jpg 150w\" sizes=\"(max-width: 800px) 100vw, 800px\" \/><figcaption id=\"caption-attachment-29653\" class=\"wp-caption-text\">ZRK 7825 Thailand Grand Palace mit 9846 Teilen<\/figcaption><\/figure>\n<figure id=\"attachment_29649\" aria-describedby=\"caption-attachment-29649\" style=\"width: 750px\" class=\"wp-caption aligncenter\"><img loading=\"lazy\" decoding=\"async\" class=\"wp-image-29649 size-full\" src=\"https:\/\/mouldking.store\/wp-content\/uploads\/2022\/02\/ZRK-7825-Thailand-Grand-Palace-with-9846-pieces-5.jpg\" alt=\"ZRK 7825 Thailand Grand Palace with 9846 pieces\" width=\"750\" height=\"850\" title=\"-\" srcset=\"https:\/\/mouldking.store\/wp-content\/uploads\/2022\/02\/ZRK-7825-Thailand-Grand-Palace-with-9846-pieces-5.jpg 750w, https:\/\/mouldking.store\/wp-content\/uploads\/2022\/02\/ZRK-7825-Thailand-Grand-Palace-with-9846-pieces-5-265x300.jpg 265w, https:\/\/mouldking.store\/wp-content\/uploads\/2022\/02\/ZRK-7825-Thailand-Grand-Palace-with-9846-pieces-5-300x340.jpg 300w, https:\/\/mouldking.store\/wp-content\/uploads\/2022\/02\/ZRK-7825-Thailand-Grand-Palace-with-9846-pieces-5-600x680.jpg 600w, https:\/\/mouldking.store\/wp-content\/uploads\/2022\/02\/ZRK-7825-Thailand-Grand-Palace-with-9846-pieces-5-132x150.jpg 132w\" sizes=\"(max-width: 750px) 100vw, 750px\" \/><figcaption id=\"caption-attachment-29649\" class=\"wp-caption-text\">ZRK 7825 Thailand Grand Palace mit 9846 Teilen<\/figcaption><\/figure>\n<figure id=\"attachment_29654\" aria-describedby=\"caption-attachment-29654\" style=\"width: 750px\" class=\"wp-caption aligncenter\"><img loading=\"lazy\" decoding=\"async\" class=\"wp-image-29654 size-full\" src=\"https:\/\/mouldking.store\/wp-content\/uploads\/2022\/02\/ZRK-7825-Thailand-Grand-Palace-with-9846-pieces-10.jpg\" alt=\"ZRK 7825 Thailand Grand Palace with 9846 pieces\" width=\"750\" height=\"735\" title=\"-\" srcset=\"https:\/\/mouldking.store\/wp-content\/uploads\/2022\/02\/ZRK-7825-Thailand-Grand-Palace-with-9846-pieces-10.jpg 750w, https:\/\/mouldking.store\/wp-content\/uploads\/2022\/02\/ZRK-7825-Thailand-Grand-Palace-with-9846-pieces-10-300x294.jpg 300w, https:\/\/mouldking.store\/wp-content\/uploads\/2022\/02\/ZRK-7825-Thailand-Grand-Palace-with-9846-pieces-10-600x588.jpg 600w, https:\/\/mouldking.store\/wp-content\/uploads\/2022\/02\/ZRK-7825-Thailand-Grand-Palace-with-9846-pieces-10-150x147.jpg 150w\" sizes=\"(max-width: 750px) 100vw, 750px\" \/><figcaption id=\"caption-attachment-29654\" class=\"wp-caption-text\">ZRK 7825 Thailand Grand Palace mit 9846 Teilen<\/figcaption><\/figure>\n<figure id=\"attachment_29655\" aria-describedby=\"caption-attachment-29655\" style=\"width: 750px\" class=\"wp-caption aligncenter\"><img loading=\"lazy\" decoding=\"async\" class=\"wp-image-29655 size-full\" src=\"https:\/\/mouldking.store\/wp-content\/uploads\/2022\/02\/ZRK-7825-Thailand-Grand-Palace-with-9846-pieces-11.jpg\" alt=\"ZRK 7825 Thailand Grand Palace with 9846 pieces\" width=\"750\" height=\"752\" title=\"-\" srcset=\"https:\/\/mouldking.store\/wp-content\/uploads\/2022\/02\/ZRK-7825-Thailand-Grand-Palace-with-9846-pieces-11.jpg 750w, https:\/\/mouldking.store\/wp-content\/uploads\/2022\/02\/ZRK-7825-Thailand-Grand-Palace-with-9846-pieces-11-300x301.jpg 300w, https:\/\/mouldking.store\/wp-content\/uploads\/2022\/02\/ZRK-7825-Thailand-Grand-Palace-with-9846-pieces-11-600x602.jpg 600w, https:\/\/mouldking.store\/wp-content\/uploads\/2022\/02\/ZRK-7825-Thailand-Grand-Palace-with-9846-pieces-11-150x150.jpg 150w\" sizes=\"(max-width: 750px) 100vw, 750px\" \/><figcaption id=\"caption-attachment-29655\" class=\"wp-caption-text\">ZRK 7825 Thailand Grand Palace mit 9846 Teilen<\/figcaption><\/figure>\n<figure id=\"attachment_29647\" aria-describedby=\"caption-attachment-29647\" style=\"width: 750px\" class=\"wp-caption aligncenter\"><img loading=\"lazy\" decoding=\"async\" class=\"wp-image-29647 size-full\" src=\"https:\/\/mouldking.store\/wp-content\/uploads\/2022\/02\/ZRK-7825-Thailand-Grand-Palace-with-9846-pieces-3.jpg\" alt=\"ZRK 7825 Thailand Grand Palace with 9846 pieces\" width=\"750\" height=\"979\" title=\"-\" srcset=\"https:\/\/mouldking.store\/wp-content\/uploads\/2022\/02\/ZRK-7825-Thailand-Grand-Palace-with-9846-pieces-3.jpg 750w, https:\/\/mouldking.store\/wp-content\/uploads\/2022\/02\/ZRK-7825-Thailand-Grand-Palace-with-9846-pieces-3-230x300.jpg 230w, https:\/\/mouldking.store\/wp-content\/uploads\/2022\/02\/ZRK-7825-Thailand-Grand-Palace-with-9846-pieces-3-300x392.jpg 300w, https:\/\/mouldking.store\/wp-content\/uploads\/2022\/02\/ZRK-7825-Thailand-Grand-Palace-with-9846-pieces-3-600x783.jpg 600w, https:\/\/mouldking.store\/wp-content\/uploads\/2022\/02\/ZRK-7825-Thailand-Grand-Palace-with-9846-pieces-3-115x150.jpg 115w\" sizes=\"(max-width: 750px) 100vw, 750px\" \/><figcaption id=\"caption-attachment-29647\" class=\"wp-caption-text\">ZRK 7825 Thailand Grand Palace mit 9846 Teilen<\/figcaption><\/figure>\n<figure id=\"attachment_29646\" aria-describedby=\"caption-attachment-29646\" style=\"width: 750px\" class=\"wp-caption aligncenter\"><img loading=\"lazy\" decoding=\"async\" class=\"wp-image-29646 size-full\" src=\"https:\/\/mouldking.store\/wp-content\/uploads\/2022\/02\/ZRK-7825-Thailand-Grand-Palace-with-9846-pieces-2.jpg\" alt=\"ZRK 7825 Thailand Grand Palace with 9846 pieces\" width=\"750\" height=\"794\" title=\"-\" srcset=\"https:\/\/mouldking.store\/wp-content\/uploads\/2022\/02\/ZRK-7825-Thailand-Grand-Palace-with-9846-pieces-2.jpg 750w, https:\/\/mouldking.store\/wp-content\/uploads\/2022\/02\/ZRK-7825-Thailand-Grand-Palace-with-9846-pieces-2-283x300.jpg 283w, https:\/\/mouldking.store\/wp-content\/uploads\/2022\/02\/ZRK-7825-Thailand-Grand-Palace-with-9846-pieces-2-300x318.jpg 300w, https:\/\/mouldking.store\/wp-content\/uploads\/2022\/02\/ZRK-7825-Thailand-Grand-Palace-with-9846-pieces-2-600x635.jpg 600w, https:\/\/mouldking.store\/wp-content\/uploads\/2022\/02\/ZRK-7825-Thailand-Grand-Palace-with-9846-pieces-2-142x150.jpg 142w\" sizes=\"(max-width: 750px) 100vw, 750px\" \/><figcaption id=\"caption-attachment-29646\" class=\"wp-caption-text\">ZRK 7825 Thailand Grand Palace mit 9846 Teilen<\/figcaption><\/figure>\n<figure id=\"attachment_29650\" aria-describedby=\"caption-attachment-29650\" style=\"width: 750px\" class=\"wp-caption aligncenter\"><img loading=\"lazy\" decoding=\"async\" class=\"wp-image-29650 size-full\" src=\"https:\/\/mouldking.store\/wp-content\/uploads\/2022\/02\/ZRK-7825-Thailand-Grand-Palace-with-9846-pieces-6.jpg\" alt=\"ZRK 7825 Thailand Grand Palace with 9846 pieces\" width=\"750\" height=\"832\" title=\"-\" srcset=\"https:\/\/mouldking.store\/wp-content\/uploads\/2022\/02\/ZRK-7825-Thailand-Grand-Palace-with-9846-pieces-6.jpg 750w, https:\/\/mouldking.store\/wp-content\/uploads\/2022\/02\/ZRK-7825-Thailand-Grand-Palace-with-9846-pieces-6-270x300.jpg 270w, https:\/\/mouldking.store\/wp-content\/uploads\/2022\/02\/ZRK-7825-Thailand-Grand-Palace-with-9846-pieces-6-300x333.jpg 300w, https:\/\/mouldking.store\/wp-content\/uploads\/2022\/02\/ZRK-7825-Thailand-Grand-Palace-with-9846-pieces-6-600x666.jpg 600w, https:\/\/mouldking.store\/wp-content\/uploads\/2022\/02\/ZRK-7825-Thailand-Grand-Palace-with-9846-pieces-6-135x150.jpg 135w\" sizes=\"(max-width: 750px) 100vw, 750px\" \/><figcaption id=\"caption-attachment-29650\" class=\"wp-caption-text\">ZRK 7825 Thailand Grand Palace mit 9846 Teilen<\/figcaption><\/figure>","protected":false},"excerpt":{"rendered":"<p>Product information: Brand: ZRK Gender: Unisex Name: Thailand Grand Palace Age Range: &gt; 6 years old Model Number: 7825 Classification: Assemblage Plastic Block Shape: Self-Locking Bricks Material: Plastic Plastic Type: ABS Bricks Blocks: 9846 PCS Contains detailed assembly instructions. Notice: 1. Without an original box, but we guarantee our products have quality assurance and nice [&hellip;]<\/p>","protected":false},"featured_media":29645,"comment_status":"closed","ping_status":"closed","template":"","meta":{"_acf_changed":false},"product_cat":[390],"product_tag":[4577,4579,4581,4578,4580,4575,4576,4574,4573],"class_list":["product","first","instock","shipping-taxable","purchasable","product-type-simple"],"acf":[],"_links":{"self":[{"href":"https:\/\/mouldking.store\/de\/wp-json\/wp\/v2\/product\/29644","targetHints":{"allow":["GET"]}}],"collection":[{"href":"https:\/\/mouldking.store\/de\/wp-json\/wp\/v2\/product"}],"about":[{"href":"https:\/\/mouldking.store\/de\/wp-json\/wp\/v2\/types\/product"}],"replies":[{"embeddable":true,"href":"https:\/\/mouldking.store\/de\/wp-json\/wp\/v2\/comments?post=29644"}],"wp:featuredmedia":[{"embeddable":true,"href":"https:\/\/mouldking.store\/de\/wp-json\/wp\/v2\/media\/29645"}],"wp:attachment":[{"href":"https:\/\/mouldking.store\/de\/wp-json\/wp\/v2\/media?parent=29644"}],"wp:term":[{"taxonomy":"product_cat","embeddable":true,"href":"https:\/\/mouldking.store\/de\/wp-json\/wp\/v2\/product_cat?post=29644"},{"taxonomy":"product_tag","embeddable":true,"href":"https:\/\/mouldking.store\/de\/wp-json\/wp\/v2\/product_tag?post=29644"}],"curies":[{"name":"wp","href":"https:\/\/api.w.org\/{rel}","templated":true}]}}