{"id":29694,"date":"2022-02-22T11:02:02","date_gmt":"2022-02-22T04:02:02","guid":{"rendered":"https:\/\/mouldking.store\/?post_type=product&#038;p=29694"},"modified":"2022-02-22T11:02:02","modified_gmt":"2022-02-22T04:02:02","slug":"qman-31011-cherry-duckling-small-set-box-with-421-pieces","status":"publish","type":"product","link":"https:\/\/mouldking.store\/de\/shop\/qman-31011-cherry-duckling-small-set-box-with-421-pieces\/","title":{"rendered":"Qman 31011 Cherry Duckling Small Set Box mit 421 Teilen"},"content":{"rendered":"<p>Produktinformation:<\/p>\n<ol>\n<li>Marke: Qman<\/li>\n<li>Geschlecht: Unisex<\/li>\n<li>Name: Cherry Duckling Small Set Box<\/li>\n<li>Altersspanne: &gt; 6 Jahre alt<\/li>\n<li>Model Number: 31011<\/li>\n<li>Einstufung: Assemblage<\/li>\n<li>Kunststoffblockform: Selbstsichernde Steine<\/li>\n<li>Material: Kunststoff<\/li>\n<li>Kunststofftyp: ABS<\/li>\n<li>Bricks Blocks: 421 PCS<\/li>\n<li>Enth\u00e4lt eine ausf\u00fchrliche Montageanleitung.<\/li>\n<\/ol>\n<p>Notiz:<br \/>\n1. Ohne Originalverpackung, aber wir garantieren, dass unsere Produkte eine Qualit\u00e4tssicherung und eine sch\u00f6ne Verpackung haben.<br \/>\n2. Wie alle Teile, die wir vor dem Versand \u00fcberpr\u00fcft haben, machen Sie sich keine Sorgen, wenn Sie feststellen, dass einige Teile fehlen oder besch\u00e4digt sind, und kontaktieren Sie uns einfach, und wir k\u00f6nnen sie Ihnen umgehend kostenlos erneut zusenden.<\/p>\n<p>&nbsp;<\/p>\n<figure id=\"attachment_29695\" aria-describedby=\"caption-attachment-29695\" style=\"width: 800px\" class=\"wp-caption aligncenter\"><img fetchpriority=\"high\" decoding=\"async\" class=\"wp-image-29695 size-full\" src=\"https:\/\/mouldking.store\/wp-content\/uploads\/2022\/02\/Qman-31011-Cherry-Duckling-Small-Set-Box-with-421-pieces-1.jpg\" alt=\"Qman 31011 Cherry Duckling Small Set Box with 421 pieces\" width=\"800\" height=\"800\" title=\"-\" srcset=\"https:\/\/mouldking.store\/wp-content\/uploads\/2022\/02\/Qman-31011-Cherry-Duckling-Small-Set-Box-with-421-pieces-1.jpg 800w, https:\/\/mouldking.store\/wp-content\/uploads\/2022\/02\/Qman-31011-Cherry-Duckling-Small-Set-Box-with-421-pieces-1-300x300.jpg 300w, https:\/\/mouldking.store\/wp-content\/uploads\/2022\/02\/Qman-31011-Cherry-Duckling-Small-Set-Box-with-421-pieces-1-768x768.jpg 768w, https:\/\/mouldking.store\/wp-content\/uploads\/2022\/02\/Qman-31011-Cherry-Duckling-Small-Set-Box-with-421-pieces-1-600x600.jpg 600w, https:\/\/mouldking.store\/wp-content\/uploads\/2022\/02\/Qman-31011-Cherry-Duckling-Small-Set-Box-with-421-pieces-1-150x150.jpg 150w\" sizes=\"(max-width: 800px) 100vw, 800px\" \/><figcaption id=\"caption-attachment-29695\" class=\"wp-caption-text\">Qman 31011 Cherry Duckling Small Set Box mit 421 Teilen<\/figcaption><\/figure>\n<figure id=\"attachment_29697\" aria-describedby=\"caption-attachment-29697\" style=\"width: 651px\" class=\"wp-caption aligncenter\"><img decoding=\"async\" class=\"wp-image-29697 size-full\" src=\"https:\/\/mouldking.store\/wp-content\/uploads\/2022\/02\/Qman-31011-Cherry-Duckling-Small-Set-Box-with-421-pieces-3.jpg\" alt=\"Qman 31011 Cherry Duckling Small Set Box with 421 pieces\" width=\"651\" height=\"1024\" title=\"-\" srcset=\"https:\/\/mouldking.store\/wp-content\/uploads\/2022\/02\/Qman-31011-Cherry-Duckling-Small-Set-Box-with-421-pieces-3.jpg 651w, https:\/\/mouldking.store\/wp-content\/uploads\/2022\/02\/Qman-31011-Cherry-Duckling-Small-Set-Box-with-421-pieces-3-191x300.jpg 191w, https:\/\/mouldking.store\/wp-content\/uploads\/2022\/02\/Qman-31011-Cherry-Duckling-Small-Set-Box-with-421-pieces-3-300x472.jpg 300w, https:\/\/mouldking.store\/wp-content\/uploads\/2022\/02\/Qman-31011-Cherry-Duckling-Small-Set-Box-with-421-pieces-3-600x944.jpg 600w, https:\/\/mouldking.store\/wp-content\/uploads\/2022\/02\/Qman-31011-Cherry-Duckling-Small-Set-Box-with-421-pieces-3-95x150.jpg 95w\" sizes=\"(max-width: 651px) 100vw, 651px\" \/><figcaption id=\"caption-attachment-29697\" class=\"wp-caption-text\">Qman 31011 Cherry Duckling Small Set Box mit 421 Teilen<\/figcaption><\/figure>\n<figure id=\"attachment_29698\" aria-describedby=\"caption-attachment-29698\" style=\"width: 598px\" class=\"wp-caption aligncenter\"><img decoding=\"async\" class=\"wp-image-29698 size-full\" src=\"https:\/\/mouldking.store\/wp-content\/uploads\/2022\/02\/Qman-31011-Cherry-Duckling-Small-Set-Box-with-421-pieces-4.jpg\" alt=\"Qman 31011 Cherry Duckling Small Set Box with 421 pieces\" width=\"598\" height=\"1024\" title=\"-\" srcset=\"https:\/\/mouldking.store\/wp-content\/uploads\/2022\/02\/Qman-31011-Cherry-Duckling-Small-Set-Box-with-421-pieces-4.jpg 598w, https:\/\/mouldking.store\/wp-content\/uploads\/2022\/02\/Qman-31011-Cherry-Duckling-Small-Set-Box-with-421-pieces-4-175x300.jpg 175w, https:\/\/mouldking.store\/wp-content\/uploads\/2022\/02\/Qman-31011-Cherry-Duckling-Small-Set-Box-with-421-pieces-4-300x514.jpg 300w, https:\/\/mouldking.store\/wp-content\/uploads\/2022\/02\/Qman-31011-Cherry-Duckling-Small-Set-Box-with-421-pieces-4-88x150.jpg 88w\" sizes=\"(max-width: 598px) 100vw, 598px\" \/><figcaption id=\"caption-attachment-29698\" class=\"wp-caption-text\">Qman 31011 Cherry Duckling Small Set Box mit 421 Teilen<\/figcaption><\/figure>\n<figure id=\"attachment_29699\" aria-describedby=\"caption-attachment-29699\" style=\"width: 635px\" class=\"wp-caption aligncenter\"><img loading=\"lazy\" decoding=\"async\" class=\"wp-image-29699 size-full\" src=\"https:\/\/mouldking.store\/wp-content\/uploads\/2022\/02\/Qman-31011-Cherry-Duckling-Small-Set-Box-with-421-pieces-5.jpg\" alt=\"Qman 31011 Cherry Duckling Small Set Box with 421 pieces\" width=\"635\" height=\"1024\" title=\"-\" srcset=\"https:\/\/mouldking.store\/wp-content\/uploads\/2022\/02\/Qman-31011-Cherry-Duckling-Small-Set-Box-with-421-pieces-5.jpg 635w, https:\/\/mouldking.store\/wp-content\/uploads\/2022\/02\/Qman-31011-Cherry-Duckling-Small-Set-Box-with-421-pieces-5-186x300.jpg 186w, https:\/\/mouldking.store\/wp-content\/uploads\/2022\/02\/Qman-31011-Cherry-Duckling-Small-Set-Box-with-421-pieces-5-300x484.jpg 300w, https:\/\/mouldking.store\/wp-content\/uploads\/2022\/02\/Qman-31011-Cherry-Duckling-Small-Set-Box-with-421-pieces-5-600x968.jpg 600w, https:\/\/mouldking.store\/wp-content\/uploads\/2022\/02\/Qman-31011-Cherry-Duckling-Small-Set-Box-with-421-pieces-5-93x150.jpg 93w\" sizes=\"(max-width: 635px) 100vw, 635px\" \/><figcaption id=\"caption-attachment-29699\" class=\"wp-caption-text\">Qman 31011 Cherry Duckling Small Set Box mit 421 Teilen<\/figcaption><\/figure>\n<figure id=\"attachment_29700\" aria-describedby=\"caption-attachment-29700\" style=\"width: 611px\" class=\"wp-caption aligncenter\"><img loading=\"lazy\" decoding=\"async\" class=\"wp-image-29700 size-full\" src=\"https:\/\/mouldking.store\/wp-content\/uploads\/2022\/02\/Qman-31011-Cherry-Duckling-Small-Set-Box-with-421-pieces-6.jpg\" alt=\"Qman 31011 Cherry Duckling Small Set Box with 421 pieces\" width=\"611\" height=\"1024\" title=\"-\" srcset=\"https:\/\/mouldking.store\/wp-content\/uploads\/2022\/02\/Qman-31011-Cherry-Duckling-Small-Set-Box-with-421-pieces-6.jpg 611w, https:\/\/mouldking.store\/wp-content\/uploads\/2022\/02\/Qman-31011-Cherry-Duckling-Small-Set-Box-with-421-pieces-6-179x300.jpg 179w, https:\/\/mouldking.store\/wp-content\/uploads\/2022\/02\/Qman-31011-Cherry-Duckling-Small-Set-Box-with-421-pieces-6-300x503.jpg 300w, https:\/\/mouldking.store\/wp-content\/uploads\/2022\/02\/Qman-31011-Cherry-Duckling-Small-Set-Box-with-421-pieces-6-600x1006.jpg 600w, https:\/\/mouldking.store\/wp-content\/uploads\/2022\/02\/Qman-31011-Cherry-Duckling-Small-Set-Box-with-421-pieces-6-90x150.jpg 90w\" sizes=\"(max-width: 611px) 100vw, 611px\" \/><figcaption id=\"caption-attachment-29700\" class=\"wp-caption-text\">Qman 31011 Cherry Duckling Small Set Box mit 421 Teilen<\/figcaption><\/figure>\n<figure id=\"attachment_29701\" aria-describedby=\"caption-attachment-29701\" style=\"width: 800px\" class=\"wp-caption aligncenter\"><img loading=\"lazy\" decoding=\"async\" class=\"wp-image-29701 size-full\" src=\"https:\/\/mouldking.store\/wp-content\/uploads\/2022\/02\/Qman-31011-Cherry-Duckling-Small-Set-Box-with-421-pieces-7.jpg\" alt=\"Qman 31011 Cherry Duckling Small Set Box with 421 pieces\" width=\"800\" height=\"800\" title=\"-\" srcset=\"https:\/\/mouldking.store\/wp-content\/uploads\/2022\/02\/Qman-31011-Cherry-Duckling-Small-Set-Box-with-421-pieces-7.jpg 800w, https:\/\/mouldking.store\/wp-content\/uploads\/2022\/02\/Qman-31011-Cherry-Duckling-Small-Set-Box-with-421-pieces-7-300x300.jpg 300w, https:\/\/mouldking.store\/wp-content\/uploads\/2022\/02\/Qman-31011-Cherry-Duckling-Small-Set-Box-with-421-pieces-7-768x768.jpg 768w, https:\/\/mouldking.store\/wp-content\/uploads\/2022\/02\/Qman-31011-Cherry-Duckling-Small-Set-Box-with-421-pieces-7-600x600.jpg 600w, https:\/\/mouldking.store\/wp-content\/uploads\/2022\/02\/Qman-31011-Cherry-Duckling-Small-Set-Box-with-421-pieces-7-150x150.jpg 150w\" sizes=\"(max-width: 800px) 100vw, 800px\" \/><figcaption id=\"caption-attachment-29701\" class=\"wp-caption-text\">Qman 31011 Cherry Duckling Small Set Box mit 421 Teilen<\/figcaption><\/figure>\n<figure id=\"attachment_29696\" aria-describedby=\"caption-attachment-29696\" style=\"width: 770px\" class=\"wp-caption aligncenter\"><img loading=\"lazy\" decoding=\"async\" class=\"wp-image-29696 size-full\" src=\"https:\/\/mouldking.store\/wp-content\/uploads\/2022\/02\/Qman-31011-Cherry-Duckling-Small-Set-Box-with-421-pieces-2.jpg\" alt=\"Qman 31011 Cherry Duckling Small Set Box with 421 pieces\" width=\"770\" height=\"884\" title=\"-\" srcset=\"https:\/\/mouldking.store\/wp-content\/uploads\/2022\/02\/Qman-31011-Cherry-Duckling-Small-Set-Box-with-421-pieces-2.jpg 770w, https:\/\/mouldking.store\/wp-content\/uploads\/2022\/02\/Qman-31011-Cherry-Duckling-Small-Set-Box-with-421-pieces-2-261x300.jpg 261w, https:\/\/mouldking.store\/wp-content\/uploads\/2022\/02\/Qman-31011-Cherry-Duckling-Small-Set-Box-with-421-pieces-2-768x882.jpg 768w, https:\/\/mouldking.store\/wp-content\/uploads\/2022\/02\/Qman-31011-Cherry-Duckling-Small-Set-Box-with-421-pieces-2-300x344.jpg 300w, https:\/\/mouldking.store\/wp-content\/uploads\/2022\/02\/Qman-31011-Cherry-Duckling-Small-Set-Box-with-421-pieces-2-600x689.jpg 600w, https:\/\/mouldking.store\/wp-content\/uploads\/2022\/02\/Qman-31011-Cherry-Duckling-Small-Set-Box-with-421-pieces-2-131x150.jpg 131w\" sizes=\"(max-width: 770px) 100vw, 770px\" \/><figcaption id=\"caption-attachment-29696\" class=\"wp-caption-text\">Qman 31011 Cherry Duckling Small Set Box mit 421 Teilen<\/figcaption><\/figure>","protected":false},"excerpt":{"rendered":"<p>Product information: Brand: Qman Gender: Unisex Name: Cherry Duckling Small Set Box Age Range: &gt; 6 years old Model Number: 31011 Classification: Assemblage Plastic Block Shape: Self-Locking Bricks Material: Plastic Plastic Type: ABS Bricks Blocks: 421 PCS Contains detailed assembly instructions. Notice: 1. Without an original box, but we guarantee our products have quality assurance [&hellip;]<\/p>","protected":false},"featured_media":29695,"comment_status":"closed","ping_status":"closed","template":"","meta":{"_acf_changed":false},"product_cat":[371],"product_tag":[4610,4611,4609,4125,4608,4607,4606,4612],"class_list":["product","first","instock","shipping-taxable","purchasable","product-type-simple"],"acf":[],"_links":{"self":[{"href":"https:\/\/mouldking.store\/de\/wp-json\/wp\/v2\/product\/29694","targetHints":{"allow":["GET"]}}],"collection":[{"href":"https:\/\/mouldking.store\/de\/wp-json\/wp\/v2\/product"}],"about":[{"href":"https:\/\/mouldking.store\/de\/wp-json\/wp\/v2\/types\/product"}],"replies":[{"embeddable":true,"href":"https:\/\/mouldking.store\/de\/wp-json\/wp\/v2\/comments?post=29694"}],"wp:featuredmedia":[{"embeddable":true,"href":"https:\/\/mouldking.store\/de\/wp-json\/wp\/v2\/media\/29695"}],"wp:attachment":[{"href":"https:\/\/mouldking.store\/de\/wp-json\/wp\/v2\/media?parent=29694"}],"wp:term":[{"taxonomy":"product_cat","embeddable":true,"href":"https:\/\/mouldking.store\/de\/wp-json\/wp\/v2\/product_cat?post=29694"},{"taxonomy":"product_tag","embeddable":true,"href":"https:\/\/mouldking.store\/de\/wp-json\/wp\/v2\/product_tag?post=29694"}],"curies":[{"name":"wp","href":"https:\/\/api.w.org\/{rel}","templated":true}]}}