{"id":29718,"date":"2022-02-23T14:51:20","date_gmt":"2022-02-23T07:51:20","guid":{"rendered":"https:\/\/mouldking.store\/?post_type=product&#038;p=29718"},"modified":"2022-02-23T14:51:20","modified_gmt":"2022-02-23T07:51:20","slug":"qman-1408-front-shadow-chariot-with-622-pieces","status":"publish","type":"product","link":"https:\/\/mouldking.store\/de\/shop\/qman-1408-front-shadow-chariot-with-622-pieces\/","title":{"rendered":"Qman 1408 Front Shadow Chariot mit 622 Teilen"},"content":{"rendered":"<p>Produktinformation:<\/p>\n<ol>\n<li>Marke: Qman<\/li>\n<li>Geschlecht: Unisex<\/li>\n<li>Name: Front Shadow Chariot<\/li>\n<li>Altersspanne: &gt; 6 Jahre alt<\/li>\n<li>Modellnummer: 1408<\/li>\n<li>Einstufung: Assemblage<\/li>\n<li>Kunststoffblockform: Selbstsichernde Steine<\/li>\n<li>Material: Kunststoff<\/li>\n<li>Kunststofftyp: ABS<\/li>\n<li>Ziegelsteine: 622 ST\u00dcCKE<\/li>\n<li>Enth\u00e4lt eine ausf\u00fchrliche Montageanleitung.<\/li>\n<\/ol>\n<p>Notiz:<br \/>\n1. Ohne Originalverpackung, aber wir garantieren, dass unsere Produkte eine Qualit\u00e4tssicherung und eine sch\u00f6ne Verpackung haben.<br \/>\n2. Wie alle Teile, die wir vor dem Versand \u00fcberpr\u00fcft haben, machen Sie sich keine Sorgen, wenn Sie feststellen, dass einige Teile fehlen oder besch\u00e4digt sind, und kontaktieren Sie uns einfach, und wir k\u00f6nnen sie Ihnen umgehend kostenlos erneut zusenden.<\/p>\n<figure id=\"attachment_29719\" aria-describedby=\"caption-attachment-29719\" style=\"width: 800px\" class=\"wp-caption aligncenter\"><img fetchpriority=\"high\" decoding=\"async\" class=\"wp-image-29719 size-full\" src=\"https:\/\/mouldking.store\/wp-content\/uploads\/2022\/02\/Qman-1408-Front-Shadow-Chariot-with-622-pieces-1.jpg\" alt=\"Qman 1408 Front Shadow Chariot with 622 pieces\" width=\"800\" height=\"800\" title=\"-\" srcset=\"https:\/\/mouldking.store\/wp-content\/uploads\/2022\/02\/Qman-1408-Front-Shadow-Chariot-with-622-pieces-1.jpg 800w, https:\/\/mouldking.store\/wp-content\/uploads\/2022\/02\/Qman-1408-Front-Shadow-Chariot-with-622-pieces-1-300x300.jpg 300w, https:\/\/mouldking.store\/wp-content\/uploads\/2022\/02\/Qman-1408-Front-Shadow-Chariot-with-622-pieces-1-768x768.jpg 768w, https:\/\/mouldking.store\/wp-content\/uploads\/2022\/02\/Qman-1408-Front-Shadow-Chariot-with-622-pieces-1-600x600.jpg 600w, https:\/\/mouldking.store\/wp-content\/uploads\/2022\/02\/Qman-1408-Front-Shadow-Chariot-with-622-pieces-1-150x150.jpg 150w\" sizes=\"(max-width: 800px) 100vw, 800px\" \/><figcaption id=\"caption-attachment-29719\" class=\"wp-caption-text\">Qman 1408 Front Shadow Chariot mit 622 Teilen<\/figcaption><\/figure>\n<figure id=\"attachment_29728\" aria-describedby=\"caption-attachment-29728\" style=\"width: 800px\" class=\"wp-caption aligncenter\"><img decoding=\"async\" class=\"wp-image-29728 size-full\" src=\"https:\/\/mouldking.store\/wp-content\/uploads\/2022\/02\/Qman-1408-Front-Shadow-Chariot-with-622-pieces-2.jpg\" alt=\"Qman 1408 Front Shadow Chariot with 622 pieces\" width=\"800\" height=\"800\" title=\"-\" srcset=\"https:\/\/mouldking.store\/wp-content\/uploads\/2022\/02\/Qman-1408-Front-Shadow-Chariot-with-622-pieces-2.jpg 800w, https:\/\/mouldking.store\/wp-content\/uploads\/2022\/02\/Qman-1408-Front-Shadow-Chariot-with-622-pieces-2-300x300.jpg 300w, https:\/\/mouldking.store\/wp-content\/uploads\/2022\/02\/Qman-1408-Front-Shadow-Chariot-with-622-pieces-2-768x768.jpg 768w, https:\/\/mouldking.store\/wp-content\/uploads\/2022\/02\/Qman-1408-Front-Shadow-Chariot-with-622-pieces-2-600x600.jpg 600w, https:\/\/mouldking.store\/wp-content\/uploads\/2022\/02\/Qman-1408-Front-Shadow-Chariot-with-622-pieces-2-150x150.jpg 150w\" sizes=\"(max-width: 800px) 100vw, 800px\" \/><figcaption id=\"caption-attachment-29728\" class=\"wp-caption-text\">Qman 1408 Front Shadow Chariot mit 622 Teilen<\/figcaption><\/figure>\n<figure id=\"attachment_29727\" aria-describedby=\"caption-attachment-29727\" style=\"width: 749px\" class=\"wp-caption aligncenter\"><img decoding=\"async\" class=\"wp-image-29727 size-full\" src=\"https:\/\/mouldking.store\/wp-content\/uploads\/2022\/02\/Qman-1408-Front-Shadow-Chariot-with-622-pieces-8.png\" alt=\"Qman 1408 Front Shadow Chariot with 622 pieces\" width=\"749\" height=\"658\" title=\"-\" srcset=\"https:\/\/mouldking.store\/wp-content\/uploads\/2022\/02\/Qman-1408-Front-Shadow-Chariot-with-622-pieces-8.png 749w, https:\/\/mouldking.store\/wp-content\/uploads\/2022\/02\/Qman-1408-Front-Shadow-Chariot-with-622-pieces-8-300x264.png 300w, https:\/\/mouldking.store\/wp-content\/uploads\/2022\/02\/Qman-1408-Front-Shadow-Chariot-with-622-pieces-8-600x527.png 600w, https:\/\/mouldking.store\/wp-content\/uploads\/2022\/02\/Qman-1408-Front-Shadow-Chariot-with-622-pieces-8-150x132.png 150w\" sizes=\"(max-width: 749px) 100vw, 749px\" \/><figcaption id=\"caption-attachment-29727\" class=\"wp-caption-text\">Qman 1408 Front Shadow Chariot mit 622 Teilen<\/figcaption><\/figure>\n<figure id=\"attachment_29720\" aria-describedby=\"caption-attachment-29720\" style=\"width: 744px\" class=\"wp-caption aligncenter\"><img loading=\"lazy\" decoding=\"async\" class=\"wp-image-29720 size-full\" src=\"https:\/\/mouldking.store\/wp-content\/uploads\/2022\/02\/Qman-1408-Front-Shadow-Chariot-with-622-pieces-1.png\" alt=\"Qman 1408 Front Shadow Chariot with 622 pieces\" width=\"744\" height=\"610\" title=\"-\" srcset=\"https:\/\/mouldking.store\/wp-content\/uploads\/2022\/02\/Qman-1408-Front-Shadow-Chariot-with-622-pieces-1.png 744w, https:\/\/mouldking.store\/wp-content\/uploads\/2022\/02\/Qman-1408-Front-Shadow-Chariot-with-622-pieces-1-300x246.png 300w, https:\/\/mouldking.store\/wp-content\/uploads\/2022\/02\/Qman-1408-Front-Shadow-Chariot-with-622-pieces-1-600x492.png 600w, https:\/\/mouldking.store\/wp-content\/uploads\/2022\/02\/Qman-1408-Front-Shadow-Chariot-with-622-pieces-1-150x123.png 150w\" sizes=\"(max-width: 744px) 100vw, 744px\" \/><figcaption id=\"caption-attachment-29720\" class=\"wp-caption-text\">Qman 1408 Front Shadow Chariot mit 622 Teilen<\/figcaption><\/figure>\n<figure id=\"attachment_29721\" aria-describedby=\"caption-attachment-29721\" style=\"width: 735px\" class=\"wp-caption aligncenter\"><img loading=\"lazy\" decoding=\"async\" class=\"wp-image-29721 size-full\" src=\"https:\/\/mouldking.store\/wp-content\/uploads\/2022\/02\/Qman-1408-Front-Shadow-Chariot-with-622-pieces-2.png\" alt=\"Qman 1408 Front Shadow Chariot with 622 pieces\" width=\"735\" height=\"709\" title=\"-\" srcset=\"https:\/\/mouldking.store\/wp-content\/uploads\/2022\/02\/Qman-1408-Front-Shadow-Chariot-with-622-pieces-2.png 735w, https:\/\/mouldking.store\/wp-content\/uploads\/2022\/02\/Qman-1408-Front-Shadow-Chariot-with-622-pieces-2-300x289.png 300w, https:\/\/mouldking.store\/wp-content\/uploads\/2022\/02\/Qman-1408-Front-Shadow-Chariot-with-622-pieces-2-600x579.png 600w, https:\/\/mouldking.store\/wp-content\/uploads\/2022\/02\/Qman-1408-Front-Shadow-Chariot-with-622-pieces-2-150x145.png 150w\" sizes=\"(max-width: 735px) 100vw, 735px\" \/><figcaption id=\"caption-attachment-29721\" class=\"wp-caption-text\">Qman 1408 Front Shadow Chariot mit 622 Teilen<\/figcaption><\/figure>\n<figure id=\"attachment_29722\" aria-describedby=\"caption-attachment-29722\" style=\"width: 739px\" class=\"wp-caption aligncenter\"><img loading=\"lazy\" decoding=\"async\" class=\"wp-image-29722 size-full\" src=\"https:\/\/mouldking.store\/wp-content\/uploads\/2022\/02\/Qman-1408-Front-Shadow-Chariot-with-622-pieces-3.png\" alt=\"Qman 1408 Front Shadow Chariot with 622 pieces\" width=\"739\" height=\"544\" title=\"-\" srcset=\"https:\/\/mouldking.store\/wp-content\/uploads\/2022\/02\/Qman-1408-Front-Shadow-Chariot-with-622-pieces-3.png 739w, https:\/\/mouldking.store\/wp-content\/uploads\/2022\/02\/Qman-1408-Front-Shadow-Chariot-with-622-pieces-3-300x221.png 300w, https:\/\/mouldking.store\/wp-content\/uploads\/2022\/02\/Qman-1408-Front-Shadow-Chariot-with-622-pieces-3-600x442.png 600w, https:\/\/mouldking.store\/wp-content\/uploads\/2022\/02\/Qman-1408-Front-Shadow-Chariot-with-622-pieces-3-150x110.png 150w\" sizes=\"(max-width: 739px) 100vw, 739px\" \/><figcaption id=\"caption-attachment-29722\" class=\"wp-caption-text\">Qman 1408 Front Shadow Chariot mit 622 Teilen<\/figcaption><\/figure>\n<figure id=\"attachment_29723\" aria-describedby=\"caption-attachment-29723\" style=\"width: 737px\" class=\"wp-caption aligncenter\"><img loading=\"lazy\" decoding=\"async\" class=\"wp-image-29723 size-full\" src=\"https:\/\/mouldking.store\/wp-content\/uploads\/2022\/02\/Qman-1408-Front-Shadow-Chariot-with-622-pieces-4.png\" alt=\"Qman 1408 Front Shadow Chariot with 622 pieces\" width=\"737\" height=\"596\" title=\"-\" srcset=\"https:\/\/mouldking.store\/wp-content\/uploads\/2022\/02\/Qman-1408-Front-Shadow-Chariot-with-622-pieces-4.png 737w, https:\/\/mouldking.store\/wp-content\/uploads\/2022\/02\/Qman-1408-Front-Shadow-Chariot-with-622-pieces-4-300x243.png 300w, https:\/\/mouldking.store\/wp-content\/uploads\/2022\/02\/Qman-1408-Front-Shadow-Chariot-with-622-pieces-4-600x485.png 600w, https:\/\/mouldking.store\/wp-content\/uploads\/2022\/02\/Qman-1408-Front-Shadow-Chariot-with-622-pieces-4-150x121.png 150w\" sizes=\"(max-width: 737px) 100vw, 737px\" \/><figcaption id=\"caption-attachment-29723\" class=\"wp-caption-text\">Qman 1408 Front Shadow Chariot mit 622 Teilen<\/figcaption><\/figure>\n<figure id=\"attachment_29724\" aria-describedby=\"caption-attachment-29724\" style=\"width: 741px\" class=\"wp-caption aligncenter\"><img loading=\"lazy\" decoding=\"async\" class=\"wp-image-29724 size-full\" src=\"https:\/\/mouldking.store\/wp-content\/uploads\/2022\/02\/Qman-1408-Front-Shadow-Chariot-with-622-pieces-5.png\" alt=\"Qman 1408 Front Shadow Chariot with 622 pieces\" width=\"741\" height=\"675\" title=\"-\" srcset=\"https:\/\/mouldking.store\/wp-content\/uploads\/2022\/02\/Qman-1408-Front-Shadow-Chariot-with-622-pieces-5.png 741w, https:\/\/mouldking.store\/wp-content\/uploads\/2022\/02\/Qman-1408-Front-Shadow-Chariot-with-622-pieces-5-300x273.png 300w, https:\/\/mouldking.store\/wp-content\/uploads\/2022\/02\/Qman-1408-Front-Shadow-Chariot-with-622-pieces-5-600x547.png 600w, https:\/\/mouldking.store\/wp-content\/uploads\/2022\/02\/Qman-1408-Front-Shadow-Chariot-with-622-pieces-5-150x137.png 150w\" sizes=\"(max-width: 741px) 100vw, 741px\" \/><figcaption id=\"caption-attachment-29724\" class=\"wp-caption-text\">Qman 1408 Front Shadow Chariot mit 622 Teilen<\/figcaption><\/figure>\n<figure id=\"attachment_29725\" aria-describedby=\"caption-attachment-29725\" style=\"width: 749px\" class=\"wp-caption aligncenter\"><img loading=\"lazy\" decoding=\"async\" class=\"wp-image-29725 size-full\" src=\"https:\/\/mouldking.store\/wp-content\/uploads\/2022\/02\/Qman-1408-Front-Shadow-Chariot-with-622-pieces-6.png\" alt=\"Qman 1408 Front Shadow Chariot with 622 pieces\" width=\"749\" height=\"587\" title=\"-\" srcset=\"https:\/\/mouldking.store\/wp-content\/uploads\/2022\/02\/Qman-1408-Front-Shadow-Chariot-with-622-pieces-6.png 749w, https:\/\/mouldking.store\/wp-content\/uploads\/2022\/02\/Qman-1408-Front-Shadow-Chariot-with-622-pieces-6-300x235.png 300w, https:\/\/mouldking.store\/wp-content\/uploads\/2022\/02\/Qman-1408-Front-Shadow-Chariot-with-622-pieces-6-600x470.png 600w, https:\/\/mouldking.store\/wp-content\/uploads\/2022\/02\/Qman-1408-Front-Shadow-Chariot-with-622-pieces-6-150x118.png 150w\" sizes=\"(max-width: 749px) 100vw, 749px\" \/><figcaption id=\"caption-attachment-29725\" class=\"wp-caption-text\">Qman 1408 Front Shadow Chariot mit 622 Teilen<\/figcaption><\/figure>\n<figure id=\"attachment_29726\" aria-describedby=\"caption-attachment-29726\" style=\"width: 749px\" class=\"wp-caption aligncenter\"><img loading=\"lazy\" decoding=\"async\" class=\"wp-image-29726 size-full\" src=\"https:\/\/mouldking.store\/wp-content\/uploads\/2022\/02\/Qman-1408-Front-Shadow-Chariot-with-622-pieces-7.png\" alt=\"Qman 1408 Front Shadow Chariot with 622 pieces\" width=\"749\" height=\"576\" title=\"-\" srcset=\"https:\/\/mouldking.store\/wp-content\/uploads\/2022\/02\/Qman-1408-Front-Shadow-Chariot-with-622-pieces-7.png 749w, https:\/\/mouldking.store\/wp-content\/uploads\/2022\/02\/Qman-1408-Front-Shadow-Chariot-with-622-pieces-7-300x231.png 300w, https:\/\/mouldking.store\/wp-content\/uploads\/2022\/02\/Qman-1408-Front-Shadow-Chariot-with-622-pieces-7-600x461.png 600w, https:\/\/mouldking.store\/wp-content\/uploads\/2022\/02\/Qman-1408-Front-Shadow-Chariot-with-622-pieces-7-150x115.png 150w\" sizes=\"(max-width: 749px) 100vw, 749px\" \/><figcaption id=\"caption-attachment-29726\" class=\"wp-caption-text\">Qman 1408 Front Shadow Chariot mit 622 Teilen<\/figcaption><\/figure>\n<p>&nbsp;<\/p>","protected":false},"excerpt":{"rendered":"<p>Product information: Brand: Qman Gender: Unisex Name: Front Shadow Chariot Age Range: &gt; 6 years old Model Number: 1408 Classification: Assemblage Plastic Block Shape: Self-Locking Bricks Material: Plastic Plastic Type: ABS Bricks Blocks: 622 PCS Contains detailed assembly instructions. Notice: 1. Without an original box, but we guarantee our products have quality assurance and nice [&hellip;]<\/p>","protected":false},"featured_media":29719,"comment_status":"closed","ping_status":"closed","template":"","meta":{"_acf_changed":false},"product_cat":[364],"product_tag":[4622,4624,4621,4125,4619,4620,4618,4623],"class_list":["product","first","instock","shipping-taxable","purchasable","product-type-simple"],"acf":[],"_links":{"self":[{"href":"https:\/\/mouldking.store\/de\/wp-json\/wp\/v2\/product\/29718","targetHints":{"allow":["GET"]}}],"collection":[{"href":"https:\/\/mouldking.store\/de\/wp-json\/wp\/v2\/product"}],"about":[{"href":"https:\/\/mouldking.store\/de\/wp-json\/wp\/v2\/types\/product"}],"replies":[{"embeddable":true,"href":"https:\/\/mouldking.store\/de\/wp-json\/wp\/v2\/comments?post=29718"}],"wp:featuredmedia":[{"embeddable":true,"href":"https:\/\/mouldking.store\/de\/wp-json\/wp\/v2\/media\/29719"}],"wp:attachment":[{"href":"https:\/\/mouldking.store\/de\/wp-json\/wp\/v2\/media?parent=29718"}],"wp:term":[{"taxonomy":"product_cat","embeddable":true,"href":"https:\/\/mouldking.store\/de\/wp-json\/wp\/v2\/product_cat?post=29718"},{"taxonomy":"product_tag","embeddable":true,"href":"https:\/\/mouldking.store\/de\/wp-json\/wp\/v2\/product_tag?post=29718"}],"curies":[{"name":"wp","href":"https:\/\/api.w.org\/{rel}","templated":true}]}}