{"id":29748,"date":"2022-02-23T15:09:39","date_gmt":"2022-02-23T08:09:39","guid":{"rendered":"https:\/\/mouldking.store\/?post_type=product&#038;p=29748"},"modified":"2022-02-23T15:09:39","modified_gmt":"2022-02-23T08:09:39","slug":"qman-41104-super-set-change-speedy-police-car-with-453-pieces","status":"publish","type":"product","link":"https:\/\/mouldking.store\/de\/shop\/qman-41104-super-set-change-speedy-police-car-with-453-pieces\/","title":{"rendered":"Qman 41104 Super Set Change Speedy Police Car mit 453 Teilen"},"content":{"rendered":"<p>Produktinformation:<\/p>\n<ol>\n<li>Marke: Qman<\/li>\n<li>Geschlecht: Unisex<\/li>\n<li>Name: Super Set Change Speedy Police Car<\/li>\n<li>Altersspanne: &gt; 6 Jahre alt<\/li>\n<li>Model Number: 41104<\/li>\n<li>Einstufung: Assemblage<\/li>\n<li>Kunststoffblockform: Selbstsichernde Steine<\/li>\n<li>Material: Kunststoff<\/li>\n<li>Kunststofftyp: ABS<\/li>\n<li>Ziegelsteine: 453 ST\u00dcCKE<\/li>\n<li>Enth\u00e4lt eine ausf\u00fchrliche Montageanleitung.<\/li>\n<\/ol>\n<p>Notiz:<br \/>\n1. Ohne Originalverpackung, aber wir garantieren, dass unsere Produkte eine Qualit\u00e4tssicherung und eine sch\u00f6ne Verpackung haben.<br \/>\n2. Wie alle Teile, die wir vor dem Versand \u00fcberpr\u00fcft haben, machen Sie sich keine Sorgen, wenn Sie feststellen, dass einige Teile fehlen oder besch\u00e4digt sind, und kontaktieren Sie uns einfach, und wir k\u00f6nnen sie Ihnen umgehend kostenlos erneut zusenden.<\/p>\n<p>&nbsp;<\/p>\n<figure id=\"attachment_29749\" aria-describedby=\"caption-attachment-29749\" style=\"width: 800px\" class=\"wp-caption aligncenter\"><img fetchpriority=\"high\" decoding=\"async\" class=\"wp-image-29749 size-full\" src=\"https:\/\/mouldking.store\/wp-content\/uploads\/2022\/02\/Qman-41104-Super-Set-Change-Speedy-Police-Car-with-453-pieces-1.jpg\" alt=\"Qman 41104 Super Set Change Speedy Police Car with 453 pieces\" width=\"800\" height=\"800\" title=\"-\" srcset=\"https:\/\/mouldking.store\/wp-content\/uploads\/2022\/02\/Qman-41104-Super-Set-Change-Speedy-Police-Car-with-453-pieces-1.jpg 800w, https:\/\/mouldking.store\/wp-content\/uploads\/2022\/02\/Qman-41104-Super-Set-Change-Speedy-Police-Car-with-453-pieces-1-300x300.jpg 300w, https:\/\/mouldking.store\/wp-content\/uploads\/2022\/02\/Qman-41104-Super-Set-Change-Speedy-Police-Car-with-453-pieces-1-768x768.jpg 768w, https:\/\/mouldking.store\/wp-content\/uploads\/2022\/02\/Qman-41104-Super-Set-Change-Speedy-Police-Car-with-453-pieces-1-600x600.jpg 600w, https:\/\/mouldking.store\/wp-content\/uploads\/2022\/02\/Qman-41104-Super-Set-Change-Speedy-Police-Car-with-453-pieces-1-150x150.jpg 150w\" sizes=\"(max-width: 800px) 100vw, 800px\" \/><figcaption id=\"caption-attachment-29749\" class=\"wp-caption-text\">Qman 41104 Super Set Change Speedy Police Car mit 453 Teilen<\/figcaption><\/figure>\n<figure id=\"attachment_29754\" aria-describedby=\"caption-attachment-29754\" style=\"width: 800px\" class=\"wp-caption aligncenter\"><img decoding=\"async\" class=\"wp-image-29754 size-full\" src=\"https:\/\/mouldking.store\/wp-content\/uploads\/2022\/02\/Qman-41104-Super-Set-Change-Speedy-Police-Car-with-453-pieces-6.jpg\" alt=\"Qman 41104 Super Set Change Speedy Police Car with 453 pieces\" width=\"800\" height=\"800\" title=\"-\" srcset=\"https:\/\/mouldking.store\/wp-content\/uploads\/2022\/02\/Qman-41104-Super-Set-Change-Speedy-Police-Car-with-453-pieces-6.jpg 800w, https:\/\/mouldking.store\/wp-content\/uploads\/2022\/02\/Qman-41104-Super-Set-Change-Speedy-Police-Car-with-453-pieces-6-300x300.jpg 300w, https:\/\/mouldking.store\/wp-content\/uploads\/2022\/02\/Qman-41104-Super-Set-Change-Speedy-Police-Car-with-453-pieces-6-768x768.jpg 768w, https:\/\/mouldking.store\/wp-content\/uploads\/2022\/02\/Qman-41104-Super-Set-Change-Speedy-Police-Car-with-453-pieces-6-600x600.jpg 600w, https:\/\/mouldking.store\/wp-content\/uploads\/2022\/02\/Qman-41104-Super-Set-Change-Speedy-Police-Car-with-453-pieces-6-150x150.jpg 150w\" sizes=\"(max-width: 800px) 100vw, 800px\" \/><figcaption id=\"caption-attachment-29754\" class=\"wp-caption-text\">Qman 41104 Super Set Change Speedy Police Car mit 453 Teilen<\/figcaption><\/figure>\n<figure id=\"attachment_29753\" aria-describedby=\"caption-attachment-29753\" style=\"width: 800px\" class=\"wp-caption aligncenter\"><img decoding=\"async\" class=\"wp-image-29753 size-full\" src=\"https:\/\/mouldking.store\/wp-content\/uploads\/2022\/02\/Qman-41104-Super-Set-Change-Speedy-Police-Car-with-453-pieces-5.jpg\" alt=\"Qman 41104 Super Set Change Speedy Police Car with 453 pieces\" width=\"800\" height=\"800\" title=\"-\" srcset=\"https:\/\/mouldking.store\/wp-content\/uploads\/2022\/02\/Qman-41104-Super-Set-Change-Speedy-Police-Car-with-453-pieces-5.jpg 800w, https:\/\/mouldking.store\/wp-content\/uploads\/2022\/02\/Qman-41104-Super-Set-Change-Speedy-Police-Car-with-453-pieces-5-300x300.jpg 300w, https:\/\/mouldking.store\/wp-content\/uploads\/2022\/02\/Qman-41104-Super-Set-Change-Speedy-Police-Car-with-453-pieces-5-768x768.jpg 768w, https:\/\/mouldking.store\/wp-content\/uploads\/2022\/02\/Qman-41104-Super-Set-Change-Speedy-Police-Car-with-453-pieces-5-600x600.jpg 600w, https:\/\/mouldking.store\/wp-content\/uploads\/2022\/02\/Qman-41104-Super-Set-Change-Speedy-Police-Car-with-453-pieces-5-150x150.jpg 150w\" sizes=\"(max-width: 800px) 100vw, 800px\" \/><figcaption id=\"caption-attachment-29753\" class=\"wp-caption-text\">Qman 41104 Super Set Change Speedy Police Car mit 453 Teilen<\/figcaption><\/figure>\n<figure id=\"attachment_29752\" aria-describedby=\"caption-attachment-29752\" style=\"width: 486px\" class=\"wp-caption aligncenter\"><img loading=\"lazy\" decoding=\"async\" class=\"wp-image-29752 size-full\" src=\"https:\/\/mouldking.store\/wp-content\/uploads\/2022\/02\/Qman-41104-Super-Set-Change-Speedy-Police-Car-with-453-pieces-4.jpg\" alt=\"Qman 41104 Super Set Change Speedy Police Car with 453 pieces\" width=\"486\" height=\"1024\" title=\"-\" srcset=\"https:\/\/mouldking.store\/wp-content\/uploads\/2022\/02\/Qman-41104-Super-Set-Change-Speedy-Police-Car-with-453-pieces-4.jpg 486w, https:\/\/mouldking.store\/wp-content\/uploads\/2022\/02\/Qman-41104-Super-Set-Change-Speedy-Police-Car-with-453-pieces-4-142x300.jpg 142w, https:\/\/mouldking.store\/wp-content\/uploads\/2022\/02\/Qman-41104-Super-Set-Change-Speedy-Police-Car-with-453-pieces-4-300x632.jpg 300w, https:\/\/mouldking.store\/wp-content\/uploads\/2022\/02\/Qman-41104-Super-Set-Change-Speedy-Police-Car-with-453-pieces-4-71x150.jpg 71w\" sizes=\"(max-width: 486px) 100vw, 486px\" \/><figcaption id=\"caption-attachment-29752\" class=\"wp-caption-text\">Qman 41104 Super Set Change Speedy Police Car mit 453 Teilen<\/figcaption><\/figure>\n<figure id=\"attachment_29751\" aria-describedby=\"caption-attachment-29751\" style=\"width: 406px\" class=\"wp-caption aligncenter\"><img loading=\"lazy\" decoding=\"async\" class=\"wp-image-29751 size-full\" src=\"https:\/\/mouldking.store\/wp-content\/uploads\/2022\/02\/Qman-41104-Super-Set-Change-Speedy-Police-Car-with-453-pieces-3.jpg\" alt=\"Qman 41104 Super Set Change Speedy Police Car with 453 pieces\" width=\"406\" height=\"1024\" title=\"-\" srcset=\"https:\/\/mouldking.store\/wp-content\/uploads\/2022\/02\/Qman-41104-Super-Set-Change-Speedy-Police-Car-with-453-pieces-3.jpg 406w, https:\/\/mouldking.store\/wp-content\/uploads\/2022\/02\/Qman-41104-Super-Set-Change-Speedy-Police-Car-with-453-pieces-3-119x300.jpg 119w, https:\/\/mouldking.store\/wp-content\/uploads\/2022\/02\/Qman-41104-Super-Set-Change-Speedy-Police-Car-with-453-pieces-3-300x757.jpg 300w, https:\/\/mouldking.store\/wp-content\/uploads\/2022\/02\/Qman-41104-Super-Set-Change-Speedy-Police-Car-with-453-pieces-3-59x150.jpg 59w\" sizes=\"(max-width: 406px) 100vw, 406px\" \/><figcaption id=\"caption-attachment-29751\" class=\"wp-caption-text\">Qman 41104 Super Set Change Speedy Police Car mit 453 Teilen<\/figcaption><\/figure>\n<figure id=\"attachment_29750\" aria-describedby=\"caption-attachment-29750\" style=\"width: 749px\" class=\"wp-caption aligncenter\"><img loading=\"lazy\" decoding=\"async\" class=\"wp-image-29750 size-full\" src=\"https:\/\/mouldking.store\/wp-content\/uploads\/2022\/02\/Qman-41104-Super-Set-Change-Speedy-Police-Car-with-453-pieces-2.jpg\" alt=\"Qman 41104 Super Set Change Speedy Police Car with 453 pieces\" width=\"749\" height=\"608\" title=\"-\" srcset=\"https:\/\/mouldking.store\/wp-content\/uploads\/2022\/02\/Qman-41104-Super-Set-Change-Speedy-Police-Car-with-453-pieces-2.jpg 749w, https:\/\/mouldking.store\/wp-content\/uploads\/2022\/02\/Qman-41104-Super-Set-Change-Speedy-Police-Car-with-453-pieces-2-300x244.jpg 300w, https:\/\/mouldking.store\/wp-content\/uploads\/2022\/02\/Qman-41104-Super-Set-Change-Speedy-Police-Car-with-453-pieces-2-600x487.jpg 600w, https:\/\/mouldking.store\/wp-content\/uploads\/2022\/02\/Qman-41104-Super-Set-Change-Speedy-Police-Car-with-453-pieces-2-150x122.jpg 150w\" sizes=\"(max-width: 749px) 100vw, 749px\" \/><figcaption id=\"caption-attachment-29750\" class=\"wp-caption-text\">Qman 41104 Super Set Change Speedy Police Car mit 453 Teilen<\/figcaption><\/figure>","protected":false},"excerpt":{"rendered":"<p>Product information: Brand: Qman Gender: Unisex Name: Super Set Change Speedy Police Car Age Range: &gt; 6 years old Model Number: 41104 Classification: Assemblage Plastic Block Shape: Self-Locking Bricks Material: Plastic Plastic Type: ABS Bricks Blocks: 453 PCS Contains detailed assembly instructions. Notice: 1. Without an original box, but we guarantee our products have quality [&hellip;]<\/p>","protected":false},"featured_media":29749,"comment_status":"closed","ping_status":"closed","template":"","meta":{"_acf_changed":false},"product_cat":[371],"product_tag":[4638,4640,4641,4125,4636,4635,4634,4639,4637],"class_list":["product","first","instock","shipping-taxable","purchasable","product-type-simple"],"acf":[],"_links":{"self":[{"href":"https:\/\/mouldking.store\/de\/wp-json\/wp\/v2\/product\/29748","targetHints":{"allow":["GET"]}}],"collection":[{"href":"https:\/\/mouldking.store\/de\/wp-json\/wp\/v2\/product"}],"about":[{"href":"https:\/\/mouldking.store\/de\/wp-json\/wp\/v2\/types\/product"}],"replies":[{"embeddable":true,"href":"https:\/\/mouldking.store\/de\/wp-json\/wp\/v2\/comments?post=29748"}],"wp:featuredmedia":[{"embeddable":true,"href":"https:\/\/mouldking.store\/de\/wp-json\/wp\/v2\/media\/29749"}],"wp:attachment":[{"href":"https:\/\/mouldking.store\/de\/wp-json\/wp\/v2\/media?parent=29748"}],"wp:term":[{"taxonomy":"product_cat","embeddable":true,"href":"https:\/\/mouldking.store\/de\/wp-json\/wp\/v2\/product_cat?post=29748"},{"taxonomy":"product_tag","embeddable":true,"href":"https:\/\/mouldking.store\/de\/wp-json\/wp\/v2\/product_tag?post=29748"}],"curies":[{"name":"wp","href":"https:\/\/api.w.org\/{rel}","templated":true}]}}