{"id":29793,"date":"2022-02-23T15:33:36","date_gmt":"2022-02-23T08:33:36","guid":{"rendered":"https:\/\/mouldking.store\/?post_type=product&#038;p=29793"},"modified":"2022-02-23T15:33:36","modified_gmt":"2022-02-23T08:33:36","slug":"qman-42102-speed-king-with-428-pieces","status":"publish","type":"product","link":"https:\/\/mouldking.store\/de\/shop\/qman-42102-speed-king-with-428-pieces\/","title":{"rendered":"Qman 42102 Speed King mit 428 Teilen"},"content":{"rendered":"<p>Produktinformation:<\/p>\n<ol>\n<li>Marke: Qman<\/li>\n<li>Geschlecht: Unisex<\/li>\n<li>Name: Speed King<\/li>\n<li>Altersspanne: &gt; 6 Jahre alt<\/li>\n<li>Model Number: 42102<\/li>\n<li>Einstufung: Assemblage<\/li>\n<li>Kunststoffblockform: Selbstsichernde Steine<\/li>\n<li>Material: Kunststoff<\/li>\n<li>Kunststofftyp: ABS<\/li>\n<li>Bricks Blocks: 428 PCS<\/li>\n<li>Enth\u00e4lt eine ausf\u00fchrliche Montageanleitung.<\/li>\n<\/ol>\n<p>Notiz:<br \/>\n1. Ohne Originalverpackung, aber wir garantieren, dass unsere Produkte eine Qualit\u00e4tssicherung und eine sch\u00f6ne Verpackung haben.<br \/>\n2. Wie alle Teile, die wir vor dem Versand \u00fcberpr\u00fcft haben, machen Sie sich keine Sorgen, wenn Sie feststellen, dass einige Teile fehlen oder besch\u00e4digt sind, und kontaktieren Sie uns einfach, und wir k\u00f6nnen sie Ihnen umgehend kostenlos erneut zusenden.<\/p>\n<p>&nbsp;<\/p>\n<figure id=\"attachment_29794\" aria-describedby=\"caption-attachment-29794\" style=\"width: 800px\" class=\"wp-caption aligncenter\"><img fetchpriority=\"high\" decoding=\"async\" class=\"wp-image-29794 size-full\" src=\"https:\/\/mouldking.store\/wp-content\/uploads\/2022\/02\/Qman-42102-Speed-King-with-428-pieces-1.jpg\" alt=\"Qman 42102 Speed King with 428 pieces\" width=\"800\" height=\"800\" title=\"-\" srcset=\"https:\/\/mouldking.store\/wp-content\/uploads\/2022\/02\/Qman-42102-Speed-King-with-428-pieces-1.jpg 800w, https:\/\/mouldking.store\/wp-content\/uploads\/2022\/02\/Qman-42102-Speed-King-with-428-pieces-1-300x300.jpg 300w, https:\/\/mouldking.store\/wp-content\/uploads\/2022\/02\/Qman-42102-Speed-King-with-428-pieces-1-768x768.jpg 768w, https:\/\/mouldking.store\/wp-content\/uploads\/2022\/02\/Qman-42102-Speed-King-with-428-pieces-1-600x600.jpg 600w, https:\/\/mouldking.store\/wp-content\/uploads\/2022\/02\/Qman-42102-Speed-King-with-428-pieces-1-150x150.jpg 150w\" sizes=\"(max-width: 800px) 100vw, 800px\" \/><figcaption id=\"caption-attachment-29794\" class=\"wp-caption-text\">Qman 42102 Speed King mit 428 Teilen<\/figcaption><\/figure>\n<figure id=\"attachment_29799\" aria-describedby=\"caption-attachment-29799\" style=\"width: 800px\" class=\"wp-caption aligncenter\"><img decoding=\"async\" class=\"wp-image-29799 size-full\" src=\"https:\/\/mouldking.store\/wp-content\/uploads\/2022\/02\/Qman-42102-Speed-King-with-428-pieces-6.jpg\" alt=\"Qman 42102 Speed King with 428 pieces\" width=\"800\" height=\"800\" title=\"-\" srcset=\"https:\/\/mouldking.store\/wp-content\/uploads\/2022\/02\/Qman-42102-Speed-King-with-428-pieces-6.jpg 800w, https:\/\/mouldking.store\/wp-content\/uploads\/2022\/02\/Qman-42102-Speed-King-with-428-pieces-6-300x300.jpg 300w, https:\/\/mouldking.store\/wp-content\/uploads\/2022\/02\/Qman-42102-Speed-King-with-428-pieces-6-768x768.jpg 768w, https:\/\/mouldking.store\/wp-content\/uploads\/2022\/02\/Qman-42102-Speed-King-with-428-pieces-6-600x600.jpg 600w, https:\/\/mouldking.store\/wp-content\/uploads\/2022\/02\/Qman-42102-Speed-King-with-428-pieces-6-150x150.jpg 150w\" sizes=\"(max-width: 800px) 100vw, 800px\" \/><figcaption id=\"caption-attachment-29799\" class=\"wp-caption-text\">Qman 42102 Speed King mit 428 Teilen<\/figcaption><\/figure>\n<figure id=\"attachment_29798\" aria-describedby=\"caption-attachment-29798\" style=\"width: 765px\" class=\"wp-caption aligncenter\"><img decoding=\"async\" class=\"wp-image-29798 size-full\" src=\"https:\/\/mouldking.store\/wp-content\/uploads\/2022\/02\/Qman-42102-Speed-King-with-428-pieces-5.jpg\" alt=\"Qman 42102 Speed King with 428 pieces\" width=\"765\" height=\"1024\" title=\"-\" srcset=\"https:\/\/mouldking.store\/wp-content\/uploads\/2022\/02\/Qman-42102-Speed-King-with-428-pieces-5.jpg 765w, https:\/\/mouldking.store\/wp-content\/uploads\/2022\/02\/Qman-42102-Speed-King-with-428-pieces-5-224x300.jpg 224w, https:\/\/mouldking.store\/wp-content\/uploads\/2022\/02\/Qman-42102-Speed-King-with-428-pieces-5-300x402.jpg 300w, https:\/\/mouldking.store\/wp-content\/uploads\/2022\/02\/Qman-42102-Speed-King-with-428-pieces-5-600x803.jpg 600w, https:\/\/mouldking.store\/wp-content\/uploads\/2022\/02\/Qman-42102-Speed-King-with-428-pieces-5-112x150.jpg 112w\" sizes=\"(max-width: 765px) 100vw, 765px\" \/><figcaption id=\"caption-attachment-29798\" class=\"wp-caption-text\">Qman 42102 Speed King mit 428 Teilen<\/figcaption><\/figure>\n<figure id=\"attachment_29796\" aria-describedby=\"caption-attachment-29796\" style=\"width: 790px\" class=\"wp-caption aligncenter\"><img loading=\"lazy\" decoding=\"async\" class=\"wp-image-29796 size-full\" src=\"https:\/\/mouldking.store\/wp-content\/uploads\/2022\/02\/Qman-42102-Speed-King-with-428-pieces-3.jpg\" alt=\"Qman 42102 Speed King with 428 pieces\" width=\"790\" height=\"660\" title=\"-\" srcset=\"https:\/\/mouldking.store\/wp-content\/uploads\/2022\/02\/Qman-42102-Speed-King-with-428-pieces-3.jpg 790w, https:\/\/mouldking.store\/wp-content\/uploads\/2022\/02\/Qman-42102-Speed-King-with-428-pieces-3-300x251.jpg 300w, https:\/\/mouldking.store\/wp-content\/uploads\/2022\/02\/Qman-42102-Speed-King-with-428-pieces-3-768x642.jpg 768w, https:\/\/mouldking.store\/wp-content\/uploads\/2022\/02\/Qman-42102-Speed-King-with-428-pieces-3-600x501.jpg 600w, https:\/\/mouldking.store\/wp-content\/uploads\/2022\/02\/Qman-42102-Speed-King-with-428-pieces-3-150x125.jpg 150w\" sizes=\"(max-width: 790px) 100vw, 790px\" \/><figcaption id=\"caption-attachment-29796\" class=\"wp-caption-text\">Qman 42102 Speed King mit 428 Teilen<\/figcaption><\/figure>\n<figure id=\"attachment_29795\" aria-describedby=\"caption-attachment-29795\" style=\"width: 790px\" class=\"wp-caption aligncenter\"><img loading=\"lazy\" decoding=\"async\" class=\"wp-image-29795 size-full\" src=\"https:\/\/mouldking.store\/wp-content\/uploads\/2022\/02\/Qman-42102-Speed-King-with-428-pieces-2.jpg\" alt=\"Qman 42102 Speed King with 428 pieces\" width=\"790\" height=\"552\" title=\"-\" srcset=\"https:\/\/mouldking.store\/wp-content\/uploads\/2022\/02\/Qman-42102-Speed-King-with-428-pieces-2.jpg 790w, https:\/\/mouldking.store\/wp-content\/uploads\/2022\/02\/Qman-42102-Speed-King-with-428-pieces-2-300x210.jpg 300w, https:\/\/mouldking.store\/wp-content\/uploads\/2022\/02\/Qman-42102-Speed-King-with-428-pieces-2-768x537.jpg 768w, https:\/\/mouldking.store\/wp-content\/uploads\/2022\/02\/Qman-42102-Speed-King-with-428-pieces-2-600x419.jpg 600w, https:\/\/mouldking.store\/wp-content\/uploads\/2022\/02\/Qman-42102-Speed-King-with-428-pieces-2-150x105.jpg 150w\" sizes=\"(max-width: 790px) 100vw, 790px\" \/><figcaption id=\"caption-attachment-29795\" class=\"wp-caption-text\">Qman 42102 Speed King mit 428 Teilen<\/figcaption><\/figure>\n<figure id=\"attachment_29797\" aria-describedby=\"caption-attachment-29797\" style=\"width: 790px\" class=\"wp-caption aligncenter\"><img loading=\"lazy\" decoding=\"async\" class=\"wp-image-29797 size-full\" src=\"https:\/\/mouldking.store\/wp-content\/uploads\/2022\/02\/Qman-42102-Speed-King-with-428-pieces-4.jpg\" alt=\"Qman 42102 Speed King with 428 pieces\" width=\"790\" height=\"657\" title=\"-\" srcset=\"https:\/\/mouldking.store\/wp-content\/uploads\/2022\/02\/Qman-42102-Speed-King-with-428-pieces-4.jpg 790w, https:\/\/mouldking.store\/wp-content\/uploads\/2022\/02\/Qman-42102-Speed-King-with-428-pieces-4-300x249.jpg 300w, https:\/\/mouldking.store\/wp-content\/uploads\/2022\/02\/Qman-42102-Speed-King-with-428-pieces-4-768x639.jpg 768w, https:\/\/mouldking.store\/wp-content\/uploads\/2022\/02\/Qman-42102-Speed-King-with-428-pieces-4-600x499.jpg 600w, https:\/\/mouldking.store\/wp-content\/uploads\/2022\/02\/Qman-42102-Speed-King-with-428-pieces-4-150x125.jpg 150w\" sizes=\"(max-width: 790px) 100vw, 790px\" \/><figcaption id=\"caption-attachment-29797\" class=\"wp-caption-text\">Qman 42102 Speed King mit 428 Teilen<\/figcaption><\/figure>","protected":false},"excerpt":{"rendered":"<p>Product information: Brand: Qman Gender: Unisex Name: Speed King Age Range: &gt; 6 years old Model Number: 42102 Classification: Assemblage Plastic Block Shape: Self-Locking Bricks Material: Plastic Plastic Type: ABS Bricks Blocks: 428 PCS Contains detailed assembly instructions. Notice: 1. Without an original box, but we guarantee our products have quality assurance and nice packaging. [&hellip;]<\/p>","protected":false},"featured_media":29794,"comment_status":"closed","ping_status":"closed","template":"","meta":{"_acf_changed":false},"product_cat":[371,364],"product_tag":[4668,4125,4666,4665,4664,4667],"class_list":["product","first","instock","shipping-taxable","purchasable","product-type-simple"],"acf":[],"_links":{"self":[{"href":"https:\/\/mouldking.store\/de\/wp-json\/wp\/v2\/product\/29793","targetHints":{"allow":["GET"]}}],"collection":[{"href":"https:\/\/mouldking.store\/de\/wp-json\/wp\/v2\/product"}],"about":[{"href":"https:\/\/mouldking.store\/de\/wp-json\/wp\/v2\/types\/product"}],"replies":[{"embeddable":true,"href":"https:\/\/mouldking.store\/de\/wp-json\/wp\/v2\/comments?post=29793"}],"wp:featuredmedia":[{"embeddable":true,"href":"https:\/\/mouldking.store\/de\/wp-json\/wp\/v2\/media\/29794"}],"wp:attachment":[{"href":"https:\/\/mouldking.store\/de\/wp-json\/wp\/v2\/media?parent=29793"}],"wp:term":[{"taxonomy":"product_cat","embeddable":true,"href":"https:\/\/mouldking.store\/de\/wp-json\/wp\/v2\/product_cat?post=29793"},{"taxonomy":"product_tag","embeddable":true,"href":"https:\/\/mouldking.store\/de\/wp-json\/wp\/v2\/product_tag?post=29793"}],"curies":[{"name":"wp","href":"https:\/\/api.w.org\/{rel}","templated":true}]}}