{"id":29800,"date":"2022-02-23T15:36:51","date_gmt":"2022-02-23T08:36:51","guid":{"rendered":"https:\/\/mouldking.store\/?post_type=product&#038;p=29800"},"modified":"2022-02-23T15:36:51","modified_gmt":"2022-02-23T08:36:51","slug":"qman-42103-sky-overlord-with-604-pieces","status":"publish","type":"product","link":"https:\/\/mouldking.store\/de\/shop\/qman-42103-sky-overlord-with-604-pieces\/","title":{"rendered":"Qman 42103 Sky Overlord mit 604 Teilen"},"content":{"rendered":"<p>Produktinformation:<\/p>\n<ol>\n<li>Marke: Qman<\/li>\n<li>Geschlecht: Unisex<\/li>\n<li>Name: Sky Overlord<\/li>\n<li>Altersspanne: &gt; 6 Jahre alt<\/li>\n<li>Model Number: 42103<\/li>\n<li>Einstufung: Assemblage<\/li>\n<li>Kunststoffblockform: Selbstsichernde Steine<\/li>\n<li>Material: Kunststoff<\/li>\n<li>Kunststofftyp: ABS<\/li>\n<li>Bricks Blocks: 604 PCS<\/li>\n<li>Enth\u00e4lt eine ausf\u00fchrliche Montageanleitung.<\/li>\n<\/ol>\n<p>Notiz:<br \/>\n1. Ohne Originalverpackung, aber wir garantieren, dass unsere Produkte eine Qualit\u00e4tssicherung und eine sch\u00f6ne Verpackung haben.<br \/>\n2. Wie alle Teile, die wir vor dem Versand \u00fcberpr\u00fcft haben, machen Sie sich keine Sorgen, wenn Sie feststellen, dass einige Teile fehlen oder besch\u00e4digt sind, und kontaktieren Sie uns einfach, und wir k\u00f6nnen sie Ihnen umgehend kostenlos erneut zusenden.<\/p>\n<p>&nbsp;<\/p>\n<figure id=\"attachment_29801\" aria-describedby=\"caption-attachment-29801\" style=\"width: 800px\" class=\"wp-caption aligncenter\"><img fetchpriority=\"high\" decoding=\"async\" class=\"wp-image-29801 size-full\" src=\"https:\/\/mouldking.store\/wp-content\/uploads\/2022\/02\/Qman-42103-Sky-Overlord-with-604-pieces-1.jpg\" alt=\"Qman 42103 Sky Overlord with 604 pieces\" width=\"800\" height=\"800\" title=\"-\" srcset=\"https:\/\/mouldking.store\/wp-content\/uploads\/2022\/02\/Qman-42103-Sky-Overlord-with-604-pieces-1.jpg 800w, https:\/\/mouldking.store\/wp-content\/uploads\/2022\/02\/Qman-42103-Sky-Overlord-with-604-pieces-1-300x300.jpg 300w, https:\/\/mouldking.store\/wp-content\/uploads\/2022\/02\/Qman-42103-Sky-Overlord-with-604-pieces-1-768x768.jpg 768w, https:\/\/mouldking.store\/wp-content\/uploads\/2022\/02\/Qman-42103-Sky-Overlord-with-604-pieces-1-600x600.jpg 600w, https:\/\/mouldking.store\/wp-content\/uploads\/2022\/02\/Qman-42103-Sky-Overlord-with-604-pieces-1-150x150.jpg 150w\" sizes=\"(max-width: 800px) 100vw, 800px\" \/><figcaption id=\"caption-attachment-29801\" class=\"wp-caption-text\">Qman 42103 Sky Overlord mit 604 Teilen<\/figcaption><\/figure>\n<figure id=\"attachment_29802\" aria-describedby=\"caption-attachment-29802\" style=\"width: 789px\" class=\"wp-caption aligncenter\"><img decoding=\"async\" class=\"wp-image-29802 size-full\" src=\"https:\/\/mouldking.store\/wp-content\/uploads\/2022\/02\/Qman-42103-Sky-Overlord-with-604-pieces-2.jpg\" alt=\"Qman 42103 Sky Overlord with 604 pieces\" width=\"789\" height=\"652\" title=\"-\" srcset=\"https:\/\/mouldking.store\/wp-content\/uploads\/2022\/02\/Qman-42103-Sky-Overlord-with-604-pieces-2.jpg 789w, https:\/\/mouldking.store\/wp-content\/uploads\/2022\/02\/Qman-42103-Sky-Overlord-with-604-pieces-2-300x248.jpg 300w, https:\/\/mouldking.store\/wp-content\/uploads\/2022\/02\/Qman-42103-Sky-Overlord-with-604-pieces-2-768x635.jpg 768w, https:\/\/mouldking.store\/wp-content\/uploads\/2022\/02\/Qman-42103-Sky-Overlord-with-604-pieces-2-600x496.jpg 600w, https:\/\/mouldking.store\/wp-content\/uploads\/2022\/02\/Qman-42103-Sky-Overlord-with-604-pieces-2-150x124.jpg 150w\" sizes=\"(max-width: 789px) 100vw, 789px\" \/><figcaption id=\"caption-attachment-29802\" class=\"wp-caption-text\">Qman 42103 Sky Overlord mit 604 Teilen<\/figcaption><\/figure>\n<figure id=\"attachment_29803\" aria-describedby=\"caption-attachment-29803\" style=\"width: 767px\" class=\"wp-caption aligncenter\"><img decoding=\"async\" class=\"wp-image-29803 size-full\" src=\"https:\/\/mouldking.store\/wp-content\/uploads\/2022\/02\/Qman-42103-Sky-Overlord-with-604-pieces-3.jpg\" alt=\"Qman 42103 Sky Overlord with 604 pieces\" width=\"767\" height=\"1024\" title=\"-\" srcset=\"https:\/\/mouldking.store\/wp-content\/uploads\/2022\/02\/Qman-42103-Sky-Overlord-with-604-pieces-3.jpg 767w, https:\/\/mouldking.store\/wp-content\/uploads\/2022\/02\/Qman-42103-Sky-Overlord-with-604-pieces-3-225x300.jpg 225w, https:\/\/mouldking.store\/wp-content\/uploads\/2022\/02\/Qman-42103-Sky-Overlord-with-604-pieces-3-300x401.jpg 300w, https:\/\/mouldking.store\/wp-content\/uploads\/2022\/02\/Qman-42103-Sky-Overlord-with-604-pieces-3-600x801.jpg 600w, https:\/\/mouldking.store\/wp-content\/uploads\/2022\/02\/Qman-42103-Sky-Overlord-with-604-pieces-3-112x150.jpg 112w\" sizes=\"(max-width: 767px) 100vw, 767px\" \/><figcaption id=\"caption-attachment-29803\" class=\"wp-caption-text\">Qman 42103 Sky Overlord mit 604 Teilen<\/figcaption><\/figure>\n<figure id=\"attachment_29804\" aria-describedby=\"caption-attachment-29804\" style=\"width: 757px\" class=\"wp-caption aligncenter\"><img loading=\"lazy\" decoding=\"async\" class=\"wp-image-29804 size-full\" src=\"https:\/\/mouldking.store\/wp-content\/uploads\/2022\/02\/Qman-42103-Sky-Overlord-with-604-pieces-4.jpg\" alt=\"Qman 42103 Sky Overlord with 604 pieces\" width=\"757\" height=\"1024\" title=\"-\" srcset=\"https:\/\/mouldking.store\/wp-content\/uploads\/2022\/02\/Qman-42103-Sky-Overlord-with-604-pieces-4.jpg 757w, https:\/\/mouldking.store\/wp-content\/uploads\/2022\/02\/Qman-42103-Sky-Overlord-with-604-pieces-4-222x300.jpg 222w, https:\/\/mouldking.store\/wp-content\/uploads\/2022\/02\/Qman-42103-Sky-Overlord-with-604-pieces-4-300x406.jpg 300w, https:\/\/mouldking.store\/wp-content\/uploads\/2022\/02\/Qman-42103-Sky-Overlord-with-604-pieces-4-600x812.jpg 600w, https:\/\/mouldking.store\/wp-content\/uploads\/2022\/02\/Qman-42103-Sky-Overlord-with-604-pieces-4-111x150.jpg 111w\" sizes=\"(max-width: 757px) 100vw, 757px\" \/><figcaption id=\"caption-attachment-29804\" class=\"wp-caption-text\">Qman 42103 Sky Overlord mit 604 Teilen<\/figcaption><\/figure>","protected":false},"excerpt":{"rendered":"<p>Product information: Brand: Qman Gender: Unisex Name: Sky Overlord Age Range: &gt; 6 years old Model Number: 42103 Classification: Assemblage Plastic Block Shape: Self-Locking Bricks Material: Plastic Plastic Type: ABS Bricks Blocks: 604 PCS Contains detailed assembly instructions. Notice: 1. Without an original box, but we guarantee our products have quality assurance and nice packaging. [&hellip;]<\/p>","protected":false},"featured_media":29801,"comment_status":"closed","ping_status":"closed","template":"","meta":{"_acf_changed":false},"product_cat":[364],"product_tag":[4673,4674,4125,4671,4670,4669,4672],"class_list":["product","first","instock","shipping-taxable","purchasable","product-type-simple"],"acf":[],"_links":{"self":[{"href":"https:\/\/mouldking.store\/de\/wp-json\/wp\/v2\/product\/29800","targetHints":{"allow":["GET"]}}],"collection":[{"href":"https:\/\/mouldking.store\/de\/wp-json\/wp\/v2\/product"}],"about":[{"href":"https:\/\/mouldking.store\/de\/wp-json\/wp\/v2\/types\/product"}],"replies":[{"embeddable":true,"href":"https:\/\/mouldking.store\/de\/wp-json\/wp\/v2\/comments?post=29800"}],"wp:featuredmedia":[{"embeddable":true,"href":"https:\/\/mouldking.store\/de\/wp-json\/wp\/v2\/media\/29801"}],"wp:attachment":[{"href":"https:\/\/mouldking.store\/de\/wp-json\/wp\/v2\/media?parent=29800"}],"wp:term":[{"taxonomy":"product_cat","embeddable":true,"href":"https:\/\/mouldking.store\/de\/wp-json\/wp\/v2\/product_cat?post=29800"},{"taxonomy":"product_tag","embeddable":true,"href":"https:\/\/mouldking.store\/de\/wp-json\/wp\/v2\/product_tag?post=29800"}],"curies":[{"name":"wp","href":"https:\/\/api.w.org\/{rel}","templated":true}]}}