{"id":29817,"date":"2022-02-23T15:49:44","date_gmt":"2022-02-23T08:49:44","guid":{"rendered":"https:\/\/mouldking.store\/?post_type=product&#038;p=29817"},"modified":"2022-02-23T15:49:44","modified_gmt":"2022-02-23T08:49:44","slug":"qman-k20205-k20206-pokemon-pikachu","status":"publish","type":"product","link":"https:\/\/mouldking.store\/de\/shop\/qman-k20205-k20206-pokemon-pikachu\/","title":{"rendered":"Qman K20205-K20206 Pok\u00e9mon Pikachu"},"content":{"rendered":"<p>Produktinformation:<\/p>\n<ol>\n<li>Marke: Qman<\/li>\n<li>Geschlecht: Unisex<\/li>\n<li>Name: Pok\u00e9mon Pikachu<\/li>\n<li>Altersspanne: &gt; 6 Jahre alt<\/li>\n<li>Model Number: K20205-K20206<\/li>\n<li>Einstufung: Assemblage<\/li>\n<li>Kunststoffblockform: Selbstsichernde Steine<\/li>\n<li>Material: Kunststoff<\/li>\n<li>Kunststofftyp: ABS<\/li>\n<li>Bricks Blocks: K20205 ~148 PCS, K20206 ~154 PCS, K20205-K20206 ~302 PCS<\/li>\n<li>Enth\u00e4lt eine ausf\u00fchrliche Montageanleitung.<\/li>\n<\/ol>\n<p>Notiz:<br \/>\n1. Ohne Originalverpackung, aber wir garantieren, dass unsere Produkte eine Qualit\u00e4tssicherung und eine sch\u00f6ne Verpackung haben.<br \/>\n2. Wie alle Teile, die wir vor dem Versand \u00fcberpr\u00fcft haben, machen Sie sich keine Sorgen, wenn Sie feststellen, dass einige Teile fehlen oder besch\u00e4digt sind, und kontaktieren Sie uns einfach, und wir k\u00f6nnen sie Ihnen umgehend kostenlos erneut zusenden.<\/p>\n<figure id=\"attachment_29820\" aria-describedby=\"caption-attachment-29820\" style=\"width: 670px\" class=\"wp-caption aligncenter\"><img fetchpriority=\"high\" decoding=\"async\" class=\"wp-image-29820 size-full\" src=\"https:\/\/mouldking.store\/wp-content\/uploads\/2022\/02\/Qman-K20205-K20206-Pokemon-Pikachu-3.jpg\" alt=\"Qman K20205-K20206 Pok\u00e9mon Pikachu\" width=\"670\" height=\"1024\" title=\"-\" srcset=\"https:\/\/mouldking.store\/wp-content\/uploads\/2022\/02\/Qman-K20205-K20206-Pokemon-Pikachu-3.jpg 670w, https:\/\/mouldking.store\/wp-content\/uploads\/2022\/02\/Qman-K20205-K20206-Pokemon-Pikachu-3-196x300.jpg 196w, https:\/\/mouldking.store\/wp-content\/uploads\/2022\/02\/Qman-K20205-K20206-Pokemon-Pikachu-3-300x459.jpg 300w, https:\/\/mouldking.store\/wp-content\/uploads\/2022\/02\/Qman-K20205-K20206-Pokemon-Pikachu-3-600x917.jpg 600w, https:\/\/mouldking.store\/wp-content\/uploads\/2022\/02\/Qman-K20205-K20206-Pokemon-Pikachu-3-98x150.jpg 98w\" sizes=\"(max-width: 670px) 100vw, 670px\" \/><figcaption id=\"caption-attachment-29820\" class=\"wp-caption-text\">Qman K20205-K20206 Pok\u00e9mon Pikachu<\/figcaption><\/figure>\n<figure id=\"attachment_29819\" aria-describedby=\"caption-attachment-29819\" style=\"width: 749px\" class=\"wp-caption aligncenter\"><img decoding=\"async\" class=\"wp-image-29819 size-full\" src=\"https:\/\/mouldking.store\/wp-content\/uploads\/2022\/02\/Qman-K20205-K20206-Pokemon-Pikachu-2.jpg\" alt=\"Qman K20205-K20206 Pok\u00e9mon Pikachu\" width=\"749\" height=\"809\" title=\"-\" srcset=\"https:\/\/mouldking.store\/wp-content\/uploads\/2022\/02\/Qman-K20205-K20206-Pokemon-Pikachu-2.jpg 749w, https:\/\/mouldking.store\/wp-content\/uploads\/2022\/02\/Qman-K20205-K20206-Pokemon-Pikachu-2-278x300.jpg 278w, https:\/\/mouldking.store\/wp-content\/uploads\/2022\/02\/Qman-K20205-K20206-Pokemon-Pikachu-2-300x324.jpg 300w, https:\/\/mouldking.store\/wp-content\/uploads\/2022\/02\/Qman-K20205-K20206-Pokemon-Pikachu-2-600x648.jpg 600w, https:\/\/mouldking.store\/wp-content\/uploads\/2022\/02\/Qman-K20205-K20206-Pokemon-Pikachu-2-139x150.jpg 139w\" sizes=\"(max-width: 749px) 100vw, 749px\" \/><figcaption id=\"caption-attachment-29819\" class=\"wp-caption-text\">Qman K20205-K20206 Pok\u00e9mon Pikachu<\/figcaption><\/figure>\n<figure id=\"attachment_29818\" aria-describedby=\"caption-attachment-29818\" style=\"width: 800px\" class=\"wp-caption aligncenter\"><img decoding=\"async\" class=\"wp-image-29818 size-full\" src=\"https:\/\/mouldking.store\/wp-content\/uploads\/2022\/02\/Qman-K20205-K20206-Pokemon-Pikachu-1.jpg\" alt=\"Qman K20205-K20206 Pok\u00e9mon Pikachu\" width=\"800\" height=\"800\" title=\"-\" srcset=\"https:\/\/mouldking.store\/wp-content\/uploads\/2022\/02\/Qman-K20205-K20206-Pokemon-Pikachu-1.jpg 800w, https:\/\/mouldking.store\/wp-content\/uploads\/2022\/02\/Qman-K20205-K20206-Pokemon-Pikachu-1-300x300.jpg 300w, https:\/\/mouldking.store\/wp-content\/uploads\/2022\/02\/Qman-K20205-K20206-Pokemon-Pikachu-1-768x768.jpg 768w, https:\/\/mouldking.store\/wp-content\/uploads\/2022\/02\/Qman-K20205-K20206-Pokemon-Pikachu-1-600x600.jpg 600w, https:\/\/mouldking.store\/wp-content\/uploads\/2022\/02\/Qman-K20205-K20206-Pokemon-Pikachu-1-150x150.jpg 150w\" sizes=\"(max-width: 800px) 100vw, 800px\" \/><figcaption id=\"caption-attachment-29818\" class=\"wp-caption-text\">Qman K20205-K20206 Pok\u00e9mon Pikachu<\/figcaption><\/figure>\n<figure id=\"attachment_29823\" aria-describedby=\"caption-attachment-29823\" style=\"width: 800px\" class=\"wp-caption aligncenter\"><img loading=\"lazy\" decoding=\"async\" class=\"wp-image-29823 size-full\" src=\"https:\/\/mouldking.store\/wp-content\/uploads\/2022\/02\/Qman-K20205-K20206-Pokemon-Pikachu-6.jpg\" alt=\"Qman K20205-K20206 Pok\u00e9mon Pikachu\" width=\"800\" height=\"800\" title=\"-\" srcset=\"https:\/\/mouldking.store\/wp-content\/uploads\/2022\/02\/Qman-K20205-K20206-Pokemon-Pikachu-6.jpg 800w, https:\/\/mouldking.store\/wp-content\/uploads\/2022\/02\/Qman-K20205-K20206-Pokemon-Pikachu-6-300x300.jpg 300w, https:\/\/mouldking.store\/wp-content\/uploads\/2022\/02\/Qman-K20205-K20206-Pokemon-Pikachu-6-768x768.jpg 768w, https:\/\/mouldking.store\/wp-content\/uploads\/2022\/02\/Qman-K20205-K20206-Pokemon-Pikachu-6-600x600.jpg 600w, https:\/\/mouldking.store\/wp-content\/uploads\/2022\/02\/Qman-K20205-K20206-Pokemon-Pikachu-6-150x150.jpg 150w\" sizes=\"(max-width: 800px) 100vw, 800px\" \/><figcaption id=\"caption-attachment-29823\" class=\"wp-caption-text\">Qman K20205-K20206 Pok\u00e9mon Pikachu<\/figcaption><\/figure>\n<figure id=\"attachment_29822\" aria-describedby=\"caption-attachment-29822\" style=\"width: 430px\" class=\"wp-caption aligncenter\"><img loading=\"lazy\" decoding=\"async\" class=\"wp-image-29822 size-full\" src=\"https:\/\/mouldking.store\/wp-content\/uploads\/2022\/02\/Qman-K20205-K20206-Pokemon-Pikachu-5.jpg\" alt=\"Qman K20205-K20206 Pok\u00e9mon Pikachu\" width=\"430\" height=\"430\" title=\"-\" srcset=\"https:\/\/mouldking.store\/wp-content\/uploads\/2022\/02\/Qman-K20205-K20206-Pokemon-Pikachu-5.jpg 430w, https:\/\/mouldking.store\/wp-content\/uploads\/2022\/02\/Qman-K20205-K20206-Pokemon-Pikachu-5-300x300.jpg 300w, https:\/\/mouldking.store\/wp-content\/uploads\/2022\/02\/Qman-K20205-K20206-Pokemon-Pikachu-5-150x150.jpg 150w\" sizes=\"(max-width: 430px) 100vw, 430px\" \/><figcaption id=\"caption-attachment-29822\" class=\"wp-caption-text\">Qman K20205-K20206 Pok\u00e9mon Pikachu<\/figcaption><\/figure>\n<figure id=\"attachment_29821\" aria-describedby=\"caption-attachment-29821\" style=\"width: 800px\" class=\"wp-caption aligncenter\"><img loading=\"lazy\" decoding=\"async\" class=\"wp-image-29821 size-full\" src=\"https:\/\/mouldking.store\/wp-content\/uploads\/2022\/02\/Qman-K20205-K20206-Pokemon-Pikachu-4.jpg\" alt=\"Qman K20205-K20206 Pok\u00e9mon Pikachu\" width=\"800\" height=\"800\" title=\"-\" srcset=\"https:\/\/mouldking.store\/wp-content\/uploads\/2022\/02\/Qman-K20205-K20206-Pokemon-Pikachu-4.jpg 800w, https:\/\/mouldking.store\/wp-content\/uploads\/2022\/02\/Qman-K20205-K20206-Pokemon-Pikachu-4-300x300.jpg 300w, https:\/\/mouldking.store\/wp-content\/uploads\/2022\/02\/Qman-K20205-K20206-Pokemon-Pikachu-4-768x768.jpg 768w, https:\/\/mouldking.store\/wp-content\/uploads\/2022\/02\/Qman-K20205-K20206-Pokemon-Pikachu-4-600x600.jpg 600w, https:\/\/mouldking.store\/wp-content\/uploads\/2022\/02\/Qman-K20205-K20206-Pokemon-Pikachu-4-150x150.jpg 150w\" sizes=\"(max-width: 800px) 100vw, 800px\" \/><figcaption id=\"caption-attachment-29821\" class=\"wp-caption-text\">Qman K20205-K20206 Pok\u00e9mon Pikachu<\/figcaption><\/figure>\n<figure id=\"attachment_29825\" aria-describedby=\"caption-attachment-29825\" style=\"width: 980px\" class=\"wp-caption aligncenter\"><img loading=\"lazy\" decoding=\"async\" class=\"wp-image-29825 size-full\" src=\"https:\/\/mouldking.store\/wp-content\/uploads\/2022\/02\/Qman-K20205-K20206-Pokemon-Pikachu-7.jpg\" alt=\"Qman K20205-K20206 Pok\u00e9mon Pikachu\" width=\"980\" height=\"1024\" title=\"-\" srcset=\"https:\/\/mouldking.store\/wp-content\/uploads\/2022\/02\/Qman-K20205-K20206-Pokemon-Pikachu-7.jpg 980w, https:\/\/mouldking.store\/wp-content\/uploads\/2022\/02\/Qman-K20205-K20206-Pokemon-Pikachu-7-287x300.jpg 287w, https:\/\/mouldking.store\/wp-content\/uploads\/2022\/02\/Qman-K20205-K20206-Pokemon-Pikachu-7-768x802.jpg 768w, https:\/\/mouldking.store\/wp-content\/uploads\/2022\/02\/Qman-K20205-K20206-Pokemon-Pikachu-7-300x313.jpg 300w, https:\/\/mouldking.store\/wp-content\/uploads\/2022\/02\/Qman-K20205-K20206-Pokemon-Pikachu-7-600x627.jpg 600w, https:\/\/mouldking.store\/wp-content\/uploads\/2022\/02\/Qman-K20205-K20206-Pokemon-Pikachu-7-144x150.jpg 144w\" sizes=\"(max-width: 980px) 100vw, 980px\" \/><figcaption id=\"caption-attachment-29825\" class=\"wp-caption-text\">Qman K20205-K20206 Pok\u00e9mon Pikachu<\/figcaption><\/figure>\n<figure id=\"attachment_29824\" aria-describedby=\"caption-attachment-29824\" style=\"width: 790px\" class=\"wp-caption aligncenter\"><img loading=\"lazy\" decoding=\"async\" class=\"wp-image-29824 size-full\" src=\"https:\/\/mouldking.store\/wp-content\/uploads\/2022\/02\/Qman-K20205-K20206-Pokemon-Pikachu-1.png\" alt=\"Qman K20205-K20206 Pok\u00e9mon Pikachu\" width=\"790\" height=\"750\" title=\"-\" srcset=\"https:\/\/mouldking.store\/wp-content\/uploads\/2022\/02\/Qman-K20205-K20206-Pokemon-Pikachu-1.png 790w, https:\/\/mouldking.store\/wp-content\/uploads\/2022\/02\/Qman-K20205-K20206-Pokemon-Pikachu-1-300x285.png 300w, https:\/\/mouldking.store\/wp-content\/uploads\/2022\/02\/Qman-K20205-K20206-Pokemon-Pikachu-1-768x729.png 768w, https:\/\/mouldking.store\/wp-content\/uploads\/2022\/02\/Qman-K20205-K20206-Pokemon-Pikachu-1-600x570.png 600w, https:\/\/mouldking.store\/wp-content\/uploads\/2022\/02\/Qman-K20205-K20206-Pokemon-Pikachu-1-150x142.png 150w\" sizes=\"(max-width: 790px) 100vw, 790px\" \/><figcaption id=\"caption-attachment-29824\" class=\"wp-caption-text\">Qman K20205-K20206 Pok\u00e9mon Pikachu<\/figcaption><\/figure>","protected":false},"excerpt":{"rendered":"<p>Produktinformationen: Marke: Qman Geschlecht: Unisex Name: Pok\u00e9mon Pikachu Altersgruppe: &gt; 6 Jahre Modellnummer: K20205-K20206 Klassifizierung: Assemblage Kunststoffblock Form: Selbstsichernde Steine Material: Kunststoff Kunststofftyp: ABS-Steine Bl\u00f6cke: K20205 ~148 PCS, K20206 ~154 PCS, K20205-K20206 ~302 PCS Enth\u00e4lt eine ausf\u00fchrliche Montageanleitung. Hinweis: 1. Ohne Originalverpackung, aber wir garantieren unsere [\u2026]<\/p>","protected":false},"featured_media":29818,"comment_status":"closed","ping_status":"closed","template":"","meta":{"_acf_changed":false},"product_cat":[581,364],"product_tag":[4688,4686,4689,4687,2468,4685,4125,4684,4683],"class_list":["product","first","instock","shipping-taxable","purchasable","product-type-variable"],"acf":[],"_links":{"self":[{"href":"https:\/\/mouldking.store\/de\/wp-json\/wp\/v2\/product\/29817","targetHints":{"allow":["GET"]}}],"collection":[{"href":"https:\/\/mouldking.store\/de\/wp-json\/wp\/v2\/product"}],"about":[{"href":"https:\/\/mouldking.store\/de\/wp-json\/wp\/v2\/types\/product"}],"replies":[{"embeddable":true,"href":"https:\/\/mouldking.store\/de\/wp-json\/wp\/v2\/comments?post=29817"}],"wp:featuredmedia":[{"embeddable":true,"href":"https:\/\/mouldking.store\/de\/wp-json\/wp\/v2\/media\/29818"}],"wp:attachment":[{"href":"https:\/\/mouldking.store\/de\/wp-json\/wp\/v2\/media?parent=29817"}],"wp:term":[{"taxonomy":"product_cat","embeddable":true,"href":"https:\/\/mouldking.store\/de\/wp-json\/wp\/v2\/product_cat?post=29817"},{"taxonomy":"product_tag","embeddable":true,"href":"https:\/\/mouldking.store\/de\/wp-json\/wp\/v2\/product_tag?post=29817"}],"curies":[{"name":"wp","href":"https:\/\/api.w.org\/{rel}","templated":true}]}}