{"id":29829,"date":"2022-02-23T15:53:34","date_gmt":"2022-02-23T08:53:34","guid":{"rendered":"https:\/\/mouldking.store\/?post_type=product&#038;p=29829"},"modified":"2022-02-23T15:53:35","modified_gmt":"2022-02-23T08:53:35","slug":"mg-1013-groot","status":"publish","type":"product","link":"https:\/\/mouldking.store\/de\/shop\/mg-1013-groot\/","title":{"rendered":"MG 1013 Groot"},"content":{"rendered":"<p>Produktinformation:<\/p>\n<ol>\n<li>Marke: MG<\/li>\n<li>Geschlecht: Unisex<\/li>\n<li>Name: Groot<\/li>\n<li>Altersspanne: &gt; 6 Jahre alt<\/li>\n<li>Modellnummer: 1013<\/li>\n<li>Einstufung: Assemblage<\/li>\n<li>Kunststoffblockform: Selbstsichernde Steine<\/li>\n<li>Material: Kunststoff<\/li>\n<li>Kunststofftyp: ABS<\/li>\n<li>Enth\u00e4lt eine ausf\u00fchrliche Montageanleitung.<\/li>\n<\/ol>\n<p>Notiz:<br \/>\n1. Ohne Originalverpackung, aber wir garantieren, dass unsere Produkte eine Qualit\u00e4tssicherung und eine sch\u00f6ne Verpackung haben.<br \/>\n2. Wie alle Teile, die wir vor dem Versand \u00fcberpr\u00fcft haben, machen Sie sich keine Sorgen, wenn Sie feststellen, dass einige Teile fehlen oder besch\u00e4digt sind, und kontaktieren Sie uns einfach, und wir k\u00f6nnen sie Ihnen umgehend kostenlos erneut zusenden.<\/p>\n<figure id=\"attachment_29830\" aria-describedby=\"caption-attachment-29830\" style=\"width: 800px\" class=\"wp-caption aligncenter\"><img fetchpriority=\"high\" decoding=\"async\" class=\"wp-image-29830 size-full\" src=\"https:\/\/mouldking.store\/wp-content\/uploads\/2022\/02\/MG-1013-Groot.jpg\" alt=\"MG 1013 Groot\" width=\"800\" height=\"800\" title=\"-\" srcset=\"https:\/\/mouldking.store\/wp-content\/uploads\/2022\/02\/MG-1013-Groot.jpg 800w, https:\/\/mouldking.store\/wp-content\/uploads\/2022\/02\/MG-1013-Groot-300x300.jpg 300w, https:\/\/mouldking.store\/wp-content\/uploads\/2022\/02\/MG-1013-Groot-768x768.jpg 768w, https:\/\/mouldking.store\/wp-content\/uploads\/2022\/02\/MG-1013-Groot-600x600.jpg 600w, https:\/\/mouldking.store\/wp-content\/uploads\/2022\/02\/MG-1013-Groot-150x150.jpg 150w\" sizes=\"(max-width: 800px) 100vw, 800px\" \/><figcaption id=\"caption-attachment-29830\" class=\"wp-caption-text\">MG 1013 Groot<\/figcaption><\/figure>","protected":false},"excerpt":{"rendered":"<p>Product information: Brand: MG Gender: Unisex Name: Groot Age Range: &gt; 6 years old Model Number: 1013 Classification: Assemblage Plastic Block Shape: Self-Locking Bricks Material: Plastic Plastic Type: ABS Contains detailed assembly instructions. Notice: 1. Without an original box, but we guarantee our products have quality assurance and nice packaging. 2. As all the parts [&hellip;]<\/p>","protected":false},"featured_media":29830,"comment_status":"closed","ping_status":"closed","template":"","meta":{"_acf_changed":false},"product_cat":[581],"product_tag":[4694,4692,4693,4691,4690],"class_list":["product","first","instock","shipping-taxable","purchasable","product-type-simple"],"acf":[],"_links":{"self":[{"href":"https:\/\/mouldking.store\/de\/wp-json\/wp\/v2\/product\/29829","targetHints":{"allow":["GET"]}}],"collection":[{"href":"https:\/\/mouldking.store\/de\/wp-json\/wp\/v2\/product"}],"about":[{"href":"https:\/\/mouldking.store\/de\/wp-json\/wp\/v2\/types\/product"}],"replies":[{"embeddable":true,"href":"https:\/\/mouldking.store\/de\/wp-json\/wp\/v2\/comments?post=29829"}],"wp:featuredmedia":[{"embeddable":true,"href":"https:\/\/mouldking.store\/de\/wp-json\/wp\/v2\/media\/29830"}],"wp:attachment":[{"href":"https:\/\/mouldking.store\/de\/wp-json\/wp\/v2\/media?parent=29829"}],"wp:term":[{"taxonomy":"product_cat","embeddable":true,"href":"https:\/\/mouldking.store\/de\/wp-json\/wp\/v2\/product_cat?post=29829"},{"taxonomy":"product_tag","embeddable":true,"href":"https:\/\/mouldking.store\/de\/wp-json\/wp\/v2\/product_tag?post=29829"}],"curies":[{"name":"wp","href":"https:\/\/api.w.org\/{rel}","templated":true}]}}