{"id":29904,"date":"2022-02-23T17:02:09","date_gmt":"2022-02-23T10:02:09","guid":{"rendered":"https:\/\/mouldking.store\/?post_type=product&#038;p=29904"},"modified":"2022-02-23T17:02:09","modified_gmt":"2022-02-23T10:02:09","slug":"qman-3210-thunder-mission-4-in-1-with-448-pieces","status":"publish","type":"product","link":"https:\/\/mouldking.store\/de\/shop\/qman-3210-thunder-mission-4-in-1-with-448-pieces\/","title":{"rendered":"Qman 3210 Thunder Mission 4 in 1 mit 448 Teilen"},"content":{"rendered":"<p>Produktinformation:<\/p>\n<ol>\n<li>Marke: Qman<\/li>\n<li>Geschlecht: Unisex<\/li>\n<li>Name: Thunder Mission 4 in 1<\/li>\n<li>Altersspanne: &gt; 6 Jahre alt<\/li>\n<li>Model Number: 3210<\/li>\n<li>Einstufung: Assemblage<\/li>\n<li>Kunststoffblockform: Selbstsichernde Steine<\/li>\n<li>Material: Kunststoff<\/li>\n<li>Kunststofftyp: ABS<\/li>\n<li>Bricks Blocks: 448 PCS<\/li>\n<li>Enth\u00e4lt eine ausf\u00fchrliche Montageanleitung.<\/li>\n<\/ol>\n<p>Notiz:<br \/>\n1. Ohne Originalverpackung, aber wir garantieren, dass unsere Produkte eine Qualit\u00e4tssicherung und eine sch\u00f6ne Verpackung haben.<br \/>\n2. Wie alle Teile, die wir vor dem Versand \u00fcberpr\u00fcft haben, machen Sie sich keine Sorgen, wenn Sie feststellen, dass einige Teile fehlen oder besch\u00e4digt sind, und kontaktieren Sie uns einfach, und wir k\u00f6nnen sie Ihnen umgehend kostenlos erneut zusenden.<\/p>\n<figure id=\"attachment_29905\" aria-describedby=\"caption-attachment-29905\" style=\"width: 800px\" class=\"wp-caption aligncenter\"><img fetchpriority=\"high\" decoding=\"async\" class=\"wp-image-29905 size-full\" src=\"https:\/\/mouldking.store\/wp-content\/uploads\/2022\/02\/Qman-3210-Thunder-Mission-4-in-1-with-448-pieces-1.jpg\" alt=\"Qman 3210 Thunder Mission 4 in 1 with 448 pieces\" width=\"800\" height=\"800\" title=\"-\" srcset=\"https:\/\/mouldking.store\/wp-content\/uploads\/2022\/02\/Qman-3210-Thunder-Mission-4-in-1-with-448-pieces-1.jpg 800w, https:\/\/mouldking.store\/wp-content\/uploads\/2022\/02\/Qman-3210-Thunder-Mission-4-in-1-with-448-pieces-1-300x300.jpg 300w, https:\/\/mouldking.store\/wp-content\/uploads\/2022\/02\/Qman-3210-Thunder-Mission-4-in-1-with-448-pieces-1-768x768.jpg 768w, https:\/\/mouldking.store\/wp-content\/uploads\/2022\/02\/Qman-3210-Thunder-Mission-4-in-1-with-448-pieces-1-600x600.jpg 600w, https:\/\/mouldking.store\/wp-content\/uploads\/2022\/02\/Qman-3210-Thunder-Mission-4-in-1-with-448-pieces-1-150x150.jpg 150w\" sizes=\"(max-width: 800px) 100vw, 800px\" \/><figcaption id=\"caption-attachment-29905\" class=\"wp-caption-text\">Qman 3210 Thunder Mission 4 in 1 mit 448 Teilen<\/figcaption><\/figure>\n<figure id=\"attachment_29907\" aria-describedby=\"caption-attachment-29907\" style=\"width: 791px\" class=\"wp-caption aligncenter\"><img decoding=\"async\" class=\"wp-image-29907 size-full\" src=\"https:\/\/mouldking.store\/wp-content\/uploads\/2022\/02\/Qman-3210-Thunder-Mission-4-in-1-with-448-pieces-2.png\" alt=\"Qman 3210 Thunder Mission 4 in 1 with 448 pieces\" width=\"791\" height=\"468\" title=\"-\" srcset=\"https:\/\/mouldking.store\/wp-content\/uploads\/2022\/02\/Qman-3210-Thunder-Mission-4-in-1-with-448-pieces-2.png 791w, https:\/\/mouldking.store\/wp-content\/uploads\/2022\/02\/Qman-3210-Thunder-Mission-4-in-1-with-448-pieces-2-300x177.png 300w, https:\/\/mouldking.store\/wp-content\/uploads\/2022\/02\/Qman-3210-Thunder-Mission-4-in-1-with-448-pieces-2-768x454.png 768w, https:\/\/mouldking.store\/wp-content\/uploads\/2022\/02\/Qman-3210-Thunder-Mission-4-in-1-with-448-pieces-2-600x355.png 600w, https:\/\/mouldking.store\/wp-content\/uploads\/2022\/02\/Qman-3210-Thunder-Mission-4-in-1-with-448-pieces-2-150x89.png 150w\" sizes=\"(max-width: 791px) 100vw, 791px\" \/><figcaption id=\"caption-attachment-29907\" class=\"wp-caption-text\">Qman 3210 Thunder Mission 4 in 1 mit 448 Teilen<\/figcaption><\/figure>\n<figure id=\"attachment_29908\" aria-describedby=\"caption-attachment-29908\" style=\"width: 800px\" class=\"wp-caption aligncenter\"><img decoding=\"async\" class=\"wp-image-29908 size-full\" src=\"https:\/\/mouldking.store\/wp-content\/uploads\/2022\/02\/Qman-3210-Thunder-Mission-4-in-1-with-448-pieces-2.jpg\" alt=\"Qman 3210 Thunder Mission 4 in 1 with 448 pieces\" width=\"800\" height=\"800\" title=\"-\" srcset=\"https:\/\/mouldking.store\/wp-content\/uploads\/2022\/02\/Qman-3210-Thunder-Mission-4-in-1-with-448-pieces-2.jpg 800w, https:\/\/mouldking.store\/wp-content\/uploads\/2022\/02\/Qman-3210-Thunder-Mission-4-in-1-with-448-pieces-2-300x300.jpg 300w, https:\/\/mouldking.store\/wp-content\/uploads\/2022\/02\/Qman-3210-Thunder-Mission-4-in-1-with-448-pieces-2-768x768.jpg 768w, https:\/\/mouldking.store\/wp-content\/uploads\/2022\/02\/Qman-3210-Thunder-Mission-4-in-1-with-448-pieces-2-600x600.jpg 600w, https:\/\/mouldking.store\/wp-content\/uploads\/2022\/02\/Qman-3210-Thunder-Mission-4-in-1-with-448-pieces-2-150x150.jpg 150w\" sizes=\"(max-width: 800px) 100vw, 800px\" \/><figcaption id=\"caption-attachment-29908\" class=\"wp-caption-text\">Qman 3210 Thunder Mission 4 in 1 mit 448 Teilen<\/figcaption><\/figure>\n<figure id=\"attachment_29906\" aria-describedby=\"caption-attachment-29906\" style=\"width: 785px\" class=\"wp-caption aligncenter\"><img loading=\"lazy\" decoding=\"async\" class=\"wp-image-29906 size-full\" src=\"https:\/\/mouldking.store\/wp-content\/uploads\/2022\/02\/Qman-3210-Thunder-Mission-4-in-1-with-448-pieces-1.png\" alt=\"Qman 3210 Thunder Mission 4 in 1 with 448 pieces\" width=\"785\" height=\"565\" title=\"-\" srcset=\"https:\/\/mouldking.store\/wp-content\/uploads\/2022\/02\/Qman-3210-Thunder-Mission-4-in-1-with-448-pieces-1.png 785w, https:\/\/mouldking.store\/wp-content\/uploads\/2022\/02\/Qman-3210-Thunder-Mission-4-in-1-with-448-pieces-1-300x216.png 300w, https:\/\/mouldking.store\/wp-content\/uploads\/2022\/02\/Qman-3210-Thunder-Mission-4-in-1-with-448-pieces-1-768x553.png 768w, https:\/\/mouldking.store\/wp-content\/uploads\/2022\/02\/Qman-3210-Thunder-Mission-4-in-1-with-448-pieces-1-600x432.png 600w, https:\/\/mouldking.store\/wp-content\/uploads\/2022\/02\/Qman-3210-Thunder-Mission-4-in-1-with-448-pieces-1-150x108.png 150w\" sizes=\"(max-width: 785px) 100vw, 785px\" \/><figcaption id=\"caption-attachment-29906\" class=\"wp-caption-text\">Qman 3210 Thunder Mission 4 in 1 mit 448 Teilen<\/figcaption><\/figure>","protected":false},"excerpt":{"rendered":"<p>Product information: Brand: Qman Gender: Unisex Name: Thunder Mission 4 in 1 Age Range: &gt; 6 years old Model Number: 3210 Classification: Assemblage Plastic Block Shape: Self-Locking Bricks Material: Plastic Plastic Type: ABS Bricks Blocks: 448 PCS Contains detailed assembly instructions. Notice: 1. Without an original box, but we guarantee our products have quality assurance [&hellip;]<\/p>","protected":false},"featured_media":29905,"comment_status":"closed","ping_status":"closed","template":"","meta":{"_acf_changed":false},"product_cat":[372],"product_tag":[4748,2660,4125,4745,4747,4744,4743,4749,4746],"class_list":["product","first","instock","shipping-taxable","purchasable","product-type-simple"],"acf":[],"_links":{"self":[{"href":"https:\/\/mouldking.store\/de\/wp-json\/wp\/v2\/product\/29904","targetHints":{"allow":["GET"]}}],"collection":[{"href":"https:\/\/mouldking.store\/de\/wp-json\/wp\/v2\/product"}],"about":[{"href":"https:\/\/mouldking.store\/de\/wp-json\/wp\/v2\/types\/product"}],"replies":[{"embeddable":true,"href":"https:\/\/mouldking.store\/de\/wp-json\/wp\/v2\/comments?post=29904"}],"wp:featuredmedia":[{"embeddable":true,"href":"https:\/\/mouldking.store\/de\/wp-json\/wp\/v2\/media\/29905"}],"wp:attachment":[{"href":"https:\/\/mouldking.store\/de\/wp-json\/wp\/v2\/media?parent=29904"}],"wp:term":[{"taxonomy":"product_cat","embeddable":true,"href":"https:\/\/mouldking.store\/de\/wp-json\/wp\/v2\/product_cat?post=29904"},{"taxonomy":"product_tag","embeddable":true,"href":"https:\/\/mouldking.store\/de\/wp-json\/wp\/v2\/product_tag?post=29904"}],"curies":[{"name":"wp","href":"https:\/\/api.w.org\/{rel}","templated":true}]}}