{"id":29916,"date":"2022-02-23T17:14:59","date_gmt":"2022-02-23T10:14:59","guid":{"rendered":"https:\/\/mouldking.store\/?post_type=product&#038;p=29916"},"modified":"2024-11-12T11:17:36","modified_gmt":"2024-11-12T04:17:36","slug":"qman-3105-meteor-mars-6-in-1-with-908-pieces","status":"publish","type":"product","link":"https:\/\/mouldking.store\/de\/shop\/qman-3105-meteor-mars-6-in-1-with-908-pieces\/","title":{"rendered":"Qman 3105 Meteor Mars 6 in 1 mit 908 Teilen"},"content":{"rendered":"<p>Produktinformation:<\/p>\n<ol>\n<li>Marke: Qman<\/li>\n<li>Geschlecht: Unisex<\/li>\n<li>Name: Meteor Mars 6 in 1<\/li>\n<li>Altersspanne: &gt; 6 Jahre alt<\/li>\n<li>Model Number: 3105<\/li>\n<li>Einstufung: Assemblage<\/li>\n<li>Kunststoffblockform: Selbstsichernde Steine<\/li>\n<li>Material: Kunststoff<\/li>\n<li>Kunststofftyp: ABS<\/li>\n<li>Bricks Blocks: 908 PCS<\/li>\n<li>Enth\u00e4lt eine ausf\u00fchrliche Montageanleitung.<\/li>\n<\/ol>\n<p>Notiz:<br \/>\n1. Ohne Originalverpackung, aber wir garantieren, dass unsere Produkte eine Qualit\u00e4tssicherung und eine sch\u00f6ne Verpackung haben.<br \/>\n2. Wie alle Teile, die wir vor dem Versand \u00fcberpr\u00fcft haben, machen Sie sich keine Sorgen, wenn Sie feststellen, dass einige Teile fehlen oder besch\u00e4digt sind, und kontaktieren Sie uns einfach, und wir k\u00f6nnen sie Ihnen umgehend kostenlos erneut zusenden.<\/p>\n<figure id=\"attachment_29917\" aria-describedby=\"caption-attachment-29917\" style=\"width: 800px\" class=\"wp-caption aligncenter\"><img fetchpriority=\"high\" decoding=\"async\" class=\"wp-image-29917 size-full\" src=\"https:\/\/mouldking.store\/wp-content\/uploads\/2022\/02\/Qman-3105-Meteor-Mars-6-in-1-with-908-pieces-1.jpg\" alt=\"Qman 3105 Meteor Mars 6 in 1 with 908 pieces\" width=\"800\" height=\"800\" title=\"-\" srcset=\"https:\/\/mouldking.store\/wp-content\/uploads\/2022\/02\/Qman-3105-Meteor-Mars-6-in-1-with-908-pieces-1.jpg 800w, https:\/\/mouldking.store\/wp-content\/uploads\/2022\/02\/Qman-3105-Meteor-Mars-6-in-1-with-908-pieces-1-300x300.jpg 300w, https:\/\/mouldking.store\/wp-content\/uploads\/2022\/02\/Qman-3105-Meteor-Mars-6-in-1-with-908-pieces-1-768x768.jpg 768w, https:\/\/mouldking.store\/wp-content\/uploads\/2022\/02\/Qman-3105-Meteor-Mars-6-in-1-with-908-pieces-1-600x600.jpg 600w, https:\/\/mouldking.store\/wp-content\/uploads\/2022\/02\/Qman-3105-Meteor-Mars-6-in-1-with-908-pieces-1-150x150.jpg 150w\" sizes=\"(max-width: 800px) 100vw, 800px\" \/><figcaption id=\"caption-attachment-29917\" class=\"wp-caption-text\">Qman 3105 Meteor Mars 6 in 1 mit 908 Teilen<\/figcaption><\/figure>\n<figure id=\"attachment_29923\" aria-describedby=\"caption-attachment-29923\" style=\"width: 800px\" class=\"wp-caption aligncenter\"><img decoding=\"async\" class=\"wp-image-29923 size-full\" src=\"https:\/\/mouldking.store\/wp-content\/uploads\/2022\/02\/Qman-3105-Meteor-Mars-6-in-1-with-908-pieces-7.jpg\" alt=\"Qman 3105 Meteor Mars 6 in 1 with 908 pieces\" width=\"800\" height=\"800\" title=\"-\" srcset=\"https:\/\/mouldking.store\/wp-content\/uploads\/2022\/02\/Qman-3105-Meteor-Mars-6-in-1-with-908-pieces-7.jpg 800w, https:\/\/mouldking.store\/wp-content\/uploads\/2022\/02\/Qman-3105-Meteor-Mars-6-in-1-with-908-pieces-7-300x300.jpg 300w, https:\/\/mouldking.store\/wp-content\/uploads\/2022\/02\/Qman-3105-Meteor-Mars-6-in-1-with-908-pieces-7-768x768.jpg 768w, https:\/\/mouldking.store\/wp-content\/uploads\/2022\/02\/Qman-3105-Meteor-Mars-6-in-1-with-908-pieces-7-600x600.jpg 600w, https:\/\/mouldking.store\/wp-content\/uploads\/2022\/02\/Qman-3105-Meteor-Mars-6-in-1-with-908-pieces-7-150x150.jpg 150w\" sizes=\"(max-width: 800px) 100vw, 800px\" \/><figcaption id=\"caption-attachment-29923\" class=\"wp-caption-text\">Qman 3105 Meteor Mars 6 in 1 mit 908 Teilen<\/figcaption><\/figure>\n<figure id=\"attachment_29922\" aria-describedby=\"caption-attachment-29922\" style=\"width: 800px\" class=\"wp-caption aligncenter\"><img decoding=\"async\" class=\"wp-image-29922 size-full\" src=\"https:\/\/mouldking.store\/wp-content\/uploads\/2022\/02\/Qman-3105-Meteor-Mars-6-in-1-with-908-pieces-6.jpg\" alt=\"Qman 3105 Meteor Mars 6 in 1 with 908 pieces\" width=\"800\" height=\"800\" title=\"-\" srcset=\"https:\/\/mouldking.store\/wp-content\/uploads\/2022\/02\/Qman-3105-Meteor-Mars-6-in-1-with-908-pieces-6.jpg 800w, https:\/\/mouldking.store\/wp-content\/uploads\/2022\/02\/Qman-3105-Meteor-Mars-6-in-1-with-908-pieces-6-300x300.jpg 300w, https:\/\/mouldking.store\/wp-content\/uploads\/2022\/02\/Qman-3105-Meteor-Mars-6-in-1-with-908-pieces-6-768x768.jpg 768w, https:\/\/mouldking.store\/wp-content\/uploads\/2022\/02\/Qman-3105-Meteor-Mars-6-in-1-with-908-pieces-6-600x600.jpg 600w, https:\/\/mouldking.store\/wp-content\/uploads\/2022\/02\/Qman-3105-Meteor-Mars-6-in-1-with-908-pieces-6-150x150.jpg 150w\" sizes=\"(max-width: 800px) 100vw, 800px\" \/><figcaption id=\"caption-attachment-29922\" class=\"wp-caption-text\">Qman 3105 Meteor Mars 6 in 1 mit 908 Teilen<\/figcaption><\/figure>\n<figure id=\"attachment_29918\" aria-describedby=\"caption-attachment-29918\" style=\"width: 785px\" class=\"wp-caption aligncenter\"><img loading=\"lazy\" decoding=\"async\" class=\"wp-image-29918 size-full\" src=\"https:\/\/mouldking.store\/wp-content\/uploads\/2022\/02\/Qman-3105-Meteor-Mars-6-in-1-with-908-pieces-2.jpg\" alt=\"Qman 3105 Meteor Mars 6 in 1 with 908 pieces\" width=\"785\" height=\"1024\" title=\"-\" srcset=\"https:\/\/mouldking.store\/wp-content\/uploads\/2022\/02\/Qman-3105-Meteor-Mars-6-in-1-with-908-pieces-2.jpg 785w, https:\/\/mouldking.store\/wp-content\/uploads\/2022\/02\/Qman-3105-Meteor-Mars-6-in-1-with-908-pieces-2-230x300.jpg 230w, https:\/\/mouldking.store\/wp-content\/uploads\/2022\/02\/Qman-3105-Meteor-Mars-6-in-1-with-908-pieces-2-768x1002.jpg 768w, https:\/\/mouldking.store\/wp-content\/uploads\/2022\/02\/Qman-3105-Meteor-Mars-6-in-1-with-908-pieces-2-300x391.jpg 300w, https:\/\/mouldking.store\/wp-content\/uploads\/2022\/02\/Qman-3105-Meteor-Mars-6-in-1-with-908-pieces-2-600x783.jpg 600w, https:\/\/mouldking.store\/wp-content\/uploads\/2022\/02\/Qman-3105-Meteor-Mars-6-in-1-with-908-pieces-2-115x150.jpg 115w\" sizes=\"(max-width: 785px) 100vw, 785px\" \/><figcaption id=\"caption-attachment-29918\" class=\"wp-caption-text\">Qman 3105 Meteor Mars 6 in 1 mit 908 Teilen<\/figcaption><\/figure>\n<figure id=\"attachment_29919\" aria-describedby=\"caption-attachment-29919\" style=\"width: 675px\" class=\"wp-caption aligncenter\"><img loading=\"lazy\" decoding=\"async\" class=\"wp-image-29919 size-full\" src=\"https:\/\/mouldking.store\/wp-content\/uploads\/2022\/02\/Qman-3105-Meteor-Mars-6-in-1-with-908-pieces-3.jpg\" alt=\"Qman 3105 Meteor Mars 6 in 1 with 908 pieces\" width=\"675\" height=\"1024\" title=\"-\" srcset=\"https:\/\/mouldking.store\/wp-content\/uploads\/2022\/02\/Qman-3105-Meteor-Mars-6-in-1-with-908-pieces-3.jpg 675w, https:\/\/mouldking.store\/wp-content\/uploads\/2022\/02\/Qman-3105-Meteor-Mars-6-in-1-with-908-pieces-3-198x300.jpg 198w, https:\/\/mouldking.store\/wp-content\/uploads\/2022\/02\/Qman-3105-Meteor-Mars-6-in-1-with-908-pieces-3-300x455.jpg 300w, https:\/\/mouldking.store\/wp-content\/uploads\/2022\/02\/Qman-3105-Meteor-Mars-6-in-1-with-908-pieces-3-600x910.jpg 600w, https:\/\/mouldking.store\/wp-content\/uploads\/2022\/02\/Qman-3105-Meteor-Mars-6-in-1-with-908-pieces-3-99x150.jpg 99w\" sizes=\"(max-width: 675px) 100vw, 675px\" \/><figcaption id=\"caption-attachment-29919\" class=\"wp-caption-text\">Qman 3105 Meteor Mars 6 in 1 mit 908 Teilen<\/figcaption><\/figure>\n<figure id=\"attachment_29920\" aria-describedby=\"caption-attachment-29920\" style=\"width: 711px\" class=\"wp-caption aligncenter\"><img loading=\"lazy\" decoding=\"async\" class=\"wp-image-29920 size-full\" src=\"https:\/\/mouldking.store\/wp-content\/uploads\/2022\/02\/Qman-3105-Meteor-Mars-6-in-1-with-908-pieces-4.jpg\" alt=\"Qman 3105 Meteor Mars 6 in 1 with 908 pieces\" width=\"711\" height=\"1024\" title=\"-\" srcset=\"https:\/\/mouldking.store\/wp-content\/uploads\/2022\/02\/Qman-3105-Meteor-Mars-6-in-1-with-908-pieces-4.jpg 711w, https:\/\/mouldking.store\/wp-content\/uploads\/2022\/02\/Qman-3105-Meteor-Mars-6-in-1-with-908-pieces-4-208x300.jpg 208w, https:\/\/mouldking.store\/wp-content\/uploads\/2022\/02\/Qman-3105-Meteor-Mars-6-in-1-with-908-pieces-4-300x432.jpg 300w, https:\/\/mouldking.store\/wp-content\/uploads\/2022\/02\/Qman-3105-Meteor-Mars-6-in-1-with-908-pieces-4-600x864.jpg 600w, https:\/\/mouldking.store\/wp-content\/uploads\/2022\/02\/Qman-3105-Meteor-Mars-6-in-1-with-908-pieces-4-104x150.jpg 104w\" sizes=\"(max-width: 711px) 100vw, 711px\" \/><figcaption id=\"caption-attachment-29920\" class=\"wp-caption-text\">Qman 3105 Meteor Mars 6 in 1 mit 908 Teilen<\/figcaption><\/figure>\n<figure id=\"attachment_29921\" aria-describedby=\"caption-attachment-29921\" style=\"width: 725px\" class=\"wp-caption aligncenter\"><img loading=\"lazy\" decoding=\"async\" class=\"wp-image-29921 size-full\" src=\"https:\/\/mouldking.store\/wp-content\/uploads\/2022\/02\/Qman-3105-Meteor-Mars-6-in-1-with-908-pieces-5.jpg\" alt=\"Qman 3105 Meteor Mars 6 in 1 with 908 pieces\" width=\"725\" height=\"1024\" title=\"-\" srcset=\"https:\/\/mouldking.store\/wp-content\/uploads\/2022\/02\/Qman-3105-Meteor-Mars-6-in-1-with-908-pieces-5.jpg 725w, https:\/\/mouldking.store\/wp-content\/uploads\/2022\/02\/Qman-3105-Meteor-Mars-6-in-1-with-908-pieces-5-212x300.jpg 212w, https:\/\/mouldking.store\/wp-content\/uploads\/2022\/02\/Qman-3105-Meteor-Mars-6-in-1-with-908-pieces-5-300x424.jpg 300w, https:\/\/mouldking.store\/wp-content\/uploads\/2022\/02\/Qman-3105-Meteor-Mars-6-in-1-with-908-pieces-5-600x847.jpg 600w, https:\/\/mouldking.store\/wp-content\/uploads\/2022\/02\/Qman-3105-Meteor-Mars-6-in-1-with-908-pieces-5-106x150.jpg 106w\" sizes=\"(max-width: 725px) 100vw, 725px\" \/><figcaption id=\"caption-attachment-29921\" class=\"wp-caption-text\">Qman 3105 Meteor Mars 6 in 1 mit 908 Teilen<\/figcaption><\/figure>","protected":false},"excerpt":{"rendered":"<p>Product information: Brand: Qman Gender: Unisex Name: Meteor Mars 6 in 1 Age Range: &gt; 6 years old Model Number: 3105 Classification: Assemblage Plastic Block Shape: Self-Locking Bricks Material: Plastic Plastic Type: ABS Bricks Blocks: 908 PCS Contains detailed assembly instructions. Notice: 1. Without an original box, but we guarantee our products have quality assurance [&hellip;]<\/p>","protected":false},"featured_media":29917,"comment_status":"closed","ping_status":"closed","template":"","meta":{"_acf_changed":false},"product_cat":[371],"product_tag":[4763,4762,4766,4765,4764,4760,4125,4759,4761,4758,4757],"class_list":["product","first","instock","shipping-taxable","purchasable","product-type-simple"],"acf":[],"_links":{"self":[{"href":"https:\/\/mouldking.store\/de\/wp-json\/wp\/v2\/product\/29916","targetHints":{"allow":["GET"]}}],"collection":[{"href":"https:\/\/mouldking.store\/de\/wp-json\/wp\/v2\/product"}],"about":[{"href":"https:\/\/mouldking.store\/de\/wp-json\/wp\/v2\/types\/product"}],"replies":[{"embeddable":true,"href":"https:\/\/mouldking.store\/de\/wp-json\/wp\/v2\/comments?post=29916"}],"wp:featuredmedia":[{"embeddable":true,"href":"https:\/\/mouldking.store\/de\/wp-json\/wp\/v2\/media\/29917"}],"wp:attachment":[{"href":"https:\/\/mouldking.store\/de\/wp-json\/wp\/v2\/media?parent=29916"}],"wp:term":[{"taxonomy":"product_cat","embeddable":true,"href":"https:\/\/mouldking.store\/de\/wp-json\/wp\/v2\/product_cat?post=29916"},{"taxonomy":"product_tag","embeddable":true,"href":"https:\/\/mouldking.store\/de\/wp-json\/wp\/v2\/product_tag?post=29916"}],"curies":[{"name":"wp","href":"https:\/\/api.w.org\/{rel}","templated":true}]}}