{"id":29937,"date":"2022-02-23T17:25:33","date_gmt":"2022-02-23T10:25:33","guid":{"rendered":"https:\/\/mouldking.store\/?post_type=product&#038;p=29937"},"modified":"2022-02-23T17:25:33","modified_gmt":"2022-02-23T10:25:33","slug":"qman-21013-ground-air-bombing-battle-with-557-pieces","status":"publish","type":"product","link":"https:\/\/mouldking.store\/de\/shop\/qman-21013-ground-air-bombing-battle-with-557-pieces\/","title":{"rendered":"Qman 21013 Ground-Air Bombing Battle mit 557 Teilen"},"content":{"rendered":"<p>Produktinformation:<\/p>\n<ol>\n<li>Marke: Qman<\/li>\n<li>Geschlecht: Unisex<\/li>\n<li>Name: Ground-Air Bombing Battle<\/li>\n<li>Altersspanne: &gt; 6 Jahre alt<\/li>\n<li>Model Number: 21013<\/li>\n<li>Einstufung: Assemblage<\/li>\n<li>Kunststoffblockform: Selbstsichernde Steine<\/li>\n<li>Material: Kunststoff<\/li>\n<li>Kunststofftyp: ABS<\/li>\n<li>Bricks Blocks: 557 PCS<\/li>\n<li>Enth\u00e4lt eine ausf\u00fchrliche Montageanleitung.<\/li>\n<\/ol>\n<p>Notiz:<br \/>\n1. Ohne Originalverpackung, aber wir garantieren, dass unsere Produkte eine Qualit\u00e4tssicherung und eine sch\u00f6ne Verpackung haben.<br \/>\n2. Wie alle Teile, die wir vor dem Versand \u00fcberpr\u00fcft haben, machen Sie sich keine Sorgen, wenn Sie feststellen, dass einige Teile fehlen oder besch\u00e4digt sind, und kontaktieren Sie uns einfach, und wir k\u00f6nnen sie Ihnen umgehend kostenlos erneut zusenden.<\/p>\n<figure id=\"attachment_29938\" aria-describedby=\"caption-attachment-29938\" style=\"width: 800px\" class=\"wp-caption aligncenter\"><img fetchpriority=\"high\" decoding=\"async\" class=\"wp-image-29938 size-full\" src=\"https:\/\/mouldking.store\/wp-content\/uploads\/2022\/02\/Qman-21013-Ground-Air-Bombing-Battle-with-557-pieces-1.jpg\" alt=\"Qman 21013 Ground-Air Bombing Battle with 557 pieces\" width=\"800\" height=\"800\" title=\"-\" srcset=\"https:\/\/mouldking.store\/wp-content\/uploads\/2022\/02\/Qman-21013-Ground-Air-Bombing-Battle-with-557-pieces-1.jpg 800w, https:\/\/mouldking.store\/wp-content\/uploads\/2022\/02\/Qman-21013-Ground-Air-Bombing-Battle-with-557-pieces-1-300x300.jpg 300w, https:\/\/mouldking.store\/wp-content\/uploads\/2022\/02\/Qman-21013-Ground-Air-Bombing-Battle-with-557-pieces-1-768x768.jpg 768w, https:\/\/mouldking.store\/wp-content\/uploads\/2022\/02\/Qman-21013-Ground-Air-Bombing-Battle-with-557-pieces-1-600x600.jpg 600w, https:\/\/mouldking.store\/wp-content\/uploads\/2022\/02\/Qman-21013-Ground-Air-Bombing-Battle-with-557-pieces-1-150x150.jpg 150w\" sizes=\"(max-width: 800px) 100vw, 800px\" \/><figcaption id=\"caption-attachment-29938\" class=\"wp-caption-text\">Qman 21013 Ground-Air Bombing Battle mit 557 Teilen<\/figcaption><\/figure>\n<figure id=\"attachment_29942\" aria-describedby=\"caption-attachment-29942\" style=\"width: 800px\" class=\"wp-caption aligncenter\"><img decoding=\"async\" class=\"wp-image-29942 size-full\" src=\"https:\/\/mouldking.store\/wp-content\/uploads\/2022\/02\/Qman-21013-Ground-Air-Bombing-Battle-with-557-pieces-5.jpg\" alt=\"Qman 21013 Ground-Air Bombing Battle with 557 pieces\" width=\"800\" height=\"800\" title=\"-\" srcset=\"https:\/\/mouldking.store\/wp-content\/uploads\/2022\/02\/Qman-21013-Ground-Air-Bombing-Battle-with-557-pieces-5.jpg 800w, https:\/\/mouldking.store\/wp-content\/uploads\/2022\/02\/Qman-21013-Ground-Air-Bombing-Battle-with-557-pieces-5-300x300.jpg 300w, https:\/\/mouldking.store\/wp-content\/uploads\/2022\/02\/Qman-21013-Ground-Air-Bombing-Battle-with-557-pieces-5-768x768.jpg 768w, https:\/\/mouldking.store\/wp-content\/uploads\/2022\/02\/Qman-21013-Ground-Air-Bombing-Battle-with-557-pieces-5-600x600.jpg 600w, https:\/\/mouldking.store\/wp-content\/uploads\/2022\/02\/Qman-21013-Ground-Air-Bombing-Battle-with-557-pieces-5-150x150.jpg 150w\" sizes=\"(max-width: 800px) 100vw, 800px\" \/><figcaption id=\"caption-attachment-29942\" class=\"wp-caption-text\">Qman 21013 Ground-Air Bombing Battle mit 557 Teilen<\/figcaption><\/figure>\n<figure id=\"attachment_29941\" aria-describedby=\"caption-attachment-29941\" style=\"width: 790px\" class=\"wp-caption aligncenter\"><img decoding=\"async\" class=\"wp-image-29941 size-full\" src=\"https:\/\/mouldking.store\/wp-content\/uploads\/2022\/02\/Qman-21013-Ground-Air-Bombing-Battle-with-557-pieces-4.jpg\" alt=\"Qman 21013 Ground-Air Bombing Battle with 557 pieces\" width=\"790\" height=\"821\" title=\"-\" srcset=\"https:\/\/mouldking.store\/wp-content\/uploads\/2022\/02\/Qman-21013-Ground-Air-Bombing-Battle-with-557-pieces-4.jpg 790w, https:\/\/mouldking.store\/wp-content\/uploads\/2022\/02\/Qman-21013-Ground-Air-Bombing-Battle-with-557-pieces-4-289x300.jpg 289w, https:\/\/mouldking.store\/wp-content\/uploads\/2022\/02\/Qman-21013-Ground-Air-Bombing-Battle-with-557-pieces-4-768x798.jpg 768w, https:\/\/mouldking.store\/wp-content\/uploads\/2022\/02\/Qman-21013-Ground-Air-Bombing-Battle-with-557-pieces-4-300x312.jpg 300w, https:\/\/mouldking.store\/wp-content\/uploads\/2022\/02\/Qman-21013-Ground-Air-Bombing-Battle-with-557-pieces-4-600x624.jpg 600w, https:\/\/mouldking.store\/wp-content\/uploads\/2022\/02\/Qman-21013-Ground-Air-Bombing-Battle-with-557-pieces-4-144x150.jpg 144w\" sizes=\"(max-width: 790px) 100vw, 790px\" \/><figcaption id=\"caption-attachment-29941\" class=\"wp-caption-text\">Qman 21013 Ground-Air Bombing Battle mit 557 Teilen<\/figcaption><\/figure>\n<figure id=\"attachment_29939\" aria-describedby=\"caption-attachment-29939\" style=\"width: 790px\" class=\"wp-caption aligncenter\"><img loading=\"lazy\" decoding=\"async\" class=\"wp-image-29939 size-full\" src=\"https:\/\/mouldking.store\/wp-content\/uploads\/2022\/02\/Qman-21013-Ground-Air-Bombing-Battle-with-557-pieces-2.jpg\" alt=\"Qman 21013 Ground-Air Bombing Battle with 557 pieces\" width=\"790\" height=\"971\" title=\"-\" srcset=\"https:\/\/mouldking.store\/wp-content\/uploads\/2022\/02\/Qman-21013-Ground-Air-Bombing-Battle-with-557-pieces-2.jpg 790w, https:\/\/mouldking.store\/wp-content\/uploads\/2022\/02\/Qman-21013-Ground-Air-Bombing-Battle-with-557-pieces-2-244x300.jpg 244w, https:\/\/mouldking.store\/wp-content\/uploads\/2022\/02\/Qman-21013-Ground-Air-Bombing-Battle-with-557-pieces-2-768x944.jpg 768w, https:\/\/mouldking.store\/wp-content\/uploads\/2022\/02\/Qman-21013-Ground-Air-Bombing-Battle-with-557-pieces-2-300x369.jpg 300w, https:\/\/mouldking.store\/wp-content\/uploads\/2022\/02\/Qman-21013-Ground-Air-Bombing-Battle-with-557-pieces-2-600x737.jpg 600w, https:\/\/mouldking.store\/wp-content\/uploads\/2022\/02\/Qman-21013-Ground-Air-Bombing-Battle-with-557-pieces-2-122x150.jpg 122w\" sizes=\"(max-width: 790px) 100vw, 790px\" \/><figcaption id=\"caption-attachment-29939\" class=\"wp-caption-text\">Qman 21013 Ground-Air Bombing Battle mit 557 Teilen<\/figcaption><\/figure>\n<figure id=\"attachment_29940\" aria-describedby=\"caption-attachment-29940\" style=\"width: 579px\" class=\"wp-caption aligncenter\"><img loading=\"lazy\" decoding=\"async\" class=\"wp-image-29940 size-full\" src=\"https:\/\/mouldking.store\/wp-content\/uploads\/2022\/02\/Qman-21013-Ground-Air-Bombing-Battle-with-557-pieces-3.jpg\" alt=\"Qman 21013 Ground-Air Bombing Battle with 557 pieces\" width=\"579\" height=\"1024\" title=\"-\" srcset=\"https:\/\/mouldking.store\/wp-content\/uploads\/2022\/02\/Qman-21013-Ground-Air-Bombing-Battle-with-557-pieces-3.jpg 579w, https:\/\/mouldking.store\/wp-content\/uploads\/2022\/02\/Qman-21013-Ground-Air-Bombing-Battle-with-557-pieces-3-170x300.jpg 170w, https:\/\/mouldking.store\/wp-content\/uploads\/2022\/02\/Qman-21013-Ground-Air-Bombing-Battle-with-557-pieces-3-300x531.jpg 300w, https:\/\/mouldking.store\/wp-content\/uploads\/2022\/02\/Qman-21013-Ground-Air-Bombing-Battle-with-557-pieces-3-85x150.jpg 85w\" sizes=\"(max-width: 579px) 100vw, 579px\" \/><figcaption id=\"caption-attachment-29940\" class=\"wp-caption-text\">Qman 21013 Ground-Air Bombing Battle mit 557 Teilen<\/figcaption><\/figure>\n<figure id=\"attachment_29943\" aria-describedby=\"caption-attachment-29943\" style=\"width: 800px\" class=\"wp-caption aligncenter\"><img loading=\"lazy\" decoding=\"async\" class=\"wp-image-29943 size-full\" src=\"https:\/\/mouldking.store\/wp-content\/uploads\/2022\/02\/Qman-21013-Ground-Air-Bombing-Battle-with-557-pieces-6.jpg\" alt=\"Qman 21013 Ground-Air Bombing Battle with 557 pieces\" width=\"800\" height=\"800\" title=\"-\" srcset=\"https:\/\/mouldking.store\/wp-content\/uploads\/2022\/02\/Qman-21013-Ground-Air-Bombing-Battle-with-557-pieces-6.jpg 800w, https:\/\/mouldking.store\/wp-content\/uploads\/2022\/02\/Qman-21013-Ground-Air-Bombing-Battle-with-557-pieces-6-300x300.jpg 300w, https:\/\/mouldking.store\/wp-content\/uploads\/2022\/02\/Qman-21013-Ground-Air-Bombing-Battle-with-557-pieces-6-768x768.jpg 768w, https:\/\/mouldking.store\/wp-content\/uploads\/2022\/02\/Qman-21013-Ground-Air-Bombing-Battle-with-557-pieces-6-600x600.jpg 600w, https:\/\/mouldking.store\/wp-content\/uploads\/2022\/02\/Qman-21013-Ground-Air-Bombing-Battle-with-557-pieces-6-150x150.jpg 150w\" sizes=\"(max-width: 800px) 100vw, 800px\" \/><figcaption id=\"caption-attachment-29943\" class=\"wp-caption-text\">Qman 21013 Ground-Air Bombing Battle mit 557 Teilen<\/figcaption><\/figure>","protected":false},"excerpt":{"rendered":"<p>Product information: Brand: Qman Gender: Unisex Name: Ground-Air Bombing Battle Age Range: &gt; 6 years old Model Number: 21013 Classification: Assemblage Plastic Block Shape: Self-Locking Bricks Material: Plastic Plastic Type: ABS Bricks Blocks: 557 PCS Contains detailed assembly instructions. Notice: 1. Without an original box, but we guarantee our products have quality assurance and nice [&hellip;]<\/p>","protected":false},"featured_media":29938,"comment_status":"closed","ping_status":"closed","template":"","meta":{"_acf_changed":false},"product_cat":[372],"product_tag":[4785,4787,4786,4784,4125,4783,4782,4781],"class_list":["product","first","instock","shipping-taxable","purchasable","product-type-simple"],"acf":[],"_links":{"self":[{"href":"https:\/\/mouldking.store\/de\/wp-json\/wp\/v2\/product\/29937","targetHints":{"allow":["GET"]}}],"collection":[{"href":"https:\/\/mouldking.store\/de\/wp-json\/wp\/v2\/product"}],"about":[{"href":"https:\/\/mouldking.store\/de\/wp-json\/wp\/v2\/types\/product"}],"replies":[{"embeddable":true,"href":"https:\/\/mouldking.store\/de\/wp-json\/wp\/v2\/comments?post=29937"}],"wp:featuredmedia":[{"embeddable":true,"href":"https:\/\/mouldking.store\/de\/wp-json\/wp\/v2\/media\/29938"}],"wp:attachment":[{"href":"https:\/\/mouldking.store\/de\/wp-json\/wp\/v2\/media?parent=29937"}],"wp:term":[{"taxonomy":"product_cat","embeddable":true,"href":"https:\/\/mouldking.store\/de\/wp-json\/wp\/v2\/product_cat?post=29937"},{"taxonomy":"product_tag","embeddable":true,"href":"https:\/\/mouldking.store\/de\/wp-json\/wp\/v2\/product_tag?post=29937"}],"curies":[{"name":"wp","href":"https:\/\/api.w.org\/{rel}","templated":true}]}}