{"id":29953,"date":"2022-02-23T17:56:47","date_gmt":"2022-02-23T10:56:47","guid":{"rendered":"https:\/\/mouldking.store\/?post_type=product&#038;p=29953"},"modified":"2022-02-23T17:56:47","modified_gmt":"2022-02-23T10:56:47","slug":"qman-1803-armored-car-8-in-1-with-361-pieces","status":"publish","type":"product","link":"https:\/\/mouldking.store\/de\/shop\/qman-1803-armored-car-8-in-1-with-361-pieces\/","title":{"rendered":"Qman 1803 Armoured Car 8 in 1 mit 361 Teilen"},"content":{"rendered":"<p>Produktinformation:<\/p>\n<ol>\n<li>Marke: Qman<\/li>\n<li>Geschlecht: Unisex<\/li>\n<li>Name: Armored Car 8 in 1<\/li>\n<li>Altersspanne: &gt; 6 Jahre alt<\/li>\n<li>Model Number: 1803<\/li>\n<li>Einstufung: Assemblage<\/li>\n<li>Kunststoffblockform: Selbstsichernde Steine<\/li>\n<li>Material: Kunststoff<\/li>\n<li>Kunststofftyp: ABS<\/li>\n<li>Bricks Blocks: 361 PCS<\/li>\n<li>Enth\u00e4lt eine ausf\u00fchrliche Montageanleitung.<\/li>\n<\/ol>\n<p>Notiz:<br \/>\n1. Ohne Originalverpackung, aber wir garantieren, dass unsere Produkte eine Qualit\u00e4tssicherung und eine sch\u00f6ne Verpackung haben.<br \/>\n2. Wie alle Teile, die wir vor dem Versand \u00fcberpr\u00fcft haben, machen Sie sich keine Sorgen, wenn Sie feststellen, dass einige Teile fehlen oder besch\u00e4digt sind, und kontaktieren Sie uns einfach, und wir k\u00f6nnen sie Ihnen umgehend kostenlos erneut zusenden.<\/p>\n<figure id=\"attachment_29954\" aria-describedby=\"caption-attachment-29954\" style=\"width: 800px\" class=\"wp-caption aligncenter\"><img fetchpriority=\"high\" decoding=\"async\" class=\"wp-image-29954 size-full\" src=\"https:\/\/mouldking.store\/wp-content\/uploads\/2022\/02\/Qman-1803-Armored-car-8-in-1-with-361-pieces-1.jpg\" alt=\"Qman 1803 Armored Car 8 in 1 with 361 pieces\" width=\"800\" height=\"800\" title=\"-\" srcset=\"https:\/\/mouldking.store\/wp-content\/uploads\/2022\/02\/Qman-1803-Armored-car-8-in-1-with-361-pieces-1.jpg 800w, https:\/\/mouldking.store\/wp-content\/uploads\/2022\/02\/Qman-1803-Armored-car-8-in-1-with-361-pieces-1-300x300.jpg 300w, https:\/\/mouldking.store\/wp-content\/uploads\/2022\/02\/Qman-1803-Armored-car-8-in-1-with-361-pieces-1-768x768.jpg 768w, https:\/\/mouldking.store\/wp-content\/uploads\/2022\/02\/Qman-1803-Armored-car-8-in-1-with-361-pieces-1-600x600.jpg 600w, https:\/\/mouldking.store\/wp-content\/uploads\/2022\/02\/Qman-1803-Armored-car-8-in-1-with-361-pieces-1-150x150.jpg 150w\" sizes=\"(max-width: 800px) 100vw, 800px\" \/><figcaption id=\"caption-attachment-29954\" class=\"wp-caption-text\">Qman 1803 Armoured Car 8 in 1 mit 361 Teilen<\/figcaption><\/figure>\n<figure id=\"attachment_29964\" aria-describedby=\"caption-attachment-29964\" style=\"width: 800px\" class=\"wp-caption aligncenter\"><img decoding=\"async\" class=\"wp-image-29964 size-full\" src=\"https:\/\/mouldking.store\/wp-content\/uploads\/2022\/02\/Qman-1803-Armored-car-8-in-1-with-361-pieces-3.jpg\" alt=\"Qman 1803 Armored Car 8 in 1 with 361 pieces\" width=\"800\" height=\"800\" title=\"-\" srcset=\"https:\/\/mouldking.store\/wp-content\/uploads\/2022\/02\/Qman-1803-Armored-car-8-in-1-with-361-pieces-3.jpg 800w, https:\/\/mouldking.store\/wp-content\/uploads\/2022\/02\/Qman-1803-Armored-car-8-in-1-with-361-pieces-3-300x300.jpg 300w, https:\/\/mouldking.store\/wp-content\/uploads\/2022\/02\/Qman-1803-Armored-car-8-in-1-with-361-pieces-3-768x768.jpg 768w, https:\/\/mouldking.store\/wp-content\/uploads\/2022\/02\/Qman-1803-Armored-car-8-in-1-with-361-pieces-3-600x600.jpg 600w, https:\/\/mouldking.store\/wp-content\/uploads\/2022\/02\/Qman-1803-Armored-car-8-in-1-with-361-pieces-3-150x150.jpg 150w\" sizes=\"(max-width: 800px) 100vw, 800px\" \/><figcaption id=\"caption-attachment-29964\" class=\"wp-caption-text\">Qman 1803 Armoured Car 8 in 1 mit 361 Teilen<\/figcaption><\/figure>\n<figure id=\"attachment_29963\" aria-describedby=\"caption-attachment-29963\" style=\"width: 750px\" class=\"wp-caption aligncenter\"><img decoding=\"async\" class=\"wp-image-29963 size-full\" src=\"https:\/\/mouldking.store\/wp-content\/uploads\/2022\/02\/Qman-1803-Armored-car-8-in-1-with-361-pieces-2.jpg\" alt=\"Qman 1803 Armored Car 8 in 1 with 361 pieces\" width=\"750\" height=\"807\" title=\"-\" srcset=\"https:\/\/mouldking.store\/wp-content\/uploads\/2022\/02\/Qman-1803-Armored-car-8-in-1-with-361-pieces-2.jpg 750w, https:\/\/mouldking.store\/wp-content\/uploads\/2022\/02\/Qman-1803-Armored-car-8-in-1-with-361-pieces-2-279x300.jpg 279w, https:\/\/mouldking.store\/wp-content\/uploads\/2022\/02\/Qman-1803-Armored-car-8-in-1-with-361-pieces-2-300x323.jpg 300w, https:\/\/mouldking.store\/wp-content\/uploads\/2022\/02\/Qman-1803-Armored-car-8-in-1-with-361-pieces-2-600x646.jpg 600w, https:\/\/mouldking.store\/wp-content\/uploads\/2022\/02\/Qman-1803-Armored-car-8-in-1-with-361-pieces-2-139x150.jpg 139w\" sizes=\"(max-width: 750px) 100vw, 750px\" \/><figcaption id=\"caption-attachment-29963\" class=\"wp-caption-text\">Qman 1803 Armoured Car 8 in 1 mit 361 Teilen<\/figcaption><\/figure>\n<figure id=\"attachment_29962\" aria-describedby=\"caption-attachment-29962\" style=\"width: 723px\" class=\"wp-caption aligncenter\"><img loading=\"lazy\" decoding=\"async\" class=\"wp-image-29962 size-full\" src=\"https:\/\/mouldking.store\/wp-content\/uploads\/2022\/02\/Qman-1803-Armored-car-8-in-1-with-361-pieces-8.png\" alt=\"Qman 1803 Armored Car 8 in 1 with 361 pieces\" width=\"723\" height=\"414\" title=\"-\" srcset=\"https:\/\/mouldking.store\/wp-content\/uploads\/2022\/02\/Qman-1803-Armored-car-8-in-1-with-361-pieces-8.png 723w, https:\/\/mouldking.store\/wp-content\/uploads\/2022\/02\/Qman-1803-Armored-car-8-in-1-with-361-pieces-8-300x172.png 300w, https:\/\/mouldking.store\/wp-content\/uploads\/2022\/02\/Qman-1803-Armored-car-8-in-1-with-361-pieces-8-600x344.png 600w, https:\/\/mouldking.store\/wp-content\/uploads\/2022\/02\/Qman-1803-Armored-car-8-in-1-with-361-pieces-8-150x86.png 150w\" sizes=\"(max-width: 723px) 100vw, 723px\" \/><figcaption id=\"caption-attachment-29962\" class=\"wp-caption-text\">Qman 1803 Armoured Car 8 in 1 mit 361 Teilen<\/figcaption><\/figure>\n<figure id=\"attachment_29961\" aria-describedby=\"caption-attachment-29961\" style=\"width: 746px\" class=\"wp-caption aligncenter\"><img loading=\"lazy\" decoding=\"async\" class=\"wp-image-29961 size-full\" src=\"https:\/\/mouldking.store\/wp-content\/uploads\/2022\/02\/Qman-1803-Armored-car-8-in-1-with-361-pieces-7.png\" alt=\"Qman 1803 Armored Car 8 in 1 with 361 pieces\" width=\"746\" height=\"432\" title=\"-\" srcset=\"https:\/\/mouldking.store\/wp-content\/uploads\/2022\/02\/Qman-1803-Armored-car-8-in-1-with-361-pieces-7.png 746w, https:\/\/mouldking.store\/wp-content\/uploads\/2022\/02\/Qman-1803-Armored-car-8-in-1-with-361-pieces-7-300x174.png 300w, https:\/\/mouldking.store\/wp-content\/uploads\/2022\/02\/Qman-1803-Armored-car-8-in-1-with-361-pieces-7-600x347.png 600w, https:\/\/mouldking.store\/wp-content\/uploads\/2022\/02\/Qman-1803-Armored-car-8-in-1-with-361-pieces-7-150x87.png 150w\" sizes=\"(max-width: 746px) 100vw, 746px\" \/><figcaption id=\"caption-attachment-29961\" class=\"wp-caption-text\">Qman 1803 Armoured Car 8 in 1 mit 361 Teilen<\/figcaption><\/figure>\n<figure id=\"attachment_29960\" aria-describedby=\"caption-attachment-29960\" style=\"width: 720px\" class=\"wp-caption aligncenter\"><img loading=\"lazy\" decoding=\"async\" class=\"wp-image-29960 size-full\" src=\"https:\/\/mouldking.store\/wp-content\/uploads\/2022\/02\/Qman-1803-Armored-car-8-in-1-with-361-pieces-6.png\" alt=\"Qman 1803 Armored Car 8 in 1 with 361 pieces\" width=\"720\" height=\"445\" title=\"-\" srcset=\"https:\/\/mouldking.store\/wp-content\/uploads\/2022\/02\/Qman-1803-Armored-car-8-in-1-with-361-pieces-6.png 720w, https:\/\/mouldking.store\/wp-content\/uploads\/2022\/02\/Qman-1803-Armored-car-8-in-1-with-361-pieces-6-300x185.png 300w, https:\/\/mouldking.store\/wp-content\/uploads\/2022\/02\/Qman-1803-Armored-car-8-in-1-with-361-pieces-6-600x371.png 600w, https:\/\/mouldking.store\/wp-content\/uploads\/2022\/02\/Qman-1803-Armored-car-8-in-1-with-361-pieces-6-150x93.png 150w\" sizes=\"(max-width: 720px) 100vw, 720px\" \/><figcaption id=\"caption-attachment-29960\" class=\"wp-caption-text\">Qman 1803 Armoured Car 8 in 1 mit 361 Teilen<\/figcaption><\/figure>\n<figure id=\"attachment_29955\" aria-describedby=\"caption-attachment-29955\" style=\"width: 714px\" class=\"wp-caption aligncenter\"><img loading=\"lazy\" decoding=\"async\" class=\"wp-image-29955 size-full\" src=\"https:\/\/mouldking.store\/wp-content\/uploads\/2022\/02\/Qman-1803-Armored-car-8-in-1-with-361-pieces-1.png\" alt=\"Qman 1803 Armored Car 8 in 1 with 361 pieces\" width=\"714\" height=\"433\" title=\"-\" srcset=\"https:\/\/mouldking.store\/wp-content\/uploads\/2022\/02\/Qman-1803-Armored-car-8-in-1-with-361-pieces-1.png 714w, https:\/\/mouldking.store\/wp-content\/uploads\/2022\/02\/Qman-1803-Armored-car-8-in-1-with-361-pieces-1-300x182.png 300w, https:\/\/mouldking.store\/wp-content\/uploads\/2022\/02\/Qman-1803-Armored-car-8-in-1-with-361-pieces-1-600x364.png 600w, https:\/\/mouldking.store\/wp-content\/uploads\/2022\/02\/Qman-1803-Armored-car-8-in-1-with-361-pieces-1-150x91.png 150w\" sizes=\"(max-width: 714px) 100vw, 714px\" \/><figcaption id=\"caption-attachment-29955\" class=\"wp-caption-text\">Qman 1803 Armoured Car 8 in 1 mit 361 Teilen<\/figcaption><\/figure>\n<figure id=\"attachment_29956\" aria-describedby=\"caption-attachment-29956\" style=\"width: 734px\" class=\"wp-caption aligncenter\"><img loading=\"lazy\" decoding=\"async\" class=\"wp-image-29956 size-full\" src=\"https:\/\/mouldking.store\/wp-content\/uploads\/2022\/02\/Qman-1803-Armored-car-8-in-1-with-361-pieces-2.png\" alt=\"Qman 1803 Armored Car 8 in 1 with 361 pieces\" width=\"734\" height=\"427\" title=\"-\" srcset=\"https:\/\/mouldking.store\/wp-content\/uploads\/2022\/02\/Qman-1803-Armored-car-8-in-1-with-361-pieces-2.png 734w, https:\/\/mouldking.store\/wp-content\/uploads\/2022\/02\/Qman-1803-Armored-car-8-in-1-with-361-pieces-2-300x175.png 300w, https:\/\/mouldking.store\/wp-content\/uploads\/2022\/02\/Qman-1803-Armored-car-8-in-1-with-361-pieces-2-600x349.png 600w, https:\/\/mouldking.store\/wp-content\/uploads\/2022\/02\/Qman-1803-Armored-car-8-in-1-with-361-pieces-2-150x87.png 150w\" sizes=\"(max-width: 734px) 100vw, 734px\" \/><figcaption id=\"caption-attachment-29956\" class=\"wp-caption-text\">Qman 1803 Armoured Car 8 in 1 mit 361 Teilen<\/figcaption><\/figure>\n<figure id=\"attachment_29957\" aria-describedby=\"caption-attachment-29957\" style=\"width: 721px\" class=\"wp-caption aligncenter\"><img loading=\"lazy\" decoding=\"async\" class=\"wp-image-29957 size-full\" src=\"https:\/\/mouldking.store\/wp-content\/uploads\/2022\/02\/Qman-1803-Armored-car-8-in-1-with-361-pieces-3.png\" alt=\"Qman 1803 Armored Car 8 in 1 with 361 pieces\" width=\"721\" height=\"428\" title=\"-\" srcset=\"https:\/\/mouldking.store\/wp-content\/uploads\/2022\/02\/Qman-1803-Armored-car-8-in-1-with-361-pieces-3.png 721w, https:\/\/mouldking.store\/wp-content\/uploads\/2022\/02\/Qman-1803-Armored-car-8-in-1-with-361-pieces-3-300x178.png 300w, https:\/\/mouldking.store\/wp-content\/uploads\/2022\/02\/Qman-1803-Armored-car-8-in-1-with-361-pieces-3-600x356.png 600w, https:\/\/mouldking.store\/wp-content\/uploads\/2022\/02\/Qman-1803-Armored-car-8-in-1-with-361-pieces-3-150x89.png 150w\" sizes=\"(max-width: 721px) 100vw, 721px\" \/><figcaption id=\"caption-attachment-29957\" class=\"wp-caption-text\">Qman 1803 Armoured Car 8 in 1 mit 361 Teilen<\/figcaption><\/figure>\n<figure id=\"attachment_29958\" aria-describedby=\"caption-attachment-29958\" style=\"width: 736px\" class=\"wp-caption aligncenter\"><img loading=\"lazy\" decoding=\"async\" class=\"wp-image-29958 size-full\" src=\"https:\/\/mouldking.store\/wp-content\/uploads\/2022\/02\/Qman-1803-Armored-car-8-in-1-with-361-pieces-4.png\" alt=\"Qman 1803 Armored Car 8 in 1 with 361 pieces\" width=\"736\" height=\"474\" title=\"-\" srcset=\"https:\/\/mouldking.store\/wp-content\/uploads\/2022\/02\/Qman-1803-Armored-car-8-in-1-with-361-pieces-4.png 736w, https:\/\/mouldking.store\/wp-content\/uploads\/2022\/02\/Qman-1803-Armored-car-8-in-1-with-361-pieces-4-300x193.png 300w, https:\/\/mouldking.store\/wp-content\/uploads\/2022\/02\/Qman-1803-Armored-car-8-in-1-with-361-pieces-4-600x386.png 600w, https:\/\/mouldking.store\/wp-content\/uploads\/2022\/02\/Qman-1803-Armored-car-8-in-1-with-361-pieces-4-150x97.png 150w\" sizes=\"(max-width: 736px) 100vw, 736px\" \/><figcaption id=\"caption-attachment-29958\" class=\"wp-caption-text\">Qman 1803 Armoured Car 8 in 1 mit 361 Teilen<\/figcaption><\/figure>\n<figure id=\"attachment_29959\" aria-describedby=\"caption-attachment-29959\" style=\"width: 776px\" class=\"wp-caption aligncenter\"><img loading=\"lazy\" decoding=\"async\" class=\"wp-image-29959 size-full\" src=\"https:\/\/mouldking.store\/wp-content\/uploads\/2022\/02\/Qman-1803-Armored-car-8-in-1-with-361-pieces-5.png\" alt=\"Qman 1803 Armored Car 8 in 1 with 361 pieces\" width=\"776\" height=\"460\" title=\"-\" srcset=\"https:\/\/mouldking.store\/wp-content\/uploads\/2022\/02\/Qman-1803-Armored-car-8-in-1-with-361-pieces-5.png 776w, https:\/\/mouldking.store\/wp-content\/uploads\/2022\/02\/Qman-1803-Armored-car-8-in-1-with-361-pieces-5-300x178.png 300w, https:\/\/mouldking.store\/wp-content\/uploads\/2022\/02\/Qman-1803-Armored-car-8-in-1-with-361-pieces-5-768x455.png 768w, https:\/\/mouldking.store\/wp-content\/uploads\/2022\/02\/Qman-1803-Armored-car-8-in-1-with-361-pieces-5-600x356.png 600w, https:\/\/mouldking.store\/wp-content\/uploads\/2022\/02\/Qman-1803-Armored-car-8-in-1-with-361-pieces-5-150x89.png 150w\" sizes=\"(max-width: 776px) 100vw, 776px\" \/><figcaption id=\"caption-attachment-29959\" class=\"wp-caption-text\">Qman 1803 Armoured Car 8 in 1 mit 361 Teilen<\/figcaption><\/figure>","protected":false},"excerpt":{"rendered":"<p>Product information: Brand: Qman Gender: Unisex Name: Armored Car 8 in 1 Age Range: &gt; 6 years old Model Number: 1803 Classification: Assemblage Plastic Block Shape: Self-Locking Bricks Material: Plastic Plastic Type: ABS Bricks Blocks: 361 PCS Contains detailed assembly instructions. Notice: 1. Without an original box, but we guarantee our products have quality assurance [&hellip;]<\/p>","protected":false},"featured_media":29954,"comment_status":"closed","ping_status":"closed","template":"","meta":{"_acf_changed":false},"product_cat":[372],"product_tag":[4799,4779,4800,4797,4125,4796,4798,4795,4794],"class_list":["product","first","instock","shipping-taxable","purchasable","product-type-simple"],"acf":[],"_links":{"self":[{"href":"https:\/\/mouldking.store\/de\/wp-json\/wp\/v2\/product\/29953","targetHints":{"allow":["GET"]}}],"collection":[{"href":"https:\/\/mouldking.store\/de\/wp-json\/wp\/v2\/product"}],"about":[{"href":"https:\/\/mouldking.store\/de\/wp-json\/wp\/v2\/types\/product"}],"replies":[{"embeddable":true,"href":"https:\/\/mouldking.store\/de\/wp-json\/wp\/v2\/comments?post=29953"}],"wp:featuredmedia":[{"embeddable":true,"href":"https:\/\/mouldking.store\/de\/wp-json\/wp\/v2\/media\/29954"}],"wp:attachment":[{"href":"https:\/\/mouldking.store\/de\/wp-json\/wp\/v2\/media?parent=29953"}],"wp:term":[{"taxonomy":"product_cat","embeddable":true,"href":"https:\/\/mouldking.store\/de\/wp-json\/wp\/v2\/product_cat?post=29953"},{"taxonomy":"product_tag","embeddable":true,"href":"https:\/\/mouldking.store\/de\/wp-json\/wp\/v2\/product_tag?post=29953"}],"curies":[{"name":"wp","href":"https:\/\/api.w.org\/{rel}","templated":true}]}}