{"id":29981,"date":"2022-02-23T18:12:24","date_gmt":"2022-02-23T11:12:24","guid":{"rendered":"https:\/\/mouldking.store\/?post_type=product&#038;p=29981"},"modified":"2022-02-23T18:12:24","modified_gmt":"2022-02-23T11:12:24","slug":"qman-23012-df-41-ballistic-missile-with-1868-pieces","status":"publish","type":"product","link":"https:\/\/mouldking.store\/de\/shop\/qman-23012-df-41-ballistic-missile-with-1868-pieces\/","title":{"rendered":"Qman 23012 DF-41 Ballistische Rakete mit 1868 St\u00fcck"},"content":{"rendered":"<p>Produktinformation:<\/p>\n<ol>\n<li>Marke: Qman<\/li>\n<li>Geschlecht: Unisex<\/li>\n<li>Name: DF-41 Ballistic Missile<\/li>\n<li>Altersspanne: &gt; 6 Jahre alt<\/li>\n<li>Model Number: 23012<\/li>\n<li>Einstufung: Assemblage<\/li>\n<li>Kunststoffblockform: Selbstsichernde Steine<\/li>\n<li>Material: Kunststoff<\/li>\n<li>Kunststofftyp: ABS<\/li>\n<li>Bricks Blocks: 1868 PCS<\/li>\n<li>Enth\u00e4lt eine ausf\u00fchrliche Montageanleitung.<\/li>\n<\/ol>\n<p>Notiz:<br \/>\n1. Ohne Originalverpackung, aber wir garantieren, dass unsere Produkte eine Qualit\u00e4tssicherung und eine sch\u00f6ne Verpackung haben.<br \/>\n2. Wie alle Teile, die wir vor dem Versand \u00fcberpr\u00fcft haben, machen Sie sich keine Sorgen, wenn Sie feststellen, dass einige Teile fehlen oder besch\u00e4digt sind, und kontaktieren Sie uns einfach, und wir k\u00f6nnen sie Ihnen umgehend kostenlos erneut zusenden.<\/p>\n<figure id=\"attachment_29982\" aria-describedby=\"caption-attachment-29982\" style=\"width: 800px\" class=\"wp-caption aligncenter\"><img fetchpriority=\"high\" decoding=\"async\" class=\"wp-image-29982 size-full\" src=\"https:\/\/mouldking.store\/wp-content\/uploads\/2022\/02\/Qman-23012-DF-41-Ballistic-Missile-with-1868-pieces-1.jpg\" alt=\"Qman 23012 DF-41 Ballistic Missile with 1868 pieces\" width=\"800\" height=\"800\" title=\"-\" srcset=\"https:\/\/mouldking.store\/wp-content\/uploads\/2022\/02\/Qman-23012-DF-41-Ballistic-Missile-with-1868-pieces-1.jpg 800w, https:\/\/mouldking.store\/wp-content\/uploads\/2022\/02\/Qman-23012-DF-41-Ballistic-Missile-with-1868-pieces-1-300x300.jpg 300w, https:\/\/mouldking.store\/wp-content\/uploads\/2022\/02\/Qman-23012-DF-41-Ballistic-Missile-with-1868-pieces-1-768x768.jpg 768w, https:\/\/mouldking.store\/wp-content\/uploads\/2022\/02\/Qman-23012-DF-41-Ballistic-Missile-with-1868-pieces-1-600x600.jpg 600w, https:\/\/mouldking.store\/wp-content\/uploads\/2022\/02\/Qman-23012-DF-41-Ballistic-Missile-with-1868-pieces-1-150x150.jpg 150w\" sizes=\"(max-width: 800px) 100vw, 800px\" \/><figcaption id=\"caption-attachment-29982\" class=\"wp-caption-text\">Qman 23012 DF-41 Ballistische Rakete mit 1868 St\u00fcck<\/figcaption><\/figure>\n<figure id=\"attachment_29991\" aria-describedby=\"caption-attachment-29991\" style=\"width: 800px\" class=\"wp-caption aligncenter\"><img decoding=\"async\" class=\"wp-image-29991 size-full\" src=\"https:\/\/mouldking.store\/wp-content\/uploads\/2022\/02\/Qman-23012-DF-41-Ballistic-Missile-with-1868-pieces-10.jpg\" alt=\"Qman 23012 DF-41 Ballistic Missile with 1868 pieces\" width=\"800\" height=\"800\" title=\"-\" srcset=\"https:\/\/mouldking.store\/wp-content\/uploads\/2022\/02\/Qman-23012-DF-41-Ballistic-Missile-with-1868-pieces-10.jpg 800w, https:\/\/mouldking.store\/wp-content\/uploads\/2022\/02\/Qman-23012-DF-41-Ballistic-Missile-with-1868-pieces-10-300x300.jpg 300w, https:\/\/mouldking.store\/wp-content\/uploads\/2022\/02\/Qman-23012-DF-41-Ballistic-Missile-with-1868-pieces-10-768x768.jpg 768w, https:\/\/mouldking.store\/wp-content\/uploads\/2022\/02\/Qman-23012-DF-41-Ballistic-Missile-with-1868-pieces-10-600x600.jpg 600w, https:\/\/mouldking.store\/wp-content\/uploads\/2022\/02\/Qman-23012-DF-41-Ballistic-Missile-with-1868-pieces-10-150x150.jpg 150w\" sizes=\"(max-width: 800px) 100vw, 800px\" \/><figcaption id=\"caption-attachment-29991\" class=\"wp-caption-text\">Qman 23012 DF-41 Ballistische Rakete mit 1868 St\u00fcck<\/figcaption><\/figure>\n<figure id=\"attachment_29984\" aria-describedby=\"caption-attachment-29984\" style=\"width: 670px\" class=\"wp-caption aligncenter\"><img decoding=\"async\" class=\"wp-image-29984 size-full\" src=\"https:\/\/mouldking.store\/wp-content\/uploads\/2022\/02\/Qman-23012-DF-41-Ballistic-Missile-with-1868-pieces-3.jpg\" alt=\"Qman 23012 DF-41 Ballistic Missile with 1868 pieces\" width=\"670\" height=\"1024\" title=\"-\" srcset=\"https:\/\/mouldking.store\/wp-content\/uploads\/2022\/02\/Qman-23012-DF-41-Ballistic-Missile-with-1868-pieces-3.jpg 670w, https:\/\/mouldking.store\/wp-content\/uploads\/2022\/02\/Qman-23012-DF-41-Ballistic-Missile-with-1868-pieces-3-196x300.jpg 196w, https:\/\/mouldking.store\/wp-content\/uploads\/2022\/02\/Qman-23012-DF-41-Ballistic-Missile-with-1868-pieces-3-300x459.jpg 300w, https:\/\/mouldking.store\/wp-content\/uploads\/2022\/02\/Qman-23012-DF-41-Ballistic-Missile-with-1868-pieces-3-600x917.jpg 600w, https:\/\/mouldking.store\/wp-content\/uploads\/2022\/02\/Qman-23012-DF-41-Ballistic-Missile-with-1868-pieces-3-98x150.jpg 98w\" sizes=\"(max-width: 670px) 100vw, 670px\" \/><figcaption id=\"caption-attachment-29984\" class=\"wp-caption-text\">Qman 23012 DF-41 Ballistische Rakete mit 1868 St\u00fcck<\/figcaption><\/figure>\n<figure id=\"attachment_29988\" aria-describedby=\"caption-attachment-29988\" style=\"width: 674px\" class=\"wp-caption aligncenter\"><img loading=\"lazy\" decoding=\"async\" class=\"wp-image-29988 size-full\" src=\"https:\/\/mouldking.store\/wp-content\/uploads\/2022\/02\/Qman-23012-DF-41-Ballistic-Missile-with-1868-pieces-7.jpg\" alt=\"Qman 23012 DF-41 Ballistic Missile with 1868 pieces\" width=\"674\" height=\"1024\" title=\"-\" srcset=\"https:\/\/mouldking.store\/wp-content\/uploads\/2022\/02\/Qman-23012-DF-41-Ballistic-Missile-with-1868-pieces-7.jpg 674w, https:\/\/mouldking.store\/wp-content\/uploads\/2022\/02\/Qman-23012-DF-41-Ballistic-Missile-with-1868-pieces-7-197x300.jpg 197w, https:\/\/mouldking.store\/wp-content\/uploads\/2022\/02\/Qman-23012-DF-41-Ballistic-Missile-with-1868-pieces-7-300x456.jpg 300w, https:\/\/mouldking.store\/wp-content\/uploads\/2022\/02\/Qman-23012-DF-41-Ballistic-Missile-with-1868-pieces-7-600x912.jpg 600w, https:\/\/mouldking.store\/wp-content\/uploads\/2022\/02\/Qman-23012-DF-41-Ballistic-Missile-with-1868-pieces-7-99x150.jpg 99w\" sizes=\"(max-width: 674px) 100vw, 674px\" \/><figcaption id=\"caption-attachment-29988\" class=\"wp-caption-text\">Qman 23012 DF-41 Ballistische Rakete mit 1868 St\u00fcck<\/figcaption><\/figure>\n<figure id=\"attachment_29990\" aria-describedby=\"caption-attachment-29990\" style=\"width: 668px\" class=\"wp-caption aligncenter\"><img loading=\"lazy\" decoding=\"async\" class=\"wp-image-29990 size-full\" src=\"https:\/\/mouldking.store\/wp-content\/uploads\/2022\/02\/Qman-23012-DF-41-Ballistic-Missile-with-1868-pieces-9.jpg\" alt=\"Qman 23012 DF-41 Ballistic Missile with 1868 pieces\" width=\"668\" height=\"1024\" title=\"-\" srcset=\"https:\/\/mouldking.store\/wp-content\/uploads\/2022\/02\/Qman-23012-DF-41-Ballistic-Missile-with-1868-pieces-9.jpg 668w, https:\/\/mouldking.store\/wp-content\/uploads\/2022\/02\/Qman-23012-DF-41-Ballistic-Missile-with-1868-pieces-9-196x300.jpg 196w, https:\/\/mouldking.store\/wp-content\/uploads\/2022\/02\/Qman-23012-DF-41-Ballistic-Missile-with-1868-pieces-9-300x460.jpg 300w, https:\/\/mouldking.store\/wp-content\/uploads\/2022\/02\/Qman-23012-DF-41-Ballistic-Missile-with-1868-pieces-9-600x920.jpg 600w, https:\/\/mouldking.store\/wp-content\/uploads\/2022\/02\/Qman-23012-DF-41-Ballistic-Missile-with-1868-pieces-9-98x150.jpg 98w\" sizes=\"(max-width: 668px) 100vw, 668px\" \/><figcaption id=\"caption-attachment-29990\" class=\"wp-caption-text\">Qman 23012 DF-41 Ballistische Rakete mit 1868 St\u00fcck<\/figcaption><\/figure>\n<figure id=\"attachment_29989\" aria-describedby=\"caption-attachment-29989\" style=\"width: 750px\" class=\"wp-caption aligncenter\"><img loading=\"lazy\" decoding=\"async\" class=\"wp-image-29989 size-full\" src=\"https:\/\/mouldking.store\/wp-content\/uploads\/2022\/02\/Qman-23012-DF-41-Ballistic-Missile-with-1868-pieces-8.jpg\" alt=\"Qman 23012 DF-41 Ballistic Missile with 1868 pieces\" width=\"750\" height=\"800\" title=\"-\" srcset=\"https:\/\/mouldking.store\/wp-content\/uploads\/2022\/02\/Qman-23012-DF-41-Ballistic-Missile-with-1868-pieces-8.jpg 750w, https:\/\/mouldking.store\/wp-content\/uploads\/2022\/02\/Qman-23012-DF-41-Ballistic-Missile-with-1868-pieces-8-281x300.jpg 281w, https:\/\/mouldking.store\/wp-content\/uploads\/2022\/02\/Qman-23012-DF-41-Ballistic-Missile-with-1868-pieces-8-300x320.jpg 300w, https:\/\/mouldking.store\/wp-content\/uploads\/2022\/02\/Qman-23012-DF-41-Ballistic-Missile-with-1868-pieces-8-600x640.jpg 600w, https:\/\/mouldking.store\/wp-content\/uploads\/2022\/02\/Qman-23012-DF-41-Ballistic-Missile-with-1868-pieces-8-141x150.jpg 141w\" sizes=\"(max-width: 750px) 100vw, 750px\" \/><figcaption id=\"caption-attachment-29989\" class=\"wp-caption-text\">Qman 23012 DF-41 Ballistische Rakete mit 1868 St\u00fcck<\/figcaption><\/figure>\n<figure id=\"attachment_29983\" aria-describedby=\"caption-attachment-29983\" style=\"width: 800px\" class=\"wp-caption aligncenter\"><img loading=\"lazy\" decoding=\"async\" class=\"wp-image-29983 size-full\" src=\"https:\/\/mouldking.store\/wp-content\/uploads\/2022\/02\/Qman-23012-DF-41-Ballistic-Missile-with-1868-pieces-2.jpg\" alt=\"Qman 23012 DF-41 Ballistic Missile with 1868 pieces\" width=\"800\" height=\"800\" title=\"-\" srcset=\"https:\/\/mouldking.store\/wp-content\/uploads\/2022\/02\/Qman-23012-DF-41-Ballistic-Missile-with-1868-pieces-2.jpg 800w, https:\/\/mouldking.store\/wp-content\/uploads\/2022\/02\/Qman-23012-DF-41-Ballistic-Missile-with-1868-pieces-2-300x300.jpg 300w, https:\/\/mouldking.store\/wp-content\/uploads\/2022\/02\/Qman-23012-DF-41-Ballistic-Missile-with-1868-pieces-2-768x768.jpg 768w, https:\/\/mouldking.store\/wp-content\/uploads\/2022\/02\/Qman-23012-DF-41-Ballistic-Missile-with-1868-pieces-2-600x600.jpg 600w, https:\/\/mouldking.store\/wp-content\/uploads\/2022\/02\/Qman-23012-DF-41-Ballistic-Missile-with-1868-pieces-2-150x150.jpg 150w\" sizes=\"(max-width: 800px) 100vw, 800px\" \/><figcaption id=\"caption-attachment-29983\" class=\"wp-caption-text\">Qman 23012 DF-41 Ballistische Rakete mit 1868 St\u00fcck<\/figcaption><\/figure>\n<figure id=\"attachment_29987\" aria-describedby=\"caption-attachment-29987\" style=\"width: 653px\" class=\"wp-caption aligncenter\"><img loading=\"lazy\" decoding=\"async\" class=\"wp-image-29987 size-full\" src=\"https:\/\/mouldking.store\/wp-content\/uploads\/2022\/02\/Qman-23012-DF-41-Ballistic-Missile-with-1868-pieces-6.jpg\" alt=\"Qman 23012 DF-41 Ballistic Missile with 1868 pieces\" width=\"653\" height=\"1024\" title=\"-\" srcset=\"https:\/\/mouldking.store\/wp-content\/uploads\/2022\/02\/Qman-23012-DF-41-Ballistic-Missile-with-1868-pieces-6.jpg 653w, https:\/\/mouldking.store\/wp-content\/uploads\/2022\/02\/Qman-23012-DF-41-Ballistic-Missile-with-1868-pieces-6-191x300.jpg 191w, https:\/\/mouldking.store\/wp-content\/uploads\/2022\/02\/Qman-23012-DF-41-Ballistic-Missile-with-1868-pieces-6-300x470.jpg 300w, https:\/\/mouldking.store\/wp-content\/uploads\/2022\/02\/Qman-23012-DF-41-Ballistic-Missile-with-1868-pieces-6-600x941.jpg 600w, https:\/\/mouldking.store\/wp-content\/uploads\/2022\/02\/Qman-23012-DF-41-Ballistic-Missile-with-1868-pieces-6-96x150.jpg 96w\" sizes=\"(max-width: 653px) 100vw, 653px\" \/><figcaption id=\"caption-attachment-29987\" class=\"wp-caption-text\">Qman 23012 DF-41 Ballistische Rakete mit 1868 St\u00fcck<\/figcaption><\/figure>\n<figure id=\"attachment_29986\" aria-describedby=\"caption-attachment-29986\" style=\"width: 638px\" class=\"wp-caption aligncenter\"><img loading=\"lazy\" decoding=\"async\" class=\"wp-image-29986 size-full\" src=\"https:\/\/mouldking.store\/wp-content\/uploads\/2022\/02\/Qman-23012-DF-41-Ballistic-Missile-with-1868-pieces-5.jpg\" alt=\"Qman 23012 DF-41 Ballistic Missile with 1868 pieces\" width=\"638\" height=\"1024\" title=\"-\" srcset=\"https:\/\/mouldking.store\/wp-content\/uploads\/2022\/02\/Qman-23012-DF-41-Ballistic-Missile-with-1868-pieces-5.jpg 638w, https:\/\/mouldking.store\/wp-content\/uploads\/2022\/02\/Qman-23012-DF-41-Ballistic-Missile-with-1868-pieces-5-187x300.jpg 187w, https:\/\/mouldking.store\/wp-content\/uploads\/2022\/02\/Qman-23012-DF-41-Ballistic-Missile-with-1868-pieces-5-300x482.jpg 300w, https:\/\/mouldking.store\/wp-content\/uploads\/2022\/02\/Qman-23012-DF-41-Ballistic-Missile-with-1868-pieces-5-600x963.jpg 600w, https:\/\/mouldking.store\/wp-content\/uploads\/2022\/02\/Qman-23012-DF-41-Ballistic-Missile-with-1868-pieces-5-93x150.jpg 93w\" sizes=\"(max-width: 638px) 100vw, 638px\" \/><figcaption id=\"caption-attachment-29986\" class=\"wp-caption-text\">Qman 23012 DF-41 Ballistische Rakete mit 1868 St\u00fcck<\/figcaption><\/figure>\n<figure id=\"attachment_29985\" aria-describedby=\"caption-attachment-29985\" style=\"width: 800px\" class=\"wp-caption aligncenter\"><img loading=\"lazy\" decoding=\"async\" class=\"wp-image-29985 size-full\" src=\"https:\/\/mouldking.store\/wp-content\/uploads\/2022\/02\/Qman-23012-DF-41-Ballistic-Missile-with-1868-pieces-4.jpg\" alt=\"Qman 23012 DF-41 Ballistic Missile with 1868 pieces\" width=\"800\" height=\"949\" title=\"-\" srcset=\"https:\/\/mouldking.store\/wp-content\/uploads\/2022\/02\/Qman-23012-DF-41-Ballistic-Missile-with-1868-pieces-4.jpg 800w, https:\/\/mouldking.store\/wp-content\/uploads\/2022\/02\/Qman-23012-DF-41-Ballistic-Missile-with-1868-pieces-4-253x300.jpg 253w, https:\/\/mouldking.store\/wp-content\/uploads\/2022\/02\/Qman-23012-DF-41-Ballistic-Missile-with-1868-pieces-4-768x911.jpg 768w, https:\/\/mouldking.store\/wp-content\/uploads\/2022\/02\/Qman-23012-DF-41-Ballistic-Missile-with-1868-pieces-4-300x356.jpg 300w, https:\/\/mouldking.store\/wp-content\/uploads\/2022\/02\/Qman-23012-DF-41-Ballistic-Missile-with-1868-pieces-4-600x712.jpg 600w, https:\/\/mouldking.store\/wp-content\/uploads\/2022\/02\/Qman-23012-DF-41-Ballistic-Missile-with-1868-pieces-4-126x150.jpg 126w\" sizes=\"(max-width: 800px) 100vw, 800px\" \/><figcaption id=\"caption-attachment-29985\" class=\"wp-caption-text\">Qman 23012 DF-41 Ballistische Rakete mit 1868 St\u00fcck<\/figcaption><\/figure>","protected":false},"excerpt":{"rendered":"<p>Product information: Brand: Qman Gender: Unisex Name: DF-41 Ballistic Missile Age Range: &gt; 6 years old Model Number: 23012 Classification: Assemblage Plastic Block Shape: Self-Locking Bricks Material: Plastic Plastic Type: ABS Bricks Blocks: 1868 PCS Contains detailed assembly instructions. Notice: 1. Without an original box, but we guarantee our products have quality assurance and nice [&hellip;]<\/p>","protected":false},"featured_media":29982,"comment_status":"closed","ping_status":"closed","template":"","meta":{"_acf_changed":false},"product_cat":[372],"product_tag":[4820,4822,4821,4819,4125,4818,4817,4816],"class_list":["product","first","instock","shipping-taxable","purchasable","product-type-simple"],"acf":[],"_links":{"self":[{"href":"https:\/\/mouldking.store\/de\/wp-json\/wp\/v2\/product\/29981","targetHints":{"allow":["GET"]}}],"collection":[{"href":"https:\/\/mouldking.store\/de\/wp-json\/wp\/v2\/product"}],"about":[{"href":"https:\/\/mouldking.store\/de\/wp-json\/wp\/v2\/types\/product"}],"replies":[{"embeddable":true,"href":"https:\/\/mouldking.store\/de\/wp-json\/wp\/v2\/comments?post=29981"}],"wp:featuredmedia":[{"embeddable":true,"href":"https:\/\/mouldking.store\/de\/wp-json\/wp\/v2\/media\/29982"}],"wp:attachment":[{"href":"https:\/\/mouldking.store\/de\/wp-json\/wp\/v2\/media?parent=29981"}],"wp:term":[{"taxonomy":"product_cat","embeddable":true,"href":"https:\/\/mouldking.store\/de\/wp-json\/wp\/v2\/product_cat?post=29981"},{"taxonomy":"product_tag","embeddable":true,"href":"https:\/\/mouldking.store\/de\/wp-json\/wp\/v2\/product_tag?post=29981"}],"curies":[{"name":"wp","href":"https:\/\/api.w.org\/{rel}","templated":true}]}}