{"id":29992,"date":"2022-02-23T18:21:18","date_gmt":"2022-02-23T11:21:18","guid":{"rendered":"https:\/\/mouldking.store\/?post_type=product&#038;p=29992"},"modified":"2022-02-23T18:21:18","modified_gmt":"2022-02-23T11:21:18","slug":"qman-5301-5302-masha","status":"publish","type":"product","link":"https:\/\/mouldking.store\/de\/shop\/qman-5301-5302-masha\/","title":{"rendered":"Qman 5301-5302 Mascha"},"content":{"rendered":"<p>Produktinformation:<\/p>\n<ol>\n<li>Marke: Qman<\/li>\n<li>Geschlecht: Unisex<\/li>\n<li>Name: Masha<\/li>\n<li>Altersspanne: &gt; 6 Jahre alt<\/li>\n<li>Model Number: 5301-5302<\/li>\n<li>Einstufung: Assemblage<\/li>\n<li>Kunststoffblockform: Selbstsichernde Steine<\/li>\n<li>Material: Kunststoff<\/li>\n<li>Kunststofftyp: ABS<\/li>\n<li>Bricks Blocks: 5301 ~10+PCS, 5302 ~12+PCS, 5301-5302 \u00a022~+PCS<\/li>\n<li>Enth\u00e4lt eine ausf\u00fchrliche Montageanleitung.<\/li>\n<\/ol>\n<p>Notiz:<br \/>\n1. Ohne Originalverpackung, aber wir garantieren, dass unsere Produkte eine Qualit\u00e4tssicherung und eine sch\u00f6ne Verpackung haben.<br \/>\n2. Wie alle Teile, die wir vor dem Versand \u00fcberpr\u00fcft haben, machen Sie sich keine Sorgen, wenn Sie feststellen, dass einige Teile fehlen oder besch\u00e4digt sind, und kontaktieren Sie uns einfach, und wir k\u00f6nnen sie Ihnen umgehend kostenlos erneut zusenden.<\/p>\n<figure id=\"attachment_29997\" aria-describedby=\"caption-attachment-29997\" style=\"width: 750px\" class=\"wp-caption aligncenter\"><img fetchpriority=\"high\" decoding=\"async\" class=\"wp-image-29997 size-full\" src=\"https:\/\/mouldking.store\/wp-content\/uploads\/2022\/02\/Qman-5301-5302-Masha-2.jpg\" alt=\"Qman 5301-5302 Masha\" width=\"750\" height=\"558\" title=\"-\" srcset=\"https:\/\/mouldking.store\/wp-content\/uploads\/2022\/02\/Qman-5301-5302-Masha-2.jpg 750w, https:\/\/mouldking.store\/wp-content\/uploads\/2022\/02\/Qman-5301-5302-Masha-2-300x223.jpg 300w, https:\/\/mouldking.store\/wp-content\/uploads\/2022\/02\/Qman-5301-5302-Masha-2-600x446.jpg 600w, https:\/\/mouldking.store\/wp-content\/uploads\/2022\/02\/Qman-5301-5302-Masha-2-150x112.jpg 150w\" sizes=\"(max-width: 750px) 100vw, 750px\" \/><figcaption id=\"caption-attachment-29997\" class=\"wp-caption-text\">Qman 5301-5302 Mascha<\/figcaption><\/figure>\n<figure id=\"attachment_29995\" aria-describedby=\"caption-attachment-29995\" style=\"width: 800px\" class=\"wp-caption aligncenter\"><img decoding=\"async\" class=\"wp-image-29995 size-full\" src=\"https:\/\/mouldking.store\/wp-content\/uploads\/2022\/02\/Qman-5301-5302-Masha-6.jpg\" alt=\"Qman 5301-5302 Masha\" width=\"800\" height=\"800\" title=\"-\" srcset=\"https:\/\/mouldking.store\/wp-content\/uploads\/2022\/02\/Qman-5301-5302-Masha-6.jpg 800w, https:\/\/mouldking.store\/wp-content\/uploads\/2022\/02\/Qman-5301-5302-Masha-6-300x300.jpg 300w, https:\/\/mouldking.store\/wp-content\/uploads\/2022\/02\/Qman-5301-5302-Masha-6-768x768.jpg 768w, https:\/\/mouldking.store\/wp-content\/uploads\/2022\/02\/Qman-5301-5302-Masha-6-600x600.jpg 600w, https:\/\/mouldking.store\/wp-content\/uploads\/2022\/02\/Qman-5301-5302-Masha-6-150x150.jpg 150w\" sizes=\"(max-width: 800px) 100vw, 800px\" \/><figcaption id=\"caption-attachment-29995\" class=\"wp-caption-text\">Qman 5301-5302 Mascha<\/figcaption><\/figure>\n<figure id=\"attachment_29996\" aria-describedby=\"caption-attachment-29996\" style=\"width: 800px\" class=\"wp-caption aligncenter\"><img decoding=\"async\" class=\"wp-image-29996 size-full\" src=\"https:\/\/mouldking.store\/wp-content\/uploads\/2022\/02\/Qman-5301-5302-Masha-1.jpg\" alt=\"Qman 5301-5302 Masha\" width=\"800\" height=\"800\" title=\"-\" srcset=\"https:\/\/mouldking.store\/wp-content\/uploads\/2022\/02\/Qman-5301-5302-Masha-1.jpg 800w, https:\/\/mouldking.store\/wp-content\/uploads\/2022\/02\/Qman-5301-5302-Masha-1-300x300.jpg 300w, https:\/\/mouldking.store\/wp-content\/uploads\/2022\/02\/Qman-5301-5302-Masha-1-768x768.jpg 768w, https:\/\/mouldking.store\/wp-content\/uploads\/2022\/02\/Qman-5301-5302-Masha-1-600x600.jpg 600w, https:\/\/mouldking.store\/wp-content\/uploads\/2022\/02\/Qman-5301-5302-Masha-1-150x150.jpg 150w\" sizes=\"(max-width: 800px) 100vw, 800px\" \/><figcaption id=\"caption-attachment-29996\" class=\"wp-caption-text\">Qman 5301-5302 Mascha<\/figcaption><\/figure>\n<figure id=\"attachment_29994\" aria-describedby=\"caption-attachment-29994\" style=\"width: 800px\" class=\"wp-caption aligncenter\"><img loading=\"lazy\" decoding=\"async\" class=\"wp-image-29994 size-full\" src=\"https:\/\/mouldking.store\/wp-content\/uploads\/2022\/02\/Qman-5301-5302-Masha-5.jpg\" alt=\"Qman 5301-5302 Masha\" width=\"800\" height=\"800\" title=\"-\" srcset=\"https:\/\/mouldking.store\/wp-content\/uploads\/2022\/02\/Qman-5301-5302-Masha-5.jpg 800w, https:\/\/mouldking.store\/wp-content\/uploads\/2022\/02\/Qman-5301-5302-Masha-5-300x300.jpg 300w, https:\/\/mouldking.store\/wp-content\/uploads\/2022\/02\/Qman-5301-5302-Masha-5-768x768.jpg 768w, https:\/\/mouldking.store\/wp-content\/uploads\/2022\/02\/Qman-5301-5302-Masha-5-600x600.jpg 600w, https:\/\/mouldking.store\/wp-content\/uploads\/2022\/02\/Qman-5301-5302-Masha-5-150x150.jpg 150w\" sizes=\"(max-width: 800px) 100vw, 800px\" \/><figcaption id=\"caption-attachment-29994\" class=\"wp-caption-text\">Qman 5301-5302 Mascha<\/figcaption><\/figure>\n<figure id=\"attachment_29993\" aria-describedby=\"caption-attachment-29993\" style=\"width: 642px\" class=\"wp-caption aligncenter\"><img loading=\"lazy\" decoding=\"async\" class=\"wp-image-29993 size-full\" src=\"https:\/\/mouldking.store\/wp-content\/uploads\/2022\/02\/Qman-5301-5302-Masha-4.jpg\" alt=\"Qman 5301-5302 Masha\" width=\"642\" height=\"1024\" title=\"-\" srcset=\"https:\/\/mouldking.store\/wp-content\/uploads\/2022\/02\/Qman-5301-5302-Masha-4.jpg 642w, https:\/\/mouldking.store\/wp-content\/uploads\/2022\/02\/Qman-5301-5302-Masha-4-188x300.jpg 188w, https:\/\/mouldking.store\/wp-content\/uploads\/2022\/02\/Qman-5301-5302-Masha-4-300x479.jpg 300w, https:\/\/mouldking.store\/wp-content\/uploads\/2022\/02\/Qman-5301-5302-Masha-4-600x957.jpg 600w, https:\/\/mouldking.store\/wp-content\/uploads\/2022\/02\/Qman-5301-5302-Masha-4-94x150.jpg 94w\" sizes=\"(max-width: 642px) 100vw, 642px\" \/><figcaption id=\"caption-attachment-29993\" class=\"wp-caption-text\">Qman 5301-5302 Mascha<\/figcaption><\/figure>\n<figure id=\"attachment_29998\" aria-describedby=\"caption-attachment-29998\" style=\"width: 800px\" class=\"wp-caption aligncenter\"><img loading=\"lazy\" decoding=\"async\" class=\"wp-image-29998 size-full\" src=\"https:\/\/mouldking.store\/wp-content\/uploads\/2022\/02\/Qman-5301-5302-Masha-3.jpg\" alt=\"Qman 5301-5302 Masha\" width=\"800\" height=\"800\" title=\"-\" srcset=\"https:\/\/mouldking.store\/wp-content\/uploads\/2022\/02\/Qman-5301-5302-Masha-3.jpg 800w, https:\/\/mouldking.store\/wp-content\/uploads\/2022\/02\/Qman-5301-5302-Masha-3-300x300.jpg 300w, https:\/\/mouldking.store\/wp-content\/uploads\/2022\/02\/Qman-5301-5302-Masha-3-768x768.jpg 768w, https:\/\/mouldking.store\/wp-content\/uploads\/2022\/02\/Qman-5301-5302-Masha-3-600x600.jpg 600w, https:\/\/mouldking.store\/wp-content\/uploads\/2022\/02\/Qman-5301-5302-Masha-3-150x150.jpg 150w\" sizes=\"(max-width: 800px) 100vw, 800px\" \/><figcaption id=\"caption-attachment-29998\" class=\"wp-caption-text\">Qman 5301-5302 Mascha<\/figcaption><\/figure>","protected":false},"excerpt":{"rendered":"<p>Product information: Brand: Qman Gender: Unisex Name: Masha Age Range: &gt; 6 years old Model Number: 5301-5302 Classification: Assemblage Plastic Block Shape: Self-Locking Bricks Material: Plastic Plastic Type: ABS Bricks Blocks: 5301 ~10+PCS, 5302 ~12+PCS, 5301-5302 \u00a022~+PCS Contains detailed assembly instructions. Notice: 1. Without an original box, but we guarantee our products have quality assurance [&hellip;]<\/p>","protected":false},"featured_media":29995,"comment_status":"closed","ping_status":"closed","template":"","meta":{"_acf_changed":false},"product_cat":[581],"product_tag":[4828,4827,4826,4829,4825,4125,4824,4823],"class_list":["product","first","instock","shipping-taxable","purchasable","product-type-variable"],"acf":[],"_links":{"self":[{"href":"https:\/\/mouldking.store\/de\/wp-json\/wp\/v2\/product\/29992","targetHints":{"allow":["GET"]}}],"collection":[{"href":"https:\/\/mouldking.store\/de\/wp-json\/wp\/v2\/product"}],"about":[{"href":"https:\/\/mouldking.store\/de\/wp-json\/wp\/v2\/types\/product"}],"replies":[{"embeddable":true,"href":"https:\/\/mouldking.store\/de\/wp-json\/wp\/v2\/comments?post=29992"}],"wp:featuredmedia":[{"embeddable":true,"href":"https:\/\/mouldking.store\/de\/wp-json\/wp\/v2\/media\/29995"}],"wp:attachment":[{"href":"https:\/\/mouldking.store\/de\/wp-json\/wp\/v2\/media?parent=29992"}],"wp:term":[{"taxonomy":"product_cat","embeddable":true,"href":"https:\/\/mouldking.store\/de\/wp-json\/wp\/v2\/product_cat?post=29992"},{"taxonomy":"product_tag","embeddable":true,"href":"https:\/\/mouldking.store\/de\/wp-json\/wp\/v2\/product_tag?post=29992"}],"curies":[{"name":"wp","href":"https:\/\/api.w.org\/{rel}","templated":true}]}}