{"id":30002,"date":"2022-02-23T18:25:26","date_gmt":"2022-02-23T11:25:26","guid":{"rendered":"https:\/\/mouldking.store\/?post_type=product&#038;p=30002"},"modified":"2022-02-23T18:25:26","modified_gmt":"2022-02-23T11:25:26","slug":"qman-5212-bear-house-with-113-pieces","status":"publish","type":"product","link":"https:\/\/mouldking.store\/de\/shop\/qman-5212-bear-house-with-113-pieces\/","title":{"rendered":"Qman 5212 B\u00e4renhaus mit 113 Teilen"},"content":{"rendered":"<p>Produktinformation:<\/p>\n<ol>\n<li>Marke: Qman<\/li>\n<li>Geschlecht: Unisex<\/li>\n<li>Name: Bear House<\/li>\n<li>Altersspanne: &gt; 6 Jahre alt<\/li>\n<li>Model Number: 5212<\/li>\n<li>Einstufung: Assemblage<\/li>\n<li>Kunststoffblockform: Selbstsichernde Steine<\/li>\n<li>Material: Kunststoff<\/li>\n<li>Kunststofftyp: ABS<\/li>\n<li>Bricks Blocks: 113 PCS<\/li>\n<li>Enth\u00e4lt eine ausf\u00fchrliche Montageanleitung.<\/li>\n<\/ol>\n<p>Notiz:<br \/>\n1. Ohne Originalverpackung, aber wir garantieren, dass unsere Produkte eine Qualit\u00e4tssicherung und eine sch\u00f6ne Verpackung haben.<br \/>\n2. Wie alle Teile, die wir vor dem Versand \u00fcberpr\u00fcft haben, machen Sie sich keine Sorgen, wenn Sie feststellen, dass einige Teile fehlen oder besch\u00e4digt sind, und kontaktieren Sie uns einfach, und wir k\u00f6nnen sie Ihnen umgehend kostenlos erneut zusenden.<\/p>\n<figure id=\"attachment_30006\" aria-describedby=\"caption-attachment-30006\" style=\"width: 750px\" class=\"wp-caption aligncenter\"><img fetchpriority=\"high\" decoding=\"async\" class=\"wp-image-30006 size-full\" src=\"https:\/\/mouldking.store\/wp-content\/uploads\/2022\/02\/Qman-5212-Bear-House-with-113-pieces-5.jpg\" alt=\"Qman 5212 Bear House with 113 pieces\" width=\"750\" height=\"558\" title=\"-\" srcset=\"https:\/\/mouldking.store\/wp-content\/uploads\/2022\/02\/Qman-5212-Bear-House-with-113-pieces-5.jpg 750w, https:\/\/mouldking.store\/wp-content\/uploads\/2022\/02\/Qman-5212-Bear-House-with-113-pieces-5-300x223.jpg 300w, https:\/\/mouldking.store\/wp-content\/uploads\/2022\/02\/Qman-5212-Bear-House-with-113-pieces-5-600x446.jpg 600w, https:\/\/mouldking.store\/wp-content\/uploads\/2022\/02\/Qman-5212-Bear-House-with-113-pieces-5-150x112.jpg 150w\" sizes=\"(max-width: 750px) 100vw, 750px\" \/><figcaption id=\"caption-attachment-30006\" class=\"wp-caption-text\">Qman 5212 B\u00e4renhaus mit 113 Teilen<\/figcaption><\/figure>\n<figure id=\"attachment_30007\" aria-describedby=\"caption-attachment-30007\" style=\"width: 750px\" class=\"wp-caption aligncenter\"><img decoding=\"async\" class=\"wp-image-30007 size-full\" src=\"https:\/\/mouldking.store\/wp-content\/uploads\/2022\/02\/Qman-5212-Bear-House-with-113-pieces-6.jpg\" alt=\"Qman 5212 Bear House with 113 pieces\" width=\"750\" height=\"643\" title=\"-\" srcset=\"https:\/\/mouldking.store\/wp-content\/uploads\/2022\/02\/Qman-5212-Bear-House-with-113-pieces-6.jpg 750w, https:\/\/mouldking.store\/wp-content\/uploads\/2022\/02\/Qman-5212-Bear-House-with-113-pieces-6-300x257.jpg 300w, https:\/\/mouldking.store\/wp-content\/uploads\/2022\/02\/Qman-5212-Bear-House-with-113-pieces-6-600x514.jpg 600w, https:\/\/mouldking.store\/wp-content\/uploads\/2022\/02\/Qman-5212-Bear-House-with-113-pieces-6-150x129.jpg 150w\" sizes=\"(max-width: 750px) 100vw, 750px\" \/><figcaption id=\"caption-attachment-30007\" class=\"wp-caption-text\">Qman 5212 B\u00e4renhaus mit 113 Teilen<\/figcaption><\/figure>\n<figure id=\"attachment_30009\" aria-describedby=\"caption-attachment-30009\" style=\"width: 750px\" class=\"wp-caption aligncenter\"><img decoding=\"async\" class=\"wp-image-30009 size-full\" src=\"https:\/\/mouldking.store\/wp-content\/uploads\/2022\/02\/Qman-5212-Bear-House-with-113-pieces-8.jpg\" alt=\"Qman 5212 Bear House with 113 pieces\" width=\"750\" height=\"989\" title=\"-\" srcset=\"https:\/\/mouldking.store\/wp-content\/uploads\/2022\/02\/Qman-5212-Bear-House-with-113-pieces-8.jpg 750w, https:\/\/mouldking.store\/wp-content\/uploads\/2022\/02\/Qman-5212-Bear-House-with-113-pieces-8-228x300.jpg 228w, https:\/\/mouldking.store\/wp-content\/uploads\/2022\/02\/Qman-5212-Bear-House-with-113-pieces-8-300x396.jpg 300w, https:\/\/mouldking.store\/wp-content\/uploads\/2022\/02\/Qman-5212-Bear-House-with-113-pieces-8-600x791.jpg 600w, https:\/\/mouldking.store\/wp-content\/uploads\/2022\/02\/Qman-5212-Bear-House-with-113-pieces-8-114x150.jpg 114w\" sizes=\"(max-width: 750px) 100vw, 750px\" \/><figcaption id=\"caption-attachment-30009\" class=\"wp-caption-text\">Qman 5212 B\u00e4renhaus mit 113 Teilen<\/figcaption><\/figure>\n<figure id=\"attachment_30011\" aria-describedby=\"caption-attachment-30011\" style=\"width: 800px\" class=\"wp-caption aligncenter\"><img loading=\"lazy\" decoding=\"async\" class=\"wp-image-30011 size-full\" src=\"https:\/\/mouldking.store\/wp-content\/uploads\/2022\/02\/Qman-5212-Bear-House-with-113-pieces-1.jpg\" alt=\"Qman 5212 Bear House with 113 pieces\" width=\"800\" height=\"800\" title=\"-\" srcset=\"https:\/\/mouldking.store\/wp-content\/uploads\/2022\/02\/Qman-5212-Bear-House-with-113-pieces-1.jpg 800w, https:\/\/mouldking.store\/wp-content\/uploads\/2022\/02\/Qman-5212-Bear-House-with-113-pieces-1-300x300.jpg 300w, https:\/\/mouldking.store\/wp-content\/uploads\/2022\/02\/Qman-5212-Bear-House-with-113-pieces-1-768x768.jpg 768w, https:\/\/mouldking.store\/wp-content\/uploads\/2022\/02\/Qman-5212-Bear-House-with-113-pieces-1-600x600.jpg 600w, https:\/\/mouldking.store\/wp-content\/uploads\/2022\/02\/Qman-5212-Bear-House-with-113-pieces-1-150x150.jpg 150w\" sizes=\"(max-width: 800px) 100vw, 800px\" \/><figcaption id=\"caption-attachment-30011\" class=\"wp-caption-text\">Qman 5212 B\u00e4renhaus mit 113 Teilen<\/figcaption><\/figure>\n<figure id=\"attachment_30010\" aria-describedby=\"caption-attachment-30010\" style=\"width: 800px\" class=\"wp-caption aligncenter\"><img loading=\"lazy\" decoding=\"async\" class=\"wp-image-30010 size-full\" src=\"https:\/\/mouldking.store\/wp-content\/uploads\/2022\/02\/Qman-5212-Bear-House-with-113-pieces-9.jpg\" alt=\"Qman 5212 Bear House with 113 pieces\" width=\"800\" height=\"800\" title=\"-\" srcset=\"https:\/\/mouldking.store\/wp-content\/uploads\/2022\/02\/Qman-5212-Bear-House-with-113-pieces-9.jpg 800w, https:\/\/mouldking.store\/wp-content\/uploads\/2022\/02\/Qman-5212-Bear-House-with-113-pieces-9-300x300.jpg 300w, https:\/\/mouldking.store\/wp-content\/uploads\/2022\/02\/Qman-5212-Bear-House-with-113-pieces-9-768x768.jpg 768w, https:\/\/mouldking.store\/wp-content\/uploads\/2022\/02\/Qman-5212-Bear-House-with-113-pieces-9-600x600.jpg 600w, https:\/\/mouldking.store\/wp-content\/uploads\/2022\/02\/Qman-5212-Bear-House-with-113-pieces-9-150x150.jpg 150w\" sizes=\"(max-width: 800px) 100vw, 800px\" \/><figcaption id=\"caption-attachment-30010\" class=\"wp-caption-text\">Qman 5212 B\u00e4renhaus mit 113 Teilen<\/figcaption><\/figure>\n<figure id=\"attachment_30003\" aria-describedby=\"caption-attachment-30003\" style=\"width: 1024px\" class=\"wp-caption aligncenter\"><img loading=\"lazy\" decoding=\"async\" class=\"wp-image-30003 size-full\" src=\"https:\/\/mouldking.store\/wp-content\/uploads\/2022\/02\/Qman-5212-Bear-House-with-113-pieces-2.jpg\" alt=\"Qman 5212 Bear House with 113 pieces\" width=\"1024\" height=\"546\" title=\"-\" srcset=\"https:\/\/mouldking.store\/wp-content\/uploads\/2022\/02\/Qman-5212-Bear-House-with-113-pieces-2.jpg 1024w, https:\/\/mouldking.store\/wp-content\/uploads\/2022\/02\/Qman-5212-Bear-House-with-113-pieces-2-300x160.jpg 300w, https:\/\/mouldking.store\/wp-content\/uploads\/2022\/02\/Qman-5212-Bear-House-with-113-pieces-2-768x410.jpg 768w, https:\/\/mouldking.store\/wp-content\/uploads\/2022\/02\/Qman-5212-Bear-House-with-113-pieces-2-600x320.jpg 600w, https:\/\/mouldking.store\/wp-content\/uploads\/2022\/02\/Qman-5212-Bear-House-with-113-pieces-2-150x80.jpg 150w\" sizes=\"(max-width: 1024px) 100vw, 1024px\" \/><figcaption id=\"caption-attachment-30003\" class=\"wp-caption-text\">Qman 5212 B\u00e4renhaus mit 113 Teilen<\/figcaption><\/figure>\n<figure id=\"attachment_30004\" aria-describedby=\"caption-attachment-30004\" style=\"width: 800px\" class=\"wp-caption aligncenter\"><img loading=\"lazy\" decoding=\"async\" class=\"wp-image-30004 size-full\" src=\"https:\/\/mouldking.store\/wp-content\/uploads\/2022\/02\/Qman-5212-Bear-House-with-113-pieces-3.jpg\" alt=\"Qman 5212 Bear House with 113 pieces\" width=\"800\" height=\"800\" title=\"-\" srcset=\"https:\/\/mouldking.store\/wp-content\/uploads\/2022\/02\/Qman-5212-Bear-House-with-113-pieces-3.jpg 800w, https:\/\/mouldking.store\/wp-content\/uploads\/2022\/02\/Qman-5212-Bear-House-with-113-pieces-3-300x300.jpg 300w, https:\/\/mouldking.store\/wp-content\/uploads\/2022\/02\/Qman-5212-Bear-House-with-113-pieces-3-768x768.jpg 768w, https:\/\/mouldking.store\/wp-content\/uploads\/2022\/02\/Qman-5212-Bear-House-with-113-pieces-3-600x600.jpg 600w, https:\/\/mouldking.store\/wp-content\/uploads\/2022\/02\/Qman-5212-Bear-House-with-113-pieces-3-150x150.jpg 150w\" sizes=\"(max-width: 800px) 100vw, 800px\" \/><figcaption id=\"caption-attachment-30004\" class=\"wp-caption-text\">Qman 5212 B\u00e4renhaus mit 113 Teilen<\/figcaption><\/figure>\n<figure id=\"attachment_30005\" aria-describedby=\"caption-attachment-30005\" style=\"width: 800px\" class=\"wp-caption aligncenter\"><img loading=\"lazy\" decoding=\"async\" class=\"wp-image-30005 size-full\" src=\"https:\/\/mouldking.store\/wp-content\/uploads\/2022\/02\/Qman-5212-Bear-House-with-113-pieces-4.jpg\" alt=\"Qman 5212 Bear House with 113 pieces\" width=\"800\" height=\"800\" title=\"-\" srcset=\"https:\/\/mouldking.store\/wp-content\/uploads\/2022\/02\/Qman-5212-Bear-House-with-113-pieces-4.jpg 800w, https:\/\/mouldking.store\/wp-content\/uploads\/2022\/02\/Qman-5212-Bear-House-with-113-pieces-4-300x300.jpg 300w, https:\/\/mouldking.store\/wp-content\/uploads\/2022\/02\/Qman-5212-Bear-House-with-113-pieces-4-768x768.jpg 768w, https:\/\/mouldking.store\/wp-content\/uploads\/2022\/02\/Qman-5212-Bear-House-with-113-pieces-4-600x600.jpg 600w, https:\/\/mouldking.store\/wp-content\/uploads\/2022\/02\/Qman-5212-Bear-House-with-113-pieces-4-150x150.jpg 150w\" sizes=\"(max-width: 800px) 100vw, 800px\" \/><figcaption id=\"caption-attachment-30005\" class=\"wp-caption-text\">Qman 5212 B\u00e4renhaus mit 113 Teilen<\/figcaption><\/figure>\n<figure id=\"attachment_30008\" aria-describedby=\"caption-attachment-30008\" style=\"width: 800px\" class=\"wp-caption aligncenter\"><img loading=\"lazy\" decoding=\"async\" class=\"wp-image-30008 size-full\" src=\"https:\/\/mouldking.store\/wp-content\/uploads\/2022\/02\/Qman-5212-Bear-House-with-113-pieces-7.jpg\" alt=\"Qman 5212 Bear House with 113 pieces\" width=\"800\" height=\"800\" title=\"-\" srcset=\"https:\/\/mouldking.store\/wp-content\/uploads\/2022\/02\/Qman-5212-Bear-House-with-113-pieces-7.jpg 800w, https:\/\/mouldking.store\/wp-content\/uploads\/2022\/02\/Qman-5212-Bear-House-with-113-pieces-7-300x300.jpg 300w, https:\/\/mouldking.store\/wp-content\/uploads\/2022\/02\/Qman-5212-Bear-House-with-113-pieces-7-768x768.jpg 768w, https:\/\/mouldking.store\/wp-content\/uploads\/2022\/02\/Qman-5212-Bear-House-with-113-pieces-7-600x600.jpg 600w, https:\/\/mouldking.store\/wp-content\/uploads\/2022\/02\/Qman-5212-Bear-House-with-113-pieces-7-150x150.jpg 150w\" sizes=\"(max-width: 800px) 100vw, 800px\" \/><figcaption id=\"caption-attachment-30008\" class=\"wp-caption-text\">Qman 5212 B\u00e4renhaus mit 113 Teilen<\/figcaption><\/figure>","protected":false},"excerpt":{"rendered":"<p>Product information: Brand: Qman Gender: Unisex Name: Bear House Age Range: &gt; 6 years old Model Number: 5212 Classification: Assemblage Plastic Block Shape: Self-Locking Bricks Material: Plastic Plastic Type: ABS Bricks Blocks: 113 PCS Contains detailed assembly instructions. Notice: 1. Without an original box, but we guarantee our products have quality assurance and nice packaging. [&hellip;]<\/p>","protected":false},"featured_media":30011,"comment_status":"closed","ping_status":"closed","template":"","meta":{"_acf_changed":false},"product_cat":[581],"product_tag":[4834,2271,4833,2318,4125,4832,4831,4830],"class_list":["product","first","instock","shipping-taxable","purchasable","product-type-simple"],"acf":[],"_links":{"self":[{"href":"https:\/\/mouldking.store\/de\/wp-json\/wp\/v2\/product\/30002","targetHints":{"allow":["GET"]}}],"collection":[{"href":"https:\/\/mouldking.store\/de\/wp-json\/wp\/v2\/product"}],"about":[{"href":"https:\/\/mouldking.store\/de\/wp-json\/wp\/v2\/types\/product"}],"replies":[{"embeddable":true,"href":"https:\/\/mouldking.store\/de\/wp-json\/wp\/v2\/comments?post=30002"}],"wp:featuredmedia":[{"embeddable":true,"href":"https:\/\/mouldking.store\/de\/wp-json\/wp\/v2\/media\/30011"}],"wp:attachment":[{"href":"https:\/\/mouldking.store\/de\/wp-json\/wp\/v2\/media?parent=30002"}],"wp:term":[{"taxonomy":"product_cat","embeddable":true,"href":"https:\/\/mouldking.store\/de\/wp-json\/wp\/v2\/product_cat?post=30002"},{"taxonomy":"product_tag","embeddable":true,"href":"https:\/\/mouldking.store\/de\/wp-json\/wp\/v2\/product_tag?post=30002"}],"curies":[{"name":"wp","href":"https:\/\/api.w.org\/{rel}","templated":true}]}}