{"id":30115,"date":"2022-03-01T13:06:27","date_gmt":"2022-03-01T06:06:27","guid":{"rendered":"https:\/\/mouldking.store\/?post_type=product&#038;p=30115"},"modified":"2022-03-01T13:06:27","modified_gmt":"2022-03-01T06:06:27","slug":"qman-a0110-a0115-doraemon","status":"publish","type":"product","link":"https:\/\/mouldking.store\/de\/shop\/qman-a0110-a0115-doraemon\/","title":{"rendered":"Qman A0110-A0115 Doraemon"},"content":{"rendered":"<p>Produktinformation:<\/p>\n<ol>\n<li>Marke: Qman<\/li>\n<li>Geschlecht: Unisex<\/li>\n<li>Name: Doraemon<\/li>\n<li>Altersspanne: &gt; 6 Jahre alt<\/li>\n<li>Model Number: A0110-A0115<\/li>\n<li>Einstufung: Assemblage<\/li>\n<li>Kunststoffblockform: Selbstsichernde Steine<\/li>\n<li>Material: Kunststoff<\/li>\n<li>Kunststofftyp: ABS<\/li>\n<li>Bricks Blocks: A0110 ~125+PCS,\u00a0 A0111 ~154+PCS, A0112 ~131+PCS, A0113 ~137+PCS, A0114 ~137+PCS, A0115 ~143+PCS<\/li>\n<li>Enth\u00e4lt eine ausf\u00fchrliche Montageanleitung.<\/li>\n<\/ol>\n<p>Notiz:<br \/>\n1. Ohne Originalverpackung, aber wir garantieren, dass unsere Produkte eine Qualit\u00e4tssicherung und eine sch\u00f6ne Verpackung haben.<br \/>\n2. Wie alle Teile, die wir vor dem Versand \u00fcberpr\u00fcft haben, machen Sie sich keine Sorgen, wenn Sie feststellen, dass einige Teile fehlen oder besch\u00e4digt sind, und kontaktieren Sie uns einfach, und wir k\u00f6nnen sie Ihnen umgehend kostenlos erneut zusenden.<\/p>\n<figure id=\"attachment_30116\" aria-describedby=\"caption-attachment-30116\" style=\"width: 800px\" class=\"wp-caption aligncenter\"><img fetchpriority=\"high\" decoding=\"async\" class=\"wp-image-30116 size-full\" src=\"https:\/\/mouldking.store\/wp-content\/uploads\/2022\/03\/Qman-A0110-A0115-Doraemon-1.jpg\" alt=\"Qman A0110-A0115 Doraemon\" width=\"800\" height=\"800\" title=\"-\" srcset=\"https:\/\/mouldking.store\/wp-content\/uploads\/2022\/03\/Qman-A0110-A0115-Doraemon-1.jpg 800w, https:\/\/mouldking.store\/wp-content\/uploads\/2022\/03\/Qman-A0110-A0115-Doraemon-1-300x300.jpg 300w, https:\/\/mouldking.store\/wp-content\/uploads\/2022\/03\/Qman-A0110-A0115-Doraemon-1-768x768.jpg 768w, https:\/\/mouldking.store\/wp-content\/uploads\/2022\/03\/Qman-A0110-A0115-Doraemon-1-600x600.jpg 600w, https:\/\/mouldking.store\/wp-content\/uploads\/2022\/03\/Qman-A0110-A0115-Doraemon-1-150x150.jpg 150w\" sizes=\"(max-width: 800px) 100vw, 800px\" \/><figcaption id=\"caption-attachment-30116\" class=\"wp-caption-text\">Qman A0110-A0115 Doraemon<\/figcaption><\/figure>\n<figure id=\"attachment_30117\" aria-describedby=\"caption-attachment-30117\" style=\"width: 632px\" class=\"wp-caption aligncenter\"><img decoding=\"async\" class=\"wp-image-30117 size-full\" src=\"https:\/\/mouldking.store\/wp-content\/uploads\/2022\/03\/Qman-A0110-A0115-Doraemon-1.png\" alt=\"Qman A0110-A0115 Doraemon\" width=\"632\" height=\"451\" title=\"-\" srcset=\"https:\/\/mouldking.store\/wp-content\/uploads\/2022\/03\/Qman-A0110-A0115-Doraemon-1.png 632w, https:\/\/mouldking.store\/wp-content\/uploads\/2022\/03\/Qman-A0110-A0115-Doraemon-1-300x214.png 300w, https:\/\/mouldking.store\/wp-content\/uploads\/2022\/03\/Qman-A0110-A0115-Doraemon-1-600x428.png 600w, https:\/\/mouldking.store\/wp-content\/uploads\/2022\/03\/Qman-A0110-A0115-Doraemon-1-150x107.png 150w\" sizes=\"(max-width: 632px) 100vw, 632px\" \/><figcaption id=\"caption-attachment-30117\" class=\"wp-caption-text\">Qman A0110-A0115 Doraemon<\/figcaption><\/figure>\n<figure id=\"attachment_30118\" aria-describedby=\"caption-attachment-30118\" style=\"width: 633px\" class=\"wp-caption aligncenter\"><img decoding=\"async\" class=\"wp-image-30118 size-full\" src=\"https:\/\/mouldking.store\/wp-content\/uploads\/2022\/03\/Qman-A0110-A0115-Doraemon-2.png\" alt=\"Qman A0110-A0115 Doraemon\" width=\"633\" height=\"452\" title=\"-\" srcset=\"https:\/\/mouldking.store\/wp-content\/uploads\/2022\/03\/Qman-A0110-A0115-Doraemon-2.png 633w, https:\/\/mouldking.store\/wp-content\/uploads\/2022\/03\/Qman-A0110-A0115-Doraemon-2-300x214.png 300w, https:\/\/mouldking.store\/wp-content\/uploads\/2022\/03\/Qman-A0110-A0115-Doraemon-2-600x428.png 600w, https:\/\/mouldking.store\/wp-content\/uploads\/2022\/03\/Qman-A0110-A0115-Doraemon-2-150x107.png 150w\" sizes=\"(max-width: 633px) 100vw, 633px\" \/><figcaption id=\"caption-attachment-30118\" class=\"wp-caption-text\">Qman A0110-A0115 Doraemon<\/figcaption><\/figure>\n<figure id=\"attachment_30119\" aria-describedby=\"caption-attachment-30119\" style=\"width: 637px\" class=\"wp-caption aligncenter\"><img loading=\"lazy\" decoding=\"async\" class=\"wp-image-30119 size-full\" src=\"https:\/\/mouldking.store\/wp-content\/uploads\/2022\/03\/Qman-A0110-A0115-Doraemon-3.png\" alt=\"Qman A0110-A0115 Doraemon\" width=\"637\" height=\"451\" title=\"-\" srcset=\"https:\/\/mouldking.store\/wp-content\/uploads\/2022\/03\/Qman-A0110-A0115-Doraemon-3.png 637w, https:\/\/mouldking.store\/wp-content\/uploads\/2022\/03\/Qman-A0110-A0115-Doraemon-3-300x212.png 300w, https:\/\/mouldking.store\/wp-content\/uploads\/2022\/03\/Qman-A0110-A0115-Doraemon-3-600x425.png 600w, https:\/\/mouldking.store\/wp-content\/uploads\/2022\/03\/Qman-A0110-A0115-Doraemon-3-150x106.png 150w\" sizes=\"(max-width: 637px) 100vw, 637px\" \/><figcaption id=\"caption-attachment-30119\" class=\"wp-caption-text\">Qman A0110-A0115 Doraemon<\/figcaption><\/figure>\n<figure id=\"attachment_30120\" aria-describedby=\"caption-attachment-30120\" style=\"width: 639px\" class=\"wp-caption aligncenter\"><img loading=\"lazy\" decoding=\"async\" class=\"wp-image-30120 size-full\" src=\"https:\/\/mouldking.store\/wp-content\/uploads\/2022\/03\/Qman-A0110-A0115-Doraemon-4.png\" alt=\"Qman A0110-A0115 Doraemon\" width=\"639\" height=\"447\" title=\"-\" srcset=\"https:\/\/mouldking.store\/wp-content\/uploads\/2022\/03\/Qman-A0110-A0115-Doraemon-4.png 639w, https:\/\/mouldking.store\/wp-content\/uploads\/2022\/03\/Qman-A0110-A0115-Doraemon-4-300x210.png 300w, https:\/\/mouldking.store\/wp-content\/uploads\/2022\/03\/Qman-A0110-A0115-Doraemon-4-600x420.png 600w, https:\/\/mouldking.store\/wp-content\/uploads\/2022\/03\/Qman-A0110-A0115-Doraemon-4-150x105.png 150w\" sizes=\"(max-width: 639px) 100vw, 639px\" \/><figcaption id=\"caption-attachment-30120\" class=\"wp-caption-text\">Qman A0110-A0115 Doraemon<\/figcaption><\/figure>\n<figure id=\"attachment_30121\" aria-describedby=\"caption-attachment-30121\" style=\"width: 640px\" class=\"wp-caption aligncenter\"><img loading=\"lazy\" decoding=\"async\" class=\"wp-image-30121 size-full\" src=\"https:\/\/mouldking.store\/wp-content\/uploads\/2022\/03\/Qman-A0110-A0115-Doraemon-5.png\" alt=\"Qman A0110-A0115 Doraemon\" width=\"640\" height=\"446\" title=\"-\" srcset=\"https:\/\/mouldking.store\/wp-content\/uploads\/2022\/03\/Qman-A0110-A0115-Doraemon-5.png 640w, https:\/\/mouldking.store\/wp-content\/uploads\/2022\/03\/Qman-A0110-A0115-Doraemon-5-300x209.png 300w, https:\/\/mouldking.store\/wp-content\/uploads\/2022\/03\/Qman-A0110-A0115-Doraemon-5-600x418.png 600w, https:\/\/mouldking.store\/wp-content\/uploads\/2022\/03\/Qman-A0110-A0115-Doraemon-5-150x105.png 150w\" sizes=\"(max-width: 640px) 100vw, 640px\" \/><figcaption id=\"caption-attachment-30121\" class=\"wp-caption-text\">Qman A0110-A0115 Doraemon<\/figcaption><\/figure>\n<figure id=\"attachment_30122\" aria-describedby=\"caption-attachment-30122\" style=\"width: 640px\" class=\"wp-caption aligncenter\"><img loading=\"lazy\" decoding=\"async\" class=\"wp-image-30122 size-full\" src=\"https:\/\/mouldking.store\/wp-content\/uploads\/2022\/03\/Qman-A0110-A0115-Doraemon-6.png\" alt=\"Qman A0110-A0115 Doraemon\" width=\"640\" height=\"450\" title=\"-\" srcset=\"https:\/\/mouldking.store\/wp-content\/uploads\/2022\/03\/Qman-A0110-A0115-Doraemon-6.png 640w, https:\/\/mouldking.store\/wp-content\/uploads\/2022\/03\/Qman-A0110-A0115-Doraemon-6-300x211.png 300w, https:\/\/mouldking.store\/wp-content\/uploads\/2022\/03\/Qman-A0110-A0115-Doraemon-6-600x422.png 600w, https:\/\/mouldking.store\/wp-content\/uploads\/2022\/03\/Qman-A0110-A0115-Doraemon-6-150x105.png 150w\" sizes=\"(max-width: 640px) 100vw, 640px\" \/><figcaption id=\"caption-attachment-30122\" class=\"wp-caption-text\">Qman A0110-A0115 Doraemon<\/figcaption><\/figure>","protected":false},"excerpt":{"rendered":"<p>Product information: Brand: Qman Gender: Unisex Name: Doraemon Age Range: &gt; 6 years old Model Number: A0110-A0115 Classification: Assemblage Plastic Block Shape: Self-Locking Bricks Material: Plastic Plastic Type: ABS Bricks Blocks: A0110 ~125+PCS,\u00a0 A0111 ~154+PCS, A0112 ~131+PCS, A0113 ~137+PCS, A0114 ~137+PCS, A0115 ~143+PCS Contains detailed assembly instructions. Notice: 1. Without an original box, but we [&hellip;]<\/p>","protected":false},"featured_media":30116,"comment_status":"closed","ping_status":"closed","template":"","meta":{"_acf_changed":false},"product_cat":[581],"product_tag":[4864,4492,4125,4863,4862,4865,4866,4867,4868,4869],"class_list":["product","first","instock","shipping-taxable","purchasable","product-type-variable"],"acf":[],"_links":{"self":[{"href":"https:\/\/mouldking.store\/de\/wp-json\/wp\/v2\/product\/30115","targetHints":{"allow":["GET"]}}],"collection":[{"href":"https:\/\/mouldking.store\/de\/wp-json\/wp\/v2\/product"}],"about":[{"href":"https:\/\/mouldking.store\/de\/wp-json\/wp\/v2\/types\/product"}],"replies":[{"embeddable":true,"href":"https:\/\/mouldking.store\/de\/wp-json\/wp\/v2\/comments?post=30115"}],"wp:featuredmedia":[{"embeddable":true,"href":"https:\/\/mouldking.store\/de\/wp-json\/wp\/v2\/media\/30116"}],"wp:attachment":[{"href":"https:\/\/mouldking.store\/de\/wp-json\/wp\/v2\/media?parent=30115"}],"wp:term":[{"taxonomy":"product_cat","embeddable":true,"href":"https:\/\/mouldking.store\/de\/wp-json\/wp\/v2\/product_cat?post=30115"},{"taxonomy":"product_tag","embeddable":true,"href":"https:\/\/mouldking.store\/de\/wp-json\/wp\/v2\/product_tag?post=30115"}],"curies":[{"name":"wp","href":"https:\/\/api.w.org\/{rel}","templated":true}]}}