{"id":30173,"date":"2022-03-01T14:34:55","date_gmt":"2022-03-01T07:34:55","guid":{"rendered":"https:\/\/mouldking.store\/?post_type=product&#038;p=30173"},"modified":"2022-03-01T14:34:55","modified_gmt":"2022-03-01T07:34:55","slug":"qman-4802-dilemma-weapon-with-202-pieces","status":"publish","type":"product","link":"https:\/\/mouldking.store\/de\/shop\/qman-4802-dilemma-weapon-with-202-pieces\/","title":{"rendered":"Qman 4802 Dilemma Waffe mit 202 Teilen"},"content":{"rendered":"<p>Produktinformation:<\/p>\n<ol>\n<li>Marke: Qman<\/li>\n<li>Geschlecht: Unisex<\/li>\n<li>Name: Dilemma-Waffe<\/li>\n<li>Altersspanne: &gt; 6 Jahre alt<\/li>\n<li>Modellnummer: 4802<\/li>\n<li>Einstufung: Assemblage<\/li>\n<li>Kunststoffblockform: Selbstsichernde Steine<\/li>\n<li>Material: Kunststoff<\/li>\n<li>Kunststofftyp: ABS<\/li>\n<li>Ziegelsteine: 202 St\u00fcck<\/li>\n<li>Enth\u00e4lt eine ausf\u00fchrliche Montageanleitung.<\/li>\n<\/ol>\n<p>Notiz:<br \/>\n1. Ohne Originalverpackung, aber wir garantieren, dass unsere Produkte eine Qualit\u00e4tssicherung und eine sch\u00f6ne Verpackung haben.<br \/>\n2. Wie alle Teile, die wir vor dem Versand \u00fcberpr\u00fcft haben, machen Sie sich keine Sorgen, wenn Sie feststellen, dass einige Teile fehlen oder besch\u00e4digt sind, und kontaktieren Sie uns einfach, und wir k\u00f6nnen sie Ihnen umgehend kostenlos erneut zusenden.<\/p>\n<figure id=\"attachment_30178\" aria-describedby=\"caption-attachment-30178\" style=\"width: 800px\" class=\"wp-caption aligncenter\"><img fetchpriority=\"high\" decoding=\"async\" class=\"wp-image-30178 size-full\" src=\"https:\/\/mouldking.store\/wp-content\/uploads\/2022\/03\/Qman-4802-Dilemma-Weapon-with-202-pieces-1.jpg\" alt=\"Qman 4802 Dilemma Weapon with 202 pieces\" width=\"800\" height=\"800\" title=\"-\" srcset=\"https:\/\/mouldking.store\/wp-content\/uploads\/2022\/03\/Qman-4802-Dilemma-Weapon-with-202-pieces-1.jpg 800w, https:\/\/mouldking.store\/wp-content\/uploads\/2022\/03\/Qman-4802-Dilemma-Weapon-with-202-pieces-1-300x300.jpg 300w, https:\/\/mouldking.store\/wp-content\/uploads\/2022\/03\/Qman-4802-Dilemma-Weapon-with-202-pieces-1-768x768.jpg 768w, https:\/\/mouldking.store\/wp-content\/uploads\/2022\/03\/Qman-4802-Dilemma-Weapon-with-202-pieces-1-600x600.jpg 600w, https:\/\/mouldking.store\/wp-content\/uploads\/2022\/03\/Qman-4802-Dilemma-Weapon-with-202-pieces-1-150x150.jpg 150w\" sizes=\"(max-width: 800px) 100vw, 800px\" \/><figcaption id=\"caption-attachment-30178\" class=\"wp-caption-text\">Qman 4802 Dilemma Waffe mit 202 Teilen<\/figcaption><\/figure>\n<figure id=\"attachment_30174\" aria-describedby=\"caption-attachment-30174\" style=\"width: 673px\" class=\"wp-caption aligncenter\"><img decoding=\"async\" class=\"wp-image-30174 size-full\" src=\"https:\/\/mouldking.store\/wp-content\/uploads\/2022\/03\/Qman-4802-Dilemma-Weapon-with-202-pieces-1.png\" alt=\"Qman 4802 Dilemma Weapon with 202 pieces\" width=\"673\" height=\"722\" title=\"-\" srcset=\"https:\/\/mouldking.store\/wp-content\/uploads\/2022\/03\/Qman-4802-Dilemma-Weapon-with-202-pieces-1.png 673w, https:\/\/mouldking.store\/wp-content\/uploads\/2022\/03\/Qman-4802-Dilemma-Weapon-with-202-pieces-1-280x300.png 280w, https:\/\/mouldking.store\/wp-content\/uploads\/2022\/03\/Qman-4802-Dilemma-Weapon-with-202-pieces-1-300x322.png 300w, https:\/\/mouldking.store\/wp-content\/uploads\/2022\/03\/Qman-4802-Dilemma-Weapon-with-202-pieces-1-600x644.png 600w, https:\/\/mouldking.store\/wp-content\/uploads\/2022\/03\/Qman-4802-Dilemma-Weapon-with-202-pieces-1-140x150.png 140w\" sizes=\"(max-width: 673px) 100vw, 673px\" \/><figcaption id=\"caption-attachment-30174\" class=\"wp-caption-text\">Qman 4802 Dilemma Waffe mit 202 Teilen<\/figcaption><\/figure>\n<figure id=\"attachment_30175\" aria-describedby=\"caption-attachment-30175\" style=\"width: 708px\" class=\"wp-caption aligncenter\"><img decoding=\"async\" class=\"wp-image-30175 size-full\" src=\"https:\/\/mouldking.store\/wp-content\/uploads\/2022\/03\/Qman-4802-Dilemma-Weapon-with-202-pieces-2.png\" alt=\"Qman 4802 Dilemma Weapon with 202 pieces\" width=\"708\" height=\"465\" title=\"-\" srcset=\"https:\/\/mouldking.store\/wp-content\/uploads\/2022\/03\/Qman-4802-Dilemma-Weapon-with-202-pieces-2.png 708w, https:\/\/mouldking.store\/wp-content\/uploads\/2022\/03\/Qman-4802-Dilemma-Weapon-with-202-pieces-2-300x197.png 300w, https:\/\/mouldking.store\/wp-content\/uploads\/2022\/03\/Qman-4802-Dilemma-Weapon-with-202-pieces-2-600x394.png 600w, https:\/\/mouldking.store\/wp-content\/uploads\/2022\/03\/Qman-4802-Dilemma-Weapon-with-202-pieces-2-150x99.png 150w\" sizes=\"(max-width: 708px) 100vw, 708px\" \/><figcaption id=\"caption-attachment-30175\" class=\"wp-caption-text\">Qman 4802 Dilemma Waffe mit 202 Teilen<\/figcaption><\/figure>\n<figure id=\"attachment_30176\" aria-describedby=\"caption-attachment-30176\" style=\"width: 719px\" class=\"wp-caption aligncenter\"><img loading=\"lazy\" decoding=\"async\" class=\"wp-image-30176 size-full\" src=\"https:\/\/mouldking.store\/wp-content\/uploads\/2022\/03\/Qman-4802-Dilemma-Weapon-with-202-pieces-3.png\" alt=\"Qman 4802 Dilemma Weapon with 202 pieces\" width=\"719\" height=\"507\" title=\"-\" srcset=\"https:\/\/mouldking.store\/wp-content\/uploads\/2022\/03\/Qman-4802-Dilemma-Weapon-with-202-pieces-3.png 719w, https:\/\/mouldking.store\/wp-content\/uploads\/2022\/03\/Qman-4802-Dilemma-Weapon-with-202-pieces-3-300x212.png 300w, https:\/\/mouldking.store\/wp-content\/uploads\/2022\/03\/Qman-4802-Dilemma-Weapon-with-202-pieces-3-600x423.png 600w, https:\/\/mouldking.store\/wp-content\/uploads\/2022\/03\/Qman-4802-Dilemma-Weapon-with-202-pieces-3-150x106.png 150w\" sizes=\"(max-width: 719px) 100vw, 719px\" \/><figcaption id=\"caption-attachment-30176\" class=\"wp-caption-text\">Qman 4802 Dilemma Waffe mit 202 Teilen<\/figcaption><\/figure>\n<figure id=\"attachment_30177\" aria-describedby=\"caption-attachment-30177\" style=\"width: 790px\" class=\"wp-caption aligncenter\"><img loading=\"lazy\" decoding=\"async\" class=\"wp-image-30177 size-full\" src=\"https:\/\/mouldking.store\/wp-content\/uploads\/2022\/03\/Qman-4802-Dilemma-Weapon-with-202-pieces-2.jpg\" alt=\"Qman 4802 Dilemma Weapon with 202 pieces\" width=\"790\" height=\"654\" title=\"-\" srcset=\"https:\/\/mouldking.store\/wp-content\/uploads\/2022\/03\/Qman-4802-Dilemma-Weapon-with-202-pieces-2.jpg 790w, https:\/\/mouldking.store\/wp-content\/uploads\/2022\/03\/Qman-4802-Dilemma-Weapon-with-202-pieces-2-300x248.jpg 300w, https:\/\/mouldking.store\/wp-content\/uploads\/2022\/03\/Qman-4802-Dilemma-Weapon-with-202-pieces-2-768x636.jpg 768w, https:\/\/mouldking.store\/wp-content\/uploads\/2022\/03\/Qman-4802-Dilemma-Weapon-with-202-pieces-2-600x497.jpg 600w, https:\/\/mouldking.store\/wp-content\/uploads\/2022\/03\/Qman-4802-Dilemma-Weapon-with-202-pieces-2-150x124.jpg 150w\" sizes=\"(max-width: 790px) 100vw, 790px\" \/><figcaption id=\"caption-attachment-30177\" class=\"wp-caption-text\">Qman 4802 Dilemma Waffe mit 202 Teilen<\/figcaption><\/figure>","protected":false},"excerpt":{"rendered":"<p>Product information: Brand: Qman Gender: Unisex Name: Dilemma Weapon Age Range: &gt; 6 years old Model Number: 4802 Classification: Assemblage Plastic Block Shape: Self-Locking Bricks Material: Plastic Plastic Type: ABS Bricks Blocks: 202 PCS Contains detailed assembly instructions. Notice: 1. Without an original box, but we guarantee our products have quality assurance and nice packaging. [&hellip;]<\/p>","protected":false},"featured_media":30178,"comment_status":"closed","ping_status":"closed","template":"","meta":{"_acf_changed":false},"product_cat":[372],"product_tag":[4893,4894,4892,4125,4891,4890,4889,3243],"class_list":["product","first","instock","shipping-taxable","purchasable","product-type-simple"],"acf":[],"_links":{"self":[{"href":"https:\/\/mouldking.store\/de\/wp-json\/wp\/v2\/product\/30173","targetHints":{"allow":["GET"]}}],"collection":[{"href":"https:\/\/mouldking.store\/de\/wp-json\/wp\/v2\/product"}],"about":[{"href":"https:\/\/mouldking.store\/de\/wp-json\/wp\/v2\/types\/product"}],"replies":[{"embeddable":true,"href":"https:\/\/mouldking.store\/de\/wp-json\/wp\/v2\/comments?post=30173"}],"wp:featuredmedia":[{"embeddable":true,"href":"https:\/\/mouldking.store\/de\/wp-json\/wp\/v2\/media\/30178"}],"wp:attachment":[{"href":"https:\/\/mouldking.store\/de\/wp-json\/wp\/v2\/media?parent=30173"}],"wp:term":[{"taxonomy":"product_cat","embeddable":true,"href":"https:\/\/mouldking.store\/de\/wp-json\/wp\/v2\/product_cat?post=30173"},{"taxonomy":"product_tag","embeddable":true,"href":"https:\/\/mouldking.store\/de\/wp-json\/wp\/v2\/product_tag?post=30173"}],"curies":[{"name":"wp","href":"https:\/\/api.w.org\/{rel}","templated":true}]}}