{"id":30179,"date":"2022-03-01T14:42:01","date_gmt":"2022-03-01T07:42:01","guid":{"rendered":"https:\/\/mouldking.store\/?post_type=product&#038;p=30179"},"modified":"2022-03-01T14:42:01","modified_gmt":"2022-03-01T07:42:01","slug":"qman-12011-fire-rescue-mini-set-4-in-1-with-410-pieces","status":"publish","type":"product","link":"https:\/\/mouldking.store\/de\/shop\/qman-12011-fire-rescue-mini-set-4-in-1-with-410-pieces\/","title":{"rendered":"Qman 12011 Fire Rescue Mini Set 4 in 1 mit 410 Teilen"},"content":{"rendered":"<p>Produktinformation:<\/p>\n<ol>\n<li>Marke: Qman<\/li>\n<li>Geschlecht: Unisex<\/li>\n<li>Name: Fire Rescue Mini Set 4 in 1<\/li>\n<li>Altersspanne: &gt; 6 Jahre alt<\/li>\n<li>Modellnummer: 12011<\/li>\n<li>Einstufung: Assemblage<\/li>\n<li>Kunststoffblockform: Selbstsichernde Steine<\/li>\n<li>Material: Kunststoff<\/li>\n<li>Kunststofftyp: ABS<\/li>\n<li>Bricks Blocks: 410 PCS<\/li>\n<li>Enth\u00e4lt eine ausf\u00fchrliche Montageanleitung.<\/li>\n<\/ol>\n<p>Notiz:<br \/>\n1. Ohne Originalverpackung, aber wir garantieren, dass unsere Produkte eine Qualit\u00e4tssicherung und eine sch\u00f6ne Verpackung haben.<br \/>\n2. Wie alle Teile, die wir vor dem Versand \u00fcberpr\u00fcft haben, machen Sie sich keine Sorgen, wenn Sie feststellen, dass einige Teile fehlen oder besch\u00e4digt sind, und kontaktieren Sie uns einfach, und wir k\u00f6nnen sie Ihnen umgehend kostenlos erneut zusenden.<\/p>\n<figure id=\"attachment_30191\" aria-describedby=\"caption-attachment-30191\" style=\"width: 790px\" class=\"wp-caption aligncenter\"><img fetchpriority=\"high\" decoding=\"async\" class=\"wp-image-30191 size-full\" src=\"https:\/\/mouldking.store\/wp-content\/uploads\/2022\/03\/Qman-12011-Fire-Rescue-Mini-Set-4-in-1-with-410-pieces-12.jpg\" alt=\"Qman 12011 Fire Rescue Mini Set 4 in 1 with 410 pieces\" width=\"790\" height=\"610\" title=\"-\" srcset=\"https:\/\/mouldking.store\/wp-content\/uploads\/2022\/03\/Qman-12011-Fire-Rescue-Mini-Set-4-in-1-with-410-pieces-12.jpg 790w, https:\/\/mouldking.store\/wp-content\/uploads\/2022\/03\/Qman-12011-Fire-Rescue-Mini-Set-4-in-1-with-410-pieces-12-300x232.jpg 300w, https:\/\/mouldking.store\/wp-content\/uploads\/2022\/03\/Qman-12011-Fire-Rescue-Mini-Set-4-in-1-with-410-pieces-12-768x593.jpg 768w, https:\/\/mouldking.store\/wp-content\/uploads\/2022\/03\/Qman-12011-Fire-Rescue-Mini-Set-4-in-1-with-410-pieces-12-600x463.jpg 600w, https:\/\/mouldking.store\/wp-content\/uploads\/2022\/03\/Qman-12011-Fire-Rescue-Mini-Set-4-in-1-with-410-pieces-12-150x116.jpg 150w\" sizes=\"(max-width: 790px) 100vw, 790px\" \/><figcaption id=\"caption-attachment-30191\" class=\"wp-caption-text\">Qman 12011 Fire Rescue Mini Set 4 in 1 mit 410 Teilen<\/figcaption><\/figure>\n<figure id=\"attachment_30185\" aria-describedby=\"caption-attachment-30185\" style=\"width: 738px\" class=\"wp-caption aligncenter\"><img decoding=\"async\" class=\"wp-image-30185 size-full\" src=\"https:\/\/mouldking.store\/wp-content\/uploads\/2022\/03\/Qman-12011-Fire-Rescue-Mini-Set-4-in-1-with-410-pieces-6.jpg\" alt=\"Qman 12011 Fire Rescue Mini Set 4 in 1 with 410 pieces\" width=\"738\" height=\"1024\" title=\"-\" srcset=\"https:\/\/mouldking.store\/wp-content\/uploads\/2022\/03\/Qman-12011-Fire-Rescue-Mini-Set-4-in-1-with-410-pieces-6.jpg 738w, https:\/\/mouldking.store\/wp-content\/uploads\/2022\/03\/Qman-12011-Fire-Rescue-Mini-Set-4-in-1-with-410-pieces-6-216x300.jpg 216w, https:\/\/mouldking.store\/wp-content\/uploads\/2022\/03\/Qman-12011-Fire-Rescue-Mini-Set-4-in-1-with-410-pieces-6-300x416.jpg 300w, https:\/\/mouldking.store\/wp-content\/uploads\/2022\/03\/Qman-12011-Fire-Rescue-Mini-Set-4-in-1-with-410-pieces-6-600x833.jpg 600w, https:\/\/mouldking.store\/wp-content\/uploads\/2022\/03\/Qman-12011-Fire-Rescue-Mini-Set-4-in-1-with-410-pieces-6-108x150.jpg 108w\" sizes=\"(max-width: 738px) 100vw, 738px\" \/><figcaption id=\"caption-attachment-30185\" class=\"wp-caption-text\">Qman 12011 Fire Rescue Mini Set 4 in 1 mit 410 Teilen<\/figcaption><\/figure>\n<figure id=\"attachment_30180\" aria-describedby=\"caption-attachment-30180\" style=\"width: 800px\" class=\"wp-caption aligncenter\"><img decoding=\"async\" class=\"wp-image-30180 size-full\" src=\"https:\/\/mouldking.store\/wp-content\/uploads\/2022\/03\/Qman-12011-Fire-Rescue-Mini-Set-4-in-1-with-410-pieces-1.jpg\" alt=\"Qman 12011 Fire Rescue Mini Set 4 in 1 with 410 pieces\" width=\"800\" height=\"800\" title=\"-\" srcset=\"https:\/\/mouldking.store\/wp-content\/uploads\/2022\/03\/Qman-12011-Fire-Rescue-Mini-Set-4-in-1-with-410-pieces-1.jpg 800w, https:\/\/mouldking.store\/wp-content\/uploads\/2022\/03\/Qman-12011-Fire-Rescue-Mini-Set-4-in-1-with-410-pieces-1-300x300.jpg 300w, https:\/\/mouldking.store\/wp-content\/uploads\/2022\/03\/Qman-12011-Fire-Rescue-Mini-Set-4-in-1-with-410-pieces-1-768x768.jpg 768w, https:\/\/mouldking.store\/wp-content\/uploads\/2022\/03\/Qman-12011-Fire-Rescue-Mini-Set-4-in-1-with-410-pieces-1-600x600.jpg 600w, https:\/\/mouldking.store\/wp-content\/uploads\/2022\/03\/Qman-12011-Fire-Rescue-Mini-Set-4-in-1-with-410-pieces-1-150x150.jpg 150w\" sizes=\"(max-width: 800px) 100vw, 800px\" \/><figcaption id=\"caption-attachment-30180\" class=\"wp-caption-text\">Qman 12011 Fire Rescue Mini Set 4 in 1 mit 410 Teilen<\/figcaption><\/figure>\n<figure id=\"attachment_30186\" aria-describedby=\"caption-attachment-30186\" style=\"width: 790px\" class=\"wp-caption aligncenter\"><img loading=\"lazy\" decoding=\"async\" class=\"wp-image-30186 size-full\" src=\"https:\/\/mouldking.store\/wp-content\/uploads\/2022\/03\/Qman-12011-Fire-Rescue-Mini-Set-4-in-1-with-410-pieces-7.jpg\" alt=\"Qman 12011 Fire Rescue Mini Set 4 in 1 with 410 pieces\" width=\"790\" height=\"498\" title=\"-\" srcset=\"https:\/\/mouldking.store\/wp-content\/uploads\/2022\/03\/Qman-12011-Fire-Rescue-Mini-Set-4-in-1-with-410-pieces-7.jpg 790w, https:\/\/mouldking.store\/wp-content\/uploads\/2022\/03\/Qman-12011-Fire-Rescue-Mini-Set-4-in-1-with-410-pieces-7-300x189.jpg 300w, https:\/\/mouldking.store\/wp-content\/uploads\/2022\/03\/Qman-12011-Fire-Rescue-Mini-Set-4-in-1-with-410-pieces-7-768x484.jpg 768w, https:\/\/mouldking.store\/wp-content\/uploads\/2022\/03\/Qman-12011-Fire-Rescue-Mini-Set-4-in-1-with-410-pieces-7-600x378.jpg 600w, https:\/\/mouldking.store\/wp-content\/uploads\/2022\/03\/Qman-12011-Fire-Rescue-Mini-Set-4-in-1-with-410-pieces-7-150x95.jpg 150w\" sizes=\"(max-width: 790px) 100vw, 790px\" \/><figcaption id=\"caption-attachment-30186\" class=\"wp-caption-text\">Qman 12011 Fire Rescue Mini Set 4 in 1 mit 410 Teilen<\/figcaption><\/figure>\n<figure id=\"attachment_30181\" aria-describedby=\"caption-attachment-30181\" style=\"width: 738px\" class=\"wp-caption aligncenter\"><img loading=\"lazy\" decoding=\"async\" class=\"wp-image-30181 size-full\" src=\"https:\/\/mouldking.store\/wp-content\/uploads\/2022\/03\/Qman-12011-Fire-Rescue-Mini-Set-4-in-1-with-410-pieces-2.jpg\" alt=\"Qman 12011 Fire Rescue Mini Set 4 in 1 with 410 pieces\" width=\"738\" height=\"1024\" title=\"-\" srcset=\"https:\/\/mouldking.store\/wp-content\/uploads\/2022\/03\/Qman-12011-Fire-Rescue-Mini-Set-4-in-1-with-410-pieces-2.jpg 738w, https:\/\/mouldking.store\/wp-content\/uploads\/2022\/03\/Qman-12011-Fire-Rescue-Mini-Set-4-in-1-with-410-pieces-2-216x300.jpg 216w, https:\/\/mouldking.store\/wp-content\/uploads\/2022\/03\/Qman-12011-Fire-Rescue-Mini-Set-4-in-1-with-410-pieces-2-300x416.jpg 300w, https:\/\/mouldking.store\/wp-content\/uploads\/2022\/03\/Qman-12011-Fire-Rescue-Mini-Set-4-in-1-with-410-pieces-2-600x833.jpg 600w, https:\/\/mouldking.store\/wp-content\/uploads\/2022\/03\/Qman-12011-Fire-Rescue-Mini-Set-4-in-1-with-410-pieces-2-108x150.jpg 108w\" sizes=\"(max-width: 738px) 100vw, 738px\" \/><figcaption id=\"caption-attachment-30181\" class=\"wp-caption-text\">Qman 12011 Fire Rescue Mini Set 4 in 1 mit 410 Teilen<\/figcaption><\/figure>\n<figure id=\"attachment_30187\" aria-describedby=\"caption-attachment-30187\" style=\"width: 790px\" class=\"wp-caption aligncenter\"><img loading=\"lazy\" decoding=\"async\" class=\"wp-image-30187 size-full\" src=\"https:\/\/mouldking.store\/wp-content\/uploads\/2022\/03\/Qman-12011-Fire-Rescue-Mini-Set-4-in-1-with-410-pieces-8.jpg\" alt=\"Qman 12011 Fire Rescue Mini Set 4 in 1 with 410 pieces\" width=\"790\" height=\"506\" title=\"-\" srcset=\"https:\/\/mouldking.store\/wp-content\/uploads\/2022\/03\/Qman-12011-Fire-Rescue-Mini-Set-4-in-1-with-410-pieces-8.jpg 790w, https:\/\/mouldking.store\/wp-content\/uploads\/2022\/03\/Qman-12011-Fire-Rescue-Mini-Set-4-in-1-with-410-pieces-8-300x192.jpg 300w, https:\/\/mouldking.store\/wp-content\/uploads\/2022\/03\/Qman-12011-Fire-Rescue-Mini-Set-4-in-1-with-410-pieces-8-768x492.jpg 768w, https:\/\/mouldking.store\/wp-content\/uploads\/2022\/03\/Qman-12011-Fire-Rescue-Mini-Set-4-in-1-with-410-pieces-8-600x384.jpg 600w, https:\/\/mouldking.store\/wp-content\/uploads\/2022\/03\/Qman-12011-Fire-Rescue-Mini-Set-4-in-1-with-410-pieces-8-150x96.jpg 150w\" sizes=\"(max-width: 790px) 100vw, 790px\" \/><figcaption id=\"caption-attachment-30187\" class=\"wp-caption-text\">Qman 12011 Fire Rescue Mini Set 4 in 1 mit 410 Teilen<\/figcaption><\/figure>\n<figure id=\"attachment_30182\" aria-describedby=\"caption-attachment-30182\" style=\"width: 645px\" class=\"wp-caption aligncenter\"><img loading=\"lazy\" decoding=\"async\" class=\"wp-image-30182 size-full\" src=\"https:\/\/mouldking.store\/wp-content\/uploads\/2022\/03\/Qman-12011-Fire-Rescue-Mini-Set-4-in-1-with-410-pieces-3.jpg\" alt=\"Qman 12011 Fire Rescue Mini Set 4 in 1 with 410 pieces\" width=\"645\" height=\"1024\" title=\"-\" srcset=\"https:\/\/mouldking.store\/wp-content\/uploads\/2022\/03\/Qman-12011-Fire-Rescue-Mini-Set-4-in-1-with-410-pieces-3.jpg 645w, https:\/\/mouldking.store\/wp-content\/uploads\/2022\/03\/Qman-12011-Fire-Rescue-Mini-Set-4-in-1-with-410-pieces-3-189x300.jpg 189w, https:\/\/mouldking.store\/wp-content\/uploads\/2022\/03\/Qman-12011-Fire-Rescue-Mini-Set-4-in-1-with-410-pieces-3-300x476.jpg 300w, https:\/\/mouldking.store\/wp-content\/uploads\/2022\/03\/Qman-12011-Fire-Rescue-Mini-Set-4-in-1-with-410-pieces-3-600x953.jpg 600w, https:\/\/mouldking.store\/wp-content\/uploads\/2022\/03\/Qman-12011-Fire-Rescue-Mini-Set-4-in-1-with-410-pieces-3-94x150.jpg 94w\" sizes=\"(max-width: 645px) 100vw, 645px\" \/><figcaption id=\"caption-attachment-30182\" class=\"wp-caption-text\">Qman 12011 Fire Rescue Mini Set 4 in 1 mit 410 Teilen<\/figcaption><\/figure>\n<figure id=\"attachment_30188\" aria-describedby=\"caption-attachment-30188\" style=\"width: 790px\" class=\"wp-caption aligncenter\"><img loading=\"lazy\" decoding=\"async\" class=\"wp-image-30188 size-full\" src=\"https:\/\/mouldking.store\/wp-content\/uploads\/2022\/03\/Qman-12011-Fire-Rescue-Mini-Set-4-in-1-with-410-pieces-9.jpg\" alt=\"Qman 12011 Fire Rescue Mini Set 4 in 1 with 410 pieces\" width=\"790\" height=\"505\" title=\"-\" srcset=\"https:\/\/mouldking.store\/wp-content\/uploads\/2022\/03\/Qman-12011-Fire-Rescue-Mini-Set-4-in-1-with-410-pieces-9.jpg 790w, https:\/\/mouldking.store\/wp-content\/uploads\/2022\/03\/Qman-12011-Fire-Rescue-Mini-Set-4-in-1-with-410-pieces-9-300x192.jpg 300w, https:\/\/mouldking.store\/wp-content\/uploads\/2022\/03\/Qman-12011-Fire-Rescue-Mini-Set-4-in-1-with-410-pieces-9-768x491.jpg 768w, https:\/\/mouldking.store\/wp-content\/uploads\/2022\/03\/Qman-12011-Fire-Rescue-Mini-Set-4-in-1-with-410-pieces-9-600x384.jpg 600w, https:\/\/mouldking.store\/wp-content\/uploads\/2022\/03\/Qman-12011-Fire-Rescue-Mini-Set-4-in-1-with-410-pieces-9-150x96.jpg 150w\" sizes=\"(max-width: 790px) 100vw, 790px\" \/><figcaption id=\"caption-attachment-30188\" class=\"wp-caption-text\">Qman 12011 Fire Rescue Mini Set 4 in 1 mit 410 Teilen<\/figcaption><\/figure>\n<figure id=\"attachment_30183\" aria-describedby=\"caption-attachment-30183\" style=\"width: 638px\" class=\"wp-caption aligncenter\"><img loading=\"lazy\" decoding=\"async\" class=\"wp-image-30183 size-full\" src=\"https:\/\/mouldking.store\/wp-content\/uploads\/2022\/03\/Qman-12011-Fire-Rescue-Mini-Set-4-in-1-with-410-pieces-4.jpg\" alt=\"Qman 12011 Fire Rescue Mini Set 4 in 1 with 410 pieces\" width=\"638\" height=\"1024\" title=\"-\" srcset=\"https:\/\/mouldking.store\/wp-content\/uploads\/2022\/03\/Qman-12011-Fire-Rescue-Mini-Set-4-in-1-with-410-pieces-4.jpg 638w, https:\/\/mouldking.store\/wp-content\/uploads\/2022\/03\/Qman-12011-Fire-Rescue-Mini-Set-4-in-1-with-410-pieces-4-187x300.jpg 187w, https:\/\/mouldking.store\/wp-content\/uploads\/2022\/03\/Qman-12011-Fire-Rescue-Mini-Set-4-in-1-with-410-pieces-4-300x482.jpg 300w, https:\/\/mouldking.store\/wp-content\/uploads\/2022\/03\/Qman-12011-Fire-Rescue-Mini-Set-4-in-1-with-410-pieces-4-600x963.jpg 600w, https:\/\/mouldking.store\/wp-content\/uploads\/2022\/03\/Qman-12011-Fire-Rescue-Mini-Set-4-in-1-with-410-pieces-4-93x150.jpg 93w\" sizes=\"(max-width: 638px) 100vw, 638px\" \/><figcaption id=\"caption-attachment-30183\" class=\"wp-caption-text\">Qman 12011 Fire Rescue Mini Set 4 in 1 mit 410 Teilen<\/figcaption><\/figure>\n<figure id=\"attachment_30189\" aria-describedby=\"caption-attachment-30189\" style=\"width: 790px\" class=\"wp-caption aligncenter\"><img loading=\"lazy\" decoding=\"async\" class=\"wp-image-30189 size-full\" src=\"https:\/\/mouldking.store\/wp-content\/uploads\/2022\/03\/Qman-12011-Fire-Rescue-Mini-Set-4-in-1-with-410-pieces-10.jpg\" alt=\"Qman 12011 Fire Rescue Mini Set 4 in 1 with 410 pieces\" width=\"790\" height=\"504\" title=\"-\" srcset=\"https:\/\/mouldking.store\/wp-content\/uploads\/2022\/03\/Qman-12011-Fire-Rescue-Mini-Set-4-in-1-with-410-pieces-10.jpg 790w, https:\/\/mouldking.store\/wp-content\/uploads\/2022\/03\/Qman-12011-Fire-Rescue-Mini-Set-4-in-1-with-410-pieces-10-300x191.jpg 300w, https:\/\/mouldking.store\/wp-content\/uploads\/2022\/03\/Qman-12011-Fire-Rescue-Mini-Set-4-in-1-with-410-pieces-10-768x490.jpg 768w, https:\/\/mouldking.store\/wp-content\/uploads\/2022\/03\/Qman-12011-Fire-Rescue-Mini-Set-4-in-1-with-410-pieces-10-600x383.jpg 600w, https:\/\/mouldking.store\/wp-content\/uploads\/2022\/03\/Qman-12011-Fire-Rescue-Mini-Set-4-in-1-with-410-pieces-10-150x96.jpg 150w\" sizes=\"(max-width: 790px) 100vw, 790px\" \/><figcaption id=\"caption-attachment-30189\" class=\"wp-caption-text\">Qman 12011 Fire Rescue Mini Set 4 in 1 mit 410 Teilen<\/figcaption><\/figure>\n<figure id=\"attachment_30184\" aria-describedby=\"caption-attachment-30184\" style=\"width: 658px\" class=\"wp-caption aligncenter\"><img loading=\"lazy\" decoding=\"async\" class=\"wp-image-30184 size-full\" src=\"https:\/\/mouldking.store\/wp-content\/uploads\/2022\/03\/Qman-12011-Fire-Rescue-Mini-Set-4-in-1-with-410-pieces-5.jpg\" alt=\"Qman 12011 Fire Rescue Mini Set 4 in 1 with 410 pieces\" width=\"658\" height=\"1024\" title=\"-\" srcset=\"https:\/\/mouldking.store\/wp-content\/uploads\/2022\/03\/Qman-12011-Fire-Rescue-Mini-Set-4-in-1-with-410-pieces-5.jpg 658w, https:\/\/mouldking.store\/wp-content\/uploads\/2022\/03\/Qman-12011-Fire-Rescue-Mini-Set-4-in-1-with-410-pieces-5-193x300.jpg 193w, https:\/\/mouldking.store\/wp-content\/uploads\/2022\/03\/Qman-12011-Fire-Rescue-Mini-Set-4-in-1-with-410-pieces-5-300x467.jpg 300w, https:\/\/mouldking.store\/wp-content\/uploads\/2022\/03\/Qman-12011-Fire-Rescue-Mini-Set-4-in-1-with-410-pieces-5-600x934.jpg 600w, https:\/\/mouldking.store\/wp-content\/uploads\/2022\/03\/Qman-12011-Fire-Rescue-Mini-Set-4-in-1-with-410-pieces-5-96x150.jpg 96w\" sizes=\"(max-width: 658px) 100vw, 658px\" \/><figcaption id=\"caption-attachment-30184\" class=\"wp-caption-text\">Qman 12011 Fire Rescue Mini Set 4 in 1 mit 410 Teilen<\/figcaption><\/figure>\n<figure id=\"attachment_30190\" aria-describedby=\"caption-attachment-30190\" style=\"width: 790px\" class=\"wp-caption aligncenter\"><img loading=\"lazy\" decoding=\"async\" class=\"wp-image-30190 size-full\" src=\"https:\/\/mouldking.store\/wp-content\/uploads\/2022\/03\/Qman-12011-Fire-Rescue-Mini-Set-4-in-1-with-410-pieces-11.jpg\" alt=\"Qman 12011 Fire Rescue Mini Set 4 in 1 with 410 pieces\" width=\"790\" height=\"709\" title=\"-\" srcset=\"https:\/\/mouldking.store\/wp-content\/uploads\/2022\/03\/Qman-12011-Fire-Rescue-Mini-Set-4-in-1-with-410-pieces-11.jpg 790w, https:\/\/mouldking.store\/wp-content\/uploads\/2022\/03\/Qman-12011-Fire-Rescue-Mini-Set-4-in-1-with-410-pieces-11-300x269.jpg 300w, https:\/\/mouldking.store\/wp-content\/uploads\/2022\/03\/Qman-12011-Fire-Rescue-Mini-Set-4-in-1-with-410-pieces-11-768x689.jpg 768w, https:\/\/mouldking.store\/wp-content\/uploads\/2022\/03\/Qman-12011-Fire-Rescue-Mini-Set-4-in-1-with-410-pieces-11-600x538.jpg 600w, https:\/\/mouldking.store\/wp-content\/uploads\/2022\/03\/Qman-12011-Fire-Rescue-Mini-Set-4-in-1-with-410-pieces-11-150x135.jpg 150w\" sizes=\"(max-width: 790px) 100vw, 790px\" \/><figcaption id=\"caption-attachment-30190\" class=\"wp-caption-text\">Qman 12011 Fire Rescue Mini Set 4 in 1 mit 410 Teilen<\/figcaption><\/figure>","protected":false},"excerpt":{"rendered":"<p>Product information: Brand: Qman Gender: Unisex Name: Fire Rescue Mini Set 4 in 1 Age Range: &gt; 6 years old Model Number: 12011 Classification: Assemblage Plastic Block Shape: Self-Locking Bricks Material: Plastic Plastic Type: ABS Bricks Blocks: 410 PCS Contains detailed assembly instructions. Notice: 1. Without an original box, but we guarantee our products have [&hellip;]<\/p>","protected":false},"featured_media":30180,"comment_status":"closed","ping_status":"closed","template":"","meta":{"_acf_changed":false},"product_cat":[364],"product_tag":[2660,4900,4898,4806,4897,4899,4896,4895],"class_list":["product","first","instock","shipping-taxable","purchasable","product-type-simple"],"acf":[],"_links":{"self":[{"href":"https:\/\/mouldking.store\/de\/wp-json\/wp\/v2\/product\/30179","targetHints":{"allow":["GET"]}}],"collection":[{"href":"https:\/\/mouldking.store\/de\/wp-json\/wp\/v2\/product"}],"about":[{"href":"https:\/\/mouldking.store\/de\/wp-json\/wp\/v2\/types\/product"}],"replies":[{"embeddable":true,"href":"https:\/\/mouldking.store\/de\/wp-json\/wp\/v2\/comments?post=30179"}],"wp:featuredmedia":[{"embeddable":true,"href":"https:\/\/mouldking.store\/de\/wp-json\/wp\/v2\/media\/30180"}],"wp:attachment":[{"href":"https:\/\/mouldking.store\/de\/wp-json\/wp\/v2\/media?parent=30179"}],"wp:term":[{"taxonomy":"product_cat","embeddable":true,"href":"https:\/\/mouldking.store\/de\/wp-json\/wp\/v2\/product_cat?post=30179"},{"taxonomy":"product_tag","embeddable":true,"href":"https:\/\/mouldking.store\/de\/wp-json\/wp\/v2\/product_tag?post=30179"}],"curies":[{"name":"wp","href":"https:\/\/api.w.org\/{rel}","templated":true}]}}