{"id":30192,"date":"2022-03-01T14:46:41","date_gmt":"2022-03-01T07:46:41","guid":{"rendered":"https:\/\/mouldking.store\/?post_type=product&#038;p=30192"},"modified":"2024-02-28T09:49:54","modified_gmt":"2024-02-28T02:49:54","slug":"xinyu-23004-rc-fire-truck-with-5133-pieces","status":"publish","type":"product","link":"https:\/\/mouldking.store\/de\/shop\/xinyu-23004-rc-fire-truck-with-5133-pieces\/","title":{"rendered":"XINYU 23004 RC Feuerwehrauto mit 5133 Teilen"},"content":{"rendered":"<p>Produktinformation:<\/p>\n<ol>\n<li>Brand: XINYU<\/li>\n<li>Geschlecht: Unisex<\/li>\n<li>Name: RC Fire Truck<\/li>\n<li>Altersspanne: &gt; 6 Jahre alt<\/li>\n<li>Model Number: 23004<\/li>\n<li>Einstufung: Assemblage<\/li>\n<li>Kunststoffblockform: Selbstsichernde Steine<\/li>\n<li>Material: Kunststoff<\/li>\n<li>Kunststofftyp: ABS<\/li>\n<li>Bricks Blocks: 5133 PCS<\/li>\n<li>Enth\u00e4lt eine ausf\u00fchrliche Montageanleitung.<\/li>\n<\/ol>\n<p>Notiz:<br \/>\n1. Ohne Originalverpackung, aber wir garantieren, dass unsere Produkte eine Qualit\u00e4tssicherung und eine sch\u00f6ne Verpackung haben.<br \/>\n2. Wie alle Teile, die wir vor dem Versand \u00fcberpr\u00fcft haben, machen Sie sich keine Sorgen, wenn Sie feststellen, dass einige Teile fehlen oder besch\u00e4digt sind, und kontaktieren Sie uns einfach, und wir k\u00f6nnen sie Ihnen umgehend kostenlos erneut zusenden.<\/p>\n<p>&nbsp;<\/p>\n<figure id=\"attachment_30193\" aria-describedby=\"caption-attachment-30193\" style=\"width: 800px\" class=\"wp-caption aligncenter\"><img fetchpriority=\"high\" decoding=\"async\" class=\"wp-image-30193 size-full\" src=\"https:\/\/mouldking.store\/wp-content\/uploads\/2022\/03\/XINYU-23004-RC-Fire-Truck-with-5133-pieces-1.jpg\" alt=\"XINYU 23004 RC Fire Truck with 5133 pieces\" width=\"800\" height=\"800\" title=\"-\" srcset=\"https:\/\/mouldking.store\/wp-content\/uploads\/2022\/03\/XINYU-23004-RC-Fire-Truck-with-5133-pieces-1.jpg 800w, https:\/\/mouldking.store\/wp-content\/uploads\/2022\/03\/XINYU-23004-RC-Fire-Truck-with-5133-pieces-1-300x300.jpg 300w, https:\/\/mouldking.store\/wp-content\/uploads\/2022\/03\/XINYU-23004-RC-Fire-Truck-with-5133-pieces-1-768x768.jpg 768w, https:\/\/mouldking.store\/wp-content\/uploads\/2022\/03\/XINYU-23004-RC-Fire-Truck-with-5133-pieces-1-600x600.jpg 600w, https:\/\/mouldking.store\/wp-content\/uploads\/2022\/03\/XINYU-23004-RC-Fire-Truck-with-5133-pieces-1-150x150.jpg 150w\" sizes=\"(max-width: 800px) 100vw, 800px\" \/><figcaption id=\"caption-attachment-30193\" class=\"wp-caption-text\">XINYU 23004 RC Feuerwehrauto mit 5133 Teilen<\/figcaption><\/figure>\n<figure id=\"attachment_30204\" aria-describedby=\"caption-attachment-30204\" style=\"width: 626px\" class=\"wp-caption aligncenter\"><img decoding=\"async\" class=\"wp-image-30204 size-full\" src=\"https:\/\/mouldking.store\/wp-content\/uploads\/2022\/03\/XINYU-23004-RC-Fire-Truck-with-5133-pieces-12.jpg\" alt=\"XINYU 23004 RC Fire Truck with 5133 pieces\" width=\"626\" height=\"1024\" title=\"-\" srcset=\"https:\/\/mouldking.store\/wp-content\/uploads\/2022\/03\/XINYU-23004-RC-Fire-Truck-with-5133-pieces-12.jpg 626w, https:\/\/mouldking.store\/wp-content\/uploads\/2022\/03\/XINYU-23004-RC-Fire-Truck-with-5133-pieces-12-183x300.jpg 183w, https:\/\/mouldking.store\/wp-content\/uploads\/2022\/03\/XINYU-23004-RC-Fire-Truck-with-5133-pieces-12-300x491.jpg 300w, https:\/\/mouldking.store\/wp-content\/uploads\/2022\/03\/XINYU-23004-RC-Fire-Truck-with-5133-pieces-12-600x981.jpg 600w, https:\/\/mouldking.store\/wp-content\/uploads\/2022\/03\/XINYU-23004-RC-Fire-Truck-with-5133-pieces-12-92x150.jpg 92w\" sizes=\"(max-width: 626px) 100vw, 626px\" \/><figcaption id=\"caption-attachment-30204\" class=\"wp-caption-text\">XINYU 23004 RC Feuerwehrauto mit 5133 Teilen<\/figcaption><\/figure>\n<figure id=\"attachment_30198\" aria-describedby=\"caption-attachment-30198\" style=\"width: 564px\" class=\"wp-caption aligncenter\"><img decoding=\"async\" class=\"wp-image-30198 size-full\" src=\"https:\/\/mouldking.store\/wp-content\/uploads\/2022\/03\/XINYU-23004-RC-Fire-Truck-with-5133-pieces-6.jpg\" alt=\"XINYU 23004 RC Fire Truck with 5133 pieces\" width=\"564\" height=\"1024\" title=\"-\" srcset=\"https:\/\/mouldking.store\/wp-content\/uploads\/2022\/03\/XINYU-23004-RC-Fire-Truck-with-5133-pieces-6.jpg 564w, https:\/\/mouldking.store\/wp-content\/uploads\/2022\/03\/XINYU-23004-RC-Fire-Truck-with-5133-pieces-6-165x300.jpg 165w, https:\/\/mouldking.store\/wp-content\/uploads\/2022\/03\/XINYU-23004-RC-Fire-Truck-with-5133-pieces-6-300x545.jpg 300w, https:\/\/mouldking.store\/wp-content\/uploads\/2022\/03\/XINYU-23004-RC-Fire-Truck-with-5133-pieces-6-83x150.jpg 83w\" sizes=\"(max-width: 564px) 100vw, 564px\" \/><figcaption id=\"caption-attachment-30198\" class=\"wp-caption-text\">XINYU 23004 RC Feuerwehrauto mit 5133 Teilen<\/figcaption><\/figure>\n<figure id=\"attachment_30199\" aria-describedby=\"caption-attachment-30199\" style=\"width: 553px\" class=\"wp-caption aligncenter\"><img loading=\"lazy\" decoding=\"async\" class=\"wp-image-30199 size-full\" src=\"https:\/\/mouldking.store\/wp-content\/uploads\/2022\/03\/XINYU-23004-RC-Fire-Truck-with-5133-pieces-7.jpg\" alt=\"XINYU 23004 RC Fire Truck with 5133 pieces\" width=\"553\" height=\"1024\" title=\"-\" srcset=\"https:\/\/mouldking.store\/wp-content\/uploads\/2022\/03\/XINYU-23004-RC-Fire-Truck-with-5133-pieces-7.jpg 553w, https:\/\/mouldking.store\/wp-content\/uploads\/2022\/03\/XINYU-23004-RC-Fire-Truck-with-5133-pieces-7-162x300.jpg 162w, https:\/\/mouldking.store\/wp-content\/uploads\/2022\/03\/XINYU-23004-RC-Fire-Truck-with-5133-pieces-7-300x556.jpg 300w, https:\/\/mouldking.store\/wp-content\/uploads\/2022\/03\/XINYU-23004-RC-Fire-Truck-with-5133-pieces-7-81x150.jpg 81w\" sizes=\"(max-width: 553px) 100vw, 553px\" \/><figcaption id=\"caption-attachment-30199\" class=\"wp-caption-text\">XINYU 23004 RC Feuerwehrauto mit 5133 Teilen<\/figcaption><\/figure>\n<figure id=\"attachment_30202\" aria-describedby=\"caption-attachment-30202\" style=\"width: 600px\" class=\"wp-caption aligncenter\"><img loading=\"lazy\" decoding=\"async\" class=\"wp-image-30202 size-full\" src=\"https:\/\/mouldking.store\/wp-content\/uploads\/2022\/03\/XINYU-23004-RC-Fire-Truck-with-5133-pieces-10.jpg\" alt=\"XINYU 23004 RC Fire Truck with 5133 pieces\" width=\"600\" height=\"1024\" title=\"-\" srcset=\"https:\/\/mouldking.store\/wp-content\/uploads\/2022\/03\/XINYU-23004-RC-Fire-Truck-with-5133-pieces-10.jpg 600w, https:\/\/mouldking.store\/wp-content\/uploads\/2022\/03\/XINYU-23004-RC-Fire-Truck-with-5133-pieces-10-176x300.jpg 176w, https:\/\/mouldking.store\/wp-content\/uploads\/2022\/03\/XINYU-23004-RC-Fire-Truck-with-5133-pieces-10-300x512.jpg 300w, https:\/\/mouldking.store\/wp-content\/uploads\/2022\/03\/XINYU-23004-RC-Fire-Truck-with-5133-pieces-10-88x150.jpg 88w\" sizes=\"(max-width: 600px) 100vw, 600px\" \/><figcaption id=\"caption-attachment-30202\" class=\"wp-caption-text\">XINYU 23004 RC Feuerwehrauto mit 5133 Teilen<\/figcaption><\/figure>\n<figure id=\"attachment_30201\" aria-describedby=\"caption-attachment-30201\" style=\"width: 598px\" class=\"wp-caption aligncenter\"><img loading=\"lazy\" decoding=\"async\" class=\"wp-image-30201 size-full\" src=\"https:\/\/mouldking.store\/wp-content\/uploads\/2022\/03\/XINYU-23004-RC-Fire-Truck-with-5133-pieces-9.jpg\" alt=\"XINYU 23004 RC Fire Truck with 5133 pieces\" width=\"598\" height=\"1024\" title=\"-\" srcset=\"https:\/\/mouldking.store\/wp-content\/uploads\/2022\/03\/XINYU-23004-RC-Fire-Truck-with-5133-pieces-9.jpg 598w, https:\/\/mouldking.store\/wp-content\/uploads\/2022\/03\/XINYU-23004-RC-Fire-Truck-with-5133-pieces-9-175x300.jpg 175w, https:\/\/mouldking.store\/wp-content\/uploads\/2022\/03\/XINYU-23004-RC-Fire-Truck-with-5133-pieces-9-300x514.jpg 300w, https:\/\/mouldking.store\/wp-content\/uploads\/2022\/03\/XINYU-23004-RC-Fire-Truck-with-5133-pieces-9-88x150.jpg 88w\" sizes=\"(max-width: 598px) 100vw, 598px\" \/><figcaption id=\"caption-attachment-30201\" class=\"wp-caption-text\">XINYU 23004 RC Feuerwehrauto mit 5133 Teilen<\/figcaption><\/figure>\n<figure id=\"attachment_30200\" aria-describedby=\"caption-attachment-30200\" style=\"width: 639px\" class=\"wp-caption aligncenter\"><img loading=\"lazy\" decoding=\"async\" class=\"wp-image-30200 size-full\" src=\"https:\/\/mouldking.store\/wp-content\/uploads\/2022\/03\/XINYU-23004-RC-Fire-Truck-with-5133-pieces-8.jpg\" alt=\"XINYU 23004 RC Fire Truck with 5133 pieces\" width=\"639\" height=\"1024\" title=\"-\" srcset=\"https:\/\/mouldking.store\/wp-content\/uploads\/2022\/03\/XINYU-23004-RC-Fire-Truck-with-5133-pieces-8.jpg 639w, https:\/\/mouldking.store\/wp-content\/uploads\/2022\/03\/XINYU-23004-RC-Fire-Truck-with-5133-pieces-8-187x300.jpg 187w, https:\/\/mouldking.store\/wp-content\/uploads\/2022\/03\/XINYU-23004-RC-Fire-Truck-with-5133-pieces-8-300x481.jpg 300w, https:\/\/mouldking.store\/wp-content\/uploads\/2022\/03\/XINYU-23004-RC-Fire-Truck-with-5133-pieces-8-600x962.jpg 600w, https:\/\/mouldking.store\/wp-content\/uploads\/2022\/03\/XINYU-23004-RC-Fire-Truck-with-5133-pieces-8-94x150.jpg 94w\" sizes=\"(max-width: 639px) 100vw, 639px\" \/><figcaption id=\"caption-attachment-30200\" class=\"wp-caption-text\">XINYU 23004 RC Feuerwehrauto mit 5133 Teilen<\/figcaption><\/figure>\n<figure id=\"attachment_30203\" aria-describedby=\"caption-attachment-30203\" style=\"width: 732px\" class=\"wp-caption aligncenter\"><img loading=\"lazy\" decoding=\"async\" class=\"wp-image-30203 size-full\" src=\"https:\/\/mouldking.store\/wp-content\/uploads\/2022\/03\/XINYU-23004-RC-Fire-Truck-with-5133-pieces-11.jpg\" alt=\"XINYU 23004 RC Fire Truck with 5133 pieces\" width=\"732\" height=\"1024\" title=\"-\" srcset=\"https:\/\/mouldking.store\/wp-content\/uploads\/2022\/03\/XINYU-23004-RC-Fire-Truck-with-5133-pieces-11.jpg 732w, https:\/\/mouldking.store\/wp-content\/uploads\/2022\/03\/XINYU-23004-RC-Fire-Truck-with-5133-pieces-11-214x300.jpg 214w, https:\/\/mouldking.store\/wp-content\/uploads\/2022\/03\/XINYU-23004-RC-Fire-Truck-with-5133-pieces-11-300x420.jpg 300w, https:\/\/mouldking.store\/wp-content\/uploads\/2022\/03\/XINYU-23004-RC-Fire-Truck-with-5133-pieces-11-600x839.jpg 600w, https:\/\/mouldking.store\/wp-content\/uploads\/2022\/03\/XINYU-23004-RC-Fire-Truck-with-5133-pieces-11-107x150.jpg 107w\" sizes=\"(max-width: 732px) 100vw, 732px\" \/><figcaption id=\"caption-attachment-30203\" class=\"wp-caption-text\">XINYU 23004 RC Feuerwehrauto mit 5133 Teilen<\/figcaption><\/figure>\n<figure id=\"attachment_30196\" aria-describedby=\"caption-attachment-30196\" style=\"width: 648px\" class=\"wp-caption aligncenter\"><img loading=\"lazy\" decoding=\"async\" class=\"wp-image-30196 size-full\" src=\"https:\/\/mouldking.store\/wp-content\/uploads\/2022\/03\/XINYU-23004-RC-Fire-Truck-with-5133-pieces-4.jpg\" alt=\"XINYU 23004 RC Fire Truck with 5133 pieces\" width=\"648\" height=\"1024\" title=\"-\" srcset=\"https:\/\/mouldking.store\/wp-content\/uploads\/2022\/03\/XINYU-23004-RC-Fire-Truck-with-5133-pieces-4.jpg 648w, https:\/\/mouldking.store\/wp-content\/uploads\/2022\/03\/XINYU-23004-RC-Fire-Truck-with-5133-pieces-4-190x300.jpg 190w, https:\/\/mouldking.store\/wp-content\/uploads\/2022\/03\/XINYU-23004-RC-Fire-Truck-with-5133-pieces-4-300x474.jpg 300w, https:\/\/mouldking.store\/wp-content\/uploads\/2022\/03\/XINYU-23004-RC-Fire-Truck-with-5133-pieces-4-600x948.jpg 600w, https:\/\/mouldking.store\/wp-content\/uploads\/2022\/03\/XINYU-23004-RC-Fire-Truck-with-5133-pieces-4-95x150.jpg 95w\" sizes=\"(max-width: 648px) 100vw, 648px\" \/><figcaption id=\"caption-attachment-30196\" class=\"wp-caption-text\">XINYU 23004 RC Feuerwehrauto mit 5133 Teilen<\/figcaption><\/figure>\n<figure id=\"attachment_30195\" aria-describedby=\"caption-attachment-30195\" style=\"width: 701px\" class=\"wp-caption aligncenter\"><img loading=\"lazy\" decoding=\"async\" class=\"wp-image-30195 size-full\" src=\"https:\/\/mouldking.store\/wp-content\/uploads\/2022\/03\/XINYU-23004-RC-Fire-Truck-with-5133-pieces-3.jpg\" alt=\"XINYU 23004 RC Fire Truck with 5133 pieces\" width=\"701\" height=\"1024\" title=\"-\" srcset=\"https:\/\/mouldking.store\/wp-content\/uploads\/2022\/03\/XINYU-23004-RC-Fire-Truck-with-5133-pieces-3.jpg 701w, https:\/\/mouldking.store\/wp-content\/uploads\/2022\/03\/XINYU-23004-RC-Fire-Truck-with-5133-pieces-3-205x300.jpg 205w, https:\/\/mouldking.store\/wp-content\/uploads\/2022\/03\/XINYU-23004-RC-Fire-Truck-with-5133-pieces-3-300x438.jpg 300w, https:\/\/mouldking.store\/wp-content\/uploads\/2022\/03\/XINYU-23004-RC-Fire-Truck-with-5133-pieces-3-600x876.jpg 600w, https:\/\/mouldking.store\/wp-content\/uploads\/2022\/03\/XINYU-23004-RC-Fire-Truck-with-5133-pieces-3-103x150.jpg 103w\" sizes=\"(max-width: 701px) 100vw, 701px\" \/><figcaption id=\"caption-attachment-30195\" class=\"wp-caption-text\">XINYU 23004 RC Feuerwehrauto mit 5133 Teilen<\/figcaption><\/figure>\n<figure id=\"attachment_30194\" aria-describedby=\"caption-attachment-30194\" style=\"width: 606px\" class=\"wp-caption aligncenter\"><img loading=\"lazy\" decoding=\"async\" class=\"wp-image-30194 size-full\" src=\"https:\/\/mouldking.store\/wp-content\/uploads\/2022\/03\/XINYU-23004-RC-Fire-Truck-with-5133-pieces-2.jpg\" alt=\"XINYU 23004 RC Fire Truck with 5133 pieces\" width=\"606\" height=\"1024\" title=\"-\" srcset=\"https:\/\/mouldking.store\/wp-content\/uploads\/2022\/03\/XINYU-23004-RC-Fire-Truck-with-5133-pieces-2.jpg 606w, https:\/\/mouldking.store\/wp-content\/uploads\/2022\/03\/XINYU-23004-RC-Fire-Truck-with-5133-pieces-2-178x300.jpg 178w, https:\/\/mouldking.store\/wp-content\/uploads\/2022\/03\/XINYU-23004-RC-Fire-Truck-with-5133-pieces-2-300x507.jpg 300w, https:\/\/mouldking.store\/wp-content\/uploads\/2022\/03\/XINYU-23004-RC-Fire-Truck-with-5133-pieces-2-600x1014.jpg 600w, https:\/\/mouldking.store\/wp-content\/uploads\/2022\/03\/XINYU-23004-RC-Fire-Truck-with-5133-pieces-2-89x150.jpg 89w\" sizes=\"(max-width: 606px) 100vw, 606px\" \/><figcaption id=\"caption-attachment-30194\" class=\"wp-caption-text\">XINYU 23004 RC Feuerwehrauto mit 5133 Teilen<\/figcaption><\/figure>\n<figure id=\"attachment_30197\" aria-describedby=\"caption-attachment-30197\" style=\"width: 573px\" class=\"wp-caption aligncenter\"><img loading=\"lazy\" decoding=\"async\" class=\"wp-image-30197 size-full\" src=\"https:\/\/mouldking.store\/wp-content\/uploads\/2022\/03\/XINYU-23004-RC-Fire-Truck-with-5133-pieces-5.jpg\" alt=\"XINYU 23004 RC Fire Truck with 5133 pieces\" width=\"573\" height=\"1024\" title=\"-\" srcset=\"https:\/\/mouldking.store\/wp-content\/uploads\/2022\/03\/XINYU-23004-RC-Fire-Truck-with-5133-pieces-5.jpg 573w, https:\/\/mouldking.store\/wp-content\/uploads\/2022\/03\/XINYU-23004-RC-Fire-Truck-with-5133-pieces-5-168x300.jpg 168w, https:\/\/mouldking.store\/wp-content\/uploads\/2022\/03\/XINYU-23004-RC-Fire-Truck-with-5133-pieces-5-300x536.jpg 300w, https:\/\/mouldking.store\/wp-content\/uploads\/2022\/03\/XINYU-23004-RC-Fire-Truck-with-5133-pieces-5-84x150.jpg 84w\" sizes=\"(max-width: 573px) 100vw, 573px\" \/><figcaption id=\"caption-attachment-30197\" class=\"wp-caption-text\">XINYU 23004 RC Feuerwehrauto mit 5133 Teilen<\/figcaption><\/figure>","protected":false},"excerpt":{"rendered":"<p>Product information: Brand: XINYU Gender: Unisex Name: RC Fire Truck Age Range: &gt; 6 years old Model Number: 23004 Classification: Assemblage Plastic Block Shape: Self-Locking Bricks Material: Plastic Plastic Type: ABS Bricks Blocks: 5133 PCS Contains detailed assembly instructions. Notice: 1. Without an original box, but we guarantee our products have quality assurance and nice [&hellip;]<\/p>","protected":false},"featured_media":30193,"comment_status":"closed","ping_status":"closed","template":"","meta":{"_acf_changed":false},"product_cat":[364],"product_tag":[4904,3565,481,3562,2209,4903,4902,4901],"class_list":["product","first","outofstock","shipping-taxable","purchasable","product-type-simple"],"acf":[],"_links":{"self":[{"href":"https:\/\/mouldking.store\/de\/wp-json\/wp\/v2\/product\/30192","targetHints":{"allow":["GET"]}}],"collection":[{"href":"https:\/\/mouldking.store\/de\/wp-json\/wp\/v2\/product"}],"about":[{"href":"https:\/\/mouldking.store\/de\/wp-json\/wp\/v2\/types\/product"}],"replies":[{"embeddable":true,"href":"https:\/\/mouldking.store\/de\/wp-json\/wp\/v2\/comments?post=30192"}],"wp:featuredmedia":[{"embeddable":true,"href":"https:\/\/mouldking.store\/de\/wp-json\/wp\/v2\/media\/30193"}],"wp:attachment":[{"href":"https:\/\/mouldking.store\/de\/wp-json\/wp\/v2\/media?parent=30192"}],"wp:term":[{"taxonomy":"product_cat","embeddable":true,"href":"https:\/\/mouldking.store\/de\/wp-json\/wp\/v2\/product_cat?post=30192"},{"taxonomy":"product_tag","embeddable":true,"href":"https:\/\/mouldking.store\/de\/wp-json\/wp\/v2\/product_tag?post=30192"}],"curies":[{"name":"wp","href":"https:\/\/api.w.org\/{rel}","templated":true}]}}