{"id":30299,"date":"2022-03-01T16:53:14","date_gmt":"2022-03-01T09:53:14","guid":{"rendered":"https:\/\/mouldking.store\/?post_type=product&#038;p=30299"},"modified":"2022-03-01T16:53:14","modified_gmt":"2022-03-01T09:53:14","slug":"tgl-t5013-mclaren-senna-with-3780-pieces","status":"publish","type":"product","link":"https:\/\/mouldking.store\/de\/shop\/tgl-t5013-mclaren-senna-with-3780-pieces\/","title":{"rendered":"TGL T5013 McLaren Senna mit 3780 St\u00fcck"},"content":{"rendered":"<p>Produktinformation:<\/p>\n<ol>\n<li>Marke: TGL<\/li>\n<li>Geschlecht: Unisex<\/li>\n<li>Name: McLaren Senna<\/li>\n<li>Altersspanne: &gt; 6 Jahre alt<\/li>\n<li>Model Number: T5013<\/li>\n<li>Einstufung: Assemblage<\/li>\n<li>Kunststoffblockform: Selbstsichernde Steine<\/li>\n<li>Material: Kunststoff<\/li>\n<li>Kunststofftyp: ABS<\/li>\n<li>Bricks Blocks: 3780 PCS<\/li>\n<li>Enth\u00e4lt eine ausf\u00fchrliche Montageanleitung.<\/li>\n<\/ol>\n<p>Notiz:<br \/>\n1. Ohne Originalverpackung, aber wir garantieren, dass unsere Produkte eine Qualit\u00e4tssicherung und eine sch\u00f6ne Verpackung haben.<br \/>\n2. Wie alle Teile, die wir vor dem Versand \u00fcberpr\u00fcft haben, machen Sie sich keine Sorgen, wenn Sie feststellen, dass einige Teile fehlen oder besch\u00e4digt sind, und kontaktieren Sie uns einfach, und wir k\u00f6nnen sie Ihnen umgehend kostenlos erneut zusenden.<\/p>\n<figure id=\"attachment_30300\" aria-describedby=\"caption-attachment-30300\" style=\"width: 800px\" class=\"wp-caption aligncenter\"><img fetchpriority=\"high\" decoding=\"async\" class=\"wp-image-30300 size-full\" src=\"https:\/\/mouldking.store\/wp-content\/uploads\/2022\/03\/TGL-T5013-McLaren-Senna-with-3780-pieces-1.jpg\" alt=\"TGL T5013 McLaren Senna with 3780 pieces\" width=\"800\" height=\"800\" title=\"-\" srcset=\"https:\/\/mouldking.store\/wp-content\/uploads\/2022\/03\/TGL-T5013-McLaren-Senna-with-3780-pieces-1.jpg 800w, https:\/\/mouldking.store\/wp-content\/uploads\/2022\/03\/TGL-T5013-McLaren-Senna-with-3780-pieces-1-300x300.jpg 300w, https:\/\/mouldking.store\/wp-content\/uploads\/2022\/03\/TGL-T5013-McLaren-Senna-with-3780-pieces-1-768x768.jpg 768w, https:\/\/mouldking.store\/wp-content\/uploads\/2022\/03\/TGL-T5013-McLaren-Senna-with-3780-pieces-1-600x600.jpg 600w, https:\/\/mouldking.store\/wp-content\/uploads\/2022\/03\/TGL-T5013-McLaren-Senna-with-3780-pieces-1-150x150.jpg 150w\" sizes=\"(max-width: 800px) 100vw, 800px\" \/><figcaption id=\"caption-attachment-30300\" class=\"wp-caption-text\">TGL T5013 McLaren Senna mit 3780 St\u00fcck<\/figcaption><\/figure>\n<figure id=\"attachment_30308\" aria-describedby=\"caption-attachment-30308\" style=\"width: 800px\" class=\"wp-caption aligncenter\"><img decoding=\"async\" class=\"wp-image-30308 size-full\" src=\"https:\/\/mouldking.store\/wp-content\/uploads\/2022\/03\/TGL-T5013-McLaren-Senna-with-3780-pieces-9.jpg\" alt=\"TGL T5013 McLaren Senna with 3780 pieces\" width=\"800\" height=\"800\" title=\"-\" srcset=\"https:\/\/mouldking.store\/wp-content\/uploads\/2022\/03\/TGL-T5013-McLaren-Senna-with-3780-pieces-9.jpg 800w, https:\/\/mouldking.store\/wp-content\/uploads\/2022\/03\/TGL-T5013-McLaren-Senna-with-3780-pieces-9-300x300.jpg 300w, https:\/\/mouldking.store\/wp-content\/uploads\/2022\/03\/TGL-T5013-McLaren-Senna-with-3780-pieces-9-768x768.jpg 768w, https:\/\/mouldking.store\/wp-content\/uploads\/2022\/03\/TGL-T5013-McLaren-Senna-with-3780-pieces-9-600x600.jpg 600w, https:\/\/mouldking.store\/wp-content\/uploads\/2022\/03\/TGL-T5013-McLaren-Senna-with-3780-pieces-9-150x150.jpg 150w\" sizes=\"(max-width: 800px) 100vw, 800px\" \/><figcaption id=\"caption-attachment-30308\" class=\"wp-caption-text\">TGL T5013 McLaren Senna mit 3780 St\u00fcck<\/figcaption><\/figure>\n<figure id=\"attachment_30307\" aria-describedby=\"caption-attachment-30307\" style=\"width: 565px\" class=\"wp-caption aligncenter\"><img decoding=\"async\" class=\"wp-image-30307 size-full\" src=\"https:\/\/mouldking.store\/wp-content\/uploads\/2022\/03\/TGL-T5013-McLaren-Senna-with-3780-pieces-8.jpg\" alt=\"TGL T5013 McLaren Senna with 3780 pieces\" width=\"565\" height=\"1024\" title=\"-\" srcset=\"https:\/\/mouldking.store\/wp-content\/uploads\/2022\/03\/TGL-T5013-McLaren-Senna-with-3780-pieces-8.jpg 565w, https:\/\/mouldking.store\/wp-content\/uploads\/2022\/03\/TGL-T5013-McLaren-Senna-with-3780-pieces-8-166x300.jpg 166w, https:\/\/mouldking.store\/wp-content\/uploads\/2022\/03\/TGL-T5013-McLaren-Senna-with-3780-pieces-8-300x544.jpg 300w, https:\/\/mouldking.store\/wp-content\/uploads\/2022\/03\/TGL-T5013-McLaren-Senna-with-3780-pieces-8-83x150.jpg 83w\" sizes=\"(max-width: 565px) 100vw, 565px\" \/><figcaption id=\"caption-attachment-30307\" class=\"wp-caption-text\">TGL T5013 McLaren Senna mit 3780 St\u00fcck<\/figcaption><\/figure>\n<figure id=\"attachment_30305\" aria-describedby=\"caption-attachment-30305\" style=\"width: 710px\" class=\"wp-caption aligncenter\"><img loading=\"lazy\" decoding=\"async\" class=\"wp-image-30305 size-full\" src=\"https:\/\/mouldking.store\/wp-content\/uploads\/2022\/03\/TGL-T5013-McLaren-Senna-with-3780-pieces-6.jpg\" alt=\"TGL T5013 McLaren Senna with 3780 pieces\" width=\"710\" height=\"1024\" title=\"-\" srcset=\"https:\/\/mouldking.store\/wp-content\/uploads\/2022\/03\/TGL-T5013-McLaren-Senna-with-3780-pieces-6.jpg 710w, https:\/\/mouldking.store\/wp-content\/uploads\/2022\/03\/TGL-T5013-McLaren-Senna-with-3780-pieces-6-208x300.jpg 208w, https:\/\/mouldking.store\/wp-content\/uploads\/2022\/03\/TGL-T5013-McLaren-Senna-with-3780-pieces-6-300x433.jpg 300w, https:\/\/mouldking.store\/wp-content\/uploads\/2022\/03\/TGL-T5013-McLaren-Senna-with-3780-pieces-6-600x865.jpg 600w, https:\/\/mouldking.store\/wp-content\/uploads\/2022\/03\/TGL-T5013-McLaren-Senna-with-3780-pieces-6-104x150.jpg 104w\" sizes=\"(max-width: 710px) 100vw, 710px\" \/><figcaption id=\"caption-attachment-30305\" class=\"wp-caption-text\">TGL T5013 McLaren Senna mit 3780 St\u00fcck<\/figcaption><\/figure>\n<figure id=\"attachment_30303\" aria-describedby=\"caption-attachment-30303\" style=\"width: 650px\" class=\"wp-caption aligncenter\"><img loading=\"lazy\" decoding=\"async\" class=\"wp-image-30303 size-full\" src=\"https:\/\/mouldking.store\/wp-content\/uploads\/2022\/03\/TGL-T5013-McLaren-Senna-with-3780-pieces-4.jpg\" alt=\"TGL T5013 McLaren Senna with 3780 pieces\" width=\"650\" height=\"1024\" title=\"-\" srcset=\"https:\/\/mouldking.store\/wp-content\/uploads\/2022\/03\/TGL-T5013-McLaren-Senna-with-3780-pieces-4.jpg 650w, https:\/\/mouldking.store\/wp-content\/uploads\/2022\/03\/TGL-T5013-McLaren-Senna-with-3780-pieces-4-190x300.jpg 190w, https:\/\/mouldking.store\/wp-content\/uploads\/2022\/03\/TGL-T5013-McLaren-Senna-with-3780-pieces-4-300x473.jpg 300w, https:\/\/mouldking.store\/wp-content\/uploads\/2022\/03\/TGL-T5013-McLaren-Senna-with-3780-pieces-4-600x945.jpg 600w, https:\/\/mouldking.store\/wp-content\/uploads\/2022\/03\/TGL-T5013-McLaren-Senna-with-3780-pieces-4-95x150.jpg 95w\" sizes=\"(max-width: 650px) 100vw, 650px\" \/><figcaption id=\"caption-attachment-30303\" class=\"wp-caption-text\">TGL T5013 McLaren Senna mit 3780 St\u00fcck<\/figcaption><\/figure>\n<figure id=\"attachment_30306\" aria-describedby=\"caption-attachment-30306\" style=\"width: 790px\" class=\"wp-caption aligncenter\"><img loading=\"lazy\" decoding=\"async\" class=\"wp-image-30306 size-full\" src=\"https:\/\/mouldking.store\/wp-content\/uploads\/2022\/03\/TGL-T5013-McLaren-Senna-with-3780-pieces-7.jpg\" alt=\"TGL T5013 McLaren Senna with 3780 pieces\" width=\"790\" height=\"897\" title=\"-\" srcset=\"https:\/\/mouldking.store\/wp-content\/uploads\/2022\/03\/TGL-T5013-McLaren-Senna-with-3780-pieces-7.jpg 790w, https:\/\/mouldking.store\/wp-content\/uploads\/2022\/03\/TGL-T5013-McLaren-Senna-with-3780-pieces-7-264x300.jpg 264w, https:\/\/mouldking.store\/wp-content\/uploads\/2022\/03\/TGL-T5013-McLaren-Senna-with-3780-pieces-7-768x872.jpg 768w, https:\/\/mouldking.store\/wp-content\/uploads\/2022\/03\/TGL-T5013-McLaren-Senna-with-3780-pieces-7-300x341.jpg 300w, https:\/\/mouldking.store\/wp-content\/uploads\/2022\/03\/TGL-T5013-McLaren-Senna-with-3780-pieces-7-600x681.jpg 600w, https:\/\/mouldking.store\/wp-content\/uploads\/2022\/03\/TGL-T5013-McLaren-Senna-with-3780-pieces-7-132x150.jpg 132w\" sizes=\"(max-width: 790px) 100vw, 790px\" \/><figcaption id=\"caption-attachment-30306\" class=\"wp-caption-text\">TGL T5013 McLaren Senna mit 3780 St\u00fcck<\/figcaption><\/figure>\n<figure id=\"attachment_30304\" aria-describedby=\"caption-attachment-30304\" style=\"width: 790px\" class=\"wp-caption aligncenter\"><img loading=\"lazy\" decoding=\"async\" class=\"wp-image-30304 size-full\" src=\"https:\/\/mouldking.store\/wp-content\/uploads\/2022\/03\/TGL-T5013-McLaren-Senna-with-3780-pieces-5.jpg\" alt=\"TGL T5013 McLaren Senna with 3780 pieces\" width=\"790\" height=\"921\" title=\"-\" srcset=\"https:\/\/mouldking.store\/wp-content\/uploads\/2022\/03\/TGL-T5013-McLaren-Senna-with-3780-pieces-5.jpg 790w, https:\/\/mouldking.store\/wp-content\/uploads\/2022\/03\/TGL-T5013-McLaren-Senna-with-3780-pieces-5-257x300.jpg 257w, https:\/\/mouldking.store\/wp-content\/uploads\/2022\/03\/TGL-T5013-McLaren-Senna-with-3780-pieces-5-768x895.jpg 768w, https:\/\/mouldking.store\/wp-content\/uploads\/2022\/03\/TGL-T5013-McLaren-Senna-with-3780-pieces-5-300x350.jpg 300w, https:\/\/mouldking.store\/wp-content\/uploads\/2022\/03\/TGL-T5013-McLaren-Senna-with-3780-pieces-5-600x699.jpg 600w, https:\/\/mouldking.store\/wp-content\/uploads\/2022\/03\/TGL-T5013-McLaren-Senna-with-3780-pieces-5-129x150.jpg 129w\" sizes=\"(max-width: 790px) 100vw, 790px\" \/><figcaption id=\"caption-attachment-30304\" class=\"wp-caption-text\">TGL T5013 McLaren Senna mit 3780 St\u00fcck<\/figcaption><\/figure>\n<figure id=\"attachment_30302\" aria-describedby=\"caption-attachment-30302\" style=\"width: 800px\" class=\"wp-caption aligncenter\"><img loading=\"lazy\" decoding=\"async\" class=\"wp-image-30302 size-full\" src=\"https:\/\/mouldking.store\/wp-content\/uploads\/2022\/03\/TGL-T5013-McLaren-Senna-with-3780-pieces-3.jpg\" alt=\"TGL T5013 McLaren Senna with 3780 pieces\" width=\"800\" height=\"800\" title=\"-\" srcset=\"https:\/\/mouldking.store\/wp-content\/uploads\/2022\/03\/TGL-T5013-McLaren-Senna-with-3780-pieces-3.jpg 800w, https:\/\/mouldking.store\/wp-content\/uploads\/2022\/03\/TGL-T5013-McLaren-Senna-with-3780-pieces-3-300x300.jpg 300w, https:\/\/mouldking.store\/wp-content\/uploads\/2022\/03\/TGL-T5013-McLaren-Senna-with-3780-pieces-3-768x768.jpg 768w, https:\/\/mouldking.store\/wp-content\/uploads\/2022\/03\/TGL-T5013-McLaren-Senna-with-3780-pieces-3-600x600.jpg 600w, https:\/\/mouldking.store\/wp-content\/uploads\/2022\/03\/TGL-T5013-McLaren-Senna-with-3780-pieces-3-150x150.jpg 150w\" sizes=\"(max-width: 800px) 100vw, 800px\" \/><figcaption id=\"caption-attachment-30302\" class=\"wp-caption-text\">TGL T5013 McLaren Senna mit 3780 St\u00fcck<\/figcaption><\/figure>\n<figure id=\"attachment_30301\" aria-describedby=\"caption-attachment-30301\" style=\"width: 800px\" class=\"wp-caption aligncenter\"><img loading=\"lazy\" decoding=\"async\" class=\"wp-image-30301 size-full\" src=\"https:\/\/mouldking.store\/wp-content\/uploads\/2022\/03\/TGL-T5013-McLaren-Senna-with-3780-pieces-2.jpg\" alt=\"TGL T5013 McLaren Senna with 3780 pieces\" width=\"800\" height=\"800\" title=\"-\" srcset=\"https:\/\/mouldking.store\/wp-content\/uploads\/2022\/03\/TGL-T5013-McLaren-Senna-with-3780-pieces-2.jpg 800w, https:\/\/mouldking.store\/wp-content\/uploads\/2022\/03\/TGL-T5013-McLaren-Senna-with-3780-pieces-2-300x300.jpg 300w, https:\/\/mouldking.store\/wp-content\/uploads\/2022\/03\/TGL-T5013-McLaren-Senna-with-3780-pieces-2-768x768.jpg 768w, https:\/\/mouldking.store\/wp-content\/uploads\/2022\/03\/TGL-T5013-McLaren-Senna-with-3780-pieces-2-600x600.jpg 600w, https:\/\/mouldking.store\/wp-content\/uploads\/2022\/03\/TGL-T5013-McLaren-Senna-with-3780-pieces-2-150x150.jpg 150w\" sizes=\"(max-width: 800px) 100vw, 800px\" \/><figcaption id=\"caption-attachment-30301\" class=\"wp-caption-text\">TGL T5013 McLaren Senna mit 3780 St\u00fcck<\/figcaption><\/figure>","protected":false},"excerpt":{"rendered":"<p>Product information: Brand: TGL Gender: Unisex Name: McLaren Senna Age Range: &gt; 6 years old Model Number: T5013 Classification: Assemblage Plastic Block Shape: Self-Locking Bricks Material: Plastic Plastic Type: ABS Bricks Blocks: 3780 PCS Contains detailed assembly instructions. Notice: 1. Without an original box, but we guarantee our products have quality assurance and nice packaging. [&hellip;]<\/p>","protected":false},"featured_media":30308,"comment_status":"closed","ping_status":"closed","template":"","meta":{"_acf_changed":false},"product_cat":[364],"product_tag":[1744,1258,3932,4970,2739,4969,4968,4967],"class_list":["product","first","instock","shipping-taxable","purchasable","product-type-variable"],"acf":[],"_links":{"self":[{"href":"https:\/\/mouldking.store\/de\/wp-json\/wp\/v2\/product\/30299","targetHints":{"allow":["GET"]}}],"collection":[{"href":"https:\/\/mouldking.store\/de\/wp-json\/wp\/v2\/product"}],"about":[{"href":"https:\/\/mouldking.store\/de\/wp-json\/wp\/v2\/types\/product"}],"replies":[{"embeddable":true,"href":"https:\/\/mouldking.store\/de\/wp-json\/wp\/v2\/comments?post=30299"}],"wp:featuredmedia":[{"embeddable":true,"href":"https:\/\/mouldking.store\/de\/wp-json\/wp\/v2\/media\/30308"}],"wp:attachment":[{"href":"https:\/\/mouldking.store\/de\/wp-json\/wp\/v2\/media?parent=30299"}],"wp:term":[{"taxonomy":"product_cat","embeddable":true,"href":"https:\/\/mouldking.store\/de\/wp-json\/wp\/v2\/product_cat?post=30299"},{"taxonomy":"product_tag","embeddable":true,"href":"https:\/\/mouldking.store\/de\/wp-json\/wp\/v2\/product_tag?post=30299"}],"curies":[{"name":"wp","href":"https:\/\/api.w.org\/{rel}","templated":true}]}}