{"id":30334,"date":"2022-03-02T11:33:15","date_gmt":"2022-03-02T04:33:15","guid":{"rendered":"https:\/\/mouldking.store\/?post_type=product&#038;p=30334"},"modified":"2022-03-02T11:33:15","modified_gmt":"2022-03-02T04:33:15","slug":"reobrix-22003-rc-mechanical-excavator-with-1106-pieces","status":"publish","type":"product","link":"https:\/\/mouldking.store\/de\/shop\/reobrix-22003-rc-mechanical-excavator-with-1106-pieces\/","title":{"rendered":"Reobrix 22003 RC Mechanischer Bagger mit 1106 Teilen"},"content":{"rendered":"<p>Produktinformation:<\/p>\n<ol>\n<li>Marke: Reobrix<\/li>\n<li>Geschlecht: Unisex<\/li>\n<li>Name: RC Mechanical Excavator<\/li>\n<li>Altersspanne: &gt; 6 Jahre alt<\/li>\n<li>Model Number: 22003<\/li>\n<li>Einstufung: Assemblage<\/li>\n<li>Kunststoffblockform: Selbstsichernde Steine<\/li>\n<li>Material: Kunststoff<\/li>\n<li>Kunststofftyp: ABS<\/li>\n<li>Bricks Blocks: 1106 PCS<\/li>\n<li>Enth\u00e4lt eine ausf\u00fchrliche Montageanleitung.<\/li>\n<\/ol>\n<p>Notiz:<br \/>\n1. Ohne Originalverpackung, aber wir garantieren, dass unsere Produkte eine Qualit\u00e4tssicherung und eine sch\u00f6ne Verpackung haben.<br \/>\n2. Wie alle Teile, die wir vor dem Versand \u00fcberpr\u00fcft haben, machen Sie sich keine Sorgen, wenn Sie feststellen, dass einige Teile fehlen oder besch\u00e4digt sind, und kontaktieren Sie uns einfach, und wir k\u00f6nnen sie Ihnen umgehend kostenlos erneut zusenden.<\/p>\n<figure id=\"attachment_30335\" aria-describedby=\"caption-attachment-30335\" style=\"width: 800px\" class=\"wp-caption aligncenter\"><img fetchpriority=\"high\" decoding=\"async\" class=\"wp-image-30335 size-full\" src=\"https:\/\/mouldking.store\/wp-content\/uploads\/2022\/03\/22003-1106Pcs-City-Engineering-Excavator-Technical-Rc-Car-Building-Blocks-Construction-Vehicle-Bricks-Educational-Toys-Kids.jpg_Q90.jpg_.webp_1_1024x1024.jpg\" alt=\"Reobrix 22003 RC Mechanical Excavator with 1106 pieces\" width=\"800\" height=\"800\" title=\"-\" srcset=\"https:\/\/mouldking.store\/wp-content\/uploads\/2022\/03\/22003-1106Pcs-City-Engineering-Excavator-Technical-Rc-Car-Building-Blocks-Construction-Vehicle-Bricks-Educational-Toys-Kids.jpg_Q90.jpg_.webp_1_1024x1024.jpg 800w, https:\/\/mouldking.store\/wp-content\/uploads\/2022\/03\/22003-1106Pcs-City-Engineering-Excavator-Technical-Rc-Car-Building-Blocks-Construction-Vehicle-Bricks-Educational-Toys-Kids.jpg_Q90.jpg_.webp_1_1024x1024-300x300.jpg 300w, https:\/\/mouldking.store\/wp-content\/uploads\/2022\/03\/22003-1106Pcs-City-Engineering-Excavator-Technical-Rc-Car-Building-Blocks-Construction-Vehicle-Bricks-Educational-Toys-Kids.jpg_Q90.jpg_.webp_1_1024x1024-768x768.jpg 768w, https:\/\/mouldking.store\/wp-content\/uploads\/2022\/03\/22003-1106Pcs-City-Engineering-Excavator-Technical-Rc-Car-Building-Blocks-Construction-Vehicle-Bricks-Educational-Toys-Kids.jpg_Q90.jpg_.webp_1_1024x1024-600x600.jpg 600w, https:\/\/mouldking.store\/wp-content\/uploads\/2022\/03\/22003-1106Pcs-City-Engineering-Excavator-Technical-Rc-Car-Building-Blocks-Construction-Vehicle-Bricks-Educational-Toys-Kids.jpg_Q90.jpg_.webp_1_1024x1024-150x150.jpg 150w\" sizes=\"(max-width: 800px) 100vw, 800px\" \/><figcaption id=\"caption-attachment-30335\" class=\"wp-caption-text\">Reobrix 22003 RC Mechanischer Bagger mit 1106 Teilen<\/figcaption><\/figure>\n<figure id=\"attachment_30348\" aria-describedby=\"caption-attachment-30348\" style=\"width: 800px\" class=\"wp-caption aligncenter\"><img decoding=\"async\" class=\"wp-image-30348 size-full\" src=\"https:\/\/mouldking.store\/wp-content\/uploads\/2022\/03\/22003-1106Pcs-City-Engineering-Excavator-Technical-Rc-Car-Building-Blocks-Construction-Vehicle-Bricks-Educational-Toys-Kids.jpg_Q90.jpg_.webp_2_1024x1024.jpg\" alt=\"Reobrix 22003 RC Mechanical Excavator with 1106 pieces\" width=\"800\" height=\"800\" title=\"-\" srcset=\"https:\/\/mouldking.store\/wp-content\/uploads\/2022\/03\/22003-1106Pcs-City-Engineering-Excavator-Technical-Rc-Car-Building-Blocks-Construction-Vehicle-Bricks-Educational-Toys-Kids.jpg_Q90.jpg_.webp_2_1024x1024.jpg 800w, https:\/\/mouldking.store\/wp-content\/uploads\/2022\/03\/22003-1106Pcs-City-Engineering-Excavator-Technical-Rc-Car-Building-Blocks-Construction-Vehicle-Bricks-Educational-Toys-Kids.jpg_Q90.jpg_.webp_2_1024x1024-300x300.jpg 300w, https:\/\/mouldking.store\/wp-content\/uploads\/2022\/03\/22003-1106Pcs-City-Engineering-Excavator-Technical-Rc-Car-Building-Blocks-Construction-Vehicle-Bricks-Educational-Toys-Kids.jpg_Q90.jpg_.webp_2_1024x1024-768x768.jpg 768w, https:\/\/mouldking.store\/wp-content\/uploads\/2022\/03\/22003-1106Pcs-City-Engineering-Excavator-Technical-Rc-Car-Building-Blocks-Construction-Vehicle-Bricks-Educational-Toys-Kids.jpg_Q90.jpg_.webp_2_1024x1024-600x600.jpg 600w, https:\/\/mouldking.store\/wp-content\/uploads\/2022\/03\/22003-1106Pcs-City-Engineering-Excavator-Technical-Rc-Car-Building-Blocks-Construction-Vehicle-Bricks-Educational-Toys-Kids.jpg_Q90.jpg_.webp_2_1024x1024-150x150.jpg 150w\" sizes=\"(max-width: 800px) 100vw, 800px\" \/><figcaption id=\"caption-attachment-30348\" class=\"wp-caption-text\">Reobrix 22003 RC Mechanischer Bagger mit 1106 Teilen<\/figcaption><\/figure>\n<figure id=\"attachment_30336\" aria-describedby=\"caption-attachment-30336\" style=\"width: 1024px\" class=\"wp-caption aligncenter\"><img decoding=\"async\" class=\"wp-image-30336 size-large\" src=\"https:\/\/mouldking.store\/wp-content\/uploads\/2022\/03\/Reobrix-22003-Mechanical-Excavator-2-1024x1024.jpg\" alt=\"Reobrix 22003 RC Mechanical Excavator with 1106 pieces\" width=\"1024\" height=\"1024\" title=\"-\" srcset=\"https:\/\/mouldking.store\/wp-content\/uploads\/2022\/03\/Reobrix-22003-Mechanical-Excavator-2-1024x1024.jpg 1024w, https:\/\/mouldking.store\/wp-content\/uploads\/2022\/03\/Reobrix-22003-Mechanical-Excavator-2-300x300.jpg 300w, https:\/\/mouldking.store\/wp-content\/uploads\/2022\/03\/Reobrix-22003-Mechanical-Excavator-2-768x768.jpg 768w, https:\/\/mouldking.store\/wp-content\/uploads\/2022\/03\/Reobrix-22003-Mechanical-Excavator-2-600x600.jpg 600w, https:\/\/mouldking.store\/wp-content\/uploads\/2022\/03\/Reobrix-22003-Mechanical-Excavator-2-150x150.jpg 150w, https:\/\/mouldking.store\/wp-content\/uploads\/2022\/03\/Reobrix-22003-Mechanical-Excavator-2.jpg 1280w\" sizes=\"(max-width: 1024px) 100vw, 1024px\" \/><figcaption id=\"caption-attachment-30336\" class=\"wp-caption-text\">Reobrix 22003 RC Mechanischer Bagger mit 1106 Teilen<\/figcaption><\/figure>\n<figure id=\"attachment_30347\" aria-describedby=\"caption-attachment-30347\" style=\"width: 811px\" class=\"wp-caption aligncenter\"><img loading=\"lazy\" decoding=\"async\" class=\"wp-image-30347 size-full\" src=\"https:\/\/mouldking.store\/wp-content\/uploads\/2022\/03\/TECHNICIAN-Reobrix-22003-RC-Mechanical-Excavator-1.jpg\" alt=\"Reobrix 22003 RC Mechanical Excavator with 1106 pieces\" width=\"811\" height=\"1024\" title=\"-\" srcset=\"https:\/\/mouldking.store\/wp-content\/uploads\/2022\/03\/TECHNICIAN-Reobrix-22003-RC-Mechanical-Excavator-1.jpg 811w, https:\/\/mouldking.store\/wp-content\/uploads\/2022\/03\/TECHNICIAN-Reobrix-22003-RC-Mechanical-Excavator-1-238x300.jpg 238w, https:\/\/mouldking.store\/wp-content\/uploads\/2022\/03\/TECHNICIAN-Reobrix-22003-RC-Mechanical-Excavator-1-768x970.jpg 768w, https:\/\/mouldking.store\/wp-content\/uploads\/2022\/03\/TECHNICIAN-Reobrix-22003-RC-Mechanical-Excavator-1-300x379.jpg 300w, https:\/\/mouldking.store\/wp-content\/uploads\/2022\/03\/TECHNICIAN-Reobrix-22003-RC-Mechanical-Excavator-1-600x758.jpg 600w, https:\/\/mouldking.store\/wp-content\/uploads\/2022\/03\/TECHNICIAN-Reobrix-22003-RC-Mechanical-Excavator-1-119x150.jpg 119w\" sizes=\"(max-width: 811px) 100vw, 811px\" \/><figcaption id=\"caption-attachment-30347\" class=\"wp-caption-text\">Reobrix 22003 RC Mechanischer Bagger mit 1106 Teilen<\/figcaption><\/figure>\n<figure id=\"attachment_30346\" aria-describedby=\"caption-attachment-30346\" style=\"width: 811px\" class=\"wp-caption aligncenter\"><img loading=\"lazy\" decoding=\"async\" class=\"wp-image-30346 size-full\" src=\"https:\/\/mouldking.store\/wp-content\/uploads\/2022\/03\/TECHNICIAN-Reobrix-22003-RC-Mechanical-Excavator-8.jpg\" alt=\"Reobrix 22003 RC Mechanical Excavator with 1106 pieces\" width=\"811\" height=\"1024\" title=\"-\" srcset=\"https:\/\/mouldking.store\/wp-content\/uploads\/2022\/03\/TECHNICIAN-Reobrix-22003-RC-Mechanical-Excavator-8.jpg 811w, https:\/\/mouldking.store\/wp-content\/uploads\/2022\/03\/TECHNICIAN-Reobrix-22003-RC-Mechanical-Excavator-8-238x300.jpg 238w, https:\/\/mouldking.store\/wp-content\/uploads\/2022\/03\/TECHNICIAN-Reobrix-22003-RC-Mechanical-Excavator-8-768x970.jpg 768w, https:\/\/mouldking.store\/wp-content\/uploads\/2022\/03\/TECHNICIAN-Reobrix-22003-RC-Mechanical-Excavator-8-300x379.jpg 300w, https:\/\/mouldking.store\/wp-content\/uploads\/2022\/03\/TECHNICIAN-Reobrix-22003-RC-Mechanical-Excavator-8-600x758.jpg 600w, https:\/\/mouldking.store\/wp-content\/uploads\/2022\/03\/TECHNICIAN-Reobrix-22003-RC-Mechanical-Excavator-8-119x150.jpg 119w\" sizes=\"(max-width: 811px) 100vw, 811px\" \/><figcaption id=\"caption-attachment-30346\" class=\"wp-caption-text\">Reobrix 22003 RC Mechanischer Bagger mit 1106 Teilen<\/figcaption><\/figure>\n<figure id=\"attachment_30340\" aria-describedby=\"caption-attachment-30340\" style=\"width: 811px\" class=\"wp-caption aligncenter\"><img loading=\"lazy\" decoding=\"async\" class=\"wp-image-30340 size-full\" src=\"https:\/\/mouldking.store\/wp-content\/uploads\/2022\/03\/TECHNICIAN-Reobrix-22003-RC-Mechanical-Excavator-2.jpg\" alt=\"Reobrix 22003 RC Mechanical Excavator with 1106 pieces\" width=\"811\" height=\"1024\" title=\"-\" srcset=\"https:\/\/mouldking.store\/wp-content\/uploads\/2022\/03\/TECHNICIAN-Reobrix-22003-RC-Mechanical-Excavator-2.jpg 811w, https:\/\/mouldking.store\/wp-content\/uploads\/2022\/03\/TECHNICIAN-Reobrix-22003-RC-Mechanical-Excavator-2-238x300.jpg 238w, https:\/\/mouldking.store\/wp-content\/uploads\/2022\/03\/TECHNICIAN-Reobrix-22003-RC-Mechanical-Excavator-2-768x970.jpg 768w, https:\/\/mouldking.store\/wp-content\/uploads\/2022\/03\/TECHNICIAN-Reobrix-22003-RC-Mechanical-Excavator-2-300x379.jpg 300w, https:\/\/mouldking.store\/wp-content\/uploads\/2022\/03\/TECHNICIAN-Reobrix-22003-RC-Mechanical-Excavator-2-600x758.jpg 600w, https:\/\/mouldking.store\/wp-content\/uploads\/2022\/03\/TECHNICIAN-Reobrix-22003-RC-Mechanical-Excavator-2-119x150.jpg 119w\" sizes=\"(max-width: 811px) 100vw, 811px\" \/><figcaption id=\"caption-attachment-30340\" class=\"wp-caption-text\">Reobrix 22003 RC Mechanischer Bagger mit 1106 Teilen<\/figcaption><\/figure>\n<figure id=\"attachment_30344\" aria-describedby=\"caption-attachment-30344\" style=\"width: 950px\" class=\"wp-caption aligncenter\"><img loading=\"lazy\" decoding=\"async\" class=\"wp-image-30344 size-full\" src=\"https:\/\/mouldking.store\/wp-content\/uploads\/2022\/03\/TECHNICIAN-Reobrix-22003-RC-Mechanical-Excavator-6.jpg\" alt=\"Reobrix 22003 RC Mechanical Excavator with 1106 pieces\" width=\"950\" height=\"592\" title=\"-\" srcset=\"https:\/\/mouldking.store\/wp-content\/uploads\/2022\/03\/TECHNICIAN-Reobrix-22003-RC-Mechanical-Excavator-6.jpg 950w, https:\/\/mouldking.store\/wp-content\/uploads\/2022\/03\/TECHNICIAN-Reobrix-22003-RC-Mechanical-Excavator-6-300x187.jpg 300w, https:\/\/mouldking.store\/wp-content\/uploads\/2022\/03\/TECHNICIAN-Reobrix-22003-RC-Mechanical-Excavator-6-768x479.jpg 768w, https:\/\/mouldking.store\/wp-content\/uploads\/2022\/03\/TECHNICIAN-Reobrix-22003-RC-Mechanical-Excavator-6-600x374.jpg 600w, https:\/\/mouldking.store\/wp-content\/uploads\/2022\/03\/TECHNICIAN-Reobrix-22003-RC-Mechanical-Excavator-6-150x93.jpg 150w\" sizes=\"(max-width: 950px) 100vw, 950px\" \/><figcaption id=\"caption-attachment-30344\" class=\"wp-caption-text\">Reobrix 22003 RC Mechanischer Bagger mit 1106 Teilen<\/figcaption><\/figure>\n<figure id=\"attachment_30343\" aria-describedby=\"caption-attachment-30343\" style=\"width: 950px\" class=\"wp-caption aligncenter\"><img loading=\"lazy\" decoding=\"async\" class=\"wp-image-30343 size-full\" src=\"https:\/\/mouldking.store\/wp-content\/uploads\/2022\/03\/TECHNICIAN-Reobrix-22003-RC-Mechanical-Excavator-5.jpg\" alt=\"Reobrix 22003 RC Mechanical Excavator with 1106 pieces\" width=\"950\" height=\"676\" title=\"-\" srcset=\"https:\/\/mouldking.store\/wp-content\/uploads\/2022\/03\/TECHNICIAN-Reobrix-22003-RC-Mechanical-Excavator-5.jpg 950w, https:\/\/mouldking.store\/wp-content\/uploads\/2022\/03\/TECHNICIAN-Reobrix-22003-RC-Mechanical-Excavator-5-300x213.jpg 300w, https:\/\/mouldking.store\/wp-content\/uploads\/2022\/03\/TECHNICIAN-Reobrix-22003-RC-Mechanical-Excavator-5-768x546.jpg 768w, https:\/\/mouldking.store\/wp-content\/uploads\/2022\/03\/TECHNICIAN-Reobrix-22003-RC-Mechanical-Excavator-5-600x427.jpg 600w, https:\/\/mouldking.store\/wp-content\/uploads\/2022\/03\/TECHNICIAN-Reobrix-22003-RC-Mechanical-Excavator-5-150x107.jpg 150w\" sizes=\"(max-width: 950px) 100vw, 950px\" \/><figcaption id=\"caption-attachment-30343\" class=\"wp-caption-text\">Reobrix 22003 RC Mechanischer Bagger mit 1106 Teilen<\/figcaption><\/figure>\n<figure id=\"attachment_30342\" aria-describedby=\"caption-attachment-30342\" style=\"width: 950px\" class=\"wp-caption aligncenter\"><img loading=\"lazy\" decoding=\"async\" class=\"wp-image-30342 size-full\" src=\"https:\/\/mouldking.store\/wp-content\/uploads\/2022\/03\/TECHNICIAN-Reobrix-22003-RC-Mechanical-Excavator-4.jpg\" alt=\"Reobrix 22003 RC Mechanical Excavator with 1106 pieces\" width=\"950\" height=\"682\" title=\"-\" srcset=\"https:\/\/mouldking.store\/wp-content\/uploads\/2022\/03\/TECHNICIAN-Reobrix-22003-RC-Mechanical-Excavator-4.jpg 950w, https:\/\/mouldking.store\/wp-content\/uploads\/2022\/03\/TECHNICIAN-Reobrix-22003-RC-Mechanical-Excavator-4-300x215.jpg 300w, https:\/\/mouldking.store\/wp-content\/uploads\/2022\/03\/TECHNICIAN-Reobrix-22003-RC-Mechanical-Excavator-4-768x551.jpg 768w, https:\/\/mouldking.store\/wp-content\/uploads\/2022\/03\/TECHNICIAN-Reobrix-22003-RC-Mechanical-Excavator-4-600x431.jpg 600w, https:\/\/mouldking.store\/wp-content\/uploads\/2022\/03\/TECHNICIAN-Reobrix-22003-RC-Mechanical-Excavator-4-150x108.jpg 150w\" sizes=\"(max-width: 950px) 100vw, 950px\" \/><figcaption id=\"caption-attachment-30342\" class=\"wp-caption-text\">Reobrix 22003 RC Mechanischer Bagger mit 1106 Teilen<\/figcaption><\/figure>\n<figure id=\"attachment_30345\" aria-describedby=\"caption-attachment-30345\" style=\"width: 950px\" class=\"wp-caption aligncenter\"><img loading=\"lazy\" decoding=\"async\" class=\"wp-image-30345 size-full\" src=\"https:\/\/mouldking.store\/wp-content\/uploads\/2022\/03\/TECHNICIAN-Reobrix-22003-RC-Mechanical-Excavator-7.jpg\" alt=\"Reobrix 22003 RC Mechanical Excavator with 1106 pieces\" width=\"950\" height=\"820\" title=\"-\" srcset=\"https:\/\/mouldking.store\/wp-content\/uploads\/2022\/03\/TECHNICIAN-Reobrix-22003-RC-Mechanical-Excavator-7.jpg 950w, https:\/\/mouldking.store\/wp-content\/uploads\/2022\/03\/TECHNICIAN-Reobrix-22003-RC-Mechanical-Excavator-7-300x259.jpg 300w, https:\/\/mouldking.store\/wp-content\/uploads\/2022\/03\/TECHNICIAN-Reobrix-22003-RC-Mechanical-Excavator-7-768x663.jpg 768w, https:\/\/mouldking.store\/wp-content\/uploads\/2022\/03\/TECHNICIAN-Reobrix-22003-RC-Mechanical-Excavator-7-600x518.jpg 600w, https:\/\/mouldking.store\/wp-content\/uploads\/2022\/03\/TECHNICIAN-Reobrix-22003-RC-Mechanical-Excavator-7-150x129.jpg 150w\" sizes=\"(max-width: 950px) 100vw, 950px\" \/><figcaption id=\"caption-attachment-30345\" class=\"wp-caption-text\">Reobrix 22003 RC Mechanischer Bagger mit 1106 Teilen<\/figcaption><\/figure>\n<figure id=\"attachment_30341\" aria-describedby=\"caption-attachment-30341\" style=\"width: 950px\" class=\"wp-caption aligncenter\"><img loading=\"lazy\" decoding=\"async\" class=\"wp-image-30341 size-full\" src=\"https:\/\/mouldking.store\/wp-content\/uploads\/2022\/03\/TECHNICIAN-Reobrix-22003-RC-Mechanical-Excavator-3.jpg\" alt=\"Reobrix 22003 RC Mechanical Excavator with 1106 pieces\" width=\"950\" height=\"820\" title=\"-\" srcset=\"https:\/\/mouldking.store\/wp-content\/uploads\/2022\/03\/TECHNICIAN-Reobrix-22003-RC-Mechanical-Excavator-3.jpg 950w, https:\/\/mouldking.store\/wp-content\/uploads\/2022\/03\/TECHNICIAN-Reobrix-22003-RC-Mechanical-Excavator-3-300x259.jpg 300w, https:\/\/mouldking.store\/wp-content\/uploads\/2022\/03\/TECHNICIAN-Reobrix-22003-RC-Mechanical-Excavator-3-768x663.jpg 768w, https:\/\/mouldking.store\/wp-content\/uploads\/2022\/03\/TECHNICIAN-Reobrix-22003-RC-Mechanical-Excavator-3-600x518.jpg 600w, https:\/\/mouldking.store\/wp-content\/uploads\/2022\/03\/TECHNICIAN-Reobrix-22003-RC-Mechanical-Excavator-3-150x129.jpg 150w\" sizes=\"(max-width: 950px) 100vw, 950px\" \/><figcaption id=\"caption-attachment-30341\" class=\"wp-caption-text\">Reobrix 22003 RC Mechanischer Bagger mit 1106 Teilen<\/figcaption><\/figure>\n<figure id=\"attachment_30338\" aria-describedby=\"caption-attachment-30338\" style=\"width: 566px\" class=\"wp-caption aligncenter\"><img loading=\"lazy\" decoding=\"async\" class=\"wp-image-30338 size-full\" src=\"https:\/\/mouldking.store\/wp-content\/uploads\/2022\/03\/Reobrix-22003-Mechanical-Excavator-1.jpg\" alt=\"Reobrix 22003 RC Mechanical Excavator with 1106 pieces\" width=\"566\" height=\"569\" title=\"-\" srcset=\"https:\/\/mouldking.store\/wp-content\/uploads\/2022\/03\/Reobrix-22003-Mechanical-Excavator-1.jpg 566w, https:\/\/mouldking.store\/wp-content\/uploads\/2022\/03\/Reobrix-22003-Mechanical-Excavator-1-298x300.jpg 298w, https:\/\/mouldking.store\/wp-content\/uploads\/2022\/03\/Reobrix-22003-Mechanical-Excavator-1-300x302.jpg 300w, https:\/\/mouldking.store\/wp-content\/uploads\/2022\/03\/Reobrix-22003-Mechanical-Excavator-1-150x150.jpg 150w\" sizes=\"(max-width: 566px) 100vw, 566px\" \/><figcaption id=\"caption-attachment-30338\" class=\"wp-caption-text\">Reobrix 22003 RC Mechanischer Bagger mit 1106 Teilen<\/figcaption><\/figure>\n<figure id=\"attachment_30337\" aria-describedby=\"caption-attachment-30337\" style=\"width: 559px\" class=\"wp-caption aligncenter\"><img loading=\"lazy\" decoding=\"async\" class=\"wp-image-30337 size-full\" src=\"https:\/\/mouldking.store\/wp-content\/uploads\/2022\/03\/Reobrix-22003-Mechanical-Excavator-3.jpg\" alt=\"Reobrix 22003 RC Mechanical Excavator with 1106 pieces\" width=\"559\" height=\"572\" title=\"-\" srcset=\"https:\/\/mouldking.store\/wp-content\/uploads\/2022\/03\/Reobrix-22003-Mechanical-Excavator-3.jpg 559w, https:\/\/mouldking.store\/wp-content\/uploads\/2022\/03\/Reobrix-22003-Mechanical-Excavator-3-293x300.jpg 293w, https:\/\/mouldking.store\/wp-content\/uploads\/2022\/03\/Reobrix-22003-Mechanical-Excavator-3-300x307.jpg 300w, https:\/\/mouldking.store\/wp-content\/uploads\/2022\/03\/Reobrix-22003-Mechanical-Excavator-3-147x150.jpg 147w\" sizes=\"(max-width: 559px) 100vw, 559px\" \/><figcaption id=\"caption-attachment-30337\" class=\"wp-caption-text\">Reobrix 22003 RC Mechanischer Bagger mit 1106 Teilen<\/figcaption><\/figure>","protected":false},"excerpt":{"rendered":"<p>Product information: Brand: Reobrix Gender: Unisex Name: RC Mechanical Excavator Age Range: &gt; 6 years old Model Number: 22003 Classification: Assemblage Plastic Block Shape: Self-Locking Bricks Material: Plastic Plastic Type: ABS Bricks Blocks: 1106 PCS Contains detailed assembly instructions. Notice: 1. Without an original box, but we guarantee our products have quality assurance and nice [&hellip;]<\/p>","protected":false},"featured_media":30335,"comment_status":"closed","ping_status":"closed","template":"","meta":{"_acf_changed":false},"product_cat":[364],"product_tag":[4989,755,4990,4988,2669,4987,4986,4985],"class_list":["product","first","instock","shipping-taxable","purchasable","product-type-simple"],"acf":[],"_links":{"self":[{"href":"https:\/\/mouldking.store\/de\/wp-json\/wp\/v2\/product\/30334","targetHints":{"allow":["GET"]}}],"collection":[{"href":"https:\/\/mouldking.store\/de\/wp-json\/wp\/v2\/product"}],"about":[{"href":"https:\/\/mouldking.store\/de\/wp-json\/wp\/v2\/types\/product"}],"replies":[{"embeddable":true,"href":"https:\/\/mouldking.store\/de\/wp-json\/wp\/v2\/comments?post=30334"}],"wp:featuredmedia":[{"embeddable":true,"href":"https:\/\/mouldking.store\/de\/wp-json\/wp\/v2\/media\/30335"}],"wp:attachment":[{"href":"https:\/\/mouldking.store\/de\/wp-json\/wp\/v2\/media?parent=30334"}],"wp:term":[{"taxonomy":"product_cat","embeddable":true,"href":"https:\/\/mouldking.store\/de\/wp-json\/wp\/v2\/product_cat?post=30334"},{"taxonomy":"product_tag","embeddable":true,"href":"https:\/\/mouldking.store\/de\/wp-json\/wp\/v2\/product_tag?post=30334"}],"curies":[{"name":"wp","href":"https:\/\/api.w.org\/{rel}","templated":true}]}}