{"id":30349,"date":"2022-03-02T11:37:57","date_gmt":"2022-03-02T04:37:57","guid":{"rendered":"https:\/\/mouldking.store\/?post_type=product&#038;p=30349"},"modified":"2023-08-17T18:45:33","modified_gmt":"2023-08-17T11:45:33","slug":"urge-50104-medieval-town-water-mill-with-2053-pieces","status":"publish","type":"product","link":"https:\/\/mouldking.store\/de\/shop\/urge-50104-medieval-town-water-mill-with-2053-pieces\/","title":{"rendered":"URGE 50104 Mittelalterliche Stadtwasserm\u00fchle mit 2053 Teilen"},"content":{"rendered":"<p>Produktinformation:<\/p>\n<ol>\n<li>Marke: URGE<\/li>\n<li>Geschlecht: Unisex<\/li>\n<li>Name: Medieval Town Water Mill<\/li>\n<li>Altersspanne: &gt; 6 Jahre alt<\/li>\n<li>Model Number: 50104<\/li>\n<li>Einstufung: Assemblage<\/li>\n<li>Kunststoffblockform: Selbstsichernde Steine<\/li>\n<li>Material: Kunststoff<\/li>\n<li>Kunststofftyp: ABS<\/li>\n<li>Bricks Blocks: 2053 PCS<\/li>\n<li>Enth\u00e4lt eine ausf\u00fchrliche Montageanleitung.<\/li>\n<\/ol>\n<p>Notiz:<br \/>\n1. Ohne Originalverpackung, aber wir garantieren, dass unsere Produkte eine Qualit\u00e4tssicherung und eine sch\u00f6ne Verpackung haben.<br \/>\n2. Wie alle Teile, die wir vor dem Versand \u00fcberpr\u00fcft haben, machen Sie sich keine Sorgen, wenn Sie feststellen, dass einige Teile fehlen oder besch\u00e4digt sind, und kontaktieren Sie uns einfach, und wir k\u00f6nnen sie Ihnen umgehend kostenlos erneut zusenden.<\/p>\n<figure id=\"attachment_30350\" aria-describedby=\"caption-attachment-30350\" style=\"width: 800px\" class=\"wp-caption aligncenter\"><img fetchpriority=\"high\" decoding=\"async\" class=\"wp-image-30350 size-full\" src=\"https:\/\/mouldking.store\/wp-content\/uploads\/2022\/03\/MODULAR-BUILDING-URGE-50104-Medieval-Town-Water-Mill-1.jpg\" alt=\"URGE 50104 Medieval Town Water Mill with 2053 pieces\" width=\"800\" height=\"800\" title=\"-\" srcset=\"https:\/\/mouldking.store\/wp-content\/uploads\/2022\/03\/MODULAR-BUILDING-URGE-50104-Medieval-Town-Water-Mill-1.jpg 800w, https:\/\/mouldking.store\/wp-content\/uploads\/2022\/03\/MODULAR-BUILDING-URGE-50104-Medieval-Town-Water-Mill-1-300x300.jpg 300w, https:\/\/mouldking.store\/wp-content\/uploads\/2022\/03\/MODULAR-BUILDING-URGE-50104-Medieval-Town-Water-Mill-1-768x768.jpg 768w, https:\/\/mouldking.store\/wp-content\/uploads\/2022\/03\/MODULAR-BUILDING-URGE-50104-Medieval-Town-Water-Mill-1-600x600.jpg 600w, https:\/\/mouldking.store\/wp-content\/uploads\/2022\/03\/MODULAR-BUILDING-URGE-50104-Medieval-Town-Water-Mill-1-150x150.jpg 150w\" sizes=\"(max-width: 800px) 100vw, 800px\" \/><figcaption id=\"caption-attachment-30350\" class=\"wp-caption-text\">URGE 50104 Mittelalterliche Stadtwasserm\u00fchle mit 2053 Teilen<\/figcaption><\/figure>\n<figure id=\"attachment_30355\" aria-describedby=\"caption-attachment-30355\" style=\"width: 537px\" class=\"wp-caption aligncenter\"><img decoding=\"async\" class=\"wp-image-30355 size-full\" src=\"https:\/\/mouldking.store\/wp-content\/uploads\/2022\/03\/MODULAR-BUILDING-URGE-50104-Medieval-Town-Water-Mill-6.jpg\" alt=\"URGE 50104 Medieval Town Water Mill with 2053 pieces\" width=\"537\" height=\"1024\" title=\"-\" srcset=\"https:\/\/mouldking.store\/wp-content\/uploads\/2022\/03\/MODULAR-BUILDING-URGE-50104-Medieval-Town-Water-Mill-6.jpg 537w, https:\/\/mouldking.store\/wp-content\/uploads\/2022\/03\/MODULAR-BUILDING-URGE-50104-Medieval-Town-Water-Mill-6-157x300.jpg 157w, https:\/\/mouldking.store\/wp-content\/uploads\/2022\/03\/MODULAR-BUILDING-URGE-50104-Medieval-Town-Water-Mill-6-300x572.jpg 300w, https:\/\/mouldking.store\/wp-content\/uploads\/2022\/03\/MODULAR-BUILDING-URGE-50104-Medieval-Town-Water-Mill-6-79x150.jpg 79w\" sizes=\"(max-width: 537px) 100vw, 537px\" \/><figcaption id=\"caption-attachment-30355\" class=\"wp-caption-text\">URGE 50104 Mittelalterliche Stadtwasserm\u00fchle mit 2053 Teilen<\/figcaption><\/figure>\n<figure id=\"attachment_30356\" aria-describedby=\"caption-attachment-30356\" style=\"width: 800px\" class=\"wp-caption aligncenter\"><img decoding=\"async\" class=\"wp-image-30356 size-full\" src=\"https:\/\/mouldking.store\/wp-content\/uploads\/2022\/03\/MODULAR-BUILDING-URGE-50104-Medieval-Town-Water-Mill-7.jpg\" alt=\"URGE 50104 Medieval Town Water Mill with 2053 pieces\" width=\"800\" height=\"800\" title=\"-\" srcset=\"https:\/\/mouldking.store\/wp-content\/uploads\/2022\/03\/MODULAR-BUILDING-URGE-50104-Medieval-Town-Water-Mill-7.jpg 800w, https:\/\/mouldking.store\/wp-content\/uploads\/2022\/03\/MODULAR-BUILDING-URGE-50104-Medieval-Town-Water-Mill-7-300x300.jpg 300w, https:\/\/mouldking.store\/wp-content\/uploads\/2022\/03\/MODULAR-BUILDING-URGE-50104-Medieval-Town-Water-Mill-7-768x768.jpg 768w, https:\/\/mouldking.store\/wp-content\/uploads\/2022\/03\/MODULAR-BUILDING-URGE-50104-Medieval-Town-Water-Mill-7-600x600.jpg 600w, https:\/\/mouldking.store\/wp-content\/uploads\/2022\/03\/MODULAR-BUILDING-URGE-50104-Medieval-Town-Water-Mill-7-150x150.jpg 150w\" sizes=\"(max-width: 800px) 100vw, 800px\" \/><figcaption id=\"caption-attachment-30356\" class=\"wp-caption-text\">URGE 50104 Mittelalterliche Stadtwasserm\u00fchle mit 2053 Teilen<\/figcaption><\/figure>\n<figure id=\"attachment_30357\" aria-describedby=\"caption-attachment-30357\" style=\"width: 800px\" class=\"wp-caption aligncenter\"><img loading=\"lazy\" decoding=\"async\" class=\"wp-image-30357 size-full\" src=\"https:\/\/mouldking.store\/wp-content\/uploads\/2022\/03\/MODULAR-BUILDING-URGE-50104-Medieval-Town-Water-Mill-8.jpg\" alt=\"URGE 50104 Medieval Town Water Mill with 2053 pieces\" width=\"800\" height=\"800\" title=\"-\" srcset=\"https:\/\/mouldking.store\/wp-content\/uploads\/2022\/03\/MODULAR-BUILDING-URGE-50104-Medieval-Town-Water-Mill-8.jpg 800w, https:\/\/mouldking.store\/wp-content\/uploads\/2022\/03\/MODULAR-BUILDING-URGE-50104-Medieval-Town-Water-Mill-8-300x300.jpg 300w, https:\/\/mouldking.store\/wp-content\/uploads\/2022\/03\/MODULAR-BUILDING-URGE-50104-Medieval-Town-Water-Mill-8-768x768.jpg 768w, https:\/\/mouldking.store\/wp-content\/uploads\/2022\/03\/MODULAR-BUILDING-URGE-50104-Medieval-Town-Water-Mill-8-600x600.jpg 600w, https:\/\/mouldking.store\/wp-content\/uploads\/2022\/03\/MODULAR-BUILDING-URGE-50104-Medieval-Town-Water-Mill-8-150x150.jpg 150w\" sizes=\"(max-width: 800px) 100vw, 800px\" \/><figcaption id=\"caption-attachment-30357\" class=\"wp-caption-text\">URGE 50104 Mittelalterliche Stadtwasserm\u00fchle mit 2053 Teilen<\/figcaption><\/figure>\n<figure id=\"attachment_30351\" aria-describedby=\"caption-attachment-30351\" style=\"width: 800px\" class=\"wp-caption aligncenter\"><img loading=\"lazy\" decoding=\"async\" class=\"wp-image-30351 size-full\" src=\"https:\/\/mouldking.store\/wp-content\/uploads\/2022\/03\/MODULAR-BUILDING-URGE-50104-Medieval-Town-Water-Mill-2.jpg\" alt=\"URGE 50104 Medieval Town Water Mill with 2053 pieces\" width=\"800\" height=\"800\" title=\"-\" srcset=\"https:\/\/mouldking.store\/wp-content\/uploads\/2022\/03\/MODULAR-BUILDING-URGE-50104-Medieval-Town-Water-Mill-2.jpg 800w, https:\/\/mouldking.store\/wp-content\/uploads\/2022\/03\/MODULAR-BUILDING-URGE-50104-Medieval-Town-Water-Mill-2-300x300.jpg 300w, https:\/\/mouldking.store\/wp-content\/uploads\/2022\/03\/MODULAR-BUILDING-URGE-50104-Medieval-Town-Water-Mill-2-768x768.jpg 768w, https:\/\/mouldking.store\/wp-content\/uploads\/2022\/03\/MODULAR-BUILDING-URGE-50104-Medieval-Town-Water-Mill-2-600x600.jpg 600w, https:\/\/mouldking.store\/wp-content\/uploads\/2022\/03\/MODULAR-BUILDING-URGE-50104-Medieval-Town-Water-Mill-2-150x150.jpg 150w\" sizes=\"(max-width: 800px) 100vw, 800px\" \/><figcaption id=\"caption-attachment-30351\" class=\"wp-caption-text\">URGE 50104 Mittelalterliche Stadtwasserm\u00fchle mit 2053 Teilen<\/figcaption><\/figure>\n<figure id=\"attachment_30352\" aria-describedby=\"caption-attachment-30352\" style=\"width: 675px\" class=\"wp-caption aligncenter\"><img loading=\"lazy\" decoding=\"async\" class=\"wp-image-30352 size-full\" src=\"https:\/\/mouldking.store\/wp-content\/uploads\/2022\/03\/MODULAR-BUILDING-URGE-50104-Medieval-Town-Water-Mill-3.jpg\" alt=\"URGE 50104 Medieval Town Water Mill with 2053 pieces\" width=\"675\" height=\"1013\" title=\"-\" srcset=\"https:\/\/mouldking.store\/wp-content\/uploads\/2022\/03\/MODULAR-BUILDING-URGE-50104-Medieval-Town-Water-Mill-3.jpg 675w, https:\/\/mouldking.store\/wp-content\/uploads\/2022\/03\/MODULAR-BUILDING-URGE-50104-Medieval-Town-Water-Mill-3-200x300.jpg 200w, https:\/\/mouldking.store\/wp-content\/uploads\/2022\/03\/MODULAR-BUILDING-URGE-50104-Medieval-Town-Water-Mill-3-300x450.jpg 300w, https:\/\/mouldking.store\/wp-content\/uploads\/2022\/03\/MODULAR-BUILDING-URGE-50104-Medieval-Town-Water-Mill-3-600x900.jpg 600w, https:\/\/mouldking.store\/wp-content\/uploads\/2022\/03\/MODULAR-BUILDING-URGE-50104-Medieval-Town-Water-Mill-3-100x150.jpg 100w\" sizes=\"(max-width: 675px) 100vw, 675px\" \/><figcaption id=\"caption-attachment-30352\" class=\"wp-caption-text\">URGE 50104 Mittelalterliche Stadtwasserm\u00fchle mit 2053 Teilen<\/figcaption><\/figure>\n<figure id=\"attachment_30358\" aria-describedby=\"caption-attachment-30358\" style=\"width: 606px\" class=\"wp-caption aligncenter\"><img loading=\"lazy\" decoding=\"async\" class=\"wp-image-30358 size-full\" src=\"https:\/\/mouldking.store\/wp-content\/uploads\/2022\/03\/MODULAR-BUILDING-URGE-50104-Medieval-Town-Water-Mill-9.jpg\" alt=\"URGE 50104 Medieval Town Water Mill with 2053 pieces\" width=\"606\" height=\"1024\" title=\"-\" srcset=\"https:\/\/mouldking.store\/wp-content\/uploads\/2022\/03\/MODULAR-BUILDING-URGE-50104-Medieval-Town-Water-Mill-9.jpg 606w, https:\/\/mouldking.store\/wp-content\/uploads\/2022\/03\/MODULAR-BUILDING-URGE-50104-Medieval-Town-Water-Mill-9-178x300.jpg 178w, https:\/\/mouldking.store\/wp-content\/uploads\/2022\/03\/MODULAR-BUILDING-URGE-50104-Medieval-Town-Water-Mill-9-300x507.jpg 300w, https:\/\/mouldking.store\/wp-content\/uploads\/2022\/03\/MODULAR-BUILDING-URGE-50104-Medieval-Town-Water-Mill-9-600x1014.jpg 600w, https:\/\/mouldking.store\/wp-content\/uploads\/2022\/03\/MODULAR-BUILDING-URGE-50104-Medieval-Town-Water-Mill-9-89x150.jpg 89w\" sizes=\"(max-width: 606px) 100vw, 606px\" \/><figcaption id=\"caption-attachment-30358\" class=\"wp-caption-text\">URGE 50104 Mittelalterliche Stadtwasserm\u00fchle mit 2053 Teilen<\/figcaption><\/figure>\n<figure id=\"attachment_30353\" aria-describedby=\"caption-attachment-30353\" style=\"width: 800px\" class=\"wp-caption aligncenter\"><img loading=\"lazy\" decoding=\"async\" class=\"wp-image-30353 size-full\" src=\"https:\/\/mouldking.store\/wp-content\/uploads\/2022\/03\/MODULAR-BUILDING-URGE-50104-Medieval-Town-Water-Mill-4.jpg\" alt=\"URGE 50104 Medieval Town Water Mill with 2053 pieces\" width=\"800\" height=\"800\" title=\"-\" srcset=\"https:\/\/mouldking.store\/wp-content\/uploads\/2022\/03\/MODULAR-BUILDING-URGE-50104-Medieval-Town-Water-Mill-4.jpg 800w, https:\/\/mouldking.store\/wp-content\/uploads\/2022\/03\/MODULAR-BUILDING-URGE-50104-Medieval-Town-Water-Mill-4-300x300.jpg 300w, https:\/\/mouldking.store\/wp-content\/uploads\/2022\/03\/MODULAR-BUILDING-URGE-50104-Medieval-Town-Water-Mill-4-768x768.jpg 768w, https:\/\/mouldking.store\/wp-content\/uploads\/2022\/03\/MODULAR-BUILDING-URGE-50104-Medieval-Town-Water-Mill-4-600x600.jpg 600w, https:\/\/mouldking.store\/wp-content\/uploads\/2022\/03\/MODULAR-BUILDING-URGE-50104-Medieval-Town-Water-Mill-4-150x150.jpg 150w\" sizes=\"(max-width: 800px) 100vw, 800px\" \/><figcaption id=\"caption-attachment-30353\" class=\"wp-caption-text\">URGE 50104 Mittelalterliche Stadtwasserm\u00fchle mit 2053 Teilen<\/figcaption><\/figure>\n<figure id=\"attachment_30354\" aria-describedby=\"caption-attachment-30354\" style=\"width: 800px\" class=\"wp-caption aligncenter\"><img loading=\"lazy\" decoding=\"async\" class=\"wp-image-30354 size-full\" src=\"https:\/\/mouldking.store\/wp-content\/uploads\/2022\/03\/MODULAR-BUILDING-URGE-50104-Medieval-Town-Water-Mill-5.jpg\" alt=\"URGE 50104 Medieval Town Water Mill with 2053 pieces\" width=\"800\" height=\"800\" title=\"-\" srcset=\"https:\/\/mouldking.store\/wp-content\/uploads\/2022\/03\/MODULAR-BUILDING-URGE-50104-Medieval-Town-Water-Mill-5.jpg 800w, https:\/\/mouldking.store\/wp-content\/uploads\/2022\/03\/MODULAR-BUILDING-URGE-50104-Medieval-Town-Water-Mill-5-300x300.jpg 300w, https:\/\/mouldking.store\/wp-content\/uploads\/2022\/03\/MODULAR-BUILDING-URGE-50104-Medieval-Town-Water-Mill-5-768x768.jpg 768w, https:\/\/mouldking.store\/wp-content\/uploads\/2022\/03\/MODULAR-BUILDING-URGE-50104-Medieval-Town-Water-Mill-5-600x600.jpg 600w, https:\/\/mouldking.store\/wp-content\/uploads\/2022\/03\/MODULAR-BUILDING-URGE-50104-Medieval-Town-Water-Mill-5-150x150.jpg 150w\" sizes=\"(max-width: 800px) 100vw, 800px\" \/><figcaption id=\"caption-attachment-30354\" class=\"wp-caption-text\">URGE 50104 Mittelalterliche Stadtwasserm\u00fchle mit 2053 Teilen<\/figcaption><\/figure>","protected":false},"excerpt":{"rendered":"<p>Product information: Brand: URGE Gender: Unisex Name: Medieval Town Water Mill Age Range: &gt; 6 years old Model Number: 50104 Classification: Assemblage Plastic Block Shape: Self-Locking Bricks Material: Plastic Plastic Type: ABS Bricks Blocks: 2053 PCS Contains detailed assembly instructions. Notice: 1. Without an original box, but we guarantee our products have quality assurance and [&hellip;]<\/p>","protected":false},"featured_media":30350,"comment_status":"closed","ping_status":"closed","template":"","meta":{"_acf_changed":false},"product_cat":[390],"product_tag":[4995,4996,4994,4997,1912,4993,4992,4991],"class_list":["product","first","outofstock","shipping-taxable","purchasable","product-type-simple"],"acf":[],"_links":{"self":[{"href":"https:\/\/mouldking.store\/de\/wp-json\/wp\/v2\/product\/30349","targetHints":{"allow":["GET"]}}],"collection":[{"href":"https:\/\/mouldking.store\/de\/wp-json\/wp\/v2\/product"}],"about":[{"href":"https:\/\/mouldking.store\/de\/wp-json\/wp\/v2\/types\/product"}],"replies":[{"embeddable":true,"href":"https:\/\/mouldking.store\/de\/wp-json\/wp\/v2\/comments?post=30349"}],"wp:featuredmedia":[{"embeddable":true,"href":"https:\/\/mouldking.store\/de\/wp-json\/wp\/v2\/media\/30350"}],"wp:attachment":[{"href":"https:\/\/mouldking.store\/de\/wp-json\/wp\/v2\/media?parent=30349"}],"wp:term":[{"taxonomy":"product_cat","embeddable":true,"href":"https:\/\/mouldking.store\/de\/wp-json\/wp\/v2\/product_cat?post=30349"},{"taxonomy":"product_tag","embeddable":true,"href":"https:\/\/mouldking.store\/de\/wp-json\/wp\/v2\/product_tag?post=30349"}],"curies":[{"name":"wp","href":"https:\/\/api.w.org\/{rel}","templated":true}]}}