{"id":30359,"date":"2022-03-02T11:42:19","date_gmt":"2022-03-02T04:42:19","guid":{"rendered":"https:\/\/mouldking.store\/?post_type=product&#038;p=30359"},"modified":"2022-03-02T11:42:19","modified_gmt":"2022-03-02T04:42:19","slug":"qman-w42106-the-era-of-dinosaur-war-3-in-1-with-287-pieces","status":"publish","type":"product","link":"https:\/\/mouldking.store\/de\/shop\/qman-w42106-the-era-of-dinosaur-war-3-in-1-with-287-pieces\/","title":{"rendered":"Qman W42106 The Era of Dinosaur War 3 in 1 mit 287 Teilen"},"content":{"rendered":"<p>Produktinformation:<\/p>\n<ol>\n<li>Marke: Qman<\/li>\n<li>Geschlecht: Unisex<\/li>\n<li>Name: The Era of Dinosaur War 3 in 1<\/li>\n<li>Altersspanne: &gt; 6 Jahre alt<\/li>\n<li>Model Number: W42106<\/li>\n<li>Einstufung: Assemblage<\/li>\n<li>Kunststoffblockform: Selbstsichernde Steine<\/li>\n<li>Material: Kunststoff<\/li>\n<li>Kunststofftyp: ABS<\/li>\n<li>Bricks Blocks: 287 PCS<\/li>\n<li>Enth\u00e4lt eine ausf\u00fchrliche Montageanleitung.<\/li>\n<\/ol>\n<p>Notiz:<br \/>\n1. Ohne Originalverpackung, aber wir garantieren, dass unsere Produkte eine Qualit\u00e4tssicherung und eine sch\u00f6ne Verpackung haben.<br \/>\n2. Wie alle Teile, die wir vor dem Versand \u00fcberpr\u00fcft haben, machen Sie sich keine Sorgen, wenn Sie feststellen, dass einige Teile fehlen oder besch\u00e4digt sind, und kontaktieren Sie uns einfach, und wir k\u00f6nnen sie Ihnen umgehend kostenlos erneut zusenden.<\/p>\n<figure id=\"attachment_30360\" aria-describedby=\"caption-attachment-30360\" style=\"width: 800px\" class=\"wp-caption aligncenter\"><img fetchpriority=\"high\" decoding=\"async\" class=\"wp-image-30360 size-full\" src=\"https:\/\/mouldking.store\/wp-content\/uploads\/2022\/03\/Qman-W42106-The-Era-of-Dinosaur-War-3-in-1-with-287-pieces-1.png\" alt=\"Qman W42106 The Era of Dinosaur War 3 in 1 with 287 pieces\" width=\"800\" height=\"800\" title=\"-\" srcset=\"https:\/\/mouldking.store\/wp-content\/uploads\/2022\/03\/Qman-W42106-The-Era-of-Dinosaur-War-3-in-1-with-287-pieces-1.png 800w, https:\/\/mouldking.store\/wp-content\/uploads\/2022\/03\/Qman-W42106-The-Era-of-Dinosaur-War-3-in-1-with-287-pieces-1-300x300.png 300w, https:\/\/mouldking.store\/wp-content\/uploads\/2022\/03\/Qman-W42106-The-Era-of-Dinosaur-War-3-in-1-with-287-pieces-1-768x768.png 768w, https:\/\/mouldking.store\/wp-content\/uploads\/2022\/03\/Qman-W42106-The-Era-of-Dinosaur-War-3-in-1-with-287-pieces-1-600x600.png 600w, https:\/\/mouldking.store\/wp-content\/uploads\/2022\/03\/Qman-W42106-The-Era-of-Dinosaur-War-3-in-1-with-287-pieces-1-150x150.png 150w\" sizes=\"(max-width: 800px) 100vw, 800px\" \/><figcaption id=\"caption-attachment-30360\" class=\"wp-caption-text\">Qman W42106 The Era of Dinosaur War 3 in 1 mit 287 Teilen<\/figcaption><\/figure>\n<figure id=\"attachment_30363\" aria-describedby=\"caption-attachment-30363\" style=\"width: 460px\" class=\"wp-caption aligncenter\"><img decoding=\"async\" class=\"wp-image-30363 size-full\" src=\"https:\/\/mouldking.store\/wp-content\/uploads\/2022\/03\/Qman-W42106-The-Era-of-Dinosaur-War-3-in-1-with-287-pieces-4.png\" alt=\"Qman W42106 The Era of Dinosaur War 3 in 1 with 287 pieces\" width=\"460\" height=\"813\" title=\"-\" srcset=\"https:\/\/mouldking.store\/wp-content\/uploads\/2022\/03\/Qman-W42106-The-Era-of-Dinosaur-War-3-in-1-with-287-pieces-4.png 460w, https:\/\/mouldking.store\/wp-content\/uploads\/2022\/03\/Qman-W42106-The-Era-of-Dinosaur-War-3-in-1-with-287-pieces-4-170x300.png 170w, https:\/\/mouldking.store\/wp-content\/uploads\/2022\/03\/Qman-W42106-The-Era-of-Dinosaur-War-3-in-1-with-287-pieces-4-300x530.png 300w, https:\/\/mouldking.store\/wp-content\/uploads\/2022\/03\/Qman-W42106-The-Era-of-Dinosaur-War-3-in-1-with-287-pieces-4-85x150.png 85w\" sizes=\"(max-width: 460px) 100vw, 460px\" \/><figcaption id=\"caption-attachment-30363\" class=\"wp-caption-text\">Qman W42106 The Era of Dinosaur War 3 in 1 mit 287 Teilen<\/figcaption><\/figure>\n<figure id=\"attachment_30362\" aria-describedby=\"caption-attachment-30362\" style=\"width: 459px\" class=\"wp-caption aligncenter\"><img decoding=\"async\" class=\"wp-image-30362 size-full\" src=\"https:\/\/mouldking.store\/wp-content\/uploads\/2022\/03\/Qman-W42106-The-Era-of-Dinosaur-War-3-in-1-with-287-pieces-3.png\" alt=\"Qman W42106 The Era of Dinosaur War 3 in 1 with 287 pieces\" width=\"459\" height=\"658\" title=\"-\" srcset=\"https:\/\/mouldking.store\/wp-content\/uploads\/2022\/03\/Qman-W42106-The-Era-of-Dinosaur-War-3-in-1-with-287-pieces-3.png 459w, https:\/\/mouldking.store\/wp-content\/uploads\/2022\/03\/Qman-W42106-The-Era-of-Dinosaur-War-3-in-1-with-287-pieces-3-209x300.png 209w, https:\/\/mouldking.store\/wp-content\/uploads\/2022\/03\/Qman-W42106-The-Era-of-Dinosaur-War-3-in-1-with-287-pieces-3-300x430.png 300w, https:\/\/mouldking.store\/wp-content\/uploads\/2022\/03\/Qman-W42106-The-Era-of-Dinosaur-War-3-in-1-with-287-pieces-3-105x150.png 105w\" sizes=\"(max-width: 459px) 100vw, 459px\" \/><figcaption id=\"caption-attachment-30362\" class=\"wp-caption-text\">Qman W42106 The Era of Dinosaur War 3 in 1 mit 287 Teilen<\/figcaption><\/figure>\n<figure id=\"attachment_30361\" aria-describedby=\"caption-attachment-30361\" style=\"width: 800px\" class=\"wp-caption aligncenter\"><img loading=\"lazy\" decoding=\"async\" class=\"wp-image-30361 size-full\" src=\"https:\/\/mouldking.store\/wp-content\/uploads\/2022\/03\/Qman-W42106-The-Era-of-Dinosaur-War-3-in-1-with-287-pieces-2.png\" alt=\"Qman W42106 The Era of Dinosaur War 3 in 1 with 287 pieces\" width=\"800\" height=\"800\" title=\"-\" srcset=\"https:\/\/mouldking.store\/wp-content\/uploads\/2022\/03\/Qman-W42106-The-Era-of-Dinosaur-War-3-in-1-with-287-pieces-2.png 800w, https:\/\/mouldking.store\/wp-content\/uploads\/2022\/03\/Qman-W42106-The-Era-of-Dinosaur-War-3-in-1-with-287-pieces-2-300x300.png 300w, https:\/\/mouldking.store\/wp-content\/uploads\/2022\/03\/Qman-W42106-The-Era-of-Dinosaur-War-3-in-1-with-287-pieces-2-768x768.png 768w, https:\/\/mouldking.store\/wp-content\/uploads\/2022\/03\/Qman-W42106-The-Era-of-Dinosaur-War-3-in-1-with-287-pieces-2-600x600.png 600w, https:\/\/mouldking.store\/wp-content\/uploads\/2022\/03\/Qman-W42106-The-Era-of-Dinosaur-War-3-in-1-with-287-pieces-2-150x150.png 150w\" sizes=\"(max-width: 800px) 100vw, 800px\" \/><figcaption id=\"caption-attachment-30361\" class=\"wp-caption-text\">Qman W42106 The Era of Dinosaur War 3 in 1 mit 287 Teilen<\/figcaption><\/figure>","protected":false},"excerpt":{"rendered":"<p>Product information: Brand: Qman Gender: Unisex Name: The Era of Dinosaur War 3 in 1 Age Range: &gt; 6 years old Model Number: W42106 Classification: Assemblage Plastic Block Shape: Self-Locking Bricks Material: Plastic Plastic Type: ABS Bricks Blocks: 287 PCS Contains detailed assembly instructions. Notice: 1. Without an original box, but we guarantee our products [&hellip;]<\/p>","protected":false},"featured_media":30360,"comment_status":"closed","ping_status":"closed","template":"","meta":{"_acf_changed":false},"product_cat":[371],"product_tag":[5003,2541,4558,4125,5000,4999,4998,5001,5002],"class_list":["product","first","instock","shipping-taxable","purchasable","product-type-simple"],"acf":[],"_links":{"self":[{"href":"https:\/\/mouldking.store\/de\/wp-json\/wp\/v2\/product\/30359","targetHints":{"allow":["GET"]}}],"collection":[{"href":"https:\/\/mouldking.store\/de\/wp-json\/wp\/v2\/product"}],"about":[{"href":"https:\/\/mouldking.store\/de\/wp-json\/wp\/v2\/types\/product"}],"replies":[{"embeddable":true,"href":"https:\/\/mouldking.store\/de\/wp-json\/wp\/v2\/comments?post=30359"}],"wp:featuredmedia":[{"embeddable":true,"href":"https:\/\/mouldking.store\/de\/wp-json\/wp\/v2\/media\/30360"}],"wp:attachment":[{"href":"https:\/\/mouldking.store\/de\/wp-json\/wp\/v2\/media?parent=30359"}],"wp:term":[{"taxonomy":"product_cat","embeddable":true,"href":"https:\/\/mouldking.store\/de\/wp-json\/wp\/v2\/product_cat?post=30359"},{"taxonomy":"product_tag","embeddable":true,"href":"https:\/\/mouldking.store\/de\/wp-json\/wp\/v2\/product_tag?post=30359"}],"curies":[{"name":"wp","href":"https:\/\/api.w.org\/{rel}","templated":true}]}}