{"id":30371,"date":"2022-03-02T11:51:28","date_gmt":"2022-03-02T04:51:28","guid":{"rendered":"https:\/\/mouldking.store\/?post_type=product&#038;p=30371"},"modified":"2022-03-02T11:51:29","modified_gmt":"2022-03-02T04:51:29","slug":"mould-king-12005-rc-sl7-asia-express-train-with-1873-pieces","status":"publish","type":"product","link":"https:\/\/mouldking.store\/de\/shop\/mould-king-12005-rc-sl7-asia-express-train-with-1873-pieces\/","title":{"rendered":"Mould King 12005 RC SL7 Asia Express Train mit 1873 Teilen"},"content":{"rendered":"<p>Produktinformation:<\/p>\n<ol>\n<li>Marke: Mould King<\/li>\n<li>Geschlecht: Unisex<\/li>\n<li>Name: RC SL7 Asia Express Train<\/li>\n<li>Altersspanne: &gt; 14 Jahre alt<\/li>\n<li>Model Number: 12005<\/li>\n<li>Einstufung: Assemblage<\/li>\n<li>Kunststoffblockform: Selbstsichernde Steine<\/li>\n<li>Material: Kunststoff<\/li>\n<li>Kunststofftyp: ABS<\/li>\n<li>Bricks Blocks: 1873 PCS<\/li>\n<li>Enth\u00e4lt eine ausf\u00fchrliche Montageanleitung.<\/li>\n<\/ol>\n<p>Notiz:<br \/>\n1. Ohne Originalverpackung, aber wir garantieren, dass unsere Produkte eine Qualit\u00e4tssicherung und eine sch\u00f6ne Verpackung haben.<br \/>\n2. Wie alle Teile, die wir vor dem Versand \u00fcberpr\u00fcft haben, machen Sie sich keine Sorgen, wenn Sie feststellen, dass einige Teile fehlen oder besch\u00e4digt sind, und kontaktieren Sie uns einfach, und wir k\u00f6nnen sie Ihnen umgehend kostenlos erneut zusenden.<\/p>\n<figure id=\"attachment_30372\" aria-describedby=\"caption-attachment-30372\" style=\"width: 800px\" class=\"wp-caption aligncenter\"><img fetchpriority=\"high\" decoding=\"async\" class=\"wp-image-30372 size-full\" src=\"https:\/\/mouldking.store\/wp-content\/uploads\/2022\/03\/Mould-King-12005-RC-SL7-Asia-Express-Train-with-1873-pieces-1.jpg\" alt=\"Mould King 12005 RC SL7 Asia Express Train with 1873 pieces\" width=\"800\" height=\"800\" title=\"-\" srcset=\"https:\/\/mouldking.store\/wp-content\/uploads\/2022\/03\/Mould-King-12005-RC-SL7-Asia-Express-Train-with-1873-pieces-1.jpg 800w, https:\/\/mouldking.store\/wp-content\/uploads\/2022\/03\/Mould-King-12005-RC-SL7-Asia-Express-Train-with-1873-pieces-1-300x300.jpg 300w, https:\/\/mouldking.store\/wp-content\/uploads\/2022\/03\/Mould-King-12005-RC-SL7-Asia-Express-Train-with-1873-pieces-1-768x768.jpg 768w, https:\/\/mouldking.store\/wp-content\/uploads\/2022\/03\/Mould-King-12005-RC-SL7-Asia-Express-Train-with-1873-pieces-1-600x600.jpg 600w, https:\/\/mouldking.store\/wp-content\/uploads\/2022\/03\/Mould-King-12005-RC-SL7-Asia-Express-Train-with-1873-pieces-1-150x150.jpg 150w\" sizes=\"(max-width: 800px) 100vw, 800px\" \/><figcaption id=\"caption-attachment-30372\" class=\"wp-caption-text\">Mould King 12005 RC SL7 Asia Express Train mit 1873 Teilen<\/figcaption><\/figure>\n<figure id=\"attachment_30376\" aria-describedby=\"caption-attachment-30376\" style=\"width: 800px\" class=\"wp-caption aligncenter\"><img decoding=\"async\" class=\"wp-image-30376 size-full\" src=\"https:\/\/mouldking.store\/wp-content\/uploads\/2022\/03\/Mould-King-12005-RC-SL7-Asia-Express-Train-with-1873-pieces-5.jpg\" alt=\"Mould King 12005 RC SL7 Asia Express Train with 1873 pieces\" width=\"800\" height=\"800\" title=\"-\" srcset=\"https:\/\/mouldking.store\/wp-content\/uploads\/2022\/03\/Mould-King-12005-RC-SL7-Asia-Express-Train-with-1873-pieces-5.jpg 800w, https:\/\/mouldking.store\/wp-content\/uploads\/2022\/03\/Mould-King-12005-RC-SL7-Asia-Express-Train-with-1873-pieces-5-300x300.jpg 300w, https:\/\/mouldking.store\/wp-content\/uploads\/2022\/03\/Mould-King-12005-RC-SL7-Asia-Express-Train-with-1873-pieces-5-768x768.jpg 768w, https:\/\/mouldking.store\/wp-content\/uploads\/2022\/03\/Mould-King-12005-RC-SL7-Asia-Express-Train-with-1873-pieces-5-600x600.jpg 600w, https:\/\/mouldking.store\/wp-content\/uploads\/2022\/03\/Mould-King-12005-RC-SL7-Asia-Express-Train-with-1873-pieces-5-150x150.jpg 150w\" sizes=\"(max-width: 800px) 100vw, 800px\" \/><figcaption id=\"caption-attachment-30376\" class=\"wp-caption-text\">Mould King 12005 RC SL7 Asia Express Train mit 1873 Teilen<\/figcaption><\/figure>\n<figure id=\"attachment_30375\" aria-describedby=\"caption-attachment-30375\" style=\"width: 800px\" class=\"wp-caption aligncenter\"><img decoding=\"async\" class=\"wp-image-30375 size-full\" src=\"https:\/\/mouldking.store\/wp-content\/uploads\/2022\/03\/Mould-King-12005-RC-SL7-Asia-Express-Train-with-1873-pieces-4.jpg\" alt=\"Mould King 12005 RC SL7 Asia Express Train with 1873 pieces\" width=\"800\" height=\"800\" title=\"-\" srcset=\"https:\/\/mouldking.store\/wp-content\/uploads\/2022\/03\/Mould-King-12005-RC-SL7-Asia-Express-Train-with-1873-pieces-4.jpg 800w, https:\/\/mouldking.store\/wp-content\/uploads\/2022\/03\/Mould-King-12005-RC-SL7-Asia-Express-Train-with-1873-pieces-4-300x300.jpg 300w, https:\/\/mouldking.store\/wp-content\/uploads\/2022\/03\/Mould-King-12005-RC-SL7-Asia-Express-Train-with-1873-pieces-4-768x768.jpg 768w, https:\/\/mouldking.store\/wp-content\/uploads\/2022\/03\/Mould-King-12005-RC-SL7-Asia-Express-Train-with-1873-pieces-4-600x600.jpg 600w, https:\/\/mouldking.store\/wp-content\/uploads\/2022\/03\/Mould-King-12005-RC-SL7-Asia-Express-Train-with-1873-pieces-4-150x150.jpg 150w\" sizes=\"(max-width: 800px) 100vw, 800px\" \/><figcaption id=\"caption-attachment-30375\" class=\"wp-caption-text\">Mould King 12005 RC SL7 Asia Express Train mit 1873 Teilen<\/figcaption><\/figure>\n<figure id=\"attachment_30373\" aria-describedby=\"caption-attachment-30373\" style=\"width: 800px\" class=\"wp-caption aligncenter\"><img loading=\"lazy\" decoding=\"async\" class=\"wp-image-30373 size-full\" src=\"https:\/\/mouldking.store\/wp-content\/uploads\/2022\/03\/Mould-King-12005-RC-SL7-Asia-Express-Train-with-1873-pieces-2.jpg\" alt=\"Mould King 12005 RC SL7 Asia Express Train with 1873 pieces\" width=\"800\" height=\"800\" title=\"-\" srcset=\"https:\/\/mouldking.store\/wp-content\/uploads\/2022\/03\/Mould-King-12005-RC-SL7-Asia-Express-Train-with-1873-pieces-2.jpg 800w, https:\/\/mouldking.store\/wp-content\/uploads\/2022\/03\/Mould-King-12005-RC-SL7-Asia-Express-Train-with-1873-pieces-2-300x300.jpg 300w, https:\/\/mouldking.store\/wp-content\/uploads\/2022\/03\/Mould-King-12005-RC-SL7-Asia-Express-Train-with-1873-pieces-2-768x768.jpg 768w, https:\/\/mouldking.store\/wp-content\/uploads\/2022\/03\/Mould-King-12005-RC-SL7-Asia-Express-Train-with-1873-pieces-2-600x600.jpg 600w, https:\/\/mouldking.store\/wp-content\/uploads\/2022\/03\/Mould-King-12005-RC-SL7-Asia-Express-Train-with-1873-pieces-2-150x150.jpg 150w\" sizes=\"(max-width: 800px) 100vw, 800px\" \/><figcaption id=\"caption-attachment-30373\" class=\"wp-caption-text\">Mould King 12005 RC SL7 Asia Express Train mit 1873 Teilen<\/figcaption><\/figure>\n<figure id=\"attachment_30374\" aria-describedby=\"caption-attachment-30374\" style=\"width: 800px\" class=\"wp-caption aligncenter\"><img loading=\"lazy\" decoding=\"async\" class=\"wp-image-30374 size-full\" src=\"https:\/\/mouldking.store\/wp-content\/uploads\/2022\/03\/Mould-King-12005-RC-SL7-Asia-Express-Train-with-1873-pieces-3.jpg\" alt=\"Mould King 12005 RC SL7 Asia Express Train with 1873 pieces\" width=\"800\" height=\"800\" title=\"-\" srcset=\"https:\/\/mouldking.store\/wp-content\/uploads\/2022\/03\/Mould-King-12005-RC-SL7-Asia-Express-Train-with-1873-pieces-3.jpg 800w, https:\/\/mouldking.store\/wp-content\/uploads\/2022\/03\/Mould-King-12005-RC-SL7-Asia-Express-Train-with-1873-pieces-3-300x300.jpg 300w, https:\/\/mouldking.store\/wp-content\/uploads\/2022\/03\/Mould-King-12005-RC-SL7-Asia-Express-Train-with-1873-pieces-3-768x768.jpg 768w, https:\/\/mouldking.store\/wp-content\/uploads\/2022\/03\/Mould-King-12005-RC-SL7-Asia-Express-Train-with-1873-pieces-3-600x600.jpg 600w, https:\/\/mouldking.store\/wp-content\/uploads\/2022\/03\/Mould-King-12005-RC-SL7-Asia-Express-Train-with-1873-pieces-3-150x150.jpg 150w\" sizes=\"(max-width: 800px) 100vw, 800px\" \/><figcaption id=\"caption-attachment-30374\" class=\"wp-caption-text\">Mould King 12005 RC SL7 Asia Express Train mit 1873 Teilen<\/figcaption><\/figure>","protected":false},"excerpt":{"rendered":"<p>Product information: Brand: Mould King Gender: Unisex Name: RC SL7 Asia Express Train Age Range: &gt; 14 years old Model Number: 12005 Classification: Assemblage Plastic Block Shape: Self-Locking Bricks Material: Plastic Plastic Type: ABS Bricks Blocks: 1873 PCS Contains detailed assembly instructions. Notice: 1. Without an original box, but we guarantee our products have quality [&hellip;]<\/p>","protected":false},"featured_media":30372,"comment_status":"closed","ping_status":"closed","template":"","meta":{"_acf_changed":false},"product_cat":[364],"product_tag":[5016,5019,615,5014,5013,5012,481,5015,5017,5018,300],"class_list":["product","first","instock","shipping-taxable","purchasable","product-type-simple"],"acf":[],"_links":{"self":[{"href":"https:\/\/mouldking.store\/de\/wp-json\/wp\/v2\/product\/30371","targetHints":{"allow":["GET"]}}],"collection":[{"href":"https:\/\/mouldking.store\/de\/wp-json\/wp\/v2\/product"}],"about":[{"href":"https:\/\/mouldking.store\/de\/wp-json\/wp\/v2\/types\/product"}],"replies":[{"embeddable":true,"href":"https:\/\/mouldking.store\/de\/wp-json\/wp\/v2\/comments?post=30371"}],"wp:featuredmedia":[{"embeddable":true,"href":"https:\/\/mouldking.store\/de\/wp-json\/wp\/v2\/media\/30372"}],"wp:attachment":[{"href":"https:\/\/mouldking.store\/de\/wp-json\/wp\/v2\/media?parent=30371"}],"wp:term":[{"taxonomy":"product_cat","embeddable":true,"href":"https:\/\/mouldking.store\/de\/wp-json\/wp\/v2\/product_cat?post=30371"},{"taxonomy":"product_tag","embeddable":true,"href":"https:\/\/mouldking.store\/de\/wp-json\/wp\/v2\/product_tag?post=30371"}],"curies":[{"name":"wp","href":"https:\/\/api.w.org\/{rel}","templated":true}]}}