{"id":30377,"date":"2022-03-02T11:56:17","date_gmt":"2022-03-02T04:56:17","guid":{"rendered":"https:\/\/mouldking.store\/?post_type=product&#038;p=30377"},"modified":"2022-03-02T11:56:17","modified_gmt":"2022-03-02T04:56:17","slug":"sy-8413-porsche-917-with-784-pieces","status":"publish","type":"product","link":"https:\/\/mouldking.store\/de\/shop\/sy-8413-porsche-917-with-784-pieces\/","title":{"rendered":"SY 8413 Porsche 917 mit 784 Teilen"},"content":{"rendered":"<p>Produktinformation:<\/p>\n<ol>\n<li>Marke: SY<\/li>\n<li>Geschlecht: Unisex<\/li>\n<li>Bezeichnung: Porsche 917<\/li>\n<li>Altersspanne: &gt; 6 Jahre alt<\/li>\n<li>Modellnummer: 8413<\/li>\n<li>Einstufung: Assemblage<\/li>\n<li>Kunststoffblockform: Selbstsichernde Steine<\/li>\n<li>Material: Kunststoff<\/li>\n<li>Kunststofftyp: ABS<\/li>\n<li>Ziegelsteine: 784 ST\u00dcCKE<\/li>\n<li>Enth\u00e4lt eine ausf\u00fchrliche Montageanleitung.<\/li>\n<\/ol>\n<p>Notiz:<br \/>\n1. Ohne Originalverpackung, aber wir garantieren, dass unsere Produkte eine Qualit\u00e4tssicherung und eine sch\u00f6ne Verpackung haben.<br \/>\n2. Wie alle Teile, die wir vor dem Versand \u00fcberpr\u00fcft haben, machen Sie sich keine Sorgen, wenn Sie feststellen, dass einige Teile fehlen oder besch\u00e4digt sind, und kontaktieren Sie uns einfach, und wir k\u00f6nnen sie Ihnen umgehend kostenlos erneut zusenden.<\/p>\n<figure id=\"attachment_30387\" aria-describedby=\"caption-attachment-30387\" style=\"width: 659px\" class=\"wp-caption aligncenter\"><img fetchpriority=\"high\" decoding=\"async\" class=\"wp-image-30387 size-full\" src=\"https:\/\/mouldking.store\/wp-content\/uploads\/2022\/03\/SY-8413-Porsche-917-with-784-pieces-9.jpg\" alt=\"SY 8413 Porsche 917 with 784 pieces\" width=\"659\" height=\"1024\" title=\"-\" srcset=\"https:\/\/mouldking.store\/wp-content\/uploads\/2022\/03\/SY-8413-Porsche-917-with-784-pieces-9.jpg 659w, https:\/\/mouldking.store\/wp-content\/uploads\/2022\/03\/SY-8413-Porsche-917-with-784-pieces-9-193x300.jpg 193w, https:\/\/mouldking.store\/wp-content\/uploads\/2022\/03\/SY-8413-Porsche-917-with-784-pieces-9-300x466.jpg 300w, https:\/\/mouldking.store\/wp-content\/uploads\/2022\/03\/SY-8413-Porsche-917-with-784-pieces-9-600x932.jpg 600w, https:\/\/mouldking.store\/wp-content\/uploads\/2022\/03\/SY-8413-Porsche-917-with-784-pieces-9-97x150.jpg 97w\" sizes=\"(max-width: 659px) 100vw, 659px\" \/><figcaption id=\"caption-attachment-30387\" class=\"wp-caption-text\">SY 8413 Porsche 917 mit 784 Teilen<\/figcaption><\/figure>\n<figure id=\"attachment_30385\" aria-describedby=\"caption-attachment-30385\" style=\"width: 541px\" class=\"wp-caption aligncenter\"><img decoding=\"async\" class=\"wp-image-30385 size-full\" src=\"https:\/\/mouldking.store\/wp-content\/uploads\/2022\/03\/SY-8413-Porsche-917-with-784-pieces-7.jpg\" alt=\"SY 8413 Porsche 917 with 784 pieces\" width=\"541\" height=\"1024\" title=\"-\" srcset=\"https:\/\/mouldking.store\/wp-content\/uploads\/2022\/03\/SY-8413-Porsche-917-with-784-pieces-7.jpg 541w, https:\/\/mouldking.store\/wp-content\/uploads\/2022\/03\/SY-8413-Porsche-917-with-784-pieces-7-158x300.jpg 158w, https:\/\/mouldking.store\/wp-content\/uploads\/2022\/03\/SY-8413-Porsche-917-with-784-pieces-7-300x568.jpg 300w, https:\/\/mouldking.store\/wp-content\/uploads\/2022\/03\/SY-8413-Porsche-917-with-784-pieces-7-79x150.jpg 79w\" sizes=\"(max-width: 541px) 100vw, 541px\" \/><figcaption id=\"caption-attachment-30385\" class=\"wp-caption-text\">SY 8413 Porsche 917 mit 784 Teilen<\/figcaption><\/figure>\n<figure id=\"attachment_30380\" aria-describedby=\"caption-attachment-30380\" style=\"width: 562px\" class=\"wp-caption aligncenter\"><img decoding=\"async\" class=\"wp-image-30380 size-full\" src=\"https:\/\/mouldking.store\/wp-content\/uploads\/2022\/03\/SY-8413-Porsche-917-with-784-pieces-3.jpg\" alt=\"SY 8413 Porsche 917 with 784 pieces\" width=\"562\" height=\"1024\" title=\"-\" srcset=\"https:\/\/mouldking.store\/wp-content\/uploads\/2022\/03\/SY-8413-Porsche-917-with-784-pieces-3.jpg 562w, https:\/\/mouldking.store\/wp-content\/uploads\/2022\/03\/SY-8413-Porsche-917-with-784-pieces-3-165x300.jpg 165w, https:\/\/mouldking.store\/wp-content\/uploads\/2022\/03\/SY-8413-Porsche-917-with-784-pieces-3-300x547.jpg 300w, https:\/\/mouldking.store\/wp-content\/uploads\/2022\/03\/SY-8413-Porsche-917-with-784-pieces-3-82x150.jpg 82w\" sizes=\"(max-width: 562px) 100vw, 562px\" \/><figcaption id=\"caption-attachment-30380\" class=\"wp-caption-text\">SY 8413 Porsche 917 mit 784 Teilen<\/figcaption><\/figure>\n<figure id=\"attachment_30381\" aria-describedby=\"caption-attachment-30381\" style=\"width: 563px\" class=\"wp-caption aligncenter\"><img loading=\"lazy\" decoding=\"async\" class=\"wp-image-30381 size-full\" src=\"https:\/\/mouldking.store\/wp-content\/uploads\/2022\/03\/SY-8413-Porsche-917-with-784-pieces-4.jpg\" alt=\"SY 8413 Porsche 917 with 784 pieces\" width=\"563\" height=\"1024\" title=\"-\" srcset=\"https:\/\/mouldking.store\/wp-content\/uploads\/2022\/03\/SY-8413-Porsche-917-with-784-pieces-4.jpg 563w, https:\/\/mouldking.store\/wp-content\/uploads\/2022\/03\/SY-8413-Porsche-917-with-784-pieces-4-165x300.jpg 165w, https:\/\/mouldking.store\/wp-content\/uploads\/2022\/03\/SY-8413-Porsche-917-with-784-pieces-4-300x546.jpg 300w, https:\/\/mouldking.store\/wp-content\/uploads\/2022\/03\/SY-8413-Porsche-917-with-784-pieces-4-82x150.jpg 82w\" sizes=\"(max-width: 563px) 100vw, 563px\" \/><figcaption id=\"caption-attachment-30381\" class=\"wp-caption-text\">SY 8413 Porsche 917 mit 784 Teilen<\/figcaption><\/figure>\n<figure id=\"attachment_30382\" aria-describedby=\"caption-attachment-30382\" style=\"width: 500px\" class=\"wp-caption aligncenter\"><img loading=\"lazy\" decoding=\"async\" class=\"wp-image-30382 size-full\" src=\"https:\/\/mouldking.store\/wp-content\/uploads\/2022\/03\/SY-8413-Porsche-917-with-784-pieces-5.jpg\" alt=\"SY 8413 Porsche 917 with 784 pieces\" width=\"500\" height=\"1024\" title=\"-\" srcset=\"https:\/\/mouldking.store\/wp-content\/uploads\/2022\/03\/SY-8413-Porsche-917-with-784-pieces-5.jpg 500w, https:\/\/mouldking.store\/wp-content\/uploads\/2022\/03\/SY-8413-Porsche-917-with-784-pieces-5-146x300.jpg 146w, https:\/\/mouldking.store\/wp-content\/uploads\/2022\/03\/SY-8413-Porsche-917-with-784-pieces-5-300x614.jpg 300w, https:\/\/mouldking.store\/wp-content\/uploads\/2022\/03\/SY-8413-Porsche-917-with-784-pieces-5-73x150.jpg 73w\" sizes=\"(max-width: 500px) 100vw, 500px\" \/><figcaption id=\"caption-attachment-30382\" class=\"wp-caption-text\">SY 8413 Porsche 917 mit 784 Teilen<\/figcaption><\/figure>\n<figure id=\"attachment_30384\" aria-describedby=\"caption-attachment-30384\" style=\"width: 642px\" class=\"wp-caption aligncenter\"><img loading=\"lazy\" decoding=\"async\" class=\"wp-image-30384 size-full\" src=\"https:\/\/mouldking.store\/wp-content\/uploads\/2022\/03\/SY-8413-Porsche-917-with-784-pieces-6.jpg\" alt=\"SY 8413 Porsche 917 with 784 pieces\" width=\"642\" height=\"1024\" title=\"-\" srcset=\"https:\/\/mouldking.store\/wp-content\/uploads\/2022\/03\/SY-8413-Porsche-917-with-784-pieces-6.jpg 642w, https:\/\/mouldking.store\/wp-content\/uploads\/2022\/03\/SY-8413-Porsche-917-with-784-pieces-6-188x300.jpg 188w, https:\/\/mouldking.store\/wp-content\/uploads\/2022\/03\/SY-8413-Porsche-917-with-784-pieces-6-300x479.jpg 300w, https:\/\/mouldking.store\/wp-content\/uploads\/2022\/03\/SY-8413-Porsche-917-with-784-pieces-6-600x957.jpg 600w, https:\/\/mouldking.store\/wp-content\/uploads\/2022\/03\/SY-8413-Porsche-917-with-784-pieces-6-94x150.jpg 94w\" sizes=\"(max-width: 642px) 100vw, 642px\" \/><figcaption id=\"caption-attachment-30384\" class=\"wp-caption-text\">SY 8413 Porsche 917 mit 784 Teilen<\/figcaption><\/figure>\n<figure id=\"attachment_30383\" aria-describedby=\"caption-attachment-30383\" style=\"width: 800px\" class=\"wp-caption aligncenter\"><img loading=\"lazy\" decoding=\"async\" class=\"wp-image-30383 size-full\" src=\"https:\/\/mouldking.store\/wp-content\/uploads\/2022\/03\/SY-8413-Porsche-917-with-784-pieces-1.png\" alt=\"SY 8413 Porsche 917 with 784 pieces\" width=\"800\" height=\"689\" title=\"-\" srcset=\"https:\/\/mouldking.store\/wp-content\/uploads\/2022\/03\/SY-8413-Porsche-917-with-784-pieces-1.png 800w, https:\/\/mouldking.store\/wp-content\/uploads\/2022\/03\/SY-8413-Porsche-917-with-784-pieces-1-300x258.png 300w, https:\/\/mouldking.store\/wp-content\/uploads\/2022\/03\/SY-8413-Porsche-917-with-784-pieces-1-768x661.png 768w, https:\/\/mouldking.store\/wp-content\/uploads\/2022\/03\/SY-8413-Porsche-917-with-784-pieces-1-600x517.png 600w, https:\/\/mouldking.store\/wp-content\/uploads\/2022\/03\/SY-8413-Porsche-917-with-784-pieces-1-150x129.png 150w\" sizes=\"(max-width: 800px) 100vw, 800px\" \/><figcaption id=\"caption-attachment-30383\" class=\"wp-caption-text\">SY 8413 Porsche 917 mit 784 Teilen<\/figcaption><\/figure>\n<figure id=\"attachment_30379\" aria-describedby=\"caption-attachment-30379\" style=\"width: 553px\" class=\"wp-caption aligncenter\"><img loading=\"lazy\" decoding=\"async\" class=\"wp-image-30379 size-full\" src=\"https:\/\/mouldking.store\/wp-content\/uploads\/2022\/03\/SY-8413-Porsche-917-with-784-pieces-2.jpg\" alt=\"SY 8413 Porsche 917 with 784 pieces\" width=\"553\" height=\"1024\" title=\"-\" srcset=\"https:\/\/mouldking.store\/wp-content\/uploads\/2022\/03\/SY-8413-Porsche-917-with-784-pieces-2.jpg 553w, https:\/\/mouldking.store\/wp-content\/uploads\/2022\/03\/SY-8413-Porsche-917-with-784-pieces-2-162x300.jpg 162w, https:\/\/mouldking.store\/wp-content\/uploads\/2022\/03\/SY-8413-Porsche-917-with-784-pieces-2-300x556.jpg 300w, https:\/\/mouldking.store\/wp-content\/uploads\/2022\/03\/SY-8413-Porsche-917-with-784-pieces-2-81x150.jpg 81w\" sizes=\"(max-width: 553px) 100vw, 553px\" \/><figcaption id=\"caption-attachment-30379\" class=\"wp-caption-text\">SY 8413 Porsche 917 mit 784 Teilen<\/figcaption><\/figure>\n<figure id=\"attachment_30386\" aria-describedby=\"caption-attachment-30386\" style=\"width: 472px\" class=\"wp-caption aligncenter\"><img loading=\"lazy\" decoding=\"async\" class=\"wp-image-30386 size-full\" src=\"https:\/\/mouldking.store\/wp-content\/uploads\/2022\/03\/SY-8413-Porsche-917-with-784-pieces-8.jpg\" alt=\"SY 8413 Porsche 917 with 784 pieces\" width=\"472\" height=\"1024\" title=\"-\" srcset=\"https:\/\/mouldking.store\/wp-content\/uploads\/2022\/03\/SY-8413-Porsche-917-with-784-pieces-8.jpg 472w, https:\/\/mouldking.store\/wp-content\/uploads\/2022\/03\/SY-8413-Porsche-917-with-784-pieces-8-138x300.jpg 138w, https:\/\/mouldking.store\/wp-content\/uploads\/2022\/03\/SY-8413-Porsche-917-with-784-pieces-8-300x651.jpg 300w, https:\/\/mouldking.store\/wp-content\/uploads\/2022\/03\/SY-8413-Porsche-917-with-784-pieces-8-69x150.jpg 69w\" sizes=\"(max-width: 472px) 100vw, 472px\" \/><figcaption id=\"caption-attachment-30386\" class=\"wp-caption-text\">SY 8413 Porsche 917 mit 784 Teilen<\/figcaption><\/figure>","protected":false},"excerpt":{"rendered":"<p>Product information: Brand: SY Gender: Unisex Name: Porsche 917 Age Range: &gt; 6 years old Model Number: 8413 Classification: Assemblage Plastic Block Shape: Self-Locking Bricks Material: Plastic Plastic Type: ABS Bricks Blocks: 784 PCS Contains detailed assembly instructions. Notice: 1. Without an original box, but we guarantee our products have quality assurance and nice packaging. [&hellip;]<\/p>","protected":false},"featured_media":30378,"comment_status":"closed","ping_status":"closed","template":"","meta":{"_acf_changed":false},"product_cat":[364],"product_tag":[5025,5026,2754,5023,1416,5022,5024,5021,5020],"class_list":["product","first","instock","shipping-taxable","purchasable","product-type-simple"],"acf":[],"_links":{"self":[{"href":"https:\/\/mouldking.store\/de\/wp-json\/wp\/v2\/product\/30377","targetHints":{"allow":["GET"]}}],"collection":[{"href":"https:\/\/mouldking.store\/de\/wp-json\/wp\/v2\/product"}],"about":[{"href":"https:\/\/mouldking.store\/de\/wp-json\/wp\/v2\/types\/product"}],"replies":[{"embeddable":true,"href":"https:\/\/mouldking.store\/de\/wp-json\/wp\/v2\/comments?post=30377"}],"wp:featuredmedia":[{"embeddable":true,"href":"https:\/\/mouldking.store\/de\/wp-json\/wp\/v2\/media\/30378"}],"wp:attachment":[{"href":"https:\/\/mouldking.store\/de\/wp-json\/wp\/v2\/media?parent=30377"}],"wp:term":[{"taxonomy":"product_cat","embeddable":true,"href":"https:\/\/mouldking.store\/de\/wp-json\/wp\/v2\/product_cat?post=30377"},{"taxonomy":"product_tag","embeddable":true,"href":"https:\/\/mouldking.store\/de\/wp-json\/wp\/v2\/product_tag?post=30377"}],"curies":[{"name":"wp","href":"https:\/\/api.w.org\/{rel}","templated":true}]}}