{"id":30388,"date":"2022-03-02T12:04:22","date_gmt":"2022-03-02T05:04:22","guid":{"rendered":"https:\/\/mouldking.store\/?post_type=product&#038;p=30388"},"modified":"2022-03-02T12:04:23","modified_gmt":"2022-03-02T05:04:23","slug":"fei-fan-f10002-18-lamborghini-aventador-svj-roadster-with-4038-pieces","status":"publish","type":"product","link":"https:\/\/mouldking.store\/de\/shop\/fei-fan-f10002-18-lamborghini-aventador-svj-roadster-with-4038-pieces\/","title":{"rendered":"FEI FAN F10002 1:8 Lamborghini Aventador SVJ Roadster mit 4038 Teilen"},"content":{"rendered":"<p>Produktinformation:<\/p>\n<ol>\n<li>Marke: FEI FAN<\/li>\n<li>Geschlecht: Unisex<\/li>\n<li>Name: 1:8 Lamborghini Aventador SVJ Roadster<\/li>\n<li>Altersspanne: &gt; 6 Jahre alt<\/li>\n<li>Model Number: F10002<\/li>\n<li>Einstufung: Assemblage<\/li>\n<li>Kunststoffblockform: Selbstsichernde Steine<\/li>\n<li>Material: Kunststoff<\/li>\n<li>Kunststofftyp: ABS<\/li>\n<li>Bricks Blocks: 4038 PCS<\/li>\n<li>Enth\u00e4lt eine ausf\u00fchrliche Montageanleitung.<\/li>\n<\/ol>\n<p>Notiz:<br \/>\n1. Ohne Originalverpackung, aber wir garantieren, dass unsere Produkte eine Qualit\u00e4tssicherung und eine sch\u00f6ne Verpackung haben.<br \/>\n2. Wie alle Teile, die wir vor dem Versand \u00fcberpr\u00fcft haben, machen Sie sich keine Sorgen, wenn Sie feststellen, dass einige Teile fehlen oder besch\u00e4digt sind, und kontaktieren Sie uns einfach, und wir k\u00f6nnen sie Ihnen umgehend kostenlos erneut zusenden.<\/p>\n<figure id=\"attachment_30397\" aria-describedby=\"caption-attachment-30397\" style=\"width: 800px\" class=\"wp-caption aligncenter\"><img fetchpriority=\"high\" decoding=\"async\" class=\"wp-image-30397 size-full\" src=\"https:\/\/mouldking.store\/wp-content\/uploads\/2022\/03\/FEI-FAN-F10002-18-Lamborghini-Aventador-SVJ-Roadster-with-4038-pieces-8.jpg\" alt=\"FEI FAN F10002 18 Lamborghini Aventador SVJ Roadster with 4038 pieces\" width=\"800\" height=\"800\" title=\"-\" srcset=\"https:\/\/mouldking.store\/wp-content\/uploads\/2022\/03\/FEI-FAN-F10002-18-Lamborghini-Aventador-SVJ-Roadster-with-4038-pieces-8.jpg 800w, https:\/\/mouldking.store\/wp-content\/uploads\/2022\/03\/FEI-FAN-F10002-18-Lamborghini-Aventador-SVJ-Roadster-with-4038-pieces-8-300x300.jpg 300w, https:\/\/mouldking.store\/wp-content\/uploads\/2022\/03\/FEI-FAN-F10002-18-Lamborghini-Aventador-SVJ-Roadster-with-4038-pieces-8-768x768.jpg 768w, https:\/\/mouldking.store\/wp-content\/uploads\/2022\/03\/FEI-FAN-F10002-18-Lamborghini-Aventador-SVJ-Roadster-with-4038-pieces-8-600x600.jpg 600w, https:\/\/mouldking.store\/wp-content\/uploads\/2022\/03\/FEI-FAN-F10002-18-Lamborghini-Aventador-SVJ-Roadster-with-4038-pieces-8-150x150.jpg 150w\" sizes=\"(max-width: 800px) 100vw, 800px\" \/><figcaption id=\"caption-attachment-30397\" class=\"wp-caption-text\">FEI FAN F10002 1:8 Lamborghini Aventador SVJ Roadster mit 4038 Teilen<\/figcaption><\/figure>\n<figure id=\"attachment_30398\" aria-describedby=\"caption-attachment-30398\" style=\"width: 559px\" class=\"wp-caption aligncenter\"><img decoding=\"async\" class=\"wp-image-30398 size-full\" src=\"https:\/\/mouldking.store\/wp-content\/uploads\/2022\/03\/FEI-FAN-F10002-18-Lamborghini-Aventador-SVJ-Roadster-with-4038-pieces-9.jpg\" alt=\"FEI FAN F10002 18 Lamborghini Aventador SVJ Roadster with 4038 pieces\" width=\"559\" height=\"1024\" title=\"-\" srcset=\"https:\/\/mouldking.store\/wp-content\/uploads\/2022\/03\/FEI-FAN-F10002-18-Lamborghini-Aventador-SVJ-Roadster-with-4038-pieces-9.jpg 559w, https:\/\/mouldking.store\/wp-content\/uploads\/2022\/03\/FEI-FAN-F10002-18-Lamborghini-Aventador-SVJ-Roadster-with-4038-pieces-9-164x300.jpg 164w, https:\/\/mouldking.store\/wp-content\/uploads\/2022\/03\/FEI-FAN-F10002-18-Lamborghini-Aventador-SVJ-Roadster-with-4038-pieces-9-300x550.jpg 300w, https:\/\/mouldking.store\/wp-content\/uploads\/2022\/03\/FEI-FAN-F10002-18-Lamborghini-Aventador-SVJ-Roadster-with-4038-pieces-9-82x150.jpg 82w\" sizes=\"(max-width: 559px) 100vw, 559px\" \/><figcaption id=\"caption-attachment-30398\" class=\"wp-caption-text\">FEI FAN F10002 1:8 Lamborghini Aventador SVJ Roadster mit 4038 Teilen<\/figcaption><\/figure>\n<figure id=\"attachment_30389\" aria-describedby=\"caption-attachment-30389\" style=\"width: 800px\" class=\"wp-caption aligncenter\"><img decoding=\"async\" class=\"wp-image-30389 size-full\" src=\"https:\/\/mouldking.store\/wp-content\/uploads\/2022\/03\/FEI-FAN-F10002-18-Lamborghini-Aventador-SVJ-Roadster-with-4038-pieces-1.jpg\" alt=\"FEI FAN F10002 18 Lamborghini Aventador SVJ Roadster with 4038 pieces\" width=\"800\" height=\"800\" title=\"-\" srcset=\"https:\/\/mouldking.store\/wp-content\/uploads\/2022\/03\/FEI-FAN-F10002-18-Lamborghini-Aventador-SVJ-Roadster-with-4038-pieces-1.jpg 800w, https:\/\/mouldking.store\/wp-content\/uploads\/2022\/03\/FEI-FAN-F10002-18-Lamborghini-Aventador-SVJ-Roadster-with-4038-pieces-1-300x300.jpg 300w, https:\/\/mouldking.store\/wp-content\/uploads\/2022\/03\/FEI-FAN-F10002-18-Lamborghini-Aventador-SVJ-Roadster-with-4038-pieces-1-768x768.jpg 768w, https:\/\/mouldking.store\/wp-content\/uploads\/2022\/03\/FEI-FAN-F10002-18-Lamborghini-Aventador-SVJ-Roadster-with-4038-pieces-1-600x600.jpg 600w, https:\/\/mouldking.store\/wp-content\/uploads\/2022\/03\/FEI-FAN-F10002-18-Lamborghini-Aventador-SVJ-Roadster-with-4038-pieces-1-150x150.jpg 150w\" sizes=\"(max-width: 800px) 100vw, 800px\" \/><figcaption id=\"caption-attachment-30389\" class=\"wp-caption-text\">FEI FAN F10002 1:8 Lamborghini Aventador SVJ Roadster mit 4038 Teilen<\/figcaption><\/figure>\n<figure id=\"attachment_30391\" aria-describedby=\"caption-attachment-30391\" style=\"width: 800px\" class=\"wp-caption aligncenter\"><img loading=\"lazy\" decoding=\"async\" class=\"wp-image-30391 size-full\" src=\"https:\/\/mouldking.store\/wp-content\/uploads\/2022\/03\/FEI-FAN-F10002-18-Lamborghini-Aventador-SVJ-Roadster-with-4038-pieces-2.jpg\" alt=\"FEI FAN F10002 18 Lamborghini Aventador SVJ Roadster with 4038 pieces\" width=\"800\" height=\"800\" title=\"-\" srcset=\"https:\/\/mouldking.store\/wp-content\/uploads\/2022\/03\/FEI-FAN-F10002-18-Lamborghini-Aventador-SVJ-Roadster-with-4038-pieces-2.jpg 800w, https:\/\/mouldking.store\/wp-content\/uploads\/2022\/03\/FEI-FAN-F10002-18-Lamborghini-Aventador-SVJ-Roadster-with-4038-pieces-2-300x300.jpg 300w, https:\/\/mouldking.store\/wp-content\/uploads\/2022\/03\/FEI-FAN-F10002-18-Lamborghini-Aventador-SVJ-Roadster-with-4038-pieces-2-768x768.jpg 768w, https:\/\/mouldking.store\/wp-content\/uploads\/2022\/03\/FEI-FAN-F10002-18-Lamborghini-Aventador-SVJ-Roadster-with-4038-pieces-2-600x600.jpg 600w, https:\/\/mouldking.store\/wp-content\/uploads\/2022\/03\/FEI-FAN-F10002-18-Lamborghini-Aventador-SVJ-Roadster-with-4038-pieces-2-150x150.jpg 150w\" sizes=\"(max-width: 800px) 100vw, 800px\" \/><figcaption id=\"caption-attachment-30391\" class=\"wp-caption-text\">FEI FAN F10002 1:8 Lamborghini Aventador SVJ Roadster mit 4038 Teilen<\/figcaption><\/figure>\n<figure id=\"attachment_30399\" aria-describedby=\"caption-attachment-30399\" style=\"width: 640px\" class=\"wp-caption aligncenter\"><img loading=\"lazy\" decoding=\"async\" class=\"wp-image-30399 size-full\" src=\"https:\/\/mouldking.store\/wp-content\/uploads\/2022\/03\/FEI-FAN-F10002-18-Lamborghini-Aventador-SVJ-Roadster-with-4038-pieces-10.jpg\" alt=\"FEI FAN F10002 18 Lamborghini Aventador SVJ Roadster with 4038 pieces\" width=\"640\" height=\"640\" title=\"-\" srcset=\"https:\/\/mouldking.store\/wp-content\/uploads\/2022\/03\/FEI-FAN-F10002-18-Lamborghini-Aventador-SVJ-Roadster-with-4038-pieces-10.jpg 640w, https:\/\/mouldking.store\/wp-content\/uploads\/2022\/03\/FEI-FAN-F10002-18-Lamborghini-Aventador-SVJ-Roadster-with-4038-pieces-10-300x300.jpg 300w, https:\/\/mouldking.store\/wp-content\/uploads\/2022\/03\/FEI-FAN-F10002-18-Lamborghini-Aventador-SVJ-Roadster-with-4038-pieces-10-600x600.jpg 600w, https:\/\/mouldking.store\/wp-content\/uploads\/2022\/03\/FEI-FAN-F10002-18-Lamborghini-Aventador-SVJ-Roadster-with-4038-pieces-10-150x150.jpg 150w\" sizes=\"(max-width: 640px) 100vw, 640px\" \/><figcaption id=\"caption-attachment-30399\" class=\"wp-caption-text\">FEI FAN F10002 1:8 Lamborghini Aventador SVJ Roadster mit 4038 Teilen<\/figcaption><\/figure>\n<figure id=\"attachment_30395\" aria-describedby=\"caption-attachment-30395\" style=\"width: 750px\" class=\"wp-caption aligncenter\"><img loading=\"lazy\" decoding=\"async\" class=\"wp-image-30395 size-full\" src=\"https:\/\/mouldking.store\/wp-content\/uploads\/2022\/03\/FEI-FAN-F10002-18-Lamborghini-Aventador-SVJ-Roadster-with-4038-pieces-6.jpg\" alt=\"FEI FAN F10002 18 Lamborghini Aventador SVJ Roadster with 4038 pieces\" width=\"750\" height=\"1024\" title=\"-\" srcset=\"https:\/\/mouldking.store\/wp-content\/uploads\/2022\/03\/FEI-FAN-F10002-18-Lamborghini-Aventador-SVJ-Roadster-with-4038-pieces-6.jpg 750w, https:\/\/mouldking.store\/wp-content\/uploads\/2022\/03\/FEI-FAN-F10002-18-Lamborghini-Aventador-SVJ-Roadster-with-4038-pieces-6-220x300.jpg 220w, https:\/\/mouldking.store\/wp-content\/uploads\/2022\/03\/FEI-FAN-F10002-18-Lamborghini-Aventador-SVJ-Roadster-with-4038-pieces-6-300x410.jpg 300w, https:\/\/mouldking.store\/wp-content\/uploads\/2022\/03\/FEI-FAN-F10002-18-Lamborghini-Aventador-SVJ-Roadster-with-4038-pieces-6-600x819.jpg 600w, https:\/\/mouldking.store\/wp-content\/uploads\/2022\/03\/FEI-FAN-F10002-18-Lamborghini-Aventador-SVJ-Roadster-with-4038-pieces-6-110x150.jpg 110w\" sizes=\"(max-width: 750px) 100vw, 750px\" \/><figcaption id=\"caption-attachment-30395\" class=\"wp-caption-text\">FEI FAN F10002 1:8 Lamborghini Aventador SVJ Roadster mit 4038 Teilen<\/figcaption><\/figure>\n<figure id=\"attachment_30394\" aria-describedby=\"caption-attachment-30394\" style=\"width: 510px\" class=\"wp-caption aligncenter\"><img loading=\"lazy\" decoding=\"async\" class=\"wp-image-30394 size-full\" src=\"https:\/\/mouldking.store\/wp-content\/uploads\/2022\/03\/FEI-FAN-F10002-18-Lamborghini-Aventador-SVJ-Roadster-with-4038-pieces-5.jpg\" alt=\"FEI FAN F10002 18 Lamborghini Aventador SVJ Roadster with 4038 pieces\" width=\"510\" height=\"1024\" title=\"-\" srcset=\"https:\/\/mouldking.store\/wp-content\/uploads\/2022\/03\/FEI-FAN-F10002-18-Lamborghini-Aventador-SVJ-Roadster-with-4038-pieces-5.jpg 510w, https:\/\/mouldking.store\/wp-content\/uploads\/2022\/03\/FEI-FAN-F10002-18-Lamborghini-Aventador-SVJ-Roadster-with-4038-pieces-5-149x300.jpg 149w, https:\/\/mouldking.store\/wp-content\/uploads\/2022\/03\/FEI-FAN-F10002-18-Lamborghini-Aventador-SVJ-Roadster-with-4038-pieces-5-300x602.jpg 300w, https:\/\/mouldking.store\/wp-content\/uploads\/2022\/03\/FEI-FAN-F10002-18-Lamborghini-Aventador-SVJ-Roadster-with-4038-pieces-5-75x150.jpg 75w\" sizes=\"(max-width: 510px) 100vw, 510px\" \/><figcaption id=\"caption-attachment-30394\" class=\"wp-caption-text\">FEI FAN F10002 1:8 Lamborghini Aventador SVJ Roadster mit 4038 Teilen<\/figcaption><\/figure>\n<figure id=\"attachment_30392\" aria-describedby=\"caption-attachment-30392\" style=\"width: 410px\" class=\"wp-caption aligncenter\"><img loading=\"lazy\" decoding=\"async\" class=\"wp-image-30392 size-full\" src=\"https:\/\/mouldking.store\/wp-content\/uploads\/2022\/03\/FEI-FAN-F10002-18-Lamborghini-Aventador-SVJ-Roadster-with-4038-pieces-3.jpg\" alt=\"FEI FAN F10002 18 Lamborghini Aventador SVJ Roadster with 4038 pieces\" width=\"410\" height=\"1024\" title=\"-\" srcset=\"https:\/\/mouldking.store\/wp-content\/uploads\/2022\/03\/FEI-FAN-F10002-18-Lamborghini-Aventador-SVJ-Roadster-with-4038-pieces-3.jpg 410w, https:\/\/mouldking.store\/wp-content\/uploads\/2022\/03\/FEI-FAN-F10002-18-Lamborghini-Aventador-SVJ-Roadster-with-4038-pieces-3-120x300.jpg 120w, https:\/\/mouldking.store\/wp-content\/uploads\/2022\/03\/FEI-FAN-F10002-18-Lamborghini-Aventador-SVJ-Roadster-with-4038-pieces-3-300x749.jpg 300w, https:\/\/mouldking.store\/wp-content\/uploads\/2022\/03\/FEI-FAN-F10002-18-Lamborghini-Aventador-SVJ-Roadster-with-4038-pieces-3-60x150.jpg 60w\" sizes=\"(max-width: 410px) 100vw, 410px\" \/><figcaption id=\"caption-attachment-30392\" class=\"wp-caption-text\">FEI FAN F10002 1:8 Lamborghini Aventador SVJ Roadster mit 4038 Teilen<\/figcaption><\/figure>\n<figure id=\"attachment_30396\" aria-describedby=\"caption-attachment-30396\" style=\"width: 486px\" class=\"wp-caption aligncenter\"><img loading=\"lazy\" decoding=\"async\" class=\"wp-image-30396 size-full\" src=\"https:\/\/mouldking.store\/wp-content\/uploads\/2022\/03\/FEI-FAN-F10002-18-Lamborghini-Aventador-SVJ-Roadster-with-4038-pieces-7.jpg\" alt=\"FEI FAN F10002 18 Lamborghini Aventador SVJ Roadster with 4038 pieces\" width=\"486\" height=\"1024\" title=\"-\" srcset=\"https:\/\/mouldking.store\/wp-content\/uploads\/2022\/03\/FEI-FAN-F10002-18-Lamborghini-Aventador-SVJ-Roadster-with-4038-pieces-7.jpg 486w, https:\/\/mouldking.store\/wp-content\/uploads\/2022\/03\/FEI-FAN-F10002-18-Lamborghini-Aventador-SVJ-Roadster-with-4038-pieces-7-142x300.jpg 142w, https:\/\/mouldking.store\/wp-content\/uploads\/2022\/03\/FEI-FAN-F10002-18-Lamborghini-Aventador-SVJ-Roadster-with-4038-pieces-7-300x632.jpg 300w, https:\/\/mouldking.store\/wp-content\/uploads\/2022\/03\/FEI-FAN-F10002-18-Lamborghini-Aventador-SVJ-Roadster-with-4038-pieces-7-71x150.jpg 71w\" sizes=\"(max-width: 486px) 100vw, 486px\" \/><figcaption id=\"caption-attachment-30396\" class=\"wp-caption-text\">FEI FAN F10002 1:8 Lamborghini Aventador SVJ Roadster mit 4038 Teilen<\/figcaption><\/figure>\n<figure id=\"attachment_30390\" aria-describedby=\"caption-attachment-30390\" style=\"width: 640px\" class=\"wp-caption aligncenter\"><img loading=\"lazy\" decoding=\"async\" class=\"wp-image-30390 size-full\" src=\"https:\/\/mouldking.store\/wp-content\/uploads\/2022\/03\/FEI-FAN-F10002-18-Lamborghini-Aventador-SVJ-Roadster-with-4038-pieces-1.png\" alt=\"FEI FAN F10002 18 Lamborghini Aventador SVJ Roadster with 4038 pieces\" width=\"640\" height=\"640\" title=\"-\" srcset=\"https:\/\/mouldking.store\/wp-content\/uploads\/2022\/03\/FEI-FAN-F10002-18-Lamborghini-Aventador-SVJ-Roadster-with-4038-pieces-1.png 640w, https:\/\/mouldking.store\/wp-content\/uploads\/2022\/03\/FEI-FAN-F10002-18-Lamborghini-Aventador-SVJ-Roadster-with-4038-pieces-1-300x300.png 300w, https:\/\/mouldking.store\/wp-content\/uploads\/2022\/03\/FEI-FAN-F10002-18-Lamborghini-Aventador-SVJ-Roadster-with-4038-pieces-1-600x600.png 600w, https:\/\/mouldking.store\/wp-content\/uploads\/2022\/03\/FEI-FAN-F10002-18-Lamborghini-Aventador-SVJ-Roadster-with-4038-pieces-1-150x150.png 150w\" sizes=\"(max-width: 640px) 100vw, 640px\" \/><figcaption id=\"caption-attachment-30390\" class=\"wp-caption-text\">FEI FAN F10002 1:8 Lamborghini Aventador SVJ Roadster mit 4038 Teilen<\/figcaption><\/figure>\n<figure id=\"attachment_30393\" aria-describedby=\"caption-attachment-30393\" style=\"width: 476px\" class=\"wp-caption aligncenter\"><img loading=\"lazy\" decoding=\"async\" class=\"wp-image-30393 size-full\" src=\"https:\/\/mouldking.store\/wp-content\/uploads\/2022\/03\/FEI-FAN-F10002-18-Lamborghini-Aventador-SVJ-Roadster-with-4038-pieces-4.jpg\" alt=\"FEI FAN F10002 18 Lamborghini Aventador SVJ Roadster with 4038 pieces\" width=\"476\" height=\"1024\" title=\"-\" srcset=\"https:\/\/mouldking.store\/wp-content\/uploads\/2022\/03\/FEI-FAN-F10002-18-Lamborghini-Aventador-SVJ-Roadster-with-4038-pieces-4.jpg 476w, https:\/\/mouldking.store\/wp-content\/uploads\/2022\/03\/FEI-FAN-F10002-18-Lamborghini-Aventador-SVJ-Roadster-with-4038-pieces-4-139x300.jpg 139w, https:\/\/mouldking.store\/wp-content\/uploads\/2022\/03\/FEI-FAN-F10002-18-Lamborghini-Aventador-SVJ-Roadster-with-4038-pieces-4-300x645.jpg 300w, https:\/\/mouldking.store\/wp-content\/uploads\/2022\/03\/FEI-FAN-F10002-18-Lamborghini-Aventador-SVJ-Roadster-with-4038-pieces-4-70x150.jpg 70w\" sizes=\"(max-width: 476px) 100vw, 476px\" \/><figcaption id=\"caption-attachment-30393\" class=\"wp-caption-text\">FEI FAN F10002 1:8 Lamborghini Aventador SVJ Roadster mit 4038 Teilen<\/figcaption><\/figure>","protected":false},"excerpt":{"rendered":"<p>Product information: Brand: FEI FAN Gender: Unisex Name: 1:8 Lamborghini Aventador SVJ Roadster Age Range: &gt; 6 years old Model Number: F10002 Classification: Assemblage Plastic Block Shape: Self-Locking Bricks Material: Plastic Plastic Type: ABS Bricks Blocks: 4038 PCS Contains detailed assembly instructions. Notice: 1. Without an original box, but we guarantee our products have quality [&hellip;]<\/p>","protected":false},"featured_media":30397,"comment_status":"closed","ping_status":"closed","template":"","meta":{"_acf_changed":false},"product_cat":[364],"product_tag":[5030,5032,5031,3630,5029,5028,5027,596,5033],"class_list":["product","first","instock","shipping-taxable","purchasable","product-type-variable"],"acf":[],"_links":{"self":[{"href":"https:\/\/mouldking.store\/de\/wp-json\/wp\/v2\/product\/30388","targetHints":{"allow":["GET"]}}],"collection":[{"href":"https:\/\/mouldking.store\/de\/wp-json\/wp\/v2\/product"}],"about":[{"href":"https:\/\/mouldking.store\/de\/wp-json\/wp\/v2\/types\/product"}],"replies":[{"embeddable":true,"href":"https:\/\/mouldking.store\/de\/wp-json\/wp\/v2\/comments?post=30388"}],"wp:featuredmedia":[{"embeddable":true,"href":"https:\/\/mouldking.store\/de\/wp-json\/wp\/v2\/media\/30397"}],"wp:attachment":[{"href":"https:\/\/mouldking.store\/de\/wp-json\/wp\/v2\/media?parent=30388"}],"wp:term":[{"taxonomy":"product_cat","embeddable":true,"href":"https:\/\/mouldking.store\/de\/wp-json\/wp\/v2\/product_cat?post=30388"},{"taxonomy":"product_tag","embeddable":true,"href":"https:\/\/mouldking.store\/de\/wp-json\/wp\/v2\/product_tag?post=30388"}],"curies":[{"name":"wp","href":"https:\/\/api.w.org\/{rel}","templated":true}]}}