{"id":30410,"date":"2022-03-02T14:21:09","date_gmt":"2022-03-02T07:21:09","guid":{"rendered":"https:\/\/mouldking.store\/?post_type=product&#038;p=30410"},"modified":"2022-03-02T14:21:09","modified_gmt":"2022-03-02T07:21:09","slug":"mould-king-27008-mclaren-senna-with-352-pieces","status":"publish","type":"product","link":"https:\/\/mouldking.store\/de\/shop\/mould-king-27008-mclaren-senna-with-352-pieces\/","title":{"rendered":"Mould King 27008 McLaren Senna mit 352 Teilen"},"content":{"rendered":"<p>Produktinformation:<\/p>\n<ol>\n<li>Marke: Mould King<\/li>\n<li>Geschlecht: Unisex<\/li>\n<li>Name: McLaren Senna<\/li>\n<li>Altersspanne: &gt; 8 Jahre alt<\/li>\n<li>Model Number: 27008<\/li>\n<li>Einstufung: Assemblage<\/li>\n<li>Kunststoffblockform: Selbstsichernde Steine<\/li>\n<li>Material: Kunststoff<\/li>\n<li>Kunststofftyp: ABS<\/li>\n<li>Bricks Blocks: 352 PCS<\/li>\n<li>Enth\u00e4lt eine ausf\u00fchrliche Montageanleitung.<\/li>\n<\/ol>\n<p>Notiz:<br \/>\n1. Ohne Originalverpackung, aber wir garantieren, dass unsere Produkte eine Qualit\u00e4tssicherung und eine sch\u00f6ne Verpackung haben.<br \/>\n2. Wie alle Teile, die wir vor dem Versand \u00fcberpr\u00fcft haben, machen Sie sich keine Sorgen, wenn Sie feststellen, dass einige Teile fehlen oder besch\u00e4digt sind, und kontaktieren Sie uns einfach, und wir k\u00f6nnen sie Ihnen umgehend kostenlos erneut zusenden.<\/p>\n<p>&nbsp;<\/p>\n<figure id=\"attachment_30411\" aria-describedby=\"caption-attachment-30411\" style=\"width: 800px\" class=\"wp-caption aligncenter\"><img fetchpriority=\"high\" decoding=\"async\" class=\"wp-image-30411 size-full\" src=\"https:\/\/mouldking.store\/wp-content\/uploads\/2022\/03\/Mould-King-27008-McLaren-Senna-with-352-pieces-1.jpg\" alt=\"Mould King 27008 McLaren Senna with 352 pieces\" width=\"800\" height=\"800\" title=\"-\" srcset=\"https:\/\/mouldking.store\/wp-content\/uploads\/2022\/03\/Mould-King-27008-McLaren-Senna-with-352-pieces-1.jpg 800w, https:\/\/mouldking.store\/wp-content\/uploads\/2022\/03\/Mould-King-27008-McLaren-Senna-with-352-pieces-1-300x300.jpg 300w, https:\/\/mouldking.store\/wp-content\/uploads\/2022\/03\/Mould-King-27008-McLaren-Senna-with-352-pieces-1-768x768.jpg 768w, https:\/\/mouldking.store\/wp-content\/uploads\/2022\/03\/Mould-King-27008-McLaren-Senna-with-352-pieces-1-600x600.jpg 600w, https:\/\/mouldking.store\/wp-content\/uploads\/2022\/03\/Mould-King-27008-McLaren-Senna-with-352-pieces-1-150x150.jpg 150w\" sizes=\"(max-width: 800px) 100vw, 800px\" \/><figcaption id=\"caption-attachment-30411\" class=\"wp-caption-text\">Mould King 27008 McLaren Senna mit 352 Teilen<\/figcaption><\/figure>\n<figure id=\"attachment_30415\" aria-describedby=\"caption-attachment-30415\" style=\"width: 790px\" class=\"wp-caption aligncenter\"><img decoding=\"async\" class=\"wp-image-30415 size-full\" src=\"https:\/\/mouldking.store\/wp-content\/uploads\/2022\/03\/Mould-King-27008-McLaren-Senna-with-352-pieces-5.jpg\" alt=\"Mould King 27008 McLaren Senna with 352 pieces\" width=\"790\" height=\"575\" title=\"-\" srcset=\"https:\/\/mouldking.store\/wp-content\/uploads\/2022\/03\/Mould-King-27008-McLaren-Senna-with-352-pieces-5.jpg 790w, https:\/\/mouldking.store\/wp-content\/uploads\/2022\/03\/Mould-King-27008-McLaren-Senna-with-352-pieces-5-300x218.jpg 300w, https:\/\/mouldking.store\/wp-content\/uploads\/2022\/03\/Mould-King-27008-McLaren-Senna-with-352-pieces-5-768x559.jpg 768w, https:\/\/mouldking.store\/wp-content\/uploads\/2022\/03\/Mould-King-27008-McLaren-Senna-with-352-pieces-5-600x437.jpg 600w, https:\/\/mouldking.store\/wp-content\/uploads\/2022\/03\/Mould-King-27008-McLaren-Senna-with-352-pieces-5-150x109.jpg 150w\" sizes=\"(max-width: 790px) 100vw, 790px\" \/><figcaption id=\"caption-attachment-30415\" class=\"wp-caption-text\">Mould King 27008 McLaren Senna mit 352 Teilen<\/figcaption><\/figure>\n<figure id=\"attachment_30414\" aria-describedby=\"caption-attachment-30414\" style=\"width: 790px\" class=\"wp-caption aligncenter\"><img decoding=\"async\" class=\"wp-image-30414 size-full\" src=\"https:\/\/mouldking.store\/wp-content\/uploads\/2022\/03\/Mould-King-27008-McLaren-Senna-with-352-pieces-4.jpg\" alt=\"Mould King 27008 McLaren Senna with 352 pieces\" width=\"790\" height=\"793\" title=\"-\" srcset=\"https:\/\/mouldking.store\/wp-content\/uploads\/2022\/03\/Mould-King-27008-McLaren-Senna-with-352-pieces-4.jpg 790w, https:\/\/mouldking.store\/wp-content\/uploads\/2022\/03\/Mould-King-27008-McLaren-Senna-with-352-pieces-4-300x301.jpg 300w, https:\/\/mouldking.store\/wp-content\/uploads\/2022\/03\/Mould-King-27008-McLaren-Senna-with-352-pieces-4-768x771.jpg 768w, https:\/\/mouldking.store\/wp-content\/uploads\/2022\/03\/Mould-King-27008-McLaren-Senna-with-352-pieces-4-600x602.jpg 600w, https:\/\/mouldking.store\/wp-content\/uploads\/2022\/03\/Mould-King-27008-McLaren-Senna-with-352-pieces-4-150x150.jpg 150w\" sizes=\"(max-width: 790px) 100vw, 790px\" \/><figcaption id=\"caption-attachment-30414\" class=\"wp-caption-text\">Mould King 27008 McLaren Senna mit 352 Teilen<\/figcaption><\/figure>\n<figure id=\"attachment_30413\" aria-describedby=\"caption-attachment-30413\" style=\"width: 790px\" class=\"wp-caption aligncenter\"><img loading=\"lazy\" decoding=\"async\" class=\"wp-image-30413 size-full\" src=\"https:\/\/mouldking.store\/wp-content\/uploads\/2022\/03\/Mould-King-27008-McLaren-Senna-with-352-pieces-3.jpg\" alt=\"Mould King 27008 McLaren Senna with 352 pieces\" width=\"790\" height=\"908\" title=\"-\" srcset=\"https:\/\/mouldking.store\/wp-content\/uploads\/2022\/03\/Mould-King-27008-McLaren-Senna-with-352-pieces-3.jpg 790w, https:\/\/mouldking.store\/wp-content\/uploads\/2022\/03\/Mould-King-27008-McLaren-Senna-with-352-pieces-3-261x300.jpg 261w, https:\/\/mouldking.store\/wp-content\/uploads\/2022\/03\/Mould-King-27008-McLaren-Senna-with-352-pieces-3-768x883.jpg 768w, https:\/\/mouldking.store\/wp-content\/uploads\/2022\/03\/Mould-King-27008-McLaren-Senna-with-352-pieces-3-300x345.jpg 300w, https:\/\/mouldking.store\/wp-content\/uploads\/2022\/03\/Mould-King-27008-McLaren-Senna-with-352-pieces-3-600x690.jpg 600w, https:\/\/mouldking.store\/wp-content\/uploads\/2022\/03\/Mould-King-27008-McLaren-Senna-with-352-pieces-3-131x150.jpg 131w\" sizes=\"(max-width: 790px) 100vw, 790px\" \/><figcaption id=\"caption-attachment-30413\" class=\"wp-caption-text\">Mould King 27008 McLaren Senna mit 352 Teilen<\/figcaption><\/figure>\n<figure id=\"attachment_30412\" aria-describedby=\"caption-attachment-30412\" style=\"width: 790px\" class=\"wp-caption aligncenter\"><img loading=\"lazy\" decoding=\"async\" class=\"wp-image-30412 size-full\" src=\"https:\/\/mouldking.store\/wp-content\/uploads\/2022\/03\/Mould-King-27008-McLaren-Senna-with-352-pieces-2.jpg\" alt=\"Mould King 27008 McLaren Senna with 352 pieces\" width=\"790\" height=\"705\" title=\"-\" srcset=\"https:\/\/mouldking.store\/wp-content\/uploads\/2022\/03\/Mould-King-27008-McLaren-Senna-with-352-pieces-2.jpg 790w, https:\/\/mouldking.store\/wp-content\/uploads\/2022\/03\/Mould-King-27008-McLaren-Senna-with-352-pieces-2-300x268.jpg 300w, https:\/\/mouldking.store\/wp-content\/uploads\/2022\/03\/Mould-King-27008-McLaren-Senna-with-352-pieces-2-768x685.jpg 768w, https:\/\/mouldking.store\/wp-content\/uploads\/2022\/03\/Mould-King-27008-McLaren-Senna-with-352-pieces-2-600x535.jpg 600w, https:\/\/mouldking.store\/wp-content\/uploads\/2022\/03\/Mould-King-27008-McLaren-Senna-with-352-pieces-2-150x134.jpg 150w\" sizes=\"(max-width: 790px) 100vw, 790px\" \/><figcaption id=\"caption-attachment-30412\" class=\"wp-caption-text\">Mould King 27008 McLaren Senna mit 352 Teilen<\/figcaption><\/figure>","protected":false},"excerpt":{"rendered":"<p>Product information: Brand: Mould King Gender: Unisex Name: McLaren Senna Age Range: &gt; 8 years old Model Number: 27008 Classification: Assemblage Plastic Block Shape: Self-Locking Bricks Material: Plastic Plastic Type: ABS Bricks Blocks: 352 PCS Contains detailed assembly instructions. Notice: 1. Without an original box, but we guarantee our products have quality assurance and nice [&hellip;]<\/p>","protected":false},"featured_media":30411,"comment_status":"closed","ping_status":"closed","template":"","meta":{"_acf_changed":false},"product_cat":[364],"product_tag":[5045,1744,1258,615,5044,5043,5042,3932],"class_list":["product","first","instock","shipping-taxable","purchasable","product-type-simple"],"acf":[],"_links":{"self":[{"href":"https:\/\/mouldking.store\/de\/wp-json\/wp\/v2\/product\/30410","targetHints":{"allow":["GET"]}}],"collection":[{"href":"https:\/\/mouldking.store\/de\/wp-json\/wp\/v2\/product"}],"about":[{"href":"https:\/\/mouldking.store\/de\/wp-json\/wp\/v2\/types\/product"}],"replies":[{"embeddable":true,"href":"https:\/\/mouldking.store\/de\/wp-json\/wp\/v2\/comments?post=30410"}],"wp:featuredmedia":[{"embeddable":true,"href":"https:\/\/mouldking.store\/de\/wp-json\/wp\/v2\/media\/30411"}],"wp:attachment":[{"href":"https:\/\/mouldking.store\/de\/wp-json\/wp\/v2\/media?parent=30410"}],"wp:term":[{"taxonomy":"product_cat","embeddable":true,"href":"https:\/\/mouldking.store\/de\/wp-json\/wp\/v2\/product_cat?post=30410"},{"taxonomy":"product_tag","embeddable":true,"href":"https:\/\/mouldking.store\/de\/wp-json\/wp\/v2\/product_tag?post=30410"}],"curies":[{"name":"wp","href":"https:\/\/api.w.org\/{rel}","templated":true}]}}