{"id":30422,"date":"2022-03-02T14:34:43","date_gmt":"2022-03-02T07:34:43","guid":{"rendered":"https:\/\/mouldking.store\/?post_type=product&#038;p=30422"},"modified":"2022-03-02T14:34:44","modified_gmt":"2022-03-02T07:34:44","slug":"mould-king-27007-lamborghini-veneno-with-398-pieces","status":"publish","type":"product","link":"https:\/\/mouldking.store\/de\/shop\/mould-king-27007-lamborghini-veneno-with-398-pieces\/","title":{"rendered":"Formenk\u00f6nig 27007 Lamborghini Veneno mit 398 Teilen"},"content":{"rendered":"<p>Produktinformation:<\/p>\n<ol>\n<li>Marke: Mould King<\/li>\n<li>Geschlecht: Unisex<\/li>\n<li>Name: Lamborghini Veneno<\/li>\n<li>Altersspanne: &gt; 8 Jahre alt<\/li>\n<li>Modellnummer: 27007<\/li>\n<li>Einstufung: Assemblage<\/li>\n<li>Kunststoffblockform: Selbstsichernde Steine<\/li>\n<li>Material: Kunststoff<\/li>\n<li>Kunststofftyp: ABS<\/li>\n<li>Ziegelsteine: 398 ST\u00dcCKE<\/li>\n<li>Enth\u00e4lt eine ausf\u00fchrliche Montageanleitung.<\/li>\n<\/ol>\n<p>Notiz:<br \/>\n1. Ohne Originalverpackung, aber wir garantieren, dass unsere Produkte eine Qualit\u00e4tssicherung und eine sch\u00f6ne Verpackung haben.<br \/>\n2. Wie alle Teile, die wir vor dem Versand \u00fcberpr\u00fcft haben, machen Sie sich keine Sorgen, wenn Sie feststellen, dass einige Teile fehlen oder besch\u00e4digt sind, und kontaktieren Sie uns einfach, und wir k\u00f6nnen sie Ihnen umgehend kostenlos erneut zusenden.<\/p>\n<figure id=\"attachment_30423\" aria-describedby=\"caption-attachment-30423\" style=\"width: 800px\" class=\"wp-caption aligncenter\"><img fetchpriority=\"high\" decoding=\"async\" class=\"wp-image-30423 size-full\" src=\"https:\/\/mouldking.store\/wp-content\/uploads\/2022\/03\/Mould-King-27007-Lamborghini-Veneno-with-398-pieces-1.jpg\" alt=\"Mould King 27007 Lamborghini Veneno with 398 pieces\" width=\"800\" height=\"800\" title=\"-\" srcset=\"https:\/\/mouldking.store\/wp-content\/uploads\/2022\/03\/Mould-King-27007-Lamborghini-Veneno-with-398-pieces-1.jpg 800w, https:\/\/mouldking.store\/wp-content\/uploads\/2022\/03\/Mould-King-27007-Lamborghini-Veneno-with-398-pieces-1-300x300.jpg 300w, https:\/\/mouldking.store\/wp-content\/uploads\/2022\/03\/Mould-King-27007-Lamborghini-Veneno-with-398-pieces-1-768x768.jpg 768w, https:\/\/mouldking.store\/wp-content\/uploads\/2022\/03\/Mould-King-27007-Lamborghini-Veneno-with-398-pieces-1-600x600.jpg 600w, https:\/\/mouldking.store\/wp-content\/uploads\/2022\/03\/Mould-King-27007-Lamborghini-Veneno-with-398-pieces-1-150x150.jpg 150w\" sizes=\"(max-width: 800px) 100vw, 800px\" \/><figcaption id=\"caption-attachment-30423\" class=\"wp-caption-text\">Formenk\u00f6nig 27007 Lamborghini Veneno mit 398 Teilen<\/figcaption><\/figure>\n<figure id=\"attachment_30427\" aria-describedby=\"caption-attachment-30427\" style=\"width: 790px\" class=\"wp-caption aligncenter\"><img decoding=\"async\" class=\"wp-image-30427 size-full\" src=\"https:\/\/mouldking.store\/wp-content\/uploads\/2022\/03\/Mould-King-27007-Lamborghini-Veneno-with-398-pieces-5.jpg\" alt=\"Mould King 27007 Lamborghini Veneno with 398 pieces\" width=\"790\" height=\"630\" title=\"-\" srcset=\"https:\/\/mouldking.store\/wp-content\/uploads\/2022\/03\/Mould-King-27007-Lamborghini-Veneno-with-398-pieces-5.jpg 790w, https:\/\/mouldking.store\/wp-content\/uploads\/2022\/03\/Mould-King-27007-Lamborghini-Veneno-with-398-pieces-5-300x239.jpg 300w, https:\/\/mouldking.store\/wp-content\/uploads\/2022\/03\/Mould-King-27007-Lamborghini-Veneno-with-398-pieces-5-768x612.jpg 768w, https:\/\/mouldking.store\/wp-content\/uploads\/2022\/03\/Mould-King-27007-Lamborghini-Veneno-with-398-pieces-5-600x478.jpg 600w, https:\/\/mouldking.store\/wp-content\/uploads\/2022\/03\/Mould-King-27007-Lamborghini-Veneno-with-398-pieces-5-150x120.jpg 150w\" sizes=\"(max-width: 790px) 100vw, 790px\" \/><figcaption id=\"caption-attachment-30427\" class=\"wp-caption-text\">Formenk\u00f6nig 27007 Lamborghini Veneno mit 398 Teilen<\/figcaption><\/figure>\n<figure id=\"attachment_30426\" aria-describedby=\"caption-attachment-30426\" style=\"width: 790px\" class=\"wp-caption aligncenter\"><img decoding=\"async\" class=\"wp-image-30426 size-full\" src=\"https:\/\/mouldking.store\/wp-content\/uploads\/2022\/03\/Mould-King-27007-Lamborghini-Veneno-with-398-pieces-4.jpg\" alt=\"Mould King 27007 Lamborghini Veneno with 398 pieces\" width=\"790\" height=\"822\" title=\"-\" srcset=\"https:\/\/mouldking.store\/wp-content\/uploads\/2022\/03\/Mould-King-27007-Lamborghini-Veneno-with-398-pieces-4.jpg 790w, https:\/\/mouldking.store\/wp-content\/uploads\/2022\/03\/Mould-King-27007-Lamborghini-Veneno-with-398-pieces-4-288x300.jpg 288w, https:\/\/mouldking.store\/wp-content\/uploads\/2022\/03\/Mould-King-27007-Lamborghini-Veneno-with-398-pieces-4-768x799.jpg 768w, https:\/\/mouldking.store\/wp-content\/uploads\/2022\/03\/Mould-King-27007-Lamborghini-Veneno-with-398-pieces-4-300x312.jpg 300w, https:\/\/mouldking.store\/wp-content\/uploads\/2022\/03\/Mould-King-27007-Lamborghini-Veneno-with-398-pieces-4-600x624.jpg 600w, https:\/\/mouldking.store\/wp-content\/uploads\/2022\/03\/Mould-King-27007-Lamborghini-Veneno-with-398-pieces-4-144x150.jpg 144w\" sizes=\"(max-width: 790px) 100vw, 790px\" \/><figcaption id=\"caption-attachment-30426\" class=\"wp-caption-text\">Formenk\u00f6nig 27007 Lamborghini Veneno mit 398 Teilen<\/figcaption><\/figure>\n<figure id=\"attachment_30425\" aria-describedby=\"caption-attachment-30425\" style=\"width: 790px\" class=\"wp-caption aligncenter\"><img loading=\"lazy\" decoding=\"async\" class=\"wp-image-30425 size-full\" src=\"https:\/\/mouldking.store\/wp-content\/uploads\/2022\/03\/Mould-King-27007-Lamborghini-Veneno-with-398-pieces-3.jpg\" alt=\"Mould King 27007 Lamborghini Veneno with 398 pieces\" width=\"790\" height=\"892\" title=\"-\" srcset=\"https:\/\/mouldking.store\/wp-content\/uploads\/2022\/03\/Mould-King-27007-Lamborghini-Veneno-with-398-pieces-3.jpg 790w, https:\/\/mouldking.store\/wp-content\/uploads\/2022\/03\/Mould-King-27007-Lamborghini-Veneno-with-398-pieces-3-266x300.jpg 266w, https:\/\/mouldking.store\/wp-content\/uploads\/2022\/03\/Mould-King-27007-Lamborghini-Veneno-with-398-pieces-3-768x867.jpg 768w, https:\/\/mouldking.store\/wp-content\/uploads\/2022\/03\/Mould-King-27007-Lamborghini-Veneno-with-398-pieces-3-300x339.jpg 300w, https:\/\/mouldking.store\/wp-content\/uploads\/2022\/03\/Mould-King-27007-Lamborghini-Veneno-with-398-pieces-3-600x677.jpg 600w, https:\/\/mouldking.store\/wp-content\/uploads\/2022\/03\/Mould-King-27007-Lamborghini-Veneno-with-398-pieces-3-133x150.jpg 133w\" sizes=\"(max-width: 790px) 100vw, 790px\" \/><figcaption id=\"caption-attachment-30425\" class=\"wp-caption-text\">Formenk\u00f6nig 27007 Lamborghini Veneno mit 398 Teilen<\/figcaption><\/figure>\n<figure id=\"attachment_30424\" aria-describedby=\"caption-attachment-30424\" style=\"width: 790px\" class=\"wp-caption aligncenter\"><img loading=\"lazy\" decoding=\"async\" class=\"wp-image-30424 size-full\" src=\"https:\/\/mouldking.store\/wp-content\/uploads\/2022\/03\/Mould-King-27007-Lamborghini-Veneno-with-398-pieces-2.jpg\" alt=\"Mould King 27007 Lamborghini Veneno with 398 pieces\" width=\"790\" height=\"702\" title=\"-\" srcset=\"https:\/\/mouldking.store\/wp-content\/uploads\/2022\/03\/Mould-King-27007-Lamborghini-Veneno-with-398-pieces-2.jpg 790w, https:\/\/mouldking.store\/wp-content\/uploads\/2022\/03\/Mould-King-27007-Lamborghini-Veneno-with-398-pieces-2-300x267.jpg 300w, https:\/\/mouldking.store\/wp-content\/uploads\/2022\/03\/Mould-King-27007-Lamborghini-Veneno-with-398-pieces-2-768x682.jpg 768w, https:\/\/mouldking.store\/wp-content\/uploads\/2022\/03\/Mould-King-27007-Lamborghini-Veneno-with-398-pieces-2-600x533.jpg 600w, https:\/\/mouldking.store\/wp-content\/uploads\/2022\/03\/Mould-King-27007-Lamborghini-Veneno-with-398-pieces-2-150x133.jpg 150w\" sizes=\"(max-width: 790px) 100vw, 790px\" \/><figcaption id=\"caption-attachment-30424\" class=\"wp-caption-text\">Formenk\u00f6nig 27007 Lamborghini Veneno mit 398 Teilen<\/figcaption><\/figure>","protected":false},"excerpt":{"rendered":"<p>Product information: Brand: Mould King Gender: Unisex Name: Lamborghini Veneno Age Range: &gt; 8 years old Model Number: 27007 Classification: Assemblage Plastic Block Shape: Self-Locking Bricks Material: Plastic Plastic Type: ABS Bricks Blocks: 398 PCS Contains detailed assembly instructions. Notice: 1. Without an original box, but we guarantee our products have quality assurance and nice [&hellip;]<\/p>","protected":false},"featured_media":30423,"comment_status":"closed","ping_status":"closed","template":"","meta":{"_acf_changed":false},"product_cat":[364],"product_tag":[5055,596,5054,615,5053,5052,5051,1528],"class_list":["product","first","instock","shipping-taxable","purchasable","product-type-simple"],"acf":[],"_links":{"self":[{"href":"https:\/\/mouldking.store\/de\/wp-json\/wp\/v2\/product\/30422","targetHints":{"allow":["GET"]}}],"collection":[{"href":"https:\/\/mouldking.store\/de\/wp-json\/wp\/v2\/product"}],"about":[{"href":"https:\/\/mouldking.store\/de\/wp-json\/wp\/v2\/types\/product"}],"replies":[{"embeddable":true,"href":"https:\/\/mouldking.store\/de\/wp-json\/wp\/v2\/comments?post=30422"}],"wp:featuredmedia":[{"embeddable":true,"href":"https:\/\/mouldking.store\/de\/wp-json\/wp\/v2\/media\/30423"}],"wp:attachment":[{"href":"https:\/\/mouldking.store\/de\/wp-json\/wp\/v2\/media?parent=30422"}],"wp:term":[{"taxonomy":"product_cat","embeddable":true,"href":"https:\/\/mouldking.store\/de\/wp-json\/wp\/v2\/product_cat?post=30422"},{"taxonomy":"product_tag","embeddable":true,"href":"https:\/\/mouldking.store\/de\/wp-json\/wp\/v2\/product_tag?post=30422"}],"curies":[{"name":"wp","href":"https:\/\/api.w.org\/{rel}","templated":true}]}}