{"id":30428,"date":"2022-03-02T14:38:21","date_gmt":"2022-03-02T07:38:21","guid":{"rendered":"https:\/\/mouldking.store\/?post_type=product&#038;p=30428"},"modified":"2022-03-02T14:38:21","modified_gmt":"2022-03-02T07:38:21","slug":"achko-50030-royal-carriage-with-1281-pieces","status":"publish","type":"product","link":"https:\/\/mouldking.store\/de\/shop\/achko-50030-royal-carriage-with-1281-pieces\/","title":{"rendered":"ACHKO 50030 K\u00f6nigskutsche mit 1281 Teilen"},"content":{"rendered":"<p>Produktinformation:<\/p>\n<ol>\n<li>Marke: ACHKO<\/li>\n<li>Geschlecht: Unisex<\/li>\n<li>Name: K\u00f6nigliche Kutsche<\/li>\n<li>Altersspanne: &gt; 6 Jahre alt<\/li>\n<li>Modellnummer: 50030<\/li>\n<li>Einstufung: Assemblage<\/li>\n<li>Kunststoffblockform: Selbstsichernde Steine<\/li>\n<li>Material: Kunststoff<\/li>\n<li>Kunststofftyp: ABS<\/li>\n<li>Ziegelsteine: 1281 ST\u00dcCKE<\/li>\n<li>Enth\u00e4lt eine ausf\u00fchrliche Montageanleitung.<\/li>\n<\/ol>\n<p>Notiz:<br \/>\n1. Ohne Originalverpackung, aber wir garantieren, dass unsere Produkte eine Qualit\u00e4tssicherung und eine sch\u00f6ne Verpackung haben.<br \/>\n2. Wie alle Teile, die wir vor dem Versand \u00fcberpr\u00fcft haben, machen Sie sich keine Sorgen, wenn Sie feststellen, dass einige Teile fehlen oder besch\u00e4digt sind, und kontaktieren Sie uns einfach, und wir k\u00f6nnen sie Ihnen umgehend kostenlos erneut zusenden.<\/p>\n<figure id=\"attachment_30434\" aria-describedby=\"caption-attachment-30434\" style=\"width: 790px\" class=\"wp-caption aligncenter\"><img fetchpriority=\"high\" decoding=\"async\" class=\"wp-image-30434 size-full\" src=\"https:\/\/mouldking.store\/wp-content\/uploads\/2022\/03\/ACHKO-50030-Royal-Carriage-6.jpg\" alt=\"ACHKO 50030 Royal Carriage with 1281 pieces\" width=\"790\" height=\"1008\" title=\"-\" srcset=\"https:\/\/mouldking.store\/wp-content\/uploads\/2022\/03\/ACHKO-50030-Royal-Carriage-6.jpg 790w, https:\/\/mouldking.store\/wp-content\/uploads\/2022\/03\/ACHKO-50030-Royal-Carriage-6-235x300.jpg 235w, https:\/\/mouldking.store\/wp-content\/uploads\/2022\/03\/ACHKO-50030-Royal-Carriage-6-768x980.jpg 768w, https:\/\/mouldking.store\/wp-content\/uploads\/2022\/03\/ACHKO-50030-Royal-Carriage-6-300x383.jpg 300w, https:\/\/mouldking.store\/wp-content\/uploads\/2022\/03\/ACHKO-50030-Royal-Carriage-6-600x766.jpg 600w, https:\/\/mouldking.store\/wp-content\/uploads\/2022\/03\/ACHKO-50030-Royal-Carriage-6-118x150.jpg 118w\" sizes=\"(max-width: 790px) 100vw, 790px\" \/><figcaption id=\"caption-attachment-30434\" class=\"wp-caption-text\">ACHKO 50030 K\u00f6nigskutsche mit 1281 Teilen<\/figcaption><\/figure>\n<figure id=\"attachment_30429\" aria-describedby=\"caption-attachment-30429\" style=\"width: 800px\" class=\"wp-caption aligncenter\"><img decoding=\"async\" class=\"wp-image-30429 size-full\" src=\"https:\/\/mouldking.store\/wp-content\/uploads\/2022\/03\/ACHKO-50030-Royal-Carriage-1.jpg\" alt=\"ACHKO 50030 Royal Carriage with 1281 pieces\" width=\"800\" height=\"800\" title=\"-\" srcset=\"https:\/\/mouldking.store\/wp-content\/uploads\/2022\/03\/ACHKO-50030-Royal-Carriage-1.jpg 800w, https:\/\/mouldking.store\/wp-content\/uploads\/2022\/03\/ACHKO-50030-Royal-Carriage-1-300x300.jpg 300w, https:\/\/mouldking.store\/wp-content\/uploads\/2022\/03\/ACHKO-50030-Royal-Carriage-1-768x768.jpg 768w, https:\/\/mouldking.store\/wp-content\/uploads\/2022\/03\/ACHKO-50030-Royal-Carriage-1-600x600.jpg 600w, https:\/\/mouldking.store\/wp-content\/uploads\/2022\/03\/ACHKO-50030-Royal-Carriage-1-150x150.jpg 150w\" sizes=\"(max-width: 800px) 100vw, 800px\" \/><figcaption id=\"caption-attachment-30429\" class=\"wp-caption-text\">ACHKO 50030 K\u00f6nigskutsche mit 1281 Teilen<\/figcaption><\/figure>\n<figure id=\"attachment_30433\" aria-describedby=\"caption-attachment-30433\" style=\"width: 800px\" class=\"wp-caption aligncenter\"><img decoding=\"async\" class=\"wp-image-30433 size-full\" src=\"https:\/\/mouldking.store\/wp-content\/uploads\/2022\/03\/ACHKO-50030-Royal-Carriage-5.jpg\" alt=\"ACHKO 50030 Royal Carriage with 1281 pieces\" width=\"800\" height=\"800\" title=\"-\" srcset=\"https:\/\/mouldking.store\/wp-content\/uploads\/2022\/03\/ACHKO-50030-Royal-Carriage-5.jpg 800w, https:\/\/mouldking.store\/wp-content\/uploads\/2022\/03\/ACHKO-50030-Royal-Carriage-5-300x300.jpg 300w, https:\/\/mouldking.store\/wp-content\/uploads\/2022\/03\/ACHKO-50030-Royal-Carriage-5-768x768.jpg 768w, https:\/\/mouldking.store\/wp-content\/uploads\/2022\/03\/ACHKO-50030-Royal-Carriage-5-600x600.jpg 600w, https:\/\/mouldking.store\/wp-content\/uploads\/2022\/03\/ACHKO-50030-Royal-Carriage-5-150x150.jpg 150w\" sizes=\"(max-width: 800px) 100vw, 800px\" \/><figcaption id=\"caption-attachment-30433\" class=\"wp-caption-text\">ACHKO 50030 K\u00f6nigskutsche mit 1281 Teilen<\/figcaption><\/figure>\n<figure id=\"attachment_30431\" aria-describedby=\"caption-attachment-30431\" style=\"width: 800px\" class=\"wp-caption aligncenter\"><img loading=\"lazy\" decoding=\"async\" class=\"wp-image-30431 size-full\" src=\"https:\/\/mouldking.store\/wp-content\/uploads\/2022\/03\/ACHKO-50030-Royal-Carriage-3.jpg\" alt=\"ACHKO 50030 Royal Carriage with 1281 pieces\" width=\"800\" height=\"800\" title=\"-\" srcset=\"https:\/\/mouldking.store\/wp-content\/uploads\/2022\/03\/ACHKO-50030-Royal-Carriage-3.jpg 800w, https:\/\/mouldking.store\/wp-content\/uploads\/2022\/03\/ACHKO-50030-Royal-Carriage-3-300x300.jpg 300w, https:\/\/mouldking.store\/wp-content\/uploads\/2022\/03\/ACHKO-50030-Royal-Carriage-3-768x768.jpg 768w, https:\/\/mouldking.store\/wp-content\/uploads\/2022\/03\/ACHKO-50030-Royal-Carriage-3-600x600.jpg 600w, https:\/\/mouldking.store\/wp-content\/uploads\/2022\/03\/ACHKO-50030-Royal-Carriage-3-150x150.jpg 150w\" sizes=\"(max-width: 800px) 100vw, 800px\" \/><figcaption id=\"caption-attachment-30431\" class=\"wp-caption-text\">ACHKO 50030 K\u00f6nigskutsche mit 1281 Teilen<\/figcaption><\/figure>\n<figure id=\"attachment_30432\" aria-describedby=\"caption-attachment-30432\" style=\"width: 800px\" class=\"wp-caption aligncenter\"><img loading=\"lazy\" decoding=\"async\" class=\"wp-image-30432 size-full\" src=\"https:\/\/mouldking.store\/wp-content\/uploads\/2022\/03\/ACHKO-50030-Royal-Carriage-4.jpg\" alt=\"ACHKO 50030 Royal Carriage with 1281 pieces\" width=\"800\" height=\"800\" title=\"-\" srcset=\"https:\/\/mouldking.store\/wp-content\/uploads\/2022\/03\/ACHKO-50030-Royal-Carriage-4.jpg 800w, https:\/\/mouldking.store\/wp-content\/uploads\/2022\/03\/ACHKO-50030-Royal-Carriage-4-300x300.jpg 300w, https:\/\/mouldking.store\/wp-content\/uploads\/2022\/03\/ACHKO-50030-Royal-Carriage-4-768x768.jpg 768w, https:\/\/mouldking.store\/wp-content\/uploads\/2022\/03\/ACHKO-50030-Royal-Carriage-4-600x600.jpg 600w, https:\/\/mouldking.store\/wp-content\/uploads\/2022\/03\/ACHKO-50030-Royal-Carriage-4-150x150.jpg 150w\" sizes=\"(max-width: 800px) 100vw, 800px\" \/><figcaption id=\"caption-attachment-30432\" class=\"wp-caption-text\">ACHKO 50030 K\u00f6nigskutsche mit 1281 Teilen<\/figcaption><\/figure>\n<figure id=\"attachment_30430\" aria-describedby=\"caption-attachment-30430\" style=\"width: 790px\" class=\"wp-caption aligncenter\"><img loading=\"lazy\" decoding=\"async\" class=\"wp-image-30430 size-full\" src=\"https:\/\/mouldking.store\/wp-content\/uploads\/2022\/03\/ACHKO-50030-Royal-Carriage-2.jpg\" alt=\"ACHKO 50030 Royal Carriage with 1281 pieces\" width=\"790\" height=\"572\" title=\"-\" srcset=\"https:\/\/mouldking.store\/wp-content\/uploads\/2022\/03\/ACHKO-50030-Royal-Carriage-2.jpg 790w, https:\/\/mouldking.store\/wp-content\/uploads\/2022\/03\/ACHKO-50030-Royal-Carriage-2-300x217.jpg 300w, https:\/\/mouldking.store\/wp-content\/uploads\/2022\/03\/ACHKO-50030-Royal-Carriage-2-768x556.jpg 768w, https:\/\/mouldking.store\/wp-content\/uploads\/2022\/03\/ACHKO-50030-Royal-Carriage-2-600x434.jpg 600w, https:\/\/mouldking.store\/wp-content\/uploads\/2022\/03\/ACHKO-50030-Royal-Carriage-2-150x109.jpg 150w\" sizes=\"(max-width: 790px) 100vw, 790px\" \/><figcaption id=\"caption-attachment-30430\" class=\"wp-caption-text\">ACHKO 50030 K\u00f6nigskutsche mit 1281 Teilen<\/figcaption><\/figure>","protected":false},"excerpt":{"rendered":"<p>Product information: Brand: ACHKO Gender: Unisex Name: Royal Carriage Age Range: &gt; 6 years old Model Number: 50030 Classification: Assemblage Plastic Block Shape: Self-Locking Bricks Material: Plastic Plastic Type: ABS Bricks Blocks: 1281 PCS Contains detailed assembly instructions. Notice: 1. Without an original box, but we guarantee our products have quality assurance and nice packaging. [&hellip;]<\/p>","protected":false},"featured_media":30429,"comment_status":"closed","ping_status":"closed","template":"","meta":{"_acf_changed":false},"product_cat":[371],"product_tag":[5061,5060,5058,5057,5056,991,5062,5059],"class_list":["product","first","instock","shipping-taxable","purchasable","product-type-simple"],"acf":[],"_links":{"self":[{"href":"https:\/\/mouldking.store\/de\/wp-json\/wp\/v2\/product\/30428","targetHints":{"allow":["GET"]}}],"collection":[{"href":"https:\/\/mouldking.store\/de\/wp-json\/wp\/v2\/product"}],"about":[{"href":"https:\/\/mouldking.store\/de\/wp-json\/wp\/v2\/types\/product"}],"replies":[{"embeddable":true,"href":"https:\/\/mouldking.store\/de\/wp-json\/wp\/v2\/comments?post=30428"}],"wp:featuredmedia":[{"embeddable":true,"href":"https:\/\/mouldking.store\/de\/wp-json\/wp\/v2\/media\/30429"}],"wp:attachment":[{"href":"https:\/\/mouldking.store\/de\/wp-json\/wp\/v2\/media?parent=30428"}],"wp:term":[{"taxonomy":"product_cat","embeddable":true,"href":"https:\/\/mouldking.store\/de\/wp-json\/wp\/v2\/product_cat?post=30428"},{"taxonomy":"product_tag","embeddable":true,"href":"https:\/\/mouldking.store\/de\/wp-json\/wp\/v2\/product_tag?post=30428"}],"curies":[{"name":"wp","href":"https:\/\/api.w.org\/{rel}","templated":true}]}}