{"id":30484,"date":"2022-03-02T15:17:17","date_gmt":"2022-03-02T08:17:17","guid":{"rendered":"https:\/\/mouldking.store\/?post_type=product&#038;p=30484"},"modified":"2023-07-25T09:56:57","modified_gmt":"2023-07-25T02:56:57","slug":"mould-king-17032-rc-yellow-mechanical-excavator-with-1828-pieces","status":"publish","type":"product","link":"https:\/\/mouldking.store\/de\/shop\/mould-king-17032-rc-yellow-mechanical-excavator-with-1828-pieces\/","title":{"rendered":"Mould King 17032 RC Gelber mechanischer Bagger mit 1828 Teilen"},"content":{"rendered":"<p>Produktinformation:<\/p>\n<ol>\n<li>Marke: Mould King<\/li>\n<li>Geschlecht: Unisex<\/li>\n<li>Name: RC Yellow Mechanical Excavator<\/li>\n<li>Altersspanne: &gt; 14 Jahre alt<\/li>\n<li>Model Number: 17032<\/li>\n<li>Einstufung: Assemblage<\/li>\n<li>Kunststoffblockform: Selbstsichernde Steine<\/li>\n<li>Material: Kunststoff<\/li>\n<li>Kunststofftyp: ABS<\/li>\n<li>Ziegelsteine: 1828 St\u00fcck<\/li>\n<li>Enth\u00e4lt eine ausf\u00fchrliche Montageanleitung.<\/li>\n<\/ol>\n<p>Notiz:<br \/>\n1. Ohne Originalverpackung, aber wir garantieren, dass unsere Produkte eine Qualit\u00e4tssicherung und eine sch\u00f6ne Verpackung haben.<br \/>\n2. Wie alle Teile, die wir vor dem Versand \u00fcberpr\u00fcft haben, machen Sie sich keine Sorgen, wenn Sie feststellen, dass einige Teile fehlen oder besch\u00e4digt sind, und kontaktieren Sie uns einfach, und wir k\u00f6nnen sie Ihnen umgehend kostenlos erneut zusenden.<\/p>\n<figure id=\"attachment_30489\" aria-describedby=\"caption-attachment-30489\" style=\"width: 800px\" class=\"wp-caption aligncenter\"><img fetchpriority=\"high\" decoding=\"async\" class=\"wp-image-30489 size-full\" src=\"https:\/\/mouldking.store\/wp-content\/uploads\/2022\/03\/Mould-King-17032-RC-Yellow-Mechanical-Excavator-with-1828-pieces-1.jpg\" alt=\"Mould King 17032 RC Yellow Mechanical Excavator with 1828 pieces\" width=\"800\" height=\"800\" title=\"-\" srcset=\"https:\/\/mouldking.store\/wp-content\/uploads\/2022\/03\/Mould-King-17032-RC-Yellow-Mechanical-Excavator-with-1828-pieces-1.jpg 800w, https:\/\/mouldking.store\/wp-content\/uploads\/2022\/03\/Mould-King-17032-RC-Yellow-Mechanical-Excavator-with-1828-pieces-1-300x300.jpg 300w, https:\/\/mouldking.store\/wp-content\/uploads\/2022\/03\/Mould-King-17032-RC-Yellow-Mechanical-Excavator-with-1828-pieces-1-768x768.jpg 768w, https:\/\/mouldking.store\/wp-content\/uploads\/2022\/03\/Mould-King-17032-RC-Yellow-Mechanical-Excavator-with-1828-pieces-1-600x600.jpg 600w, https:\/\/mouldking.store\/wp-content\/uploads\/2022\/03\/Mould-King-17032-RC-Yellow-Mechanical-Excavator-with-1828-pieces-1-150x150.jpg 150w\" sizes=\"(max-width: 800px) 100vw, 800px\" \/><figcaption id=\"caption-attachment-30489\" class=\"wp-caption-text\">Mould King 17032 RC Gelber mechanischer Bagger mit 1828 Teilen<\/figcaption><\/figure>\n<figure id=\"attachment_30485\" aria-describedby=\"caption-attachment-30485\" style=\"width: 897px\" class=\"wp-caption aligncenter\"><img decoding=\"async\" class=\"wp-image-30485 size-full\" src=\"https:\/\/mouldking.store\/wp-content\/uploads\/2022\/03\/Mould-King-17032-Yellow-Link-Belt-250-X-3-Mechanical-Excavator-1.jpg\" alt=\"Mould King 17032 RC Yellow Mechanical Excavator with 1828 pieces\" width=\"897\" height=\"895\" title=\"-\" srcset=\"https:\/\/mouldking.store\/wp-content\/uploads\/2022\/03\/Mould-King-17032-Yellow-Link-Belt-250-X-3-Mechanical-Excavator-1.jpg 897w, https:\/\/mouldking.store\/wp-content\/uploads\/2022\/03\/Mould-King-17032-Yellow-Link-Belt-250-X-3-Mechanical-Excavator-1-300x299.jpg 300w, https:\/\/mouldking.store\/wp-content\/uploads\/2022\/03\/Mould-King-17032-Yellow-Link-Belt-250-X-3-Mechanical-Excavator-1-768x766.jpg 768w, https:\/\/mouldking.store\/wp-content\/uploads\/2022\/03\/Mould-King-17032-Yellow-Link-Belt-250-X-3-Mechanical-Excavator-1-600x599.jpg 600w, https:\/\/mouldking.store\/wp-content\/uploads\/2022\/03\/Mould-King-17032-Yellow-Link-Belt-250-X-3-Mechanical-Excavator-1-150x150.jpg 150w\" sizes=\"(max-width: 897px) 100vw, 897px\" \/><figcaption id=\"caption-attachment-30485\" class=\"wp-caption-text\">Mould King 17032 RC Gelber mechanischer Bagger mit 1828 Teilen<\/figcaption><\/figure>\n<figure id=\"attachment_30488\" aria-describedby=\"caption-attachment-30488\" style=\"width: 897px\" class=\"wp-caption aligncenter\"><img decoding=\"async\" class=\"wp-image-30488 size-full\" src=\"https:\/\/mouldking.store\/wp-content\/uploads\/2022\/03\/Mould-King-17032-Yellow-Link-Belt-250-X-3-Mechanical-Excavator-4.jpg\" alt=\"Mould King 17032 RC Yellow Mechanical Excavator with 1828 pieces\" width=\"897\" height=\"891\" title=\"-\" srcset=\"https:\/\/mouldking.store\/wp-content\/uploads\/2022\/03\/Mould-King-17032-Yellow-Link-Belt-250-X-3-Mechanical-Excavator-4.jpg 897w, https:\/\/mouldking.store\/wp-content\/uploads\/2022\/03\/Mould-King-17032-Yellow-Link-Belt-250-X-3-Mechanical-Excavator-4-300x298.jpg 300w, https:\/\/mouldking.store\/wp-content\/uploads\/2022\/03\/Mould-King-17032-Yellow-Link-Belt-250-X-3-Mechanical-Excavator-4-768x763.jpg 768w, https:\/\/mouldking.store\/wp-content\/uploads\/2022\/03\/Mould-King-17032-Yellow-Link-Belt-250-X-3-Mechanical-Excavator-4-600x596.jpg 600w, https:\/\/mouldking.store\/wp-content\/uploads\/2022\/03\/Mould-King-17032-Yellow-Link-Belt-250-X-3-Mechanical-Excavator-4-150x150.jpg 150w\" sizes=\"(max-width: 897px) 100vw, 897px\" \/><figcaption id=\"caption-attachment-30488\" class=\"wp-caption-text\">Mould King 17032 RC Gelber mechanischer Bagger mit 1828 Teilen<\/figcaption><\/figure>\n<figure id=\"attachment_30487\" aria-describedby=\"caption-attachment-30487\" style=\"width: 900px\" class=\"wp-caption aligncenter\"><img loading=\"lazy\" decoding=\"async\" class=\"wp-image-30487 size-full\" src=\"https:\/\/mouldking.store\/wp-content\/uploads\/2022\/03\/Mould-King-17032-Yellow-Link-Belt-250-X-3-Mechanical-Excavator-3.jpg\" alt=\"Mould King 17032 RC Yellow Mechanical Excavator with 1828 pieces\" width=\"900\" height=\"899\" title=\"-\" srcset=\"https:\/\/mouldking.store\/wp-content\/uploads\/2022\/03\/Mould-King-17032-Yellow-Link-Belt-250-X-3-Mechanical-Excavator-3.jpg 900w, https:\/\/mouldking.store\/wp-content\/uploads\/2022\/03\/Mould-King-17032-Yellow-Link-Belt-250-X-3-Mechanical-Excavator-3-300x300.jpg 300w, https:\/\/mouldking.store\/wp-content\/uploads\/2022\/03\/Mould-King-17032-Yellow-Link-Belt-250-X-3-Mechanical-Excavator-3-768x767.jpg 768w, https:\/\/mouldking.store\/wp-content\/uploads\/2022\/03\/Mould-King-17032-Yellow-Link-Belt-250-X-3-Mechanical-Excavator-3-600x599.jpg 600w, https:\/\/mouldking.store\/wp-content\/uploads\/2022\/03\/Mould-King-17032-Yellow-Link-Belt-250-X-3-Mechanical-Excavator-3-150x150.jpg 150w\" sizes=\"(max-width: 900px) 100vw, 900px\" \/><figcaption id=\"caption-attachment-30487\" class=\"wp-caption-text\">Mould King 17032 RC Gelber mechanischer Bagger mit 1828 Teilen<\/figcaption><\/figure>\n<figure id=\"attachment_30486\" aria-describedby=\"caption-attachment-30486\" style=\"width: 893px\" class=\"wp-caption aligncenter\"><img loading=\"lazy\" decoding=\"async\" class=\"wp-image-30486 size-full\" src=\"https:\/\/mouldking.store\/wp-content\/uploads\/2022\/03\/Mould-King-17032-Yellow-Link-Belt-250-X-3-Mechanical-Excavator-2.jpg\" alt=\"Mould King 17032 RC Yellow Mechanical Excavator with 1828 pieces\" width=\"893\" height=\"892\" title=\"-\" srcset=\"https:\/\/mouldking.store\/wp-content\/uploads\/2022\/03\/Mould-King-17032-Yellow-Link-Belt-250-X-3-Mechanical-Excavator-2.jpg 893w, https:\/\/mouldking.store\/wp-content\/uploads\/2022\/03\/Mould-King-17032-Yellow-Link-Belt-250-X-3-Mechanical-Excavator-2-300x300.jpg 300w, https:\/\/mouldking.store\/wp-content\/uploads\/2022\/03\/Mould-King-17032-Yellow-Link-Belt-250-X-3-Mechanical-Excavator-2-768x767.jpg 768w, https:\/\/mouldking.store\/wp-content\/uploads\/2022\/03\/Mould-King-17032-Yellow-Link-Belt-250-X-3-Mechanical-Excavator-2-600x599.jpg 600w, https:\/\/mouldking.store\/wp-content\/uploads\/2022\/03\/Mould-King-17032-Yellow-Link-Belt-250-X-3-Mechanical-Excavator-2-150x150.jpg 150w\" sizes=\"(max-width: 893px) 100vw, 893px\" \/><figcaption id=\"caption-attachment-30486\" class=\"wp-caption-text\">Mould King 17032 RC Gelber mechanischer Bagger mit 1828 Teilen<\/figcaption><\/figure>\n<figure id=\"attachment_30495\" aria-describedby=\"caption-attachment-30495\" style=\"width: 790px\" class=\"wp-caption aligncenter\"><img loading=\"lazy\" decoding=\"async\" class=\"wp-image-30495 size-full\" src=\"https:\/\/mouldking.store\/wp-content\/uploads\/2022\/03\/Mould-King-17032-RC-Yellow-Mechanical-Excavator-with-1828-pieces-6.jpg\" alt=\"Mould King 17032 RC Yellow Mechanical Excavator with 1828 pieces\" width=\"790\" height=\"820\" title=\"-\" srcset=\"https:\/\/mouldking.store\/wp-content\/uploads\/2022\/03\/Mould-King-17032-RC-Yellow-Mechanical-Excavator-with-1828-pieces-6.jpg 790w, https:\/\/mouldking.store\/wp-content\/uploads\/2022\/03\/Mould-King-17032-RC-Yellow-Mechanical-Excavator-with-1828-pieces-6-289x300.jpg 289w, https:\/\/mouldking.store\/wp-content\/uploads\/2022\/03\/Mould-King-17032-RC-Yellow-Mechanical-Excavator-with-1828-pieces-6-768x797.jpg 768w, https:\/\/mouldking.store\/wp-content\/uploads\/2022\/03\/Mould-King-17032-RC-Yellow-Mechanical-Excavator-with-1828-pieces-6-300x311.jpg 300w, https:\/\/mouldking.store\/wp-content\/uploads\/2022\/03\/Mould-King-17032-RC-Yellow-Mechanical-Excavator-with-1828-pieces-6-600x623.jpg 600w, https:\/\/mouldking.store\/wp-content\/uploads\/2022\/03\/Mould-King-17032-RC-Yellow-Mechanical-Excavator-with-1828-pieces-6-145x150.jpg 145w\" sizes=\"(max-width: 790px) 100vw, 790px\" \/><figcaption id=\"caption-attachment-30495\" class=\"wp-caption-text\">Mould King 17032 RC Gelber mechanischer Bagger mit 1828 Teilen<\/figcaption><\/figure>\n<figure id=\"attachment_30496\" aria-describedby=\"caption-attachment-30496\" style=\"width: 790px\" class=\"wp-caption aligncenter\"><img loading=\"lazy\" decoding=\"async\" class=\"wp-image-30496 size-full\" src=\"https:\/\/mouldking.store\/wp-content\/uploads\/2022\/03\/Mould-King-17032-RC-Yellow-Mechanical-Excavator-with-1828-pieces-7.jpg\" alt=\"Mould King 17032 RC Yellow Mechanical Excavator with 1828 pieces\" width=\"790\" height=\"809\" title=\"-\" srcset=\"https:\/\/mouldking.store\/wp-content\/uploads\/2022\/03\/Mould-King-17032-RC-Yellow-Mechanical-Excavator-with-1828-pieces-7.jpg 790w, https:\/\/mouldking.store\/wp-content\/uploads\/2022\/03\/Mould-King-17032-RC-Yellow-Mechanical-Excavator-with-1828-pieces-7-293x300.jpg 293w, https:\/\/mouldking.store\/wp-content\/uploads\/2022\/03\/Mould-King-17032-RC-Yellow-Mechanical-Excavator-with-1828-pieces-7-768x786.jpg 768w, https:\/\/mouldking.store\/wp-content\/uploads\/2022\/03\/Mould-King-17032-RC-Yellow-Mechanical-Excavator-with-1828-pieces-7-300x307.jpg 300w, https:\/\/mouldking.store\/wp-content\/uploads\/2022\/03\/Mould-King-17032-RC-Yellow-Mechanical-Excavator-with-1828-pieces-7-600x614.jpg 600w, https:\/\/mouldking.store\/wp-content\/uploads\/2022\/03\/Mould-King-17032-RC-Yellow-Mechanical-Excavator-with-1828-pieces-7-146x150.jpg 146w\" sizes=\"(max-width: 790px) 100vw, 790px\" \/><figcaption id=\"caption-attachment-30496\" class=\"wp-caption-text\">Mould King 17032 RC Gelber mechanischer Bagger mit 1828 Teilen<\/figcaption><\/figure>\n<figure id=\"attachment_30490\" aria-describedby=\"caption-attachment-30490\" style=\"width: 750px\" class=\"wp-caption aligncenter\"><img loading=\"lazy\" decoding=\"async\" class=\"wp-image-30490 size-full\" src=\"https:\/\/mouldking.store\/wp-content\/uploads\/2022\/03\/Mould-King-17032-RC-Yellow-Mechanical-Excavator-with-1828-pieces-1.png\" alt=\"Mould King 17032 RC Yellow Mechanical Excavator with 1828 pieces\" width=\"750\" height=\"620\" title=\"-\" srcset=\"https:\/\/mouldking.store\/wp-content\/uploads\/2022\/03\/Mould-King-17032-RC-Yellow-Mechanical-Excavator-with-1828-pieces-1.png 750w, https:\/\/mouldking.store\/wp-content\/uploads\/2022\/03\/Mould-King-17032-RC-Yellow-Mechanical-Excavator-with-1828-pieces-1-300x248.png 300w, https:\/\/mouldking.store\/wp-content\/uploads\/2022\/03\/Mould-King-17032-RC-Yellow-Mechanical-Excavator-with-1828-pieces-1-600x496.png 600w, https:\/\/mouldking.store\/wp-content\/uploads\/2022\/03\/Mould-King-17032-RC-Yellow-Mechanical-Excavator-with-1828-pieces-1-150x124.png 150w\" sizes=\"(max-width: 750px) 100vw, 750px\" \/><figcaption id=\"caption-attachment-30490\" class=\"wp-caption-text\">Mould King 17032 RC Gelber mechanischer Bagger mit 1828 Teilen<\/figcaption><\/figure>\n<figure id=\"attachment_30499\" aria-describedby=\"caption-attachment-30499\" style=\"width: 790px\" class=\"wp-caption aligncenter\"><img loading=\"lazy\" decoding=\"async\" class=\"wp-image-30499 size-full\" src=\"https:\/\/mouldking.store\/wp-content\/uploads\/2022\/03\/Mould-King-17032-RC-Yellow-Mechanical-Excavator-with-1828-pieces-10.jpg\" alt=\"Mould King 17032 RC Yellow Mechanical Excavator with 1828 pieces\" width=\"790\" height=\"881\" title=\"-\" srcset=\"https:\/\/mouldking.store\/wp-content\/uploads\/2022\/03\/Mould-King-17032-RC-Yellow-Mechanical-Excavator-with-1828-pieces-10.jpg 790w, https:\/\/mouldking.store\/wp-content\/uploads\/2022\/03\/Mould-King-17032-RC-Yellow-Mechanical-Excavator-with-1828-pieces-10-269x300.jpg 269w, https:\/\/mouldking.store\/wp-content\/uploads\/2022\/03\/Mould-King-17032-RC-Yellow-Mechanical-Excavator-with-1828-pieces-10-768x856.jpg 768w, https:\/\/mouldking.store\/wp-content\/uploads\/2022\/03\/Mould-King-17032-RC-Yellow-Mechanical-Excavator-with-1828-pieces-10-300x335.jpg 300w, https:\/\/mouldking.store\/wp-content\/uploads\/2022\/03\/Mould-King-17032-RC-Yellow-Mechanical-Excavator-with-1828-pieces-10-600x669.jpg 600w, https:\/\/mouldking.store\/wp-content\/uploads\/2022\/03\/Mould-King-17032-RC-Yellow-Mechanical-Excavator-with-1828-pieces-10-135x150.jpg 135w\" sizes=\"(max-width: 790px) 100vw, 790px\" \/><figcaption id=\"caption-attachment-30499\" class=\"wp-caption-text\">Mould King 17032 RC Gelber mechanischer Bagger mit 1828 Teilen<\/figcaption><\/figure>\n<figure id=\"attachment_30494\" aria-describedby=\"caption-attachment-30494\" style=\"width: 790px\" class=\"wp-caption aligncenter\"><img loading=\"lazy\" decoding=\"async\" class=\"wp-image-30494 size-full\" src=\"https:\/\/mouldking.store\/wp-content\/uploads\/2022\/03\/Mould-King-17032-RC-Yellow-Mechanical-Excavator-with-1828-pieces-5.jpg\" alt=\"Mould King 17032 RC Yellow Mechanical Excavator with 1828 pieces\" width=\"790\" height=\"990\" title=\"-\" srcset=\"https:\/\/mouldking.store\/wp-content\/uploads\/2022\/03\/Mould-King-17032-RC-Yellow-Mechanical-Excavator-with-1828-pieces-5.jpg 790w, https:\/\/mouldking.store\/wp-content\/uploads\/2022\/03\/Mould-King-17032-RC-Yellow-Mechanical-Excavator-with-1828-pieces-5-239x300.jpg 239w, https:\/\/mouldking.store\/wp-content\/uploads\/2022\/03\/Mould-King-17032-RC-Yellow-Mechanical-Excavator-with-1828-pieces-5-768x962.jpg 768w, https:\/\/mouldking.store\/wp-content\/uploads\/2022\/03\/Mould-King-17032-RC-Yellow-Mechanical-Excavator-with-1828-pieces-5-300x376.jpg 300w, https:\/\/mouldking.store\/wp-content\/uploads\/2022\/03\/Mould-King-17032-RC-Yellow-Mechanical-Excavator-with-1828-pieces-5-600x752.jpg 600w, https:\/\/mouldking.store\/wp-content\/uploads\/2022\/03\/Mould-King-17032-RC-Yellow-Mechanical-Excavator-with-1828-pieces-5-120x150.jpg 120w\" sizes=\"(max-width: 790px) 100vw, 790px\" \/><figcaption id=\"caption-attachment-30494\" class=\"wp-caption-text\">Mould King 17032 RC Gelber mechanischer Bagger mit 1828 Teilen<\/figcaption><\/figure>\n<figure id=\"attachment_30493\" aria-describedby=\"caption-attachment-30493\" style=\"width: 790px\" class=\"wp-caption aligncenter\"><img loading=\"lazy\" decoding=\"async\" class=\"wp-image-30493 size-full\" src=\"https:\/\/mouldking.store\/wp-content\/uploads\/2022\/03\/Mould-King-17032-RC-Yellow-Mechanical-Excavator-with-1828-pieces-4.jpg\" alt=\"Mould King 17032 RC Yellow Mechanical Excavator with 1828 pieces\" width=\"790\" height=\"981\" title=\"-\" srcset=\"https:\/\/mouldking.store\/wp-content\/uploads\/2022\/03\/Mould-King-17032-RC-Yellow-Mechanical-Excavator-with-1828-pieces-4.jpg 790w, https:\/\/mouldking.store\/wp-content\/uploads\/2022\/03\/Mould-King-17032-RC-Yellow-Mechanical-Excavator-with-1828-pieces-4-242x300.jpg 242w, https:\/\/mouldking.store\/wp-content\/uploads\/2022\/03\/Mould-King-17032-RC-Yellow-Mechanical-Excavator-with-1828-pieces-4-768x954.jpg 768w, https:\/\/mouldking.store\/wp-content\/uploads\/2022\/03\/Mould-King-17032-RC-Yellow-Mechanical-Excavator-with-1828-pieces-4-300x373.jpg 300w, https:\/\/mouldking.store\/wp-content\/uploads\/2022\/03\/Mould-King-17032-RC-Yellow-Mechanical-Excavator-with-1828-pieces-4-600x745.jpg 600w, https:\/\/mouldking.store\/wp-content\/uploads\/2022\/03\/Mould-King-17032-RC-Yellow-Mechanical-Excavator-with-1828-pieces-4-121x150.jpg 121w\" sizes=\"(max-width: 790px) 100vw, 790px\" \/><figcaption id=\"caption-attachment-30493\" class=\"wp-caption-text\">Mould King 17032 RC Gelber mechanischer Bagger mit 1828 Teilen<\/figcaption><\/figure>\n<figure id=\"attachment_30492\" aria-describedby=\"caption-attachment-30492\" style=\"width: 790px\" class=\"wp-caption aligncenter\"><img loading=\"lazy\" decoding=\"async\" class=\"wp-image-30492 size-full\" src=\"https:\/\/mouldking.store\/wp-content\/uploads\/2022\/03\/Mould-King-17032-RC-Yellow-Mechanical-Excavator-with-1828-pieces-3.jpg\" alt=\"Mould King 17032 RC Yellow Mechanical Excavator with 1828 pieces\" width=\"790\" height=\"776\" title=\"-\" srcset=\"https:\/\/mouldking.store\/wp-content\/uploads\/2022\/03\/Mould-King-17032-RC-Yellow-Mechanical-Excavator-with-1828-pieces-3.jpg 790w, https:\/\/mouldking.store\/wp-content\/uploads\/2022\/03\/Mould-King-17032-RC-Yellow-Mechanical-Excavator-with-1828-pieces-3-300x295.jpg 300w, https:\/\/mouldking.store\/wp-content\/uploads\/2022\/03\/Mould-King-17032-RC-Yellow-Mechanical-Excavator-with-1828-pieces-3-768x754.jpg 768w, https:\/\/mouldking.store\/wp-content\/uploads\/2022\/03\/Mould-King-17032-RC-Yellow-Mechanical-Excavator-with-1828-pieces-3-600x589.jpg 600w, https:\/\/mouldking.store\/wp-content\/uploads\/2022\/03\/Mould-King-17032-RC-Yellow-Mechanical-Excavator-with-1828-pieces-3-150x147.jpg 150w\" sizes=\"(max-width: 790px) 100vw, 790px\" \/><figcaption id=\"caption-attachment-30492\" class=\"wp-caption-text\">Mould King 17032 RC Gelber mechanischer Bagger mit 1828 Teilen<\/figcaption><\/figure>\n<figure id=\"attachment_30491\" aria-describedby=\"caption-attachment-30491\" style=\"width: 790px\" class=\"wp-caption aligncenter\"><img loading=\"lazy\" decoding=\"async\" class=\"wp-image-30491 size-full\" src=\"https:\/\/mouldking.store\/wp-content\/uploads\/2022\/03\/Mould-King-17032-RC-Yellow-Mechanical-Excavator-with-1828-pieces-2.jpg\" alt=\"Mould King 17032 RC Yellow Mechanical Excavator with 1828 pieces\" width=\"790\" height=\"651\" title=\"-\" srcset=\"https:\/\/mouldking.store\/wp-content\/uploads\/2022\/03\/Mould-King-17032-RC-Yellow-Mechanical-Excavator-with-1828-pieces-2.jpg 790w, https:\/\/mouldking.store\/wp-content\/uploads\/2022\/03\/Mould-King-17032-RC-Yellow-Mechanical-Excavator-with-1828-pieces-2-300x247.jpg 300w, https:\/\/mouldking.store\/wp-content\/uploads\/2022\/03\/Mould-King-17032-RC-Yellow-Mechanical-Excavator-with-1828-pieces-2-768x633.jpg 768w, https:\/\/mouldking.store\/wp-content\/uploads\/2022\/03\/Mould-King-17032-RC-Yellow-Mechanical-Excavator-with-1828-pieces-2-600x494.jpg 600w, https:\/\/mouldking.store\/wp-content\/uploads\/2022\/03\/Mould-King-17032-RC-Yellow-Mechanical-Excavator-with-1828-pieces-2-150x124.jpg 150w\" sizes=\"(max-width: 790px) 100vw, 790px\" \/><figcaption id=\"caption-attachment-30491\" class=\"wp-caption-text\">Mould King 17032 RC Gelber mechanischer Bagger mit 1828 Teilen<\/figcaption><\/figure>\n<figure id=\"attachment_30497\" aria-describedby=\"caption-attachment-30497\" style=\"width: 790px\" class=\"wp-caption aligncenter\"><img loading=\"lazy\" decoding=\"async\" class=\"wp-image-30497 size-full\" src=\"https:\/\/mouldking.store\/wp-content\/uploads\/2022\/03\/Mould-King-17032-RC-Yellow-Mechanical-Excavator-with-1828-pieces-8.jpg\" alt=\"Mould King 17032 RC Yellow Mechanical Excavator with 1828 pieces\" width=\"790\" height=\"859\" title=\"-\" srcset=\"https:\/\/mouldking.store\/wp-content\/uploads\/2022\/03\/Mould-King-17032-RC-Yellow-Mechanical-Excavator-with-1828-pieces-8.jpg 790w, https:\/\/mouldking.store\/wp-content\/uploads\/2022\/03\/Mould-King-17032-RC-Yellow-Mechanical-Excavator-with-1828-pieces-8-276x300.jpg 276w, https:\/\/mouldking.store\/wp-content\/uploads\/2022\/03\/Mould-King-17032-RC-Yellow-Mechanical-Excavator-with-1828-pieces-8-768x835.jpg 768w, https:\/\/mouldking.store\/wp-content\/uploads\/2022\/03\/Mould-King-17032-RC-Yellow-Mechanical-Excavator-with-1828-pieces-8-300x326.jpg 300w, https:\/\/mouldking.store\/wp-content\/uploads\/2022\/03\/Mould-King-17032-RC-Yellow-Mechanical-Excavator-with-1828-pieces-8-600x652.jpg 600w, https:\/\/mouldking.store\/wp-content\/uploads\/2022\/03\/Mould-King-17032-RC-Yellow-Mechanical-Excavator-with-1828-pieces-8-138x150.jpg 138w\" sizes=\"(max-width: 790px) 100vw, 790px\" \/><figcaption id=\"caption-attachment-30497\" class=\"wp-caption-text\">Mould King 17032 RC Gelber mechanischer Bagger mit 1828 Teilen<\/figcaption><\/figure>\n<figure id=\"attachment_30498\" aria-describedby=\"caption-attachment-30498\" style=\"width: 790px\" class=\"wp-caption aligncenter\"><img loading=\"lazy\" decoding=\"async\" class=\"wp-image-30498 size-full\" src=\"https:\/\/mouldking.store\/wp-content\/uploads\/2022\/03\/Mould-King-17032-RC-Yellow-Mechanical-Excavator-with-1828-pieces-9.jpg\" alt=\"Mould King 17032 RC Yellow Mechanical Excavator with 1828 pieces\" width=\"790\" height=\"616\" title=\"-\" srcset=\"https:\/\/mouldking.store\/wp-content\/uploads\/2022\/03\/Mould-King-17032-RC-Yellow-Mechanical-Excavator-with-1828-pieces-9.jpg 790w, https:\/\/mouldking.store\/wp-content\/uploads\/2022\/03\/Mould-King-17032-RC-Yellow-Mechanical-Excavator-with-1828-pieces-9-300x234.jpg 300w, https:\/\/mouldking.store\/wp-content\/uploads\/2022\/03\/Mould-King-17032-RC-Yellow-Mechanical-Excavator-with-1828-pieces-9-768x599.jpg 768w, https:\/\/mouldking.store\/wp-content\/uploads\/2022\/03\/Mould-King-17032-RC-Yellow-Mechanical-Excavator-with-1828-pieces-9-600x468.jpg 600w, https:\/\/mouldking.store\/wp-content\/uploads\/2022\/03\/Mould-King-17032-RC-Yellow-Mechanical-Excavator-with-1828-pieces-9-150x117.jpg 150w\" sizes=\"(max-width: 790px) 100vw, 790px\" \/><figcaption id=\"caption-attachment-30498\" class=\"wp-caption-text\">Mould King 17032 RC Gelber mechanischer Bagger mit 1828 Teilen<\/figcaption><\/figure>","protected":false},"excerpt":{"rendered":"<p>Product information: Brand: Mould King Gender: Unisex Name: RC Yellow Mechanical Excavator Age Range: &gt; 14 years old Model Number: 17032 Classification: Assemblage Plastic Block Shape: Self-Locking Bricks Material: Plastic Plastic Type: ABS Bricks Blocks: 1828 PCS Contains detailed assembly instructions. Notice: 1. Without an original box, but we guarantee our products have quality assurance [&hellip;]<\/p>","protected":false},"featured_media":30489,"comment_status":"closed","ping_status":"closed","template":"","meta":{"_acf_changed":false},"product_cat":[364],"product_tag":[5104,755,4990,615,5102,5101,5100,481,5103,5105],"class_list":["product","first","instock","shipping-taxable","purchasable","product-type-simple"],"acf":[],"_links":{"self":[{"href":"https:\/\/mouldking.store\/de\/wp-json\/wp\/v2\/product\/30484","targetHints":{"allow":["GET"]}}],"collection":[{"href":"https:\/\/mouldking.store\/de\/wp-json\/wp\/v2\/product"}],"about":[{"href":"https:\/\/mouldking.store\/de\/wp-json\/wp\/v2\/types\/product"}],"replies":[{"embeddable":true,"href":"https:\/\/mouldking.store\/de\/wp-json\/wp\/v2\/comments?post=30484"}],"wp:featuredmedia":[{"embeddable":true,"href":"https:\/\/mouldking.store\/de\/wp-json\/wp\/v2\/media\/30489"}],"wp:attachment":[{"href":"https:\/\/mouldking.store\/de\/wp-json\/wp\/v2\/media?parent=30484"}],"wp:term":[{"taxonomy":"product_cat","embeddable":true,"href":"https:\/\/mouldking.store\/de\/wp-json\/wp\/v2\/product_cat?post=30484"},{"taxonomy":"product_tag","embeddable":true,"href":"https:\/\/mouldking.store\/de\/wp-json\/wp\/v2\/product_tag?post=30484"}],"curies":[{"name":"wp","href":"https:\/\/api.w.org\/{rel}","templated":true}]}}