{"id":30559,"date":"2022-03-02T16:02:03","date_gmt":"2022-03-02T09:02:03","guid":{"rendered":"https:\/\/mouldking.store\/?post_type=product&#038;p=30559"},"modified":"2022-03-02T16:02:03","modified_gmt":"2022-03-02T09:02:03","slug":"tgl-t3025-purple-aston-martin-with-595-pieces","status":"publish","type":"product","link":"https:\/\/mouldking.store\/de\/shop\/tgl-t3025-purple-aston-martin-with-595-pieces\/","title":{"rendered":"TGL T3025 Purple Aston Martin mit 595 St\u00fcck"},"content":{"rendered":"<p>Produktinformation:<\/p>\n<ol>\n<li>Marke: TGL<\/li>\n<li>Geschlecht: Unisex<\/li>\n<li>Name: Lila Aston Martin<\/li>\n<li>Altersspanne: &gt; 6 Jahre alt<\/li>\n<li>Modellnummer: T3025<\/li>\n<li>Einstufung: Assemblage<\/li>\n<li>Kunststoffblockform: Selbstsichernde Steine<\/li>\n<li>Material: Kunststoff<\/li>\n<li>Kunststofftyp: ABS<\/li>\n<li>Ziegelsteine: 595 St\u00fcck<\/li>\n<li>Enth\u00e4lt eine ausf\u00fchrliche Montageanleitung.<\/li>\n<\/ol>\n<p>Notiz:<br \/>\n1. Ohne Originalverpackung, aber wir garantieren, dass unsere Produkte eine Qualit\u00e4tssicherung und eine sch\u00f6ne Verpackung haben.<br \/>\n2. Wie alle Teile, die wir vor dem Versand \u00fcberpr\u00fcft haben, machen Sie sich keine Sorgen, wenn Sie feststellen, dass einige Teile fehlen oder besch\u00e4digt sind, und kontaktieren Sie uns einfach, und wir k\u00f6nnen sie Ihnen umgehend kostenlos erneut zusenden.<\/p>\n<figure id=\"attachment_30560\" aria-describedby=\"caption-attachment-30560\" style=\"width: 800px\" class=\"wp-caption aligncenter\"><img fetchpriority=\"high\" decoding=\"async\" class=\"wp-image-30560 size-full\" src=\"https:\/\/mouldking.store\/wp-content\/uploads\/2022\/03\/TGL-T3025-Purple-Aston-Martin-1.jpg\" alt=\"TGL T3025 Purple Aston Martin with 595 pieces\" width=\"800\" height=\"800\" title=\"-\" srcset=\"https:\/\/mouldking.store\/wp-content\/uploads\/2022\/03\/TGL-T3025-Purple-Aston-Martin-1.jpg 800w, https:\/\/mouldking.store\/wp-content\/uploads\/2022\/03\/TGL-T3025-Purple-Aston-Martin-1-300x300.jpg 300w, https:\/\/mouldking.store\/wp-content\/uploads\/2022\/03\/TGL-T3025-Purple-Aston-Martin-1-768x768.jpg 768w, https:\/\/mouldking.store\/wp-content\/uploads\/2022\/03\/TGL-T3025-Purple-Aston-Martin-1-600x600.jpg 600w, https:\/\/mouldking.store\/wp-content\/uploads\/2022\/03\/TGL-T3025-Purple-Aston-Martin-1-150x150.jpg 150w\" sizes=\"(max-width: 800px) 100vw, 800px\" \/><figcaption id=\"caption-attachment-30560\" class=\"wp-caption-text\">TGL T3025 Purple Aston Martin mit 595 St\u00fcck<\/figcaption><\/figure>\n<figure id=\"attachment_30563\" aria-describedby=\"caption-attachment-30563\" style=\"width: 1024px\" class=\"wp-caption aligncenter\"><img decoding=\"async\" class=\"wp-image-30563 size-full\" src=\"https:\/\/mouldking.store\/wp-content\/uploads\/2022\/03\/TGL-T3025-Purple-Aston-Martin-4.jpg\" alt=\"TGL T3025 Purple Aston Martin with 595 pieces\" width=\"1024\" height=\"850\" title=\"-\" srcset=\"https:\/\/mouldking.store\/wp-content\/uploads\/2022\/03\/TGL-T3025-Purple-Aston-Martin-4.jpg 1024w, https:\/\/mouldking.store\/wp-content\/uploads\/2022\/03\/TGL-T3025-Purple-Aston-Martin-4-300x249.jpg 300w, https:\/\/mouldking.store\/wp-content\/uploads\/2022\/03\/TGL-T3025-Purple-Aston-Martin-4-768x638.jpg 768w, https:\/\/mouldking.store\/wp-content\/uploads\/2022\/03\/TGL-T3025-Purple-Aston-Martin-4-600x498.jpg 600w, https:\/\/mouldking.store\/wp-content\/uploads\/2022\/03\/TGL-T3025-Purple-Aston-Martin-4-150x125.jpg 150w\" sizes=\"(max-width: 1024px) 100vw, 1024px\" \/><figcaption id=\"caption-attachment-30563\" class=\"wp-caption-text\">TGL T3025 Purple Aston Martin mit 595 St\u00fcck<\/figcaption><\/figure>\n<figure id=\"attachment_30561\" aria-describedby=\"caption-attachment-30561\" style=\"width: 1024px\" class=\"wp-caption aligncenter\"><img decoding=\"async\" class=\"wp-image-30561 size-full\" src=\"https:\/\/mouldking.store\/wp-content\/uploads\/2022\/03\/TGL-T3025-Purple-Aston-Martin-2.jpg\" alt=\"TGL T3025 Purple Aston Martin with 595 pieces\" width=\"1024\" height=\"422\" title=\"-\" srcset=\"https:\/\/mouldking.store\/wp-content\/uploads\/2022\/03\/TGL-T3025-Purple-Aston-Martin-2.jpg 1024w, https:\/\/mouldking.store\/wp-content\/uploads\/2022\/03\/TGL-T3025-Purple-Aston-Martin-2-300x124.jpg 300w, https:\/\/mouldking.store\/wp-content\/uploads\/2022\/03\/TGL-T3025-Purple-Aston-Martin-2-768x317.jpg 768w, https:\/\/mouldking.store\/wp-content\/uploads\/2022\/03\/TGL-T3025-Purple-Aston-Martin-2-600x247.jpg 600w, https:\/\/mouldking.store\/wp-content\/uploads\/2022\/03\/TGL-T3025-Purple-Aston-Martin-2-150x62.jpg 150w\" sizes=\"(max-width: 1024px) 100vw, 1024px\" \/><figcaption id=\"caption-attachment-30561\" class=\"wp-caption-text\">TGL T3025 Purple Aston Martin mit 595 St\u00fcck<\/figcaption><\/figure>\n<figure id=\"attachment_30562\" aria-describedby=\"caption-attachment-30562\" style=\"width: 811px\" class=\"wp-caption aligncenter\"><img loading=\"lazy\" decoding=\"async\" class=\"wp-image-30562 size-full\" src=\"https:\/\/mouldking.store\/wp-content\/uploads\/2022\/03\/TGL-T3025-Purple-Aston-Martin-3.jpg\" alt=\"TGL T3025 Purple Aston Martin with 595 pieces\" width=\"811\" height=\"1024\" title=\"-\" srcset=\"https:\/\/mouldking.store\/wp-content\/uploads\/2022\/03\/TGL-T3025-Purple-Aston-Martin-3.jpg 811w, https:\/\/mouldking.store\/wp-content\/uploads\/2022\/03\/TGL-T3025-Purple-Aston-Martin-3-238x300.jpg 238w, https:\/\/mouldking.store\/wp-content\/uploads\/2022\/03\/TGL-T3025-Purple-Aston-Martin-3-768x970.jpg 768w, https:\/\/mouldking.store\/wp-content\/uploads\/2022\/03\/TGL-T3025-Purple-Aston-Martin-3-300x379.jpg 300w, https:\/\/mouldking.store\/wp-content\/uploads\/2022\/03\/TGL-T3025-Purple-Aston-Martin-3-600x758.jpg 600w, https:\/\/mouldking.store\/wp-content\/uploads\/2022\/03\/TGL-T3025-Purple-Aston-Martin-3-119x150.jpg 119w\" sizes=\"(max-width: 811px) 100vw, 811px\" \/><figcaption id=\"caption-attachment-30562\" class=\"wp-caption-text\">TGL T3025 Purple Aston Martin mit 595 St\u00fcck<\/figcaption><\/figure>","protected":false},"excerpt":{"rendered":"<p>Product information: Brand: TGL Gender: Unisex Name: Purple Aston Martin Age Range: &gt; 6 years old Model Number: T3025 Classification: Assemblage Plastic Block Shape: Self-Locking Bricks Material: Plastic Plastic Type: ABS Bricks Blocks: 595 PCS Contains detailed assembly instructions. Notice: 1. Without an original box, but we guarantee our products have quality assurance and nice [&hellip;]<\/p>","protected":false},"featured_media":30560,"comment_status":"closed","ping_status":"closed","template":"","meta":{"_acf_changed":false},"product_cat":[364],"product_tag":[5147,5145,5146,2739,5144,5143,5142],"class_list":["product","first","instock","shipping-taxable","purchasable","product-type-simple"],"acf":[],"_links":{"self":[{"href":"https:\/\/mouldking.store\/de\/wp-json\/wp\/v2\/product\/30559","targetHints":{"allow":["GET"]}}],"collection":[{"href":"https:\/\/mouldking.store\/de\/wp-json\/wp\/v2\/product"}],"about":[{"href":"https:\/\/mouldking.store\/de\/wp-json\/wp\/v2\/types\/product"}],"replies":[{"embeddable":true,"href":"https:\/\/mouldking.store\/de\/wp-json\/wp\/v2\/comments?post=30559"}],"wp:featuredmedia":[{"embeddable":true,"href":"https:\/\/mouldking.store\/de\/wp-json\/wp\/v2\/media\/30560"}],"wp:attachment":[{"href":"https:\/\/mouldking.store\/de\/wp-json\/wp\/v2\/media?parent=30559"}],"wp:term":[{"taxonomy":"product_cat","embeddable":true,"href":"https:\/\/mouldking.store\/de\/wp-json\/wp\/v2\/product_cat?post=30559"},{"taxonomy":"product_tag","embeddable":true,"href":"https:\/\/mouldking.store\/de\/wp-json\/wp\/v2\/product_tag?post=30559"}],"curies":[{"name":"wp","href":"https:\/\/api.w.org\/{rel}","templated":true}]}}