{"id":30573,"date":"2022-03-02T16:08:44","date_gmt":"2022-03-02T09:08:44","guid":{"rendered":"https:\/\/mouldking.store\/?post_type=product&#038;p=30573"},"modified":"2022-03-02T16:08:44","modified_gmt":"2022-03-02T09:08:44","slug":"decool-33011-track-whirlwind-with-832-pieces","status":"publish","type":"product","link":"https:\/\/mouldking.store\/de\/shop\/decool-33011-track-whirlwind-with-832-pieces\/","title":{"rendered":"DECOOL 33011 Track Wirbelwind mit 832 Teilen"},"content":{"rendered":"<p>Produktinformation:<\/p>\n<ol>\n<li>Marke: DECOOL<\/li>\n<li>Geschlecht: Unisex<\/li>\n<li>Name: Track Whirlwind<\/li>\n<li>Altersspanne: &gt; 6 Jahre alt<\/li>\n<li>Model Number: 33011<\/li>\n<li>Einstufung: Assemblage<\/li>\n<li>Kunststoffblockform: Selbstsichernde Steine<\/li>\n<li>Material: Kunststoff<\/li>\n<li>Kunststofftyp: ABS<\/li>\n<li>Bricks Blocks: 832 PCS<\/li>\n<li>Enth\u00e4lt eine ausf\u00fchrliche Montageanleitung.<\/li>\n<\/ol>\n<p>Notiz:<br \/>\n1. Ohne Originalverpackung, aber wir garantieren, dass unsere Produkte eine Qualit\u00e4tssicherung und eine sch\u00f6ne Verpackung haben.<br \/>\n2. Wie alle Teile, die wir vor dem Versand \u00fcberpr\u00fcft haben, machen Sie sich keine Sorgen, wenn Sie feststellen, dass einige Teile fehlen oder besch\u00e4digt sind, und kontaktieren Sie uns einfach, und wir k\u00f6nnen sie Ihnen umgehend kostenlos erneut zusenden.<\/p>\n<figure id=\"attachment_30574\" aria-describedby=\"caption-attachment-30574\" style=\"width: 800px\" class=\"wp-caption aligncenter\"><img fetchpriority=\"high\" decoding=\"async\" class=\"wp-image-30574 size-full\" src=\"https:\/\/mouldking.store\/wp-content\/uploads\/2022\/03\/DECOOL-33011-Track-Whirlwind-1.jpg\" alt=\"DECOOL 33011 Track Whirlwind with 832 pieces\" width=\"800\" height=\"800\" title=\"-\" srcset=\"https:\/\/mouldking.store\/wp-content\/uploads\/2022\/03\/DECOOL-33011-Track-Whirlwind-1.jpg 800w, https:\/\/mouldking.store\/wp-content\/uploads\/2022\/03\/DECOOL-33011-Track-Whirlwind-1-300x300.jpg 300w, https:\/\/mouldking.store\/wp-content\/uploads\/2022\/03\/DECOOL-33011-Track-Whirlwind-1-768x768.jpg 768w, https:\/\/mouldking.store\/wp-content\/uploads\/2022\/03\/DECOOL-33011-Track-Whirlwind-1-600x600.jpg 600w, https:\/\/mouldking.store\/wp-content\/uploads\/2022\/03\/DECOOL-33011-Track-Whirlwind-1-150x150.jpg 150w\" sizes=\"(max-width: 800px) 100vw, 800px\" \/><figcaption id=\"caption-attachment-30574\" class=\"wp-caption-text\">DECOOL 33011 Track Wirbelwind mit 832 Teilen<\/figcaption><\/figure>\n<figure id=\"attachment_30578\" aria-describedby=\"caption-attachment-30578\" style=\"width: 791px\" class=\"wp-caption aligncenter\"><img decoding=\"async\" class=\"wp-image-30578 size-full\" src=\"https:\/\/mouldking.store\/wp-content\/uploads\/2022\/03\/DECOOL-33011-Track-Whirlwind-4.png\" alt=\"DECOOL 33011 Track Whirlwind with 832 pieces\" width=\"791\" height=\"551\" title=\"-\" srcset=\"https:\/\/mouldking.store\/wp-content\/uploads\/2022\/03\/DECOOL-33011-Track-Whirlwind-4.png 791w, https:\/\/mouldking.store\/wp-content\/uploads\/2022\/03\/DECOOL-33011-Track-Whirlwind-4-300x209.png 300w, https:\/\/mouldking.store\/wp-content\/uploads\/2022\/03\/DECOOL-33011-Track-Whirlwind-4-768x535.png 768w, https:\/\/mouldking.store\/wp-content\/uploads\/2022\/03\/DECOOL-33011-Track-Whirlwind-4-600x418.png 600w, https:\/\/mouldking.store\/wp-content\/uploads\/2022\/03\/DECOOL-33011-Track-Whirlwind-4-150x104.png 150w\" sizes=\"(max-width: 791px) 100vw, 791px\" \/><figcaption id=\"caption-attachment-30578\" class=\"wp-caption-text\">DECOOL 33011 Track Wirbelwind mit 832 Teilen<\/figcaption><\/figure>\n<figure id=\"attachment_30575\" aria-describedby=\"caption-attachment-30575\" style=\"width: 914px\" class=\"wp-caption aligncenter\"><img decoding=\"async\" class=\"wp-image-30575 size-full\" src=\"https:\/\/mouldking.store\/wp-content\/uploads\/2022\/03\/DECOOL-33011-Track-Whirlwind-1.png\" alt=\"DECOOL 33011 Track Whirlwind with 832 pieces\" width=\"914\" height=\"787\" title=\"-\" srcset=\"https:\/\/mouldking.store\/wp-content\/uploads\/2022\/03\/DECOOL-33011-Track-Whirlwind-1.png 914w, https:\/\/mouldking.store\/wp-content\/uploads\/2022\/03\/DECOOL-33011-Track-Whirlwind-1-300x258.png 300w, https:\/\/mouldking.store\/wp-content\/uploads\/2022\/03\/DECOOL-33011-Track-Whirlwind-1-768x661.png 768w, https:\/\/mouldking.store\/wp-content\/uploads\/2022\/03\/DECOOL-33011-Track-Whirlwind-1-600x517.png 600w, https:\/\/mouldking.store\/wp-content\/uploads\/2022\/03\/DECOOL-33011-Track-Whirlwind-1-150x129.png 150w\" sizes=\"(max-width: 914px) 100vw, 914px\" \/><figcaption id=\"caption-attachment-30575\" class=\"wp-caption-text\">DECOOL 33011 Track Wirbelwind mit 832 Teilen<\/figcaption><\/figure>\n<figure id=\"attachment_30577\" aria-describedby=\"caption-attachment-30577\" style=\"width: 793px\" class=\"wp-caption aligncenter\"><img loading=\"lazy\" decoding=\"async\" class=\"wp-image-30577 size-full\" src=\"https:\/\/mouldking.store\/wp-content\/uploads\/2022\/03\/DECOOL-33011-Track-Whirlwind-3.png\" alt=\"DECOOL 33011 Track Whirlwind with 832 pieces\" width=\"793\" height=\"547\" title=\"-\" srcset=\"https:\/\/mouldking.store\/wp-content\/uploads\/2022\/03\/DECOOL-33011-Track-Whirlwind-3.png 793w, https:\/\/mouldking.store\/wp-content\/uploads\/2022\/03\/DECOOL-33011-Track-Whirlwind-3-300x207.png 300w, https:\/\/mouldking.store\/wp-content\/uploads\/2022\/03\/DECOOL-33011-Track-Whirlwind-3-768x530.png 768w, https:\/\/mouldking.store\/wp-content\/uploads\/2022\/03\/DECOOL-33011-Track-Whirlwind-3-600x414.png 600w, https:\/\/mouldking.store\/wp-content\/uploads\/2022\/03\/DECOOL-33011-Track-Whirlwind-3-150x103.png 150w\" sizes=\"(max-width: 793px) 100vw, 793px\" \/><figcaption id=\"caption-attachment-30577\" class=\"wp-caption-text\">DECOOL 33011 Track Wirbelwind mit 832 Teilen<\/figcaption><\/figure>\n<figure id=\"attachment_30576\" aria-describedby=\"caption-attachment-30576\" style=\"width: 794px\" class=\"wp-caption aligncenter\"><img loading=\"lazy\" decoding=\"async\" class=\"wp-image-30576 size-full\" src=\"https:\/\/mouldking.store\/wp-content\/uploads\/2022\/03\/DECOOL-33011-Track-Whirlwind-2.png\" alt=\"DECOOL 33011 Track Whirlwind with 832 pieces\" width=\"794\" height=\"470\" title=\"-\" srcset=\"https:\/\/mouldking.store\/wp-content\/uploads\/2022\/03\/DECOOL-33011-Track-Whirlwind-2.png 794w, https:\/\/mouldking.store\/wp-content\/uploads\/2022\/03\/DECOOL-33011-Track-Whirlwind-2-300x178.png 300w, https:\/\/mouldking.store\/wp-content\/uploads\/2022\/03\/DECOOL-33011-Track-Whirlwind-2-768x455.png 768w, https:\/\/mouldking.store\/wp-content\/uploads\/2022\/03\/DECOOL-33011-Track-Whirlwind-2-600x355.png 600w, https:\/\/mouldking.store\/wp-content\/uploads\/2022\/03\/DECOOL-33011-Track-Whirlwind-2-150x89.png 150w\" sizes=\"(max-width: 794px) 100vw, 794px\" \/><figcaption id=\"caption-attachment-30576\" class=\"wp-caption-text\">DECOOL 33011 Track Wirbelwind mit 832 Teilen<\/figcaption><\/figure>","protected":false},"excerpt":{"rendered":"<p>Product information: Brand: DECOOL Gender: Unisex Name: Track Whirlwind Age Range: &gt; 6 years old Model Number: 33011 Classification: Assemblage Plastic Block Shape: Self-Locking Bricks Material: Plastic Plastic Type: ABS Bricks Blocks: 832 PCS Contains detailed assembly instructions. Notice: 1. Without an original box, but we guarantee our products have quality assurance and nice packaging. [&hellip;]<\/p>","protected":false},"featured_media":30574,"comment_status":"closed","ping_status":"closed","template":"","meta":{"_acf_changed":false},"product_cat":[364],"product_tag":[5159,2463,5157,5156,5155,486,5158,5160],"class_list":["product","first","instock","shipping-taxable","purchasable","product-type-simple"],"acf":[],"_links":{"self":[{"href":"https:\/\/mouldking.store\/de\/wp-json\/wp\/v2\/product\/30573","targetHints":{"allow":["GET"]}}],"collection":[{"href":"https:\/\/mouldking.store\/de\/wp-json\/wp\/v2\/product"}],"about":[{"href":"https:\/\/mouldking.store\/de\/wp-json\/wp\/v2\/types\/product"}],"replies":[{"embeddable":true,"href":"https:\/\/mouldking.store\/de\/wp-json\/wp\/v2\/comments?post=30573"}],"wp:featuredmedia":[{"embeddable":true,"href":"https:\/\/mouldking.store\/de\/wp-json\/wp\/v2\/media\/30574"}],"wp:attachment":[{"href":"https:\/\/mouldking.store\/de\/wp-json\/wp\/v2\/media?parent=30573"}],"wp:term":[{"taxonomy":"product_cat","embeddable":true,"href":"https:\/\/mouldking.store\/de\/wp-json\/wp\/v2\/product_cat?post=30573"},{"taxonomy":"product_tag","embeddable":true,"href":"https:\/\/mouldking.store\/de\/wp-json\/wp\/v2\/product_tag?post=30573"}],"curies":[{"name":"wp","href":"https:\/\/api.w.org\/{rel}","templated":true}]}}