{"id":30579,"date":"2022-03-02T16:11:52","date_gmt":"2022-03-02T09:11:52","guid":{"rendered":"https:\/\/mouldking.store\/?post_type=product&#038;p=30579"},"modified":"2022-03-02T16:11:52","modified_gmt":"2022-03-02T09:11:52","slug":"tgl-t3027-technology-sports-car-pulls-back-with-569-pieces","status":"publish","type":"product","link":"https:\/\/mouldking.store\/de\/shop\/tgl-t3027-technology-sports-car-pulls-back-with-569-pieces\/","title":{"rendered":"TGL T3027 Technik-Sportwagen zieht mit 569 Teilen zur\u00fcck"},"content":{"rendered":"<p>Produktinformation:<\/p>\n<ol>\n<li>Marke: TGL<\/li>\n<li>Geschlecht: Unisex<\/li>\n<li>Name: Technology Sports Car Pulls Back<\/li>\n<li>Altersspanne: &gt; 6 Jahre alt<\/li>\n<li>Model Number: T3027<\/li>\n<li>Einstufung: Assemblage<\/li>\n<li>Kunststoffblockform: Selbstsichernde Steine<\/li>\n<li>Material: Kunststoff<\/li>\n<li>Kunststofftyp: ABS<\/li>\n<li>Bricks Blocks: 569 PCS<\/li>\n<li>Enth\u00e4lt eine ausf\u00fchrliche Montageanleitung.<\/li>\n<\/ol>\n<p>Notiz:<br \/>\n1. Ohne Originalverpackung, aber wir garantieren, dass unsere Produkte eine Qualit\u00e4tssicherung und eine sch\u00f6ne Verpackung haben.<br \/>\n2. Wie alle Teile, die wir vor dem Versand \u00fcberpr\u00fcft haben, machen Sie sich keine Sorgen, wenn Sie feststellen, dass einige Teile fehlen oder besch\u00e4digt sind, und kontaktieren Sie uns einfach, und wir k\u00f6nnen sie Ihnen umgehend kostenlos erneut zusenden.<\/p>\n<figure id=\"attachment_30580\" aria-describedby=\"caption-attachment-30580\" style=\"width: 800px\" class=\"wp-caption aligncenter\"><img fetchpriority=\"high\" decoding=\"async\" class=\"wp-image-30580 size-full\" src=\"https:\/\/mouldking.store\/wp-content\/uploads\/2022\/03\/TGL-T3027-Technology-Sports-Car-Pulls-Back-1.jpg\" alt=\"TGL T3027 Technology Sports Car Pulls Back with 569 pieces\" width=\"800\" height=\"800\" title=\"-\" srcset=\"https:\/\/mouldking.store\/wp-content\/uploads\/2022\/03\/TGL-T3027-Technology-Sports-Car-Pulls-Back-1.jpg 800w, https:\/\/mouldking.store\/wp-content\/uploads\/2022\/03\/TGL-T3027-Technology-Sports-Car-Pulls-Back-1-300x300.jpg 300w, https:\/\/mouldking.store\/wp-content\/uploads\/2022\/03\/TGL-T3027-Technology-Sports-Car-Pulls-Back-1-768x768.jpg 768w, https:\/\/mouldking.store\/wp-content\/uploads\/2022\/03\/TGL-T3027-Technology-Sports-Car-Pulls-Back-1-600x600.jpg 600w, https:\/\/mouldking.store\/wp-content\/uploads\/2022\/03\/TGL-T3027-Technology-Sports-Car-Pulls-Back-1-150x150.jpg 150w\" sizes=\"(max-width: 800px) 100vw, 800px\" \/><figcaption id=\"caption-attachment-30580\" class=\"wp-caption-text\">TGL T3027 Technik-Sportwagen zieht mit 569 Teilen zur\u00fcck<\/figcaption><\/figure>\n<figure id=\"attachment_30581\" aria-describedby=\"caption-attachment-30581\" style=\"width: 750px\" class=\"wp-caption aligncenter\"><img decoding=\"async\" class=\"wp-image-30581 size-full\" src=\"https:\/\/mouldking.store\/wp-content\/uploads\/2022\/03\/TGL-T3027-Technology-Sports-Car-Pulls-Back-2.jpg\" alt=\"TGL T3027 Technology Sports Car Pulls Back with 569 pieces\" width=\"750\" height=\"315\" title=\"-\" srcset=\"https:\/\/mouldking.store\/wp-content\/uploads\/2022\/03\/TGL-T3027-Technology-Sports-Car-Pulls-Back-2.jpg 750w, https:\/\/mouldking.store\/wp-content\/uploads\/2022\/03\/TGL-T3027-Technology-Sports-Car-Pulls-Back-2-300x126.jpg 300w, https:\/\/mouldking.store\/wp-content\/uploads\/2022\/03\/TGL-T3027-Technology-Sports-Car-Pulls-Back-2-600x252.jpg 600w, https:\/\/mouldking.store\/wp-content\/uploads\/2022\/03\/TGL-T3027-Technology-Sports-Car-Pulls-Back-2-150x63.jpg 150w\" sizes=\"(max-width: 750px) 100vw, 750px\" \/><figcaption id=\"caption-attachment-30581\" class=\"wp-caption-text\">TGL T3027 Technik-Sportwagen zieht mit 569 Teilen zur\u00fcck<\/figcaption><\/figure>\n<figure id=\"attachment_30583\" aria-describedby=\"caption-attachment-30583\" style=\"width: 750px\" class=\"wp-caption aligncenter\"><img decoding=\"async\" class=\"wp-image-30583 size-full\" src=\"https:\/\/mouldking.store\/wp-content\/uploads\/2022\/03\/TGL-T3027-Technology-Sports-Car-Pulls-Back-4.jpg\" alt=\"TGL T3027 Technology Sports Car Pulls Back with 569 pieces\" width=\"750\" height=\"877\" title=\"-\" srcset=\"https:\/\/mouldking.store\/wp-content\/uploads\/2022\/03\/TGL-T3027-Technology-Sports-Car-Pulls-Back-4.jpg 750w, https:\/\/mouldking.store\/wp-content\/uploads\/2022\/03\/TGL-T3027-Technology-Sports-Car-Pulls-Back-4-257x300.jpg 257w, https:\/\/mouldking.store\/wp-content\/uploads\/2022\/03\/TGL-T3027-Technology-Sports-Car-Pulls-Back-4-300x351.jpg 300w, https:\/\/mouldking.store\/wp-content\/uploads\/2022\/03\/TGL-T3027-Technology-Sports-Car-Pulls-Back-4-600x702.jpg 600w, https:\/\/mouldking.store\/wp-content\/uploads\/2022\/03\/TGL-T3027-Technology-Sports-Car-Pulls-Back-4-128x150.jpg 128w\" sizes=\"(max-width: 750px) 100vw, 750px\" \/><figcaption id=\"caption-attachment-30583\" class=\"wp-caption-text\">TGL T3027 Technik-Sportwagen zieht mit 569 Teilen zur\u00fcck<\/figcaption><\/figure>\n<figure id=\"attachment_30582\" aria-describedby=\"caption-attachment-30582\" style=\"width: 750px\" class=\"wp-caption aligncenter\"><img loading=\"lazy\" decoding=\"async\" class=\"wp-image-30582 size-full\" src=\"https:\/\/mouldking.store\/wp-content\/uploads\/2022\/03\/TGL-T3027-Technology-Sports-Car-Pulls-Back-3.jpg\" alt=\"TGL T3027 Technology Sports Car Pulls Back with 569 pieces\" width=\"750\" height=\"712\" title=\"-\" srcset=\"https:\/\/mouldking.store\/wp-content\/uploads\/2022\/03\/TGL-T3027-Technology-Sports-Car-Pulls-Back-3.jpg 750w, https:\/\/mouldking.store\/wp-content\/uploads\/2022\/03\/TGL-T3027-Technology-Sports-Car-Pulls-Back-3-300x285.jpg 300w, https:\/\/mouldking.store\/wp-content\/uploads\/2022\/03\/TGL-T3027-Technology-Sports-Car-Pulls-Back-3-600x570.jpg 600w, https:\/\/mouldking.store\/wp-content\/uploads\/2022\/03\/TGL-T3027-Technology-Sports-Car-Pulls-Back-3-150x142.jpg 150w\" sizes=\"(max-width: 750px) 100vw, 750px\" \/><figcaption id=\"caption-attachment-30582\" class=\"wp-caption-text\">TGL T3027 Technik-Sportwagen zieht mit 569 Teilen zur\u00fcck<\/figcaption><\/figure>","protected":false},"excerpt":{"rendered":"<p>Product information: Brand: TGL Gender: Unisex Name: Technology Sports Car Pulls Back Age Range: &gt; 6 years old Model Number: T3027 Classification: Assemblage Plastic Block Shape: Self-Locking Bricks Material: Plastic Plastic Type: ABS Bricks Blocks: 569 PCS Contains detailed assembly instructions. Notice: 1. Without an original box, but we guarantee our products have quality assurance [&hellip;]<\/p>","protected":false},"featured_media":30580,"comment_status":"closed","ping_status":"closed","template":"","meta":{"_acf_changed":false},"product_cat":[364],"product_tag":[5167,5166,5165,5164,2739,5163,5162,5161],"class_list":["product","first","instock","shipping-taxable","purchasable","product-type-simple"],"acf":[],"_links":{"self":[{"href":"https:\/\/mouldking.store\/de\/wp-json\/wp\/v2\/product\/30579","targetHints":{"allow":["GET"]}}],"collection":[{"href":"https:\/\/mouldking.store\/de\/wp-json\/wp\/v2\/product"}],"about":[{"href":"https:\/\/mouldking.store\/de\/wp-json\/wp\/v2\/types\/product"}],"replies":[{"embeddable":true,"href":"https:\/\/mouldking.store\/de\/wp-json\/wp\/v2\/comments?post=30579"}],"wp:featuredmedia":[{"embeddable":true,"href":"https:\/\/mouldking.store\/de\/wp-json\/wp\/v2\/media\/30580"}],"wp:attachment":[{"href":"https:\/\/mouldking.store\/de\/wp-json\/wp\/v2\/media?parent=30579"}],"wp:term":[{"taxonomy":"product_cat","embeddable":true,"href":"https:\/\/mouldking.store\/de\/wp-json\/wp\/v2\/product_cat?post=30579"},{"taxonomy":"product_tag","embeddable":true,"href":"https:\/\/mouldking.store\/de\/wp-json\/wp\/v2\/product_tag?post=30579"}],"curies":[{"name":"wp","href":"https:\/\/api.w.org\/{rel}","templated":true}]}}