{"id":30601,"date":"2022-03-02T16:22:07","date_gmt":"2022-03-02T09:22:07","guid":{"rendered":"https:\/\/mouldking.store\/?post_type=product&#038;p=30601"},"modified":"2022-03-02T16:22:07","modified_gmt":"2022-03-02T09:22:07","slug":"kaiyu-10001-porsche-911-with-930-pieces","status":"publish","type":"product","link":"https:\/\/mouldking.store\/de\/shop\/kaiyu-10001-porsche-911-with-930-pieces\/","title":{"rendered":"KAIYU 10001 Porsche 911 mit 930 Teilen"},"content":{"rendered":"<p>Produktinformation:<\/p>\n<ol>\n<li>Brand: KAIYU<\/li>\n<li>Geschlecht: Unisex<\/li>\n<li>Name: Porsche 911<\/li>\n<li>Altersspanne: &gt; 6 Jahre alt<\/li>\n<li>Model Number: 10001<\/li>\n<li>Einstufung: Assemblage<\/li>\n<li>Kunststoffblockform: Selbstsichernde Steine<\/li>\n<li>Material: Kunststoff<\/li>\n<li>Kunststofftyp: ABS<\/li>\n<li>Bricks Blocks: 930 PCS<\/li>\n<li>Enth\u00e4lt eine ausf\u00fchrliche Montageanleitung.<\/li>\n<\/ol>\n<p>Notiz:<br \/>\n1. Ohne Originalverpackung, aber wir garantieren, dass unsere Produkte eine Qualit\u00e4tssicherung und eine sch\u00f6ne Verpackung haben.<br \/>\n2. Wie alle Teile, die wir vor dem Versand \u00fcberpr\u00fcft haben, machen Sie sich keine Sorgen, wenn Sie feststellen, dass einige Teile fehlen oder besch\u00e4digt sind, und kontaktieren Sie uns einfach, und wir k\u00f6nnen sie Ihnen umgehend kostenlos erneut zusenden.<\/p>\n<figure id=\"attachment_30607\" aria-describedby=\"caption-attachment-30607\" style=\"width: 800px\" class=\"wp-caption aligncenter\"><img fetchpriority=\"high\" decoding=\"async\" class=\"wp-image-30607 size-full\" src=\"https:\/\/mouldking.store\/wp-content\/uploads\/2022\/03\/KAIYU-10001-Porsche-911-with-930-pieces-5.png\" alt=\"KAIYU 10001 Porsche 911 with 930 pieces\" width=\"800\" height=\"800\" title=\"-\" srcset=\"https:\/\/mouldking.store\/wp-content\/uploads\/2022\/03\/KAIYU-10001-Porsche-911-with-930-pieces-5.png 800w, https:\/\/mouldking.store\/wp-content\/uploads\/2022\/03\/KAIYU-10001-Porsche-911-with-930-pieces-5-300x300.png 300w, https:\/\/mouldking.store\/wp-content\/uploads\/2022\/03\/KAIYU-10001-Porsche-911-with-930-pieces-5-768x768.png 768w, https:\/\/mouldking.store\/wp-content\/uploads\/2022\/03\/KAIYU-10001-Porsche-911-with-930-pieces-5-600x600.png 600w, https:\/\/mouldking.store\/wp-content\/uploads\/2022\/03\/KAIYU-10001-Porsche-911-with-930-pieces-5-150x150.png 150w\" sizes=\"(max-width: 800px) 100vw, 800px\" \/><figcaption id=\"caption-attachment-30607\" class=\"wp-caption-text\">KAIYU 10001 Porsche 911 mit 930 Teilen<\/figcaption><\/figure>\n<figure id=\"attachment_30606\" aria-describedby=\"caption-attachment-30606\" style=\"width: 797px\" class=\"wp-caption aligncenter\"><img decoding=\"async\" class=\"wp-image-30606 size-full\" src=\"https:\/\/mouldking.store\/wp-content\/uploads\/2022\/03\/KAIYU-10001-Porsche-911-with-930-pieces-4.png\" alt=\"KAIYU 10001 Porsche 911 with 930 pieces\" width=\"797\" height=\"767\" title=\"-\" srcset=\"https:\/\/mouldking.store\/wp-content\/uploads\/2022\/03\/KAIYU-10001-Porsche-911-with-930-pieces-4.png 797w, https:\/\/mouldking.store\/wp-content\/uploads\/2022\/03\/KAIYU-10001-Porsche-911-with-930-pieces-4-300x289.png 300w, https:\/\/mouldking.store\/wp-content\/uploads\/2022\/03\/KAIYU-10001-Porsche-911-with-930-pieces-4-768x739.png 768w, https:\/\/mouldking.store\/wp-content\/uploads\/2022\/03\/KAIYU-10001-Porsche-911-with-930-pieces-4-600x577.png 600w, https:\/\/mouldking.store\/wp-content\/uploads\/2022\/03\/KAIYU-10001-Porsche-911-with-930-pieces-4-150x144.png 150w\" sizes=\"(max-width: 797px) 100vw, 797px\" \/><figcaption id=\"caption-attachment-30606\" class=\"wp-caption-text\">KAIYU 10001 Porsche 911 mit 930 Teilen<\/figcaption><\/figure>\n<figure id=\"attachment_30605\" aria-describedby=\"caption-attachment-30605\" style=\"width: 791px\" class=\"wp-caption aligncenter\"><img decoding=\"async\" class=\"wp-image-30605 size-full\" src=\"https:\/\/mouldking.store\/wp-content\/uploads\/2022\/03\/KAIYU-10001-Porsche-911-with-930-pieces-3.png\" alt=\"KAIYU 10001 Porsche 911 with 930 pieces\" width=\"791\" height=\"632\" title=\"-\" srcset=\"https:\/\/mouldking.store\/wp-content\/uploads\/2022\/03\/KAIYU-10001-Porsche-911-with-930-pieces-3.png 791w, https:\/\/mouldking.store\/wp-content\/uploads\/2022\/03\/KAIYU-10001-Porsche-911-with-930-pieces-3-300x240.png 300w, https:\/\/mouldking.store\/wp-content\/uploads\/2022\/03\/KAIYU-10001-Porsche-911-with-930-pieces-3-768x614.png 768w, https:\/\/mouldking.store\/wp-content\/uploads\/2022\/03\/KAIYU-10001-Porsche-911-with-930-pieces-3-600x479.png 600w, https:\/\/mouldking.store\/wp-content\/uploads\/2022\/03\/KAIYU-10001-Porsche-911-with-930-pieces-3-150x120.png 150w\" sizes=\"(max-width: 791px) 100vw, 791px\" \/><figcaption id=\"caption-attachment-30605\" class=\"wp-caption-text\">KAIYU 10001 Porsche 911 mit 930 Teilen<\/figcaption><\/figure>\n<figure id=\"attachment_30604\" aria-describedby=\"caption-attachment-30604\" style=\"width: 791px\" class=\"wp-caption aligncenter\"><img loading=\"lazy\" decoding=\"async\" class=\"wp-image-30604 size-full\" src=\"https:\/\/mouldking.store\/wp-content\/uploads\/2022\/03\/KAIYU-10001-Porsche-911-with-930-pieces-2.png\" alt=\"KAIYU 10001 Porsche 911 with 930 pieces\" width=\"791\" height=\"568\" title=\"-\" srcset=\"https:\/\/mouldking.store\/wp-content\/uploads\/2022\/03\/KAIYU-10001-Porsche-911-with-930-pieces-2.png 791w, https:\/\/mouldking.store\/wp-content\/uploads\/2022\/03\/KAIYU-10001-Porsche-911-with-930-pieces-2-300x215.png 300w, https:\/\/mouldking.store\/wp-content\/uploads\/2022\/03\/KAIYU-10001-Porsche-911-with-930-pieces-2-768x551.png 768w, https:\/\/mouldking.store\/wp-content\/uploads\/2022\/03\/KAIYU-10001-Porsche-911-with-930-pieces-2-600x431.png 600w, https:\/\/mouldking.store\/wp-content\/uploads\/2022\/03\/KAIYU-10001-Porsche-911-with-930-pieces-2-150x108.png 150w\" sizes=\"(max-width: 791px) 100vw, 791px\" \/><figcaption id=\"caption-attachment-30604\" class=\"wp-caption-text\">KAIYU 10001 Porsche 911 mit 930 Teilen<\/figcaption><\/figure>\n<figure id=\"attachment_30603\" aria-describedby=\"caption-attachment-30603\" style=\"width: 778px\" class=\"wp-caption aligncenter\"><img loading=\"lazy\" decoding=\"async\" class=\"wp-image-30603 size-full\" src=\"https:\/\/mouldking.store\/wp-content\/uploads\/2022\/03\/KAIYU-10001-Porsche-911-with-930-pieces-1.png\" alt=\"KAIYU 10001 Porsche 911 with 930 pieces\" width=\"778\" height=\"499\" title=\"-\" srcset=\"https:\/\/mouldking.store\/wp-content\/uploads\/2022\/03\/KAIYU-10001-Porsche-911-with-930-pieces-1.png 778w, https:\/\/mouldking.store\/wp-content\/uploads\/2022\/03\/KAIYU-10001-Porsche-911-with-930-pieces-1-300x192.png 300w, https:\/\/mouldking.store\/wp-content\/uploads\/2022\/03\/KAIYU-10001-Porsche-911-with-930-pieces-1-768x493.png 768w, https:\/\/mouldking.store\/wp-content\/uploads\/2022\/03\/KAIYU-10001-Porsche-911-with-930-pieces-1-600x385.png 600w, https:\/\/mouldking.store\/wp-content\/uploads\/2022\/03\/KAIYU-10001-Porsche-911-with-930-pieces-1-150x96.png 150w\" sizes=\"(max-width: 778px) 100vw, 778px\" \/><figcaption id=\"caption-attachment-30603\" class=\"wp-caption-text\">KAIYU 10001 Porsche 911 mit 930 Teilen<\/figcaption><\/figure>","protected":false},"excerpt":{"rendered":"<p>Product information: Brand: KAIYU Gender: Unisex Name: Porsche 911 Age Range: &gt; 6 years old Model Number: 10001 Classification: Assemblage Plastic Block Shape: Self-Locking Bricks Material: Plastic Plastic Type: ABS Bricks Blocks: 930 PCS Contains detailed assembly instructions. Notice: 1. Without an original box, but we guarantee our products have quality assurance and nice packaging. [&hellip;]<\/p>","protected":false},"featured_media":30602,"comment_status":"closed","ping_status":"closed","template":"","meta":{"_acf_changed":false},"product_cat":[364],"product_tag":[5178,5179,4982,5176,5175,5174,2754,5177],"class_list":["product","first","instock","shipping-taxable","purchasable","product-type-simple"],"acf":[],"_links":{"self":[{"href":"https:\/\/mouldking.store\/de\/wp-json\/wp\/v2\/product\/30601","targetHints":{"allow":["GET"]}}],"collection":[{"href":"https:\/\/mouldking.store\/de\/wp-json\/wp\/v2\/product"}],"about":[{"href":"https:\/\/mouldking.store\/de\/wp-json\/wp\/v2\/types\/product"}],"replies":[{"embeddable":true,"href":"https:\/\/mouldking.store\/de\/wp-json\/wp\/v2\/comments?post=30601"}],"wp:featuredmedia":[{"embeddable":true,"href":"https:\/\/mouldking.store\/de\/wp-json\/wp\/v2\/media\/30602"}],"wp:attachment":[{"href":"https:\/\/mouldking.store\/de\/wp-json\/wp\/v2\/media?parent=30601"}],"wp:term":[{"taxonomy":"product_cat","embeddable":true,"href":"https:\/\/mouldking.store\/de\/wp-json\/wp\/v2\/product_cat?post=30601"},{"taxonomy":"product_tag","embeddable":true,"href":"https:\/\/mouldking.store\/de\/wp-json\/wp\/v2\/product_tag?post=30601"}],"curies":[{"name":"wp","href":"https:\/\/api.w.org\/{rel}","templated":true}]}}