{"id":30645,"date":"2022-03-08T15:10:32","date_gmt":"2022-03-08T08:10:32","guid":{"rendered":"https:\/\/mouldking.store\/?post_type=product&#038;p=30645"},"modified":"2022-03-08T15:10:33","modified_gmt":"2022-03-08T08:10:33","slug":"qd-66001-mechanical-dinosaur-tyrannosaurus-rex-model-with-2649-pieces","status":"publish","type":"product","link":"https:\/\/mouldking.store\/de\/shop\/qd-66001-mechanical-dinosaur-tyrannosaurus-rex-model-with-2649-pieces\/","title":{"rendered":"QD 66001 Mechanischer Dinosaurier Tyrannosaurus Rex Modell mit 2649 Teilen"},"content":{"rendered":"<p>Produktinformation:<\/p>\n<ol>\n<li>Marke: QD<\/li>\n<li>Geschlecht: Unisex<\/li>\n<li>Name: Mechanisches Dinosaurier-Tyrannosaurus-Rex-Modell<\/li>\n<li>Altersspanne: &gt; 6 Jahre alt<\/li>\n<li>Modellnummer: 66001<\/li>\n<li>Einstufung: Assemblage<\/li>\n<li>Kunststoffblockform: Selbstsichernde Steine<\/li>\n<li>Material: Kunststoff<\/li>\n<li>Kunststofftyp: ABS<\/li>\n<li>Ziegelsteine: 2649 ST\u00dcCKE<\/li>\n<li>Enth\u00e4lt eine ausf\u00fchrliche Montageanleitung.<\/li>\n<\/ol>\n<p>Notiz:<br \/>\n1. Ohne Originalverpackung, aber wir garantieren, dass unsere Produkte eine Qualit\u00e4tssicherung und eine sch\u00f6ne Verpackung haben.<br \/>\n2. Wie alle Teile, die wir vor dem Versand \u00fcberpr\u00fcft haben, machen Sie sich keine Sorgen, wenn Sie feststellen, dass einige Teile fehlen oder besch\u00e4digt sind, und kontaktieren Sie uns einfach, und wir k\u00f6nnen sie Ihnen umgehend kostenlos erneut zusenden.<\/p>\n<p>&nbsp;<\/p>\n<figure id=\"attachment_30646\" aria-describedby=\"caption-attachment-30646\" style=\"width: 800px\" class=\"wp-caption aligncenter\"><img fetchpriority=\"high\" decoding=\"async\" class=\"wp-image-30646 size-full\" src=\"https:\/\/mouldking.store\/wp-content\/uploads\/2022\/03\/QD-66001-Mechanical-Dinosaur-Tyrannosaurus-Rex-1.jpg\" alt=\"QD 66001 Mechanical Dinosaur Tyrannosaurus Rex Model with 2649 pieces\" width=\"800\" height=\"800\" title=\"-\" srcset=\"https:\/\/mouldking.store\/wp-content\/uploads\/2022\/03\/QD-66001-Mechanical-Dinosaur-Tyrannosaurus-Rex-1.jpg 800w, https:\/\/mouldking.store\/wp-content\/uploads\/2022\/03\/QD-66001-Mechanical-Dinosaur-Tyrannosaurus-Rex-1-300x300.jpg 300w, https:\/\/mouldking.store\/wp-content\/uploads\/2022\/03\/QD-66001-Mechanical-Dinosaur-Tyrannosaurus-Rex-1-768x768.jpg 768w, https:\/\/mouldking.store\/wp-content\/uploads\/2022\/03\/QD-66001-Mechanical-Dinosaur-Tyrannosaurus-Rex-1-600x600.jpg 600w, https:\/\/mouldking.store\/wp-content\/uploads\/2022\/03\/QD-66001-Mechanical-Dinosaur-Tyrannosaurus-Rex-1-150x150.jpg 150w\" sizes=\"(max-width: 800px) 100vw, 800px\" \/><figcaption id=\"caption-attachment-30646\" class=\"wp-caption-text\">QD 66001 Mechanischer Dinosaurier Tyrannosaurus Rex Modell mit 2649 Teilen<\/figcaption><\/figure>\n<figure id=\"attachment_30649\" aria-describedby=\"caption-attachment-30649\" style=\"width: 800px\" class=\"wp-caption aligncenter\"><img decoding=\"async\" class=\"wp-image-30649 size-full\" src=\"https:\/\/mouldking.store\/wp-content\/uploads\/2022\/03\/QD-66001-Mechanical-Dinosaur-Tyrannosaurus-Rex-3.jpg\" alt=\"QD 66001 Mechanical Dinosaur Tyrannosaurus Rex Model with 2649 pieces\" width=\"800\" height=\"618\" title=\"-\" srcset=\"https:\/\/mouldking.store\/wp-content\/uploads\/2022\/03\/QD-66001-Mechanical-Dinosaur-Tyrannosaurus-Rex-3.jpg 800w, https:\/\/mouldking.store\/wp-content\/uploads\/2022\/03\/QD-66001-Mechanical-Dinosaur-Tyrannosaurus-Rex-3-300x232.jpg 300w, https:\/\/mouldking.store\/wp-content\/uploads\/2022\/03\/QD-66001-Mechanical-Dinosaur-Tyrannosaurus-Rex-3-768x593.jpg 768w, https:\/\/mouldking.store\/wp-content\/uploads\/2022\/03\/QD-66001-Mechanical-Dinosaur-Tyrannosaurus-Rex-3-600x464.jpg 600w, https:\/\/mouldking.store\/wp-content\/uploads\/2022\/03\/QD-66001-Mechanical-Dinosaur-Tyrannosaurus-Rex-3-150x116.jpg 150w\" sizes=\"(max-width: 800px) 100vw, 800px\" \/><figcaption id=\"caption-attachment-30649\" class=\"wp-caption-text\">QD 66001 Mechanischer Dinosaurier Tyrannosaurus Rex Modell mit 2649 Teilen<\/figcaption><\/figure>\n<figure id=\"attachment_30648\" aria-describedby=\"caption-attachment-30648\" style=\"width: 746px\" class=\"wp-caption aligncenter\"><img decoding=\"async\" class=\"wp-image-30648 size-full\" src=\"https:\/\/mouldking.store\/wp-content\/uploads\/2022\/03\/QD-66001-Mechanical-Dinosaur-Tyrannosaurus-Rex-2.jpg\" alt=\"QD 66001 Mechanical Dinosaur Tyrannosaurus Rex Model with 2649 pieces\" width=\"746\" height=\"1024\" title=\"-\" srcset=\"https:\/\/mouldking.store\/wp-content\/uploads\/2022\/03\/QD-66001-Mechanical-Dinosaur-Tyrannosaurus-Rex-2.jpg 746w, https:\/\/mouldking.store\/wp-content\/uploads\/2022\/03\/QD-66001-Mechanical-Dinosaur-Tyrannosaurus-Rex-2-219x300.jpg 219w, https:\/\/mouldking.store\/wp-content\/uploads\/2022\/03\/QD-66001-Mechanical-Dinosaur-Tyrannosaurus-Rex-2-300x412.jpg 300w, https:\/\/mouldking.store\/wp-content\/uploads\/2022\/03\/QD-66001-Mechanical-Dinosaur-Tyrannosaurus-Rex-2-600x824.jpg 600w, https:\/\/mouldking.store\/wp-content\/uploads\/2022\/03\/QD-66001-Mechanical-Dinosaur-Tyrannosaurus-Rex-2-109x150.jpg 109w\" sizes=\"(max-width: 746px) 100vw, 746px\" \/><figcaption id=\"caption-attachment-30648\" class=\"wp-caption-text\">QD 66001 Mechanischer Dinosaurier Tyrannosaurus Rex Modell mit 2649 Teilen<\/figcaption><\/figure>\n<figure id=\"attachment_30647\" aria-describedby=\"caption-attachment-30647\" style=\"width: 796px\" class=\"wp-caption aligncenter\"><img loading=\"lazy\" decoding=\"async\" class=\"wp-image-30647 size-full\" src=\"https:\/\/mouldking.store\/wp-content\/uploads\/2022\/03\/QD-66001-Mechanical-Dinosaur-Tyrannosaurus-Rex-1.png\" alt=\"QD 66001 Mechanical Dinosaur Tyrannosaurus Rex Model with 2649 pieces\" width=\"796\" height=\"340\" title=\"-\" srcset=\"https:\/\/mouldking.store\/wp-content\/uploads\/2022\/03\/QD-66001-Mechanical-Dinosaur-Tyrannosaurus-Rex-1.png 796w, https:\/\/mouldking.store\/wp-content\/uploads\/2022\/03\/QD-66001-Mechanical-Dinosaur-Tyrannosaurus-Rex-1-300x128.png 300w, https:\/\/mouldking.store\/wp-content\/uploads\/2022\/03\/QD-66001-Mechanical-Dinosaur-Tyrannosaurus-Rex-1-768x328.png 768w, https:\/\/mouldking.store\/wp-content\/uploads\/2022\/03\/QD-66001-Mechanical-Dinosaur-Tyrannosaurus-Rex-1-600x256.png 600w, https:\/\/mouldking.store\/wp-content\/uploads\/2022\/03\/QD-66001-Mechanical-Dinosaur-Tyrannosaurus-Rex-1-150x64.png 150w\" sizes=\"(max-width: 796px) 100vw, 796px\" \/><figcaption id=\"caption-attachment-30647\" class=\"wp-caption-text\">QD 66001 Mechanischer Dinosaurier Tyrannosaurus Rex Modell mit 2649 Teilen<\/figcaption><\/figure>","protected":false},"excerpt":{"rendered":"<p>Product information: Brand: QD Gender: Unisex Name: Mechanical Dinosaur Tyrannosaurus Rex Model Age Range: &gt; 6 years old Model Number: 66001 Classification: Assemblage Plastic Block Shape: Self-Locking Bricks Material: Plastic Plastic Type: ABS Bricks Blocks: 2649 PCS Contains detailed assembly instructions. Notice: 1. Without an original box, but we guarantee our products have quality assurance [&hellip;]<\/p>","protected":false},"author":105,"featured_media":30646,"comment_status":"closed","ping_status":"closed","template":"","meta":{"_acf_changed":false},"product_cat":[371],"product_tag":[2541,5183,5182,5181,5180,5186,5185,5184],"class_list":["product","first","instock","shipping-taxable","purchasable","product-type-simple"],"acf":[],"_links":{"self":[{"href":"https:\/\/mouldking.store\/de\/wp-json\/wp\/v2\/product\/30645","targetHints":{"allow":["GET"]}}],"collection":[{"href":"https:\/\/mouldking.store\/de\/wp-json\/wp\/v2\/product"}],"about":[{"href":"https:\/\/mouldking.store\/de\/wp-json\/wp\/v2\/types\/product"}],"author":[{"embeddable":true,"href":"https:\/\/mouldking.store\/de\/wp-json\/wp\/v2\/users\/105"}],"replies":[{"embeddable":true,"href":"https:\/\/mouldking.store\/de\/wp-json\/wp\/v2\/comments?post=30645"}],"wp:featuredmedia":[{"embeddable":true,"href":"https:\/\/mouldking.store\/de\/wp-json\/wp\/v2\/media\/30646"}],"wp:attachment":[{"href":"https:\/\/mouldking.store\/de\/wp-json\/wp\/v2\/media?parent=30645"}],"wp:term":[{"taxonomy":"product_cat","embeddable":true,"href":"https:\/\/mouldking.store\/de\/wp-json\/wp\/v2\/product_cat?post=30645"},{"taxonomy":"product_tag","embeddable":true,"href":"https:\/\/mouldking.store\/de\/wp-json\/wp\/v2\/product_tag?post=30645"}],"curies":[{"name":"wp","href":"https:\/\/api.w.org\/{rel}","templated":true}]}}