{"id":30692,"date":"2022-03-08T15:36:57","date_gmt":"2022-03-08T08:36:57","guid":{"rendered":"https:\/\/mouldking.store\/?post_type=product&#038;p=30692"},"modified":"2022-03-08T15:36:58","modified_gmt":"2022-03-08T08:36:58","slug":"cada-c66005-coffee-house-with-768-pieces","status":"publish","type":"product","link":"https:\/\/mouldking.store\/de\/shop\/cada-c66005-coffee-house-with-768-pieces\/","title":{"rendered":"CADA C66005 Kaffeehaus mit 768 Teilen"},"content":{"rendered":"<p>Produktinformation:<\/p>\n<ol>\n<li>Marke: CADA<\/li>\n<li>Geschlecht: Unisex<\/li>\n<li>Name: Kaffeehaus<\/li>\n<li>Altersspanne: &gt; 6 Jahre alt<\/li>\n<li>Modellnummer: C66005<\/li>\n<li>Einstufung: Assemblage<\/li>\n<li>Kunststoffblockform: Selbstsichernde Steine<\/li>\n<li>Material: Kunststoff<\/li>\n<li>Kunststofftyp: ABS<\/li>\n<li>Ziegelsteine: 768 ST\u00dcCKE<\/li>\n<li>Enth\u00e4lt eine ausf\u00fchrliche Montageanleitung.<\/li>\n<\/ol>\n<p>Notiz:<br \/>\n1. Ohne Originalverpackung, aber wir garantieren, dass unsere Produkte eine Qualit\u00e4tssicherung und eine sch\u00f6ne Verpackung haben.<br \/>\n2. Wie alle Teile, die wir vor dem Versand \u00fcberpr\u00fcft haben, machen Sie sich keine Sorgen, wenn Sie feststellen, dass einige Teile fehlen oder besch\u00e4digt sind, und kontaktieren Sie uns einfach, und wir k\u00f6nnen sie Ihnen umgehend kostenlos erneut zusenden.<\/p>\n<figure id=\"attachment_30693\" aria-describedby=\"caption-attachment-30693\" style=\"width: 800px\" class=\"wp-caption aligncenter\"><img fetchpriority=\"high\" decoding=\"async\" class=\"wp-image-30693 size-full\" src=\"https:\/\/mouldking.store\/wp-content\/uploads\/2022\/03\/CaDA-C66005-Coffee-Shop-1.jpg\" alt=\"CADA C66005 Coffee House with 768 pieces\" width=\"800\" height=\"800\" title=\"-\" srcset=\"https:\/\/mouldking.store\/wp-content\/uploads\/2022\/03\/CaDA-C66005-Coffee-Shop-1.jpg 800w, https:\/\/mouldking.store\/wp-content\/uploads\/2022\/03\/CaDA-C66005-Coffee-Shop-1-300x300.jpg 300w, https:\/\/mouldking.store\/wp-content\/uploads\/2022\/03\/CaDA-C66005-Coffee-Shop-1-768x768.jpg 768w, https:\/\/mouldking.store\/wp-content\/uploads\/2022\/03\/CaDA-C66005-Coffee-Shop-1-600x600.jpg 600w, https:\/\/mouldking.store\/wp-content\/uploads\/2022\/03\/CaDA-C66005-Coffee-Shop-1-150x150.jpg 150w\" sizes=\"(max-width: 800px) 100vw, 800px\" \/><figcaption id=\"caption-attachment-30693\" class=\"wp-caption-text\">CADA C66005 Kaffeehaus mit 768 Teilen<\/figcaption><\/figure>\n<figure id=\"attachment_30695\" aria-describedby=\"caption-attachment-30695\" style=\"width: 827px\" class=\"wp-caption aligncenter\"><img decoding=\"async\" class=\"wp-image-30695 size-full\" src=\"https:\/\/mouldking.store\/wp-content\/uploads\/2022\/03\/CaDA-C66005-Coffee-Shop-3.jpg\" alt=\"CADA C66005 Coffee House with 768 pieces\" width=\"827\" height=\"825\" title=\"-\" srcset=\"https:\/\/mouldking.store\/wp-content\/uploads\/2022\/03\/CaDA-C66005-Coffee-Shop-3.jpg 827w, https:\/\/mouldking.store\/wp-content\/uploads\/2022\/03\/CaDA-C66005-Coffee-Shop-3-300x299.jpg 300w, https:\/\/mouldking.store\/wp-content\/uploads\/2022\/03\/CaDA-C66005-Coffee-Shop-3-768x766.jpg 768w, https:\/\/mouldking.store\/wp-content\/uploads\/2022\/03\/CaDA-C66005-Coffee-Shop-3-600x599.jpg 600w, https:\/\/mouldking.store\/wp-content\/uploads\/2022\/03\/CaDA-C66005-Coffee-Shop-3-150x150.jpg 150w\" sizes=\"(max-width: 827px) 100vw, 827px\" \/><figcaption id=\"caption-attachment-30695\" class=\"wp-caption-text\">CADA C66005 Kaffeehaus mit 768 Teilen<\/figcaption><\/figure>\n<figure id=\"attachment_30694\" aria-describedby=\"caption-attachment-30694\" style=\"width: 828px\" class=\"wp-caption aligncenter\"><img decoding=\"async\" class=\"wp-image-30694 size-full\" src=\"https:\/\/mouldking.store\/wp-content\/uploads\/2022\/03\/CaDA-C66005-Coffee-Shop-4.jpg\" alt=\"CADA C66005 Coffee House with 768 pieces\" width=\"828\" height=\"826\" title=\"-\" srcset=\"https:\/\/mouldking.store\/wp-content\/uploads\/2022\/03\/CaDA-C66005-Coffee-Shop-4.jpg 828w, https:\/\/mouldking.store\/wp-content\/uploads\/2022\/03\/CaDA-C66005-Coffee-Shop-4-300x299.jpg 300w, https:\/\/mouldking.store\/wp-content\/uploads\/2022\/03\/CaDA-C66005-Coffee-Shop-4-768x766.jpg 768w, https:\/\/mouldking.store\/wp-content\/uploads\/2022\/03\/CaDA-C66005-Coffee-Shop-4-600x599.jpg 600w, https:\/\/mouldking.store\/wp-content\/uploads\/2022\/03\/CaDA-C66005-Coffee-Shop-4-150x150.jpg 150w\" sizes=\"(max-width: 828px) 100vw, 828px\" \/><figcaption id=\"caption-attachment-30694\" class=\"wp-caption-text\">CADA C66005 Kaffeehaus mit 768 Teilen<\/figcaption><\/figure>\n<figure id=\"attachment_30696\" aria-describedby=\"caption-attachment-30696\" style=\"width: 800px\" class=\"wp-caption aligncenter\"><img loading=\"lazy\" decoding=\"async\" class=\"wp-image-30696 size-full\" src=\"https:\/\/mouldking.store\/wp-content\/uploads\/2022\/03\/CaDA-C66005-Coffee-Shop-2.jpg\" alt=\"CADA C66005 Coffee House with 768 pieces\" width=\"800\" height=\"800\" title=\"-\" srcset=\"https:\/\/mouldking.store\/wp-content\/uploads\/2022\/03\/CaDA-C66005-Coffee-Shop-2.jpg 800w, https:\/\/mouldking.store\/wp-content\/uploads\/2022\/03\/CaDA-C66005-Coffee-Shop-2-300x300.jpg 300w, https:\/\/mouldking.store\/wp-content\/uploads\/2022\/03\/CaDA-C66005-Coffee-Shop-2-768x768.jpg 768w, https:\/\/mouldking.store\/wp-content\/uploads\/2022\/03\/CaDA-C66005-Coffee-Shop-2-600x600.jpg 600w, https:\/\/mouldking.store\/wp-content\/uploads\/2022\/03\/CaDA-C66005-Coffee-Shop-2-150x150.jpg 150w\" sizes=\"(max-width: 800px) 100vw, 800px\" \/><figcaption id=\"caption-attachment-30696\" class=\"wp-caption-text\">CADA C66005 Kaffeehaus mit 768 Teilen<\/figcaption><\/figure>\n<figure id=\"attachment_30697\" aria-describedby=\"caption-attachment-30697\" style=\"width: 564px\" class=\"wp-caption aligncenter\"><img loading=\"lazy\" decoding=\"async\" class=\"wp-image-30697 size-full\" src=\"https:\/\/mouldking.store\/wp-content\/uploads\/2022\/03\/CADA-C66005-Coffee-House-with-768-pieces.jpg\" alt=\"CADA C66005 Coffee House with 768 pieces\" width=\"564\" height=\"1024\" title=\"-\" srcset=\"https:\/\/mouldking.store\/wp-content\/uploads\/2022\/03\/CADA-C66005-Coffee-House-with-768-pieces.jpg 564w, https:\/\/mouldking.store\/wp-content\/uploads\/2022\/03\/CADA-C66005-Coffee-House-with-768-pieces-165x300.jpg 165w, https:\/\/mouldking.store\/wp-content\/uploads\/2022\/03\/CADA-C66005-Coffee-House-with-768-pieces-300x545.jpg 300w, https:\/\/mouldking.store\/wp-content\/uploads\/2022\/03\/CADA-C66005-Coffee-House-with-768-pieces-83x150.jpg 83w\" sizes=\"(max-width: 564px) 100vw, 564px\" \/><figcaption id=\"caption-attachment-30697\" class=\"wp-caption-text\">CADA C66005 Kaffeehaus mit 768 Teilen<\/figcaption><\/figure>","protected":false},"excerpt":{"rendered":"<p>Product information: Brand: CADA Gender: Unisex Name: Coffee House Age Range: &gt; 6 years old Model Number: C66005 Classification: Assemblage Plastic Block Shape: Self-Locking Bricks Material: Plastic Plastic Type: ABS Bricks Blocks: 768 PCS Contains detailed assembly instructions. Notice: 1. Without an original box, but we guarantee our products have quality assurance and nice packaging. [&hellip;]<\/p>","protected":false},"featured_media":30693,"comment_status":"closed","ping_status":"closed","template":"","meta":{"_acf_changed":false},"product_cat":[390],"product_tag":[5227,1916,5226,5225,5224,5228,1207,2318],"class_list":["product","first","instock","shipping-taxable","purchasable","product-type-simple"],"acf":[],"_links":{"self":[{"href":"https:\/\/mouldking.store\/de\/wp-json\/wp\/v2\/product\/30692","targetHints":{"allow":["GET"]}}],"collection":[{"href":"https:\/\/mouldking.store\/de\/wp-json\/wp\/v2\/product"}],"about":[{"href":"https:\/\/mouldking.store\/de\/wp-json\/wp\/v2\/types\/product"}],"replies":[{"embeddable":true,"href":"https:\/\/mouldking.store\/de\/wp-json\/wp\/v2\/comments?post=30692"}],"wp:featuredmedia":[{"embeddable":true,"href":"https:\/\/mouldking.store\/de\/wp-json\/wp\/v2\/media\/30693"}],"wp:attachment":[{"href":"https:\/\/mouldking.store\/de\/wp-json\/wp\/v2\/media?parent=30692"}],"wp:term":[{"taxonomy":"product_cat","embeddable":true,"href":"https:\/\/mouldking.store\/de\/wp-json\/wp\/v2\/product_cat?post=30692"},{"taxonomy":"product_tag","embeddable":true,"href":"https:\/\/mouldking.store\/de\/wp-json\/wp\/v2\/product_tag?post=30692"}],"curies":[{"name":"wp","href":"https:\/\/api.w.org\/{rel}","templated":true}]}}