{"id":30715,"date":"2022-03-08T15:53:41","date_gmt":"2022-03-08T08:53:41","guid":{"rendered":"https:\/\/mouldking.store\/?post_type=product&#038;p=30715"},"modified":"2022-03-08T15:53:42","modified_gmt":"2022-03-08T08:53:42","slug":"dk-1502-one-piece-twelve-saijo-o-wazamono-with-936-pieces","status":"publish","type":"product","link":"https:\/\/mouldking.store\/de\/shop\/dk-1502-one-piece-twelve-saijo-o-wazamono-with-936-pieces\/","title":{"rendered":"DK 1502 One Piece Twelve Saijo O Wazamono mit 936 Teilen"},"content":{"rendered":"<p>Produktinformation:<\/p>\n<ol>\n<li>Marke: DK<\/li>\n<li>Geschlecht: Unisex<\/li>\n<li>Name: One Piece Zw\u00f6lf Saijo O Wazamono<\/li>\n<li>Altersspanne: &gt; 8 Jahre alt<\/li>\n<li>Modellnummer: 1502<\/li>\n<li>Einstufung: Assemblage<\/li>\n<li>Kunststoffblockform: Selbstsichernde Steine<\/li>\n<li>Material: Kunststoff<\/li>\n<li>Kunststofftyp: ABS<\/li>\n<li>Ziegelsteine: 936 ST\u00dcCKE<\/li>\n<li>Enth\u00e4lt eine ausf\u00fchrliche Montageanleitung.<\/li>\n<\/ol>\n<p>Notiz:<br \/>\n1. Ohne Originalverpackung, aber wir garantieren, dass unsere Produkte eine Qualit\u00e4tssicherung und eine sch\u00f6ne Verpackung haben.<br \/>\n2. Wie alle Teile, die wir vor dem Versand \u00fcberpr\u00fcft haben, machen Sie sich keine Sorgen, wenn Sie feststellen, dass einige Teile fehlen oder besch\u00e4digt sind, und kontaktieren Sie uns einfach, und wir k\u00f6nnen sie Ihnen umgehend kostenlos erneut zusenden.<\/p>\n<figure id=\"attachment_30716\" aria-describedby=\"caption-attachment-30716\" style=\"width: 643px\" class=\"wp-caption aligncenter\"><img fetchpriority=\"high\" decoding=\"async\" class=\"wp-image-30716 size-full\" src=\"https:\/\/mouldking.store\/wp-content\/uploads\/2022\/03\/DK-1502-One-Piece-Twelve-Saijo-O-Wazamono-with-936-pieces-1.jpg\" alt=\"DK 1502 One Piece Twelve Saijo O Wazamono with 936 pieces\" width=\"643\" height=\"1024\" title=\"-\" srcset=\"https:\/\/mouldking.store\/wp-content\/uploads\/2022\/03\/DK-1502-One-Piece-Twelve-Saijo-O-Wazamono-with-936-pieces-1.jpg 643w, https:\/\/mouldking.store\/wp-content\/uploads\/2022\/03\/DK-1502-One-Piece-Twelve-Saijo-O-Wazamono-with-936-pieces-1-188x300.jpg 188w, https:\/\/mouldking.store\/wp-content\/uploads\/2022\/03\/DK-1502-One-Piece-Twelve-Saijo-O-Wazamono-with-936-pieces-1-300x478.jpg 300w, https:\/\/mouldking.store\/wp-content\/uploads\/2022\/03\/DK-1502-One-Piece-Twelve-Saijo-O-Wazamono-with-936-pieces-1-600x956.jpg 600w, https:\/\/mouldking.store\/wp-content\/uploads\/2022\/03\/DK-1502-One-Piece-Twelve-Saijo-O-Wazamono-with-936-pieces-1-94x150.jpg 94w\" sizes=\"(max-width: 643px) 100vw, 643px\" \/><figcaption id=\"caption-attachment-30716\" class=\"wp-caption-text\">DK 1502 One Piece Twelve Saijo O Wazamono mit 936 Teilen<\/figcaption><\/figure>\n<figure id=\"attachment_30717\" aria-describedby=\"caption-attachment-30717\" style=\"width: 800px\" class=\"wp-caption aligncenter\"><img decoding=\"async\" class=\"wp-image-30717 size-full\" src=\"https:\/\/mouldking.store\/wp-content\/uploads\/2022\/03\/DK-1502-One-Piece-Twelve-Saijo-O-Wazamono-with-936-pieces-2.jpg\" alt=\"DK 1502 One Piece Twelve Saijo O Wazamono with 936 pieces\" width=\"800\" height=\"800\" title=\"-\" srcset=\"https:\/\/mouldking.store\/wp-content\/uploads\/2022\/03\/DK-1502-One-Piece-Twelve-Saijo-O-Wazamono-with-936-pieces-2.jpg 800w, https:\/\/mouldking.store\/wp-content\/uploads\/2022\/03\/DK-1502-One-Piece-Twelve-Saijo-O-Wazamono-with-936-pieces-2-300x300.jpg 300w, https:\/\/mouldking.store\/wp-content\/uploads\/2022\/03\/DK-1502-One-Piece-Twelve-Saijo-O-Wazamono-with-936-pieces-2-768x768.jpg 768w, https:\/\/mouldking.store\/wp-content\/uploads\/2022\/03\/DK-1502-One-Piece-Twelve-Saijo-O-Wazamono-with-936-pieces-2-600x600.jpg 600w, https:\/\/mouldking.store\/wp-content\/uploads\/2022\/03\/DK-1502-One-Piece-Twelve-Saijo-O-Wazamono-with-936-pieces-2-150x150.jpg 150w\" sizes=\"(max-width: 800px) 100vw, 800px\" \/><figcaption id=\"caption-attachment-30717\" class=\"wp-caption-text\">DK 1502 One Piece Twelve Saijo O Wazamono mit 936 Teilen<\/figcaption><\/figure>\n<figure id=\"attachment_30725\" aria-describedby=\"caption-attachment-30725\" style=\"width: 801px\" class=\"wp-caption aligncenter\"><img decoding=\"async\" class=\"wp-image-30725 size-full\" src=\"https:\/\/mouldking.store\/wp-content\/uploads\/2022\/03\/DK-1502-One-Piece-Twelve-Saijo-O-Wazamono-with-936-pieces-10.jpg\" alt=\"DK 1502 One Piece Twelve Saijo O Wazamono with 936 pieces\" width=\"801\" height=\"868\" title=\"-\" srcset=\"https:\/\/mouldking.store\/wp-content\/uploads\/2022\/03\/DK-1502-One-Piece-Twelve-Saijo-O-Wazamono-with-936-pieces-10.jpg 801w, https:\/\/mouldking.store\/wp-content\/uploads\/2022\/03\/DK-1502-One-Piece-Twelve-Saijo-O-Wazamono-with-936-pieces-10-277x300.jpg 277w, https:\/\/mouldking.store\/wp-content\/uploads\/2022\/03\/DK-1502-One-Piece-Twelve-Saijo-O-Wazamono-with-936-pieces-10-768x832.jpg 768w, https:\/\/mouldking.store\/wp-content\/uploads\/2022\/03\/DK-1502-One-Piece-Twelve-Saijo-O-Wazamono-with-936-pieces-10-300x325.jpg 300w, https:\/\/mouldking.store\/wp-content\/uploads\/2022\/03\/DK-1502-One-Piece-Twelve-Saijo-O-Wazamono-with-936-pieces-10-600x650.jpg 600w, https:\/\/mouldking.store\/wp-content\/uploads\/2022\/03\/DK-1502-One-Piece-Twelve-Saijo-O-Wazamono-with-936-pieces-10-138x150.jpg 138w\" sizes=\"(max-width: 801px) 100vw, 801px\" \/><figcaption id=\"caption-attachment-30725\" class=\"wp-caption-text\">DK 1502 One Piece Twelve Saijo O Wazamono mit 936 Teilen<\/figcaption><\/figure>\n<figure id=\"attachment_30724\" aria-describedby=\"caption-attachment-30724\" style=\"width: 801px\" class=\"wp-caption aligncenter\"><img loading=\"lazy\" decoding=\"async\" class=\"wp-image-30724 size-full\" src=\"https:\/\/mouldking.store\/wp-content\/uploads\/2022\/03\/DK-1502-One-Piece-Twelve-Saijo-O-Wazamono-with-936-pieces-9.jpg\" alt=\"DK 1502 One Piece Twelve Saijo O Wazamono with 936 pieces\" width=\"801\" height=\"875\" title=\"-\" srcset=\"https:\/\/mouldking.store\/wp-content\/uploads\/2022\/03\/DK-1502-One-Piece-Twelve-Saijo-O-Wazamono-with-936-pieces-9.jpg 801w, https:\/\/mouldking.store\/wp-content\/uploads\/2022\/03\/DK-1502-One-Piece-Twelve-Saijo-O-Wazamono-with-936-pieces-9-275x300.jpg 275w, https:\/\/mouldking.store\/wp-content\/uploads\/2022\/03\/DK-1502-One-Piece-Twelve-Saijo-O-Wazamono-with-936-pieces-9-768x839.jpg 768w, https:\/\/mouldking.store\/wp-content\/uploads\/2022\/03\/DK-1502-One-Piece-Twelve-Saijo-O-Wazamono-with-936-pieces-9-300x328.jpg 300w, https:\/\/mouldking.store\/wp-content\/uploads\/2022\/03\/DK-1502-One-Piece-Twelve-Saijo-O-Wazamono-with-936-pieces-9-600x655.jpg 600w, https:\/\/mouldking.store\/wp-content\/uploads\/2022\/03\/DK-1502-One-Piece-Twelve-Saijo-O-Wazamono-with-936-pieces-9-137x150.jpg 137w\" sizes=\"(max-width: 801px) 100vw, 801px\" \/><figcaption id=\"caption-attachment-30724\" class=\"wp-caption-text\">DK 1502 One Piece Twelve Saijo O Wazamono mit 936 Teilen<\/figcaption><\/figure>\n<figure id=\"attachment_30723\" aria-describedby=\"caption-attachment-30723\" style=\"width: 801px\" class=\"wp-caption aligncenter\"><img loading=\"lazy\" decoding=\"async\" class=\"wp-image-30723 size-full\" src=\"https:\/\/mouldking.store\/wp-content\/uploads\/2022\/03\/DK-1502-One-Piece-Twelve-Saijo-O-Wazamono-with-936-pieces-8.jpg\" alt=\"DK 1502 One Piece Twelve Saijo O Wazamono with 936 pieces\" width=\"801\" height=\"555\" title=\"-\" srcset=\"https:\/\/mouldking.store\/wp-content\/uploads\/2022\/03\/DK-1502-One-Piece-Twelve-Saijo-O-Wazamono-with-936-pieces-8.jpg 801w, https:\/\/mouldking.store\/wp-content\/uploads\/2022\/03\/DK-1502-One-Piece-Twelve-Saijo-O-Wazamono-with-936-pieces-8-300x208.jpg 300w, https:\/\/mouldking.store\/wp-content\/uploads\/2022\/03\/DK-1502-One-Piece-Twelve-Saijo-O-Wazamono-with-936-pieces-8-768x532.jpg 768w, https:\/\/mouldking.store\/wp-content\/uploads\/2022\/03\/DK-1502-One-Piece-Twelve-Saijo-O-Wazamono-with-936-pieces-8-600x416.jpg 600w, https:\/\/mouldking.store\/wp-content\/uploads\/2022\/03\/DK-1502-One-Piece-Twelve-Saijo-O-Wazamono-with-936-pieces-8-150x104.jpg 150w\" sizes=\"(max-width: 801px) 100vw, 801px\" \/><figcaption id=\"caption-attachment-30723\" class=\"wp-caption-text\">DK 1502 One Piece Twelve Saijo O Wazamono mit 936 Teilen<\/figcaption><\/figure>\n<figure id=\"attachment_30722\" aria-describedby=\"caption-attachment-30722\" style=\"width: 801px\" class=\"wp-caption aligncenter\"><img loading=\"lazy\" decoding=\"async\" class=\"wp-image-30722 size-full\" src=\"https:\/\/mouldking.store\/wp-content\/uploads\/2022\/03\/DK-1502-One-Piece-Twelve-Saijo-O-Wazamono-with-936-pieces-7.jpg\" alt=\"DK 1502 One Piece Twelve Saijo O Wazamono with 936 pieces\" width=\"801\" height=\"430\" title=\"-\" srcset=\"https:\/\/mouldking.store\/wp-content\/uploads\/2022\/03\/DK-1502-One-Piece-Twelve-Saijo-O-Wazamono-with-936-pieces-7.jpg 801w, https:\/\/mouldking.store\/wp-content\/uploads\/2022\/03\/DK-1502-One-Piece-Twelve-Saijo-O-Wazamono-with-936-pieces-7-300x161.jpg 300w, https:\/\/mouldking.store\/wp-content\/uploads\/2022\/03\/DK-1502-One-Piece-Twelve-Saijo-O-Wazamono-with-936-pieces-7-768x412.jpg 768w, https:\/\/mouldking.store\/wp-content\/uploads\/2022\/03\/DK-1502-One-Piece-Twelve-Saijo-O-Wazamono-with-936-pieces-7-600x322.jpg 600w, https:\/\/mouldking.store\/wp-content\/uploads\/2022\/03\/DK-1502-One-Piece-Twelve-Saijo-O-Wazamono-with-936-pieces-7-150x81.jpg 150w\" sizes=\"(max-width: 801px) 100vw, 801px\" \/><figcaption id=\"caption-attachment-30722\" class=\"wp-caption-text\">DK 1502 One Piece Twelve Saijo O Wazamono mit 936 Teilen<\/figcaption><\/figure>\n<figure id=\"attachment_30721\" aria-describedby=\"caption-attachment-30721\" style=\"width: 800px\" class=\"wp-caption aligncenter\"><img loading=\"lazy\" decoding=\"async\" class=\"wp-image-30721 size-full\" src=\"https:\/\/mouldking.store\/wp-content\/uploads\/2022\/03\/DK-1502-One-Piece-Twelve-Saijo-O-Wazamono-with-936-pieces-6.jpg\" alt=\"DK 1502 One Piece Twelve Saijo O Wazamono with 936 pieces\" width=\"800\" height=\"666\" title=\"-\" srcset=\"https:\/\/mouldking.store\/wp-content\/uploads\/2022\/03\/DK-1502-One-Piece-Twelve-Saijo-O-Wazamono-with-936-pieces-6.jpg 800w, https:\/\/mouldking.store\/wp-content\/uploads\/2022\/03\/DK-1502-One-Piece-Twelve-Saijo-O-Wazamono-with-936-pieces-6-300x250.jpg 300w, https:\/\/mouldking.store\/wp-content\/uploads\/2022\/03\/DK-1502-One-Piece-Twelve-Saijo-O-Wazamono-with-936-pieces-6-768x639.jpg 768w, https:\/\/mouldking.store\/wp-content\/uploads\/2022\/03\/DK-1502-One-Piece-Twelve-Saijo-O-Wazamono-with-936-pieces-6-600x500.jpg 600w, https:\/\/mouldking.store\/wp-content\/uploads\/2022\/03\/DK-1502-One-Piece-Twelve-Saijo-O-Wazamono-with-936-pieces-6-150x125.jpg 150w\" sizes=\"(max-width: 800px) 100vw, 800px\" \/><figcaption id=\"caption-attachment-30721\" class=\"wp-caption-text\">DK 1502 One Piece Twelve Saijo O Wazamono mit 936 Teilen<\/figcaption><\/figure>","protected":false},"excerpt":{"rendered":"<p>Product information: Brand: DK Gender: Unisex Name: One Piece Twelve Saijo O Wazamono Age Range: &gt; 8 years old Model Number: 1502 Classification: Assemblage Plastic Block Shape: Self-Locking Bricks Material: Plastic Plastic Type: ABS Bricks Blocks: 936 PCS Contains detailed assembly instructions. Notice: 1. Without an original box, but we guarantee our products have quality [&hellip;]<\/p>","protected":false},"featured_media":30717,"comment_status":"closed","ping_status":"closed","template":"","meta":{"_acf_changed":false},"product_cat":[581],"product_tag":[5246,2914,5244,5243,5242,1824,5245,5248,5247,5249],"class_list":["product","first","instock","shipping-taxable","purchasable","product-type-simple"],"acf":[],"_links":{"self":[{"href":"https:\/\/mouldking.store\/de\/wp-json\/wp\/v2\/product\/30715","targetHints":{"allow":["GET"]}}],"collection":[{"href":"https:\/\/mouldking.store\/de\/wp-json\/wp\/v2\/product"}],"about":[{"href":"https:\/\/mouldking.store\/de\/wp-json\/wp\/v2\/types\/product"}],"replies":[{"embeddable":true,"href":"https:\/\/mouldking.store\/de\/wp-json\/wp\/v2\/comments?post=30715"}],"wp:featuredmedia":[{"embeddable":true,"href":"https:\/\/mouldking.store\/de\/wp-json\/wp\/v2\/media\/30717"}],"wp:attachment":[{"href":"https:\/\/mouldking.store\/de\/wp-json\/wp\/v2\/media?parent=30715"}],"wp:term":[{"taxonomy":"product_cat","embeddable":true,"href":"https:\/\/mouldking.store\/de\/wp-json\/wp\/v2\/product_cat?post=30715"},{"taxonomy":"product_tag","embeddable":true,"href":"https:\/\/mouldking.store\/de\/wp-json\/wp\/v2\/product_tag?post=30715"}],"curies":[{"name":"wp","href":"https:\/\/api.w.org\/{rel}","templated":true}]}}