{"id":30726,"date":"2022-03-08T15:56:54","date_gmt":"2022-03-08T08:56:54","guid":{"rendered":"https:\/\/mouldking.store\/?post_type=product&#038;p=30726"},"modified":"2022-03-08T15:56:54","modified_gmt":"2022-03-08T08:56:54","slug":"panlos-687002-king-kong-with-1803-pieces","status":"publish","type":"product","link":"https:\/\/mouldking.store\/de\/shop\/panlos-687002-king-kong-with-1803-pieces\/","title":{"rendered":"PANLOS 687002 King Kong mit 1803 Teilen"},"content":{"rendered":"<p>Produktinformation:<\/p>\n<ol>\n<li>Marke: PANLOS<\/li>\n<li>Geschlecht: Unisex<\/li>\n<li>Name: King Kong<\/li>\n<li>Altersspanne: &gt; 6 Jahre alt<\/li>\n<li>Model Number: 687002<\/li>\n<li>Einstufung: Assemblage<\/li>\n<li>Kunststoffblockform: Selbstsichernde Steine<\/li>\n<li>Material: Kunststoff<\/li>\n<li>Kunststofftyp: ABS<\/li>\n<li>Bricks Blocks: 1803 PCS<\/li>\n<li>Enth\u00e4lt eine ausf\u00fchrliche Montageanleitung.<\/li>\n<\/ol>\n<p>Notiz:<br \/>\n1. Ohne Originalverpackung, aber wir garantieren, dass unsere Produkte eine Qualit\u00e4tssicherung und eine sch\u00f6ne Verpackung haben.<br \/>\n2. Wie alle Teile, die wir vor dem Versand \u00fcberpr\u00fcft haben, machen Sie sich keine Sorgen, wenn Sie feststellen, dass einige Teile fehlen oder besch\u00e4digt sind, und kontaktieren Sie uns einfach, und wir k\u00f6nnen sie Ihnen umgehend kostenlos erneut zusenden.<\/p>\n<figure id=\"attachment_30729\" aria-describedby=\"caption-attachment-30729\" style=\"width: 897px\" class=\"wp-caption aligncenter\"><img fetchpriority=\"high\" decoding=\"async\" class=\"wp-image-30729 size-full\" src=\"https:\/\/mouldking.store\/wp-content\/uploads\/2022\/03\/PANLOS-687002-King-Kong-2.jpg\" alt=\"PANLOS 687002 King Kong with 1803 pieces\" width=\"897\" height=\"889\" title=\"-\" srcset=\"https:\/\/mouldking.store\/wp-content\/uploads\/2022\/03\/PANLOS-687002-King-Kong-2.jpg 897w, https:\/\/mouldking.store\/wp-content\/uploads\/2022\/03\/PANLOS-687002-King-Kong-2-300x297.jpg 300w, https:\/\/mouldking.store\/wp-content\/uploads\/2022\/03\/PANLOS-687002-King-Kong-2-768x761.jpg 768w, https:\/\/mouldking.store\/wp-content\/uploads\/2022\/03\/PANLOS-687002-King-Kong-2-600x595.jpg 600w, https:\/\/mouldking.store\/wp-content\/uploads\/2022\/03\/PANLOS-687002-King-Kong-2-150x150.jpg 150w\" sizes=\"(max-width: 897px) 100vw, 897px\" \/><figcaption id=\"caption-attachment-30729\" class=\"wp-caption-text\">PANLOS 687002 King Kong mit 1803 Teilen<\/figcaption><\/figure>\n<figure id=\"attachment_30730\" aria-describedby=\"caption-attachment-30730\" style=\"width: 897px\" class=\"wp-caption aligncenter\"><img decoding=\"async\" class=\"wp-image-30730 size-full\" src=\"https:\/\/mouldking.store\/wp-content\/uploads\/2022\/03\/PANLOS-687002-King-Kong-3.jpg\" alt=\"PANLOS 687002 King Kong with 1803 pieces\" width=\"897\" height=\"878\" title=\"-\" srcset=\"https:\/\/mouldking.store\/wp-content\/uploads\/2022\/03\/PANLOS-687002-King-Kong-3.jpg 897w, https:\/\/mouldking.store\/wp-content\/uploads\/2022\/03\/PANLOS-687002-King-Kong-3-300x294.jpg 300w, https:\/\/mouldking.store\/wp-content\/uploads\/2022\/03\/PANLOS-687002-King-Kong-3-768x752.jpg 768w, https:\/\/mouldking.store\/wp-content\/uploads\/2022\/03\/PANLOS-687002-King-Kong-3-600x587.jpg 600w, https:\/\/mouldking.store\/wp-content\/uploads\/2022\/03\/PANLOS-687002-King-Kong-3-150x147.jpg 150w\" sizes=\"(max-width: 897px) 100vw, 897px\" \/><figcaption id=\"caption-attachment-30730\" class=\"wp-caption-text\">PANLOS 687002 King Kong mit 1803 Teilen<\/figcaption><\/figure>\n<figure id=\"attachment_30727\" aria-describedby=\"caption-attachment-30727\" style=\"width: 895px\" class=\"wp-caption aligncenter\"><img decoding=\"async\" class=\"wp-image-30727 size-full\" src=\"https:\/\/mouldking.store\/wp-content\/uploads\/2022\/03\/PANLOS-687002-King-Kong-4.jpg\" alt=\"PANLOS 687002 King Kong with 1803 pieces\" width=\"895\" height=\"878\" title=\"-\" srcset=\"https:\/\/mouldking.store\/wp-content\/uploads\/2022\/03\/PANLOS-687002-King-Kong-4.jpg 895w, https:\/\/mouldking.store\/wp-content\/uploads\/2022\/03\/PANLOS-687002-King-Kong-4-300x294.jpg 300w, https:\/\/mouldking.store\/wp-content\/uploads\/2022\/03\/PANLOS-687002-King-Kong-4-768x753.jpg 768w, https:\/\/mouldking.store\/wp-content\/uploads\/2022\/03\/PANLOS-687002-King-Kong-4-600x589.jpg 600w, https:\/\/mouldking.store\/wp-content\/uploads\/2022\/03\/PANLOS-687002-King-Kong-4-150x147.jpg 150w\" sizes=\"(max-width: 895px) 100vw, 895px\" \/><figcaption id=\"caption-attachment-30727\" class=\"wp-caption-text\">PANLOS 687002 King Kong mit 1803 Teilen<\/figcaption><\/figure>\n<figure id=\"attachment_30728\" aria-describedby=\"caption-attachment-30728\" style=\"width: 800px\" class=\"wp-caption aligncenter\"><img loading=\"lazy\" decoding=\"async\" class=\"wp-image-30728 size-full\" src=\"https:\/\/mouldking.store\/wp-content\/uploads\/2022\/03\/PANLOS-687002-King-Kong-1.jpg\" alt=\"PANLOS 687002 King Kong with 1803 pieces\" width=\"800\" height=\"800\" title=\"-\" srcset=\"https:\/\/mouldking.store\/wp-content\/uploads\/2022\/03\/PANLOS-687002-King-Kong-1.jpg 800w, https:\/\/mouldking.store\/wp-content\/uploads\/2022\/03\/PANLOS-687002-King-Kong-1-300x300.jpg 300w, https:\/\/mouldking.store\/wp-content\/uploads\/2022\/03\/PANLOS-687002-King-Kong-1-768x768.jpg 768w, https:\/\/mouldking.store\/wp-content\/uploads\/2022\/03\/PANLOS-687002-King-Kong-1-600x600.jpg 600w, https:\/\/mouldking.store\/wp-content\/uploads\/2022\/03\/PANLOS-687002-King-Kong-1-150x150.jpg 150w\" sizes=\"(max-width: 800px) 100vw, 800px\" \/><figcaption id=\"caption-attachment-30728\" class=\"wp-caption-text\">PANLOS 687002 King Kong mit 1803 Teilen<\/figcaption><\/figure>","protected":false},"excerpt":{"rendered":"<p>Product information: Brand: PANLOS Gender: Unisex Name: King Kong Age Range: &gt; 6 years old Model Number: 687002 Classification: Assemblage Plastic Block Shape: Self-Locking Bricks Material: Plastic Plastic Type: ABS Bricks Blocks: 1803 PCS Contains detailed assembly instructions. Notice: 1. Without an original box, but we guarantee our products have quality assurance and nice packaging. [&hellip;]<\/p>","protected":false},"featured_media":30727,"comment_status":"closed","ping_status":"closed","template":"","meta":{"_acf_changed":false},"product_cat":[581],"product_tag":[5253,2508,1851,5252,5251,5250],"class_list":["product","first","instock","shipping-taxable","purchasable","product-type-simple"],"acf":[],"_links":{"self":[{"href":"https:\/\/mouldking.store\/de\/wp-json\/wp\/v2\/product\/30726","targetHints":{"allow":["GET"]}}],"collection":[{"href":"https:\/\/mouldking.store\/de\/wp-json\/wp\/v2\/product"}],"about":[{"href":"https:\/\/mouldking.store\/de\/wp-json\/wp\/v2\/types\/product"}],"replies":[{"embeddable":true,"href":"https:\/\/mouldking.store\/de\/wp-json\/wp\/v2\/comments?post=30726"}],"wp:featuredmedia":[{"embeddable":true,"href":"https:\/\/mouldking.store\/de\/wp-json\/wp\/v2\/media\/30727"}],"wp:attachment":[{"href":"https:\/\/mouldking.store\/de\/wp-json\/wp\/v2\/media?parent=30726"}],"wp:term":[{"taxonomy":"product_cat","embeddable":true,"href":"https:\/\/mouldking.store\/de\/wp-json\/wp\/v2\/product_cat?post=30726"},{"taxonomy":"product_tag","embeddable":true,"href":"https:\/\/mouldking.store\/de\/wp-json\/wp\/v2\/product_tag?post=30726"}],"curies":[{"name":"wp","href":"https:\/\/api.w.org\/{rel}","templated":true}]}}