{"id":30784,"date":"2022-03-08T16:39:09","date_gmt":"2022-03-08T09:39:09","guid":{"rendered":"https:\/\/mouldking.store\/?post_type=product&#038;p=30784"},"modified":"2023-04-13T18:12:08","modified_gmt":"2023-04-13T11:12:08","slug":"qman-23016-z-20-tactical-utility-helicopter-with-1816-pieces","status":"publish","type":"product","link":"https:\/\/mouldking.store\/de\/shop\/qman-23016-z-20-tactical-utility-helicopter-with-1816-pieces\/","title":{"rendered":"Qman 23016 Z-20 Taktischer Mehrzweckhubschrauber mit 1816 Teilen"},"content":{"rendered":"<p>Produktinformation:<\/p>\n<ol>\n<li>Marke: Qman<\/li>\n<li>Geschlecht: Unisex<\/li>\n<li>Name: Z-20 Tactical Utility Helicopter<\/li>\n<li>Altersspanne: &gt; 6 Jahre alt<\/li>\n<li>Model Number: 23016<\/li>\n<li>Einstufung: Assemblage<\/li>\n<li>Kunststoffblockform: Selbstsichernde Steine<\/li>\n<li>Material: Kunststoff<\/li>\n<li>Kunststofftyp: ABS<\/li>\n<li>Bricks Blocks: 1816 PCS<\/li>\n<li>Enth\u00e4lt eine ausf\u00fchrliche Montageanleitung.<\/li>\n<\/ol>\n<p>Notiz:<br \/>\n1. Ohne Originalverpackung, aber wir garantieren, dass unsere Produkte eine Qualit\u00e4tssicherung und eine sch\u00f6ne Verpackung haben.<br \/>\n2. Wie alle Teile, die wir vor dem Versand \u00fcberpr\u00fcft haben, machen Sie sich keine Sorgen, wenn Sie feststellen, dass einige Teile fehlen oder besch\u00e4digt sind, und kontaktieren Sie uns einfach, und wir k\u00f6nnen sie Ihnen umgehend kostenlos erneut zusenden.<\/p>\n<figure id=\"attachment_30785\" aria-describedby=\"caption-attachment-30785\" style=\"width: 800px\" class=\"wp-caption aligncenter\"><img fetchpriority=\"high\" decoding=\"async\" class=\"wp-image-30785 size-full\" src=\"https:\/\/mouldking.store\/wp-content\/uploads\/2022\/03\/Qman-23016-Z-20-Tactical-Utility-Helicopter-1.jpg\" alt=\"Qman 23016 Z-20 Tactical Utility Helicopter with 1816 pieces\" width=\"800\" height=\"800\" title=\"-\" srcset=\"https:\/\/mouldking.store\/wp-content\/uploads\/2022\/03\/Qman-23016-Z-20-Tactical-Utility-Helicopter-1.jpg 800w, https:\/\/mouldking.store\/wp-content\/uploads\/2022\/03\/Qman-23016-Z-20-Tactical-Utility-Helicopter-1-300x300.jpg 300w, https:\/\/mouldking.store\/wp-content\/uploads\/2022\/03\/Qman-23016-Z-20-Tactical-Utility-Helicopter-1-768x768.jpg 768w, https:\/\/mouldking.store\/wp-content\/uploads\/2022\/03\/Qman-23016-Z-20-Tactical-Utility-Helicopter-1-600x600.jpg 600w, https:\/\/mouldking.store\/wp-content\/uploads\/2022\/03\/Qman-23016-Z-20-Tactical-Utility-Helicopter-1-150x150.jpg 150w\" sizes=\"(max-width: 800px) 100vw, 800px\" \/><figcaption id=\"caption-attachment-30785\" class=\"wp-caption-text\">Qman 23016 Z-20 Taktischer Mehrzweckhubschrauber mit 1816 Teilen<\/figcaption><\/figure>\n<figure id=\"attachment_30792\" aria-describedby=\"caption-attachment-30792\" style=\"width: 800px\" class=\"wp-caption aligncenter\"><img decoding=\"async\" class=\"wp-image-30792 size-full\" src=\"https:\/\/mouldking.store\/wp-content\/uploads\/2022\/03\/Qman-23016-Z-20-Tactical-Utility-Helicopter-7.jpg\" alt=\"Qman 23016 Z-20 Tactical Utility Helicopter with 1816 pieces\" width=\"800\" height=\"800\" title=\"-\" srcset=\"https:\/\/mouldking.store\/wp-content\/uploads\/2022\/03\/Qman-23016-Z-20-Tactical-Utility-Helicopter-7.jpg 800w, https:\/\/mouldking.store\/wp-content\/uploads\/2022\/03\/Qman-23016-Z-20-Tactical-Utility-Helicopter-7-300x300.jpg 300w, https:\/\/mouldking.store\/wp-content\/uploads\/2022\/03\/Qman-23016-Z-20-Tactical-Utility-Helicopter-7-768x768.jpg 768w, https:\/\/mouldking.store\/wp-content\/uploads\/2022\/03\/Qman-23016-Z-20-Tactical-Utility-Helicopter-7-600x600.jpg 600w, https:\/\/mouldking.store\/wp-content\/uploads\/2022\/03\/Qman-23016-Z-20-Tactical-Utility-Helicopter-7-150x150.jpg 150w\" sizes=\"(max-width: 800px) 100vw, 800px\" \/><figcaption id=\"caption-attachment-30792\" class=\"wp-caption-text\">Qman 23016 Z-20 Taktischer Mehrzweckhubschrauber mit 1816 Teilen<\/figcaption><\/figure>\n<figure id=\"attachment_30791\" aria-describedby=\"caption-attachment-30791\" style=\"width: 800px\" class=\"wp-caption aligncenter\"><img decoding=\"async\" class=\"wp-image-30791 size-full\" src=\"https:\/\/mouldking.store\/wp-content\/uploads\/2022\/03\/Qman-23016-Z-20-Tactical-Utility-Helicopter-6.jpg\" alt=\"Qman 23016 Z-20 Tactical Utility Helicopter with 1816 pieces\" width=\"800\" height=\"800\" title=\"-\" srcset=\"https:\/\/mouldking.store\/wp-content\/uploads\/2022\/03\/Qman-23016-Z-20-Tactical-Utility-Helicopter-6.jpg 800w, https:\/\/mouldking.store\/wp-content\/uploads\/2022\/03\/Qman-23016-Z-20-Tactical-Utility-Helicopter-6-300x300.jpg 300w, https:\/\/mouldking.store\/wp-content\/uploads\/2022\/03\/Qman-23016-Z-20-Tactical-Utility-Helicopter-6-768x768.jpg 768w, https:\/\/mouldking.store\/wp-content\/uploads\/2022\/03\/Qman-23016-Z-20-Tactical-Utility-Helicopter-6-600x600.jpg 600w, https:\/\/mouldking.store\/wp-content\/uploads\/2022\/03\/Qman-23016-Z-20-Tactical-Utility-Helicopter-6-150x150.jpg 150w\" sizes=\"(max-width: 800px) 100vw, 800px\" \/><figcaption id=\"caption-attachment-30791\" class=\"wp-caption-text\">Qman 23016 Z-20 Taktischer Mehrzweckhubschrauber mit 1816 Teilen<\/figcaption><\/figure>\n<figure id=\"attachment_30790\" aria-describedby=\"caption-attachment-30790\" style=\"width: 743px\" class=\"wp-caption aligncenter\"><img loading=\"lazy\" decoding=\"async\" class=\"wp-image-30790 size-full\" src=\"https:\/\/mouldking.store\/wp-content\/uploads\/2022\/03\/Qman-23016-Z-20-Tactical-Utility-Helicopter-5.jpg\" alt=\"Qman 23016 Z-20 Tactical Utility Helicopter with 1816 pieces\" width=\"743\" height=\"1024\" title=\"-\" srcset=\"https:\/\/mouldking.store\/wp-content\/uploads\/2022\/03\/Qman-23016-Z-20-Tactical-Utility-Helicopter-5.jpg 743w, https:\/\/mouldking.store\/wp-content\/uploads\/2022\/03\/Qman-23016-Z-20-Tactical-Utility-Helicopter-5-218x300.jpg 218w, https:\/\/mouldking.store\/wp-content\/uploads\/2022\/03\/Qman-23016-Z-20-Tactical-Utility-Helicopter-5-300x413.jpg 300w, https:\/\/mouldking.store\/wp-content\/uploads\/2022\/03\/Qman-23016-Z-20-Tactical-Utility-Helicopter-5-600x827.jpg 600w, https:\/\/mouldking.store\/wp-content\/uploads\/2022\/03\/Qman-23016-Z-20-Tactical-Utility-Helicopter-5-109x150.jpg 109w\" sizes=\"(max-width: 743px) 100vw, 743px\" \/><figcaption id=\"caption-attachment-30790\" class=\"wp-caption-text\">Qman 23016 Z-20 Taktischer Mehrzweckhubschrauber mit 1816 Teilen<\/figcaption><\/figure>\n<figure id=\"attachment_30789\" aria-describedby=\"caption-attachment-30789\" style=\"width: 646px\" class=\"wp-caption aligncenter\"><img loading=\"lazy\" decoding=\"async\" class=\"wp-image-30789 size-full\" src=\"https:\/\/mouldking.store\/wp-content\/uploads\/2022\/03\/Qman-23016-Z-20-Tactical-Utility-Helicopter-4.jpg\" alt=\"Qman 23016 Z-20 Tactical Utility Helicopter with 1816 pieces\" width=\"646\" height=\"1024\" title=\"-\" srcset=\"https:\/\/mouldking.store\/wp-content\/uploads\/2022\/03\/Qman-23016-Z-20-Tactical-Utility-Helicopter-4.jpg 646w, https:\/\/mouldking.store\/wp-content\/uploads\/2022\/03\/Qman-23016-Z-20-Tactical-Utility-Helicopter-4-189x300.jpg 189w, https:\/\/mouldking.store\/wp-content\/uploads\/2022\/03\/Qman-23016-Z-20-Tactical-Utility-Helicopter-4-300x476.jpg 300w, https:\/\/mouldking.store\/wp-content\/uploads\/2022\/03\/Qman-23016-Z-20-Tactical-Utility-Helicopter-4-600x951.jpg 600w, https:\/\/mouldking.store\/wp-content\/uploads\/2022\/03\/Qman-23016-Z-20-Tactical-Utility-Helicopter-4-95x150.jpg 95w\" sizes=\"(max-width: 646px) 100vw, 646px\" \/><figcaption id=\"caption-attachment-30789\" class=\"wp-caption-text\">Qman 23016 Z-20 Taktischer Mehrzweckhubschrauber mit 1816 Teilen<\/figcaption><\/figure>\n<figure id=\"attachment_30786\" aria-describedby=\"caption-attachment-30786\" style=\"width: 682px\" class=\"wp-caption aligncenter\"><img loading=\"lazy\" decoding=\"async\" class=\"wp-image-30786 size-full\" src=\"https:\/\/mouldking.store\/wp-content\/uploads\/2022\/03\/Qman-23016-Z-20-Tactical-Utility-Helicopter-1.png\" alt=\"Qman 23016 Z-20 Tactical Utility Helicopter with 1816 pieces\" width=\"682\" height=\"641\" title=\"-\" srcset=\"https:\/\/mouldking.store\/wp-content\/uploads\/2022\/03\/Qman-23016-Z-20-Tactical-Utility-Helicopter-1.png 682w, https:\/\/mouldking.store\/wp-content\/uploads\/2022\/03\/Qman-23016-Z-20-Tactical-Utility-Helicopter-1-300x282.png 300w, https:\/\/mouldking.store\/wp-content\/uploads\/2022\/03\/Qman-23016-Z-20-Tactical-Utility-Helicopter-1-600x564.png 600w, https:\/\/mouldking.store\/wp-content\/uploads\/2022\/03\/Qman-23016-Z-20-Tactical-Utility-Helicopter-1-150x141.png 150w\" sizes=\"(max-width: 682px) 100vw, 682px\" \/><figcaption id=\"caption-attachment-30786\" class=\"wp-caption-text\">Qman 23016 Z-20 Taktischer Mehrzweckhubschrauber mit 1816 Teilen<\/figcaption><\/figure>\n<figure id=\"attachment_30788\" aria-describedby=\"caption-attachment-30788\" style=\"width: 561px\" class=\"wp-caption aligncenter\"><img loading=\"lazy\" decoding=\"async\" class=\"wp-image-30788 size-full\" src=\"https:\/\/mouldking.store\/wp-content\/uploads\/2022\/03\/Qman-23016-Z-20-Tactical-Utility-Helicopter-3.jpg\" alt=\"Qman 23016 Z-20 Tactical Utility Helicopter with 1816 pieces\" width=\"561\" height=\"1024\" title=\"-\" srcset=\"https:\/\/mouldking.store\/wp-content\/uploads\/2022\/03\/Qman-23016-Z-20-Tactical-Utility-Helicopter-3.jpg 561w, https:\/\/mouldking.store\/wp-content\/uploads\/2022\/03\/Qman-23016-Z-20-Tactical-Utility-Helicopter-3-164x300.jpg 164w, https:\/\/mouldking.store\/wp-content\/uploads\/2022\/03\/Qman-23016-Z-20-Tactical-Utility-Helicopter-3-300x548.jpg 300w, https:\/\/mouldking.store\/wp-content\/uploads\/2022\/03\/Qman-23016-Z-20-Tactical-Utility-Helicopter-3-82x150.jpg 82w\" sizes=\"(max-width: 561px) 100vw, 561px\" \/><figcaption id=\"caption-attachment-30788\" class=\"wp-caption-text\">Qman 23016 Z-20 Taktischer Mehrzweckhubschrauber mit 1816 Teilen<\/figcaption><\/figure>\n<figure id=\"attachment_30787\" aria-describedby=\"caption-attachment-30787\" style=\"width: 725px\" class=\"wp-caption aligncenter\"><img loading=\"lazy\" decoding=\"async\" class=\"wp-image-30787 size-full\" src=\"https:\/\/mouldking.store\/wp-content\/uploads\/2022\/03\/Qman-23016-Z-20-Tactical-Utility-Helicopter-2.jpg\" alt=\"Qman 23016 Z-20 Tactical Utility Helicopter with 1816 pieces\" width=\"725\" height=\"1024\" title=\"-\" srcset=\"https:\/\/mouldking.store\/wp-content\/uploads\/2022\/03\/Qman-23016-Z-20-Tactical-Utility-Helicopter-2.jpg 725w, https:\/\/mouldking.store\/wp-content\/uploads\/2022\/03\/Qman-23016-Z-20-Tactical-Utility-Helicopter-2-212x300.jpg 212w, https:\/\/mouldking.store\/wp-content\/uploads\/2022\/03\/Qman-23016-Z-20-Tactical-Utility-Helicopter-2-300x424.jpg 300w, https:\/\/mouldking.store\/wp-content\/uploads\/2022\/03\/Qman-23016-Z-20-Tactical-Utility-Helicopter-2-600x847.jpg 600w, https:\/\/mouldking.store\/wp-content\/uploads\/2022\/03\/Qman-23016-Z-20-Tactical-Utility-Helicopter-2-106x150.jpg 106w\" sizes=\"(max-width: 725px) 100vw, 725px\" \/><figcaption id=\"caption-attachment-30787\" class=\"wp-caption-text\">Qman 23016 Z-20 Taktischer Mehrzweckhubschrauber mit 1816 Teilen<\/figcaption><\/figure>","protected":false},"excerpt":{"rendered":"<p>Product information: Brand: Qman Gender: Unisex Name: Z-20 Tactical Utility Helicopter Age Range: &gt; 6 years old Model Number: 23016 Classification: Assemblage Plastic Block Shape: Self-Locking Bricks Material: Plastic Plastic Type: ABS Bricks Blocks: 1816 PCS Contains detailed assembly instructions. Notice: 1. Without an original box, but we guarantee our products have quality assurance and [&hellip;]<\/p>","protected":false},"featured_media":30785,"comment_status":"closed","ping_status":"closed","template":"","meta":{"_acf_changed":false},"product_cat":[372],"product_tag":[1745,5298,4125,5294,5293,5292,5297,5296,5295],"class_list":["product","first","instock","shipping-taxable","purchasable","product-type-simple"],"acf":[],"_links":{"self":[{"href":"https:\/\/mouldking.store\/de\/wp-json\/wp\/v2\/product\/30784","targetHints":{"allow":["GET"]}}],"collection":[{"href":"https:\/\/mouldking.store\/de\/wp-json\/wp\/v2\/product"}],"about":[{"href":"https:\/\/mouldking.store\/de\/wp-json\/wp\/v2\/types\/product"}],"replies":[{"embeddable":true,"href":"https:\/\/mouldking.store\/de\/wp-json\/wp\/v2\/comments?post=30784"}],"wp:featuredmedia":[{"embeddable":true,"href":"https:\/\/mouldking.store\/de\/wp-json\/wp\/v2\/media\/30785"}],"wp:attachment":[{"href":"https:\/\/mouldking.store\/de\/wp-json\/wp\/v2\/media?parent=30784"}],"wp:term":[{"taxonomy":"product_cat","embeddable":true,"href":"https:\/\/mouldking.store\/de\/wp-json\/wp\/v2\/product_cat?post=30784"},{"taxonomy":"product_tag","embeddable":true,"href":"https:\/\/mouldking.store\/de\/wp-json\/wp\/v2\/product_tag?post=30784"}],"curies":[{"name":"wp","href":"https:\/\/api.w.org\/{rel}","templated":true}]}}