{"id":31346,"date":"2022-05-27T11:35:41","date_gmt":"2022-05-27T04:35:41","guid":{"rendered":"https:\/\/mouldking.store\/?post_type=product&#038;p=31346"},"modified":"2022-05-27T11:36:20","modified_gmt":"2022-05-27T04:36:20","slug":"quanguan-723-demon-slayer-kimetsu-no-yaiba-shinobu-kocho-with-778-pieces","status":"publish","type":"product","link":"https:\/\/mouldking.store\/de\/shop\/quanguan-723-demon-slayer-kimetsu-no-yaiba-shinobu-kocho-with-778-pieces\/","title":{"rendered":"QuanGuan 723 Demon Slayer: Kimetsu no Yaiba Shinobu Kocho mit 778 Teilen"},"content":{"rendered":"<p>Produktinformation:<\/p>\n<ol>\n<li>Marke: Quan Guan<\/li>\n<li>Geschlecht: Unisex<\/li>\n<li>Name: D\u00e4monent\u00f6ter: Kimetsu no Yaiba Shinobu Kocho<\/li>\n<li>Altersspanne: &gt; 6 Jahre alt<\/li>\n<li>Modellnummer: 723<\/li>\n<li>Einstufung: Assemblage<\/li>\n<li>Kunststoffblockform: Selbstsichernde Steine<\/li>\n<li>Material: Kunststoff<\/li>\n<li>Kunststofftyp: ABS<\/li>\n<li>Ziegelsteine: 778 ST\u00dcCKE<\/li>\n<li>Enth\u00e4lt eine ausf\u00fchrliche Montageanleitung.<\/li>\n<\/ol>\n<p>Notiz:<br \/>\n1. Ohne Originalverpackung, aber wir garantieren, dass unsere Produkte eine Qualit\u00e4tssicherung und eine sch\u00f6ne Verpackung haben.<br \/>\n2. Wie alle Teile, die wir vor dem Versand \u00fcberpr\u00fcft haben, machen Sie sich keine Sorgen, wenn Sie feststellen, dass einige Teile fehlen oder besch\u00e4digt sind, und kontaktieren Sie uns einfach, und wir k\u00f6nnen sie Ihnen umgehend kostenlos erneut zusenden.<\/p>\n<p>&nbsp;<\/p>\n<figure id=\"attachment_31347\" aria-describedby=\"caption-attachment-31347\" style=\"width: 896px\" class=\"wp-caption aligncenter\"><img fetchpriority=\"high\" decoding=\"async\" class=\"wp-image-31347 size-full\" src=\"https:\/\/mouldking.store\/wp-content\/uploads\/2022\/05\/QuanGuan-723-Demon-Slayer-Kimetsu-no-Yaiba-Shinobu-Kocho-4.jpg\" alt=\"QuanGuan 723 Demon Slayer: Kimetsu no Yaiba Shinobu Kocho with 778 pieces\" width=\"896\" height=\"893\" title=\"-\" srcset=\"https:\/\/mouldking.store\/wp-content\/uploads\/2022\/05\/QuanGuan-723-Demon-Slayer-Kimetsu-no-Yaiba-Shinobu-Kocho-4.jpg 896w, https:\/\/mouldking.store\/wp-content\/uploads\/2022\/05\/QuanGuan-723-Demon-Slayer-Kimetsu-no-Yaiba-Shinobu-Kocho-4-300x299.jpg 300w, https:\/\/mouldking.store\/wp-content\/uploads\/2022\/05\/QuanGuan-723-Demon-Slayer-Kimetsu-no-Yaiba-Shinobu-Kocho-4-768x765.jpg 768w, https:\/\/mouldking.store\/wp-content\/uploads\/2022\/05\/QuanGuan-723-Demon-Slayer-Kimetsu-no-Yaiba-Shinobu-Kocho-4-600x598.jpg 600w, https:\/\/mouldking.store\/wp-content\/uploads\/2022\/05\/QuanGuan-723-Demon-Slayer-Kimetsu-no-Yaiba-Shinobu-Kocho-4-150x150.jpg 150w\" sizes=\"(max-width: 896px) 100vw, 896px\" \/><figcaption id=\"caption-attachment-31347\" class=\"wp-caption-text\">QuanGuan 723 Demon Slayer: Kimetsu no Yaiba Shinobu Kocho mit 778 Teilen<\/figcaption><\/figure>\n<figure id=\"attachment_31349\" aria-describedby=\"caption-attachment-31349\" style=\"width: 888px\" class=\"wp-caption aligncenter\"><img decoding=\"async\" class=\"wp-image-31349 size-full\" src=\"https:\/\/mouldking.store\/wp-content\/uploads\/2022\/05\/QuanGuan-723-Demon-Slayer-Kimetsu-no-Yaiba-Shinobu-Kocho-2.jpg\" alt=\"QuanGuan 723 Demon Slayer: Kimetsu no Yaiba Shinobu Kocho with 778 pieces\" width=\"888\" height=\"892\" title=\"-\" srcset=\"https:\/\/mouldking.store\/wp-content\/uploads\/2022\/05\/QuanGuan-723-Demon-Slayer-Kimetsu-no-Yaiba-Shinobu-Kocho-2.jpg 888w, https:\/\/mouldking.store\/wp-content\/uploads\/2022\/05\/QuanGuan-723-Demon-Slayer-Kimetsu-no-Yaiba-Shinobu-Kocho-2-300x301.jpg 300w, https:\/\/mouldking.store\/wp-content\/uploads\/2022\/05\/QuanGuan-723-Demon-Slayer-Kimetsu-no-Yaiba-Shinobu-Kocho-2-768x771.jpg 768w, https:\/\/mouldking.store\/wp-content\/uploads\/2022\/05\/QuanGuan-723-Demon-Slayer-Kimetsu-no-Yaiba-Shinobu-Kocho-2-600x603.jpg 600w, https:\/\/mouldking.store\/wp-content\/uploads\/2022\/05\/QuanGuan-723-Demon-Slayer-Kimetsu-no-Yaiba-Shinobu-Kocho-2-150x150.jpg 150w\" sizes=\"(max-width: 888px) 100vw, 888px\" \/><figcaption id=\"caption-attachment-31349\" class=\"wp-caption-text\">QuanGuan 723 Demon Slayer: Kimetsu no Yaiba Shinobu Kocho mit 778 Teilen<\/figcaption><\/figure>\n<figure id=\"attachment_31350\" aria-describedby=\"caption-attachment-31350\" style=\"width: 904px\" class=\"wp-caption aligncenter\"><img decoding=\"async\" class=\"wp-image-31350 size-full\" src=\"https:\/\/mouldking.store\/wp-content\/uploads\/2022\/05\/QuanGuan-723-Demon-Slayer-Kimetsu-no-Yaiba-Shinobu-Kocho-3.jpg\" alt=\"QuanGuan 723 Demon Slayer: Kimetsu no Yaiba Shinobu Kocho with 778 pieces\" width=\"904\" height=\"883\" title=\"-\" srcset=\"https:\/\/mouldking.store\/wp-content\/uploads\/2022\/05\/QuanGuan-723-Demon-Slayer-Kimetsu-no-Yaiba-Shinobu-Kocho-3.jpg 904w, https:\/\/mouldking.store\/wp-content\/uploads\/2022\/05\/QuanGuan-723-Demon-Slayer-Kimetsu-no-Yaiba-Shinobu-Kocho-3-300x293.jpg 300w, https:\/\/mouldking.store\/wp-content\/uploads\/2022\/05\/QuanGuan-723-Demon-Slayer-Kimetsu-no-Yaiba-Shinobu-Kocho-3-768x750.jpg 768w, https:\/\/mouldking.store\/wp-content\/uploads\/2022\/05\/QuanGuan-723-Demon-Slayer-Kimetsu-no-Yaiba-Shinobu-Kocho-3-600x586.jpg 600w, https:\/\/mouldking.store\/wp-content\/uploads\/2022\/05\/QuanGuan-723-Demon-Slayer-Kimetsu-no-Yaiba-Shinobu-Kocho-3-150x147.jpg 150w\" sizes=\"(max-width: 904px) 100vw, 904px\" \/><figcaption id=\"caption-attachment-31350\" class=\"wp-caption-text\">QuanGuan 723 Demon Slayer: Kimetsu no Yaiba Shinobu Kocho mit 778 Teilen<\/figcaption><\/figure>\n<figure id=\"attachment_31348\" aria-describedby=\"caption-attachment-31348\" style=\"width: 900px\" class=\"wp-caption aligncenter\"><img loading=\"lazy\" decoding=\"async\" class=\"wp-image-31348 size-full\" src=\"https:\/\/mouldking.store\/wp-content\/uploads\/2022\/05\/QuanGuan-723-Demon-Slayer-Kimetsu-no-Yaiba-Shinobu-Kocho-1.jpg\" alt=\"QuanGuan 723 Demon Slayer: Kimetsu no Yaiba Shinobu Kocho with 778 pieces\" width=\"900\" height=\"886\" title=\"-\" srcset=\"https:\/\/mouldking.store\/wp-content\/uploads\/2022\/05\/QuanGuan-723-Demon-Slayer-Kimetsu-no-Yaiba-Shinobu-Kocho-1.jpg 900w, https:\/\/mouldking.store\/wp-content\/uploads\/2022\/05\/QuanGuan-723-Demon-Slayer-Kimetsu-no-Yaiba-Shinobu-Kocho-1-300x295.jpg 300w, https:\/\/mouldking.store\/wp-content\/uploads\/2022\/05\/QuanGuan-723-Demon-Slayer-Kimetsu-no-Yaiba-Shinobu-Kocho-1-768x756.jpg 768w, https:\/\/mouldking.store\/wp-content\/uploads\/2022\/05\/QuanGuan-723-Demon-Slayer-Kimetsu-no-Yaiba-Shinobu-Kocho-1-600x591.jpg 600w, https:\/\/mouldking.store\/wp-content\/uploads\/2022\/05\/QuanGuan-723-Demon-Slayer-Kimetsu-no-Yaiba-Shinobu-Kocho-1-150x148.jpg 150w\" sizes=\"(max-width: 900px) 100vw, 900px\" \/><figcaption id=\"caption-attachment-31348\" class=\"wp-caption-text\">QuanGuan 723 Demon Slayer: Kimetsu no Yaiba Shinobu Kocho mit 778 Teilen<\/figcaption><\/figure>","protected":false},"excerpt":{"rendered":"<p>Product information: Brand: QuanGuan Gender: Unisex Name: Demon Slayer: Kimetsu no Yaiba Shinobu Kocho Age Range: &gt; 6 years old Model Number: 723 Classification: Assemblage Plastic Block Shape: Self-Locking Bricks Material: Plastic Plastic Type: ABS Bricks Blocks: 778 PCS Contains detailed assembly instructions. Notice: 1. Without an original box, but we guarantee our products have [&hellip;]<\/p>","protected":false},"featured_media":31347,"comment_status":"closed","ping_status":"closed","template":"","meta":{"_acf_changed":false},"product_cat":[581,1408],"product_tag":[5390,2977,5387,5315,5389,2290,5386,5388,5385,5384,5391],"class_list":["product","first","instock","shipping-taxable","purchasable","product-type-simple"],"acf":[],"_links":{"self":[{"href":"https:\/\/mouldking.store\/de\/wp-json\/wp\/v2\/product\/31346","targetHints":{"allow":["GET"]}}],"collection":[{"href":"https:\/\/mouldking.store\/de\/wp-json\/wp\/v2\/product"}],"about":[{"href":"https:\/\/mouldking.store\/de\/wp-json\/wp\/v2\/types\/product"}],"replies":[{"embeddable":true,"href":"https:\/\/mouldking.store\/de\/wp-json\/wp\/v2\/comments?post=31346"}],"wp:featuredmedia":[{"embeddable":true,"href":"https:\/\/mouldking.store\/de\/wp-json\/wp\/v2\/media\/31347"}],"wp:attachment":[{"href":"https:\/\/mouldking.store\/de\/wp-json\/wp\/v2\/media?parent=31346"}],"wp:term":[{"taxonomy":"product_cat","embeddable":true,"href":"https:\/\/mouldking.store\/de\/wp-json\/wp\/v2\/product_cat?post=31346"},{"taxonomy":"product_tag","embeddable":true,"href":"https:\/\/mouldking.store\/de\/wp-json\/wp\/v2\/product_tag?post=31346"}],"curies":[{"name":"wp","href":"https:\/\/api.w.org\/{rel}","templated":true}]}}