{"id":31360,"date":"2022-05-27T11:50:12","date_gmt":"2022-05-27T04:50:12","guid":{"rendered":"https:\/\/mouldking.store\/?post_type=product&#038;p=31360"},"modified":"2022-05-27T11:50:12","modified_gmt":"2022-05-27T04:50:12","slug":"mould-king-18019a-rc-hurricane-with-708-pieces","status":"publish","type":"product","link":"https:\/\/mouldking.store\/de\/shop\/mould-king-18019a-rc-hurricane-with-708-pieces\/","title":{"rendered":"Mould King 18019A RC Hurricane mit 708 Teilen"},"content":{"rendered":"<p>Produktinformation:<\/p>\n<ol>\n<li>Marke: Mould King<\/li>\n<li>Geschlecht: Unisex<\/li>\n<li>Name: RC Hurricane<\/li>\n<li>Altersspanne: &gt; 14 Jahre alt<\/li>\n<li>Model Number: 18019A<\/li>\n<li>Einstufung: Assemblage<\/li>\n<li>Kunststoffblockform: Selbstsichernde Steine<\/li>\n<li>Material: Kunststoff<\/li>\n<li>Kunststofftyp: ABS<\/li>\n<li>Bricks Blocks: 708 PCS<\/li>\n<li>Enth\u00e4lt eine ausf\u00fchrliche Montageanleitung.<\/li>\n<\/ol>\n<p>Notiz:<br \/>\n1. Ohne Originalverpackung, aber wir garantieren, dass unsere Produkte eine Qualit\u00e4tssicherung und eine sch\u00f6ne Verpackung haben.<br \/>\n2. Wie alle Teile, die wir vor dem Versand \u00fcberpr\u00fcft haben, machen Sie sich keine Sorgen, wenn Sie feststellen, dass einige Teile fehlen oder besch\u00e4digt sind, und kontaktieren Sie uns einfach, und wir k\u00f6nnen sie Ihnen umgehend kostenlos erneut zusenden.<\/p>\n<p>&nbsp;<\/p>\n<figure id=\"attachment_31361\" aria-describedby=\"caption-attachment-31361\" style=\"width: 896px\" class=\"wp-caption aligncenter\"><img fetchpriority=\"high\" decoding=\"async\" class=\"wp-image-31361 size-full\" src=\"https:\/\/mouldking.store\/wp-content\/uploads\/2022\/05\/MOULDKING-18019A-Hurricane-1.jpg\" alt=\"Mould King 18019A RC Hurricane with 708 pieces\" width=\"896\" height=\"881\" title=\"-\" srcset=\"https:\/\/mouldking.store\/wp-content\/uploads\/2022\/05\/MOULDKING-18019A-Hurricane-1.jpg 896w, https:\/\/mouldking.store\/wp-content\/uploads\/2022\/05\/MOULDKING-18019A-Hurricane-1-300x295.jpg 300w, https:\/\/mouldking.store\/wp-content\/uploads\/2022\/05\/MOULDKING-18019A-Hurricane-1-768x755.jpg 768w, https:\/\/mouldking.store\/wp-content\/uploads\/2022\/05\/MOULDKING-18019A-Hurricane-1-600x590.jpg 600w, https:\/\/mouldking.store\/wp-content\/uploads\/2022\/05\/MOULDKING-18019A-Hurricane-1-150x147.jpg 150w\" sizes=\"(max-width: 896px) 100vw, 896px\" \/><figcaption id=\"caption-attachment-31361\" class=\"wp-caption-text\">Mould King 18019A RC Hurricane mit 708 Teilen<\/figcaption><\/figure>\n<figure id=\"attachment_31364\" aria-describedby=\"caption-attachment-31364\" style=\"width: 975px\" class=\"wp-caption aligncenter\"><img decoding=\"async\" class=\"wp-image-31364 size-full\" src=\"https:\/\/mouldking.store\/wp-content\/uploads\/2022\/05\/MOULDKING-18019A-Hurricane-4.jpg\" alt=\"Mould King 18019A RC Hurricane with 708 pieces\" width=\"975\" height=\"648\" title=\"-\" srcset=\"https:\/\/mouldking.store\/wp-content\/uploads\/2022\/05\/MOULDKING-18019A-Hurricane-4.jpg 975w, https:\/\/mouldking.store\/wp-content\/uploads\/2022\/05\/MOULDKING-18019A-Hurricane-4-300x199.jpg 300w, https:\/\/mouldking.store\/wp-content\/uploads\/2022\/05\/MOULDKING-18019A-Hurricane-4-768x510.jpg 768w, https:\/\/mouldking.store\/wp-content\/uploads\/2022\/05\/MOULDKING-18019A-Hurricane-4-600x399.jpg 600w, https:\/\/mouldking.store\/wp-content\/uploads\/2022\/05\/MOULDKING-18019A-Hurricane-4-150x100.jpg 150w\" sizes=\"(max-width: 975px) 100vw, 975px\" \/><figcaption id=\"caption-attachment-31364\" class=\"wp-caption-text\">Mould King 18019A RC Hurricane mit 708 Teilen<\/figcaption><\/figure>\n<figure id=\"attachment_31365\" aria-describedby=\"caption-attachment-31365\" style=\"width: 984px\" class=\"wp-caption aligncenter\"><img decoding=\"async\" class=\"wp-image-31365 size-full\" src=\"https:\/\/mouldking.store\/wp-content\/uploads\/2022\/05\/MOULDKING-18019A-Hurricane-5.jpg\" alt=\"Mould King 18019A RC Hurricane with 708 pieces\" width=\"984\" height=\"650\" title=\"-\" srcset=\"https:\/\/mouldking.store\/wp-content\/uploads\/2022\/05\/MOULDKING-18019A-Hurricane-5.jpg 984w, https:\/\/mouldking.store\/wp-content\/uploads\/2022\/05\/MOULDKING-18019A-Hurricane-5-300x198.jpg 300w, https:\/\/mouldking.store\/wp-content\/uploads\/2022\/05\/MOULDKING-18019A-Hurricane-5-768x507.jpg 768w, https:\/\/mouldking.store\/wp-content\/uploads\/2022\/05\/MOULDKING-18019A-Hurricane-5-600x396.jpg 600w, https:\/\/mouldking.store\/wp-content\/uploads\/2022\/05\/MOULDKING-18019A-Hurricane-5-150x99.jpg 150w\" sizes=\"(max-width: 984px) 100vw, 984px\" \/><figcaption id=\"caption-attachment-31365\" class=\"wp-caption-text\">Mould King 18019A RC Hurricane mit 708 Teilen<\/figcaption><\/figure>\n<figure id=\"attachment_31366\" aria-describedby=\"caption-attachment-31366\" style=\"width: 984px\" class=\"wp-caption aligncenter\"><img loading=\"lazy\" decoding=\"async\" class=\"wp-image-31366 size-full\" src=\"https:\/\/mouldking.store\/wp-content\/uploads\/2022\/05\/MOULDKING-18019A-Hurricane-6.jpg\" alt=\"Mould King 18019A RC Hurricane with 708 pieces\" width=\"984\" height=\"656\" title=\"-\" srcset=\"https:\/\/mouldking.store\/wp-content\/uploads\/2022\/05\/MOULDKING-18019A-Hurricane-6.jpg 984w, https:\/\/mouldking.store\/wp-content\/uploads\/2022\/05\/MOULDKING-18019A-Hurricane-6-300x200.jpg 300w, https:\/\/mouldking.store\/wp-content\/uploads\/2022\/05\/MOULDKING-18019A-Hurricane-6-768x512.jpg 768w, https:\/\/mouldking.store\/wp-content\/uploads\/2022\/05\/MOULDKING-18019A-Hurricane-6-600x400.jpg 600w, https:\/\/mouldking.store\/wp-content\/uploads\/2022\/05\/MOULDKING-18019A-Hurricane-6-150x100.jpg 150w\" sizes=\"(max-width: 984px) 100vw, 984px\" \/><figcaption id=\"caption-attachment-31366\" class=\"wp-caption-text\">Mould King 18019A RC Hurricane mit 708 Teilen<\/figcaption><\/figure>\n<figure id=\"attachment_31363\" aria-describedby=\"caption-attachment-31363\" style=\"width: 984px\" class=\"wp-caption aligncenter\"><img loading=\"lazy\" decoding=\"async\" class=\"wp-image-31363 size-full\" src=\"https:\/\/mouldking.store\/wp-content\/uploads\/2022\/05\/MOULDKING-18019A-Hurricane-3.jpg\" alt=\"Mould King 18019A RC Hurricane with 708 pieces\" width=\"984\" height=\"680\" title=\"-\" srcset=\"https:\/\/mouldking.store\/wp-content\/uploads\/2022\/05\/MOULDKING-18019A-Hurricane-3.jpg 984w, https:\/\/mouldking.store\/wp-content\/uploads\/2022\/05\/MOULDKING-18019A-Hurricane-3-300x207.jpg 300w, https:\/\/mouldking.store\/wp-content\/uploads\/2022\/05\/MOULDKING-18019A-Hurricane-3-768x531.jpg 768w, https:\/\/mouldking.store\/wp-content\/uploads\/2022\/05\/MOULDKING-18019A-Hurricane-3-600x415.jpg 600w, https:\/\/mouldking.store\/wp-content\/uploads\/2022\/05\/MOULDKING-18019A-Hurricane-3-150x104.jpg 150w\" sizes=\"(max-width: 984px) 100vw, 984px\" \/><figcaption id=\"caption-attachment-31363\" class=\"wp-caption-text\">Mould King 18019A RC Hurricane mit 708 Teilen<\/figcaption><\/figure>\n<figure id=\"attachment_31367\" aria-describedby=\"caption-attachment-31367\" style=\"width: 991px\" class=\"wp-caption aligncenter\"><img loading=\"lazy\" decoding=\"async\" class=\"wp-image-31367 size-full\" src=\"https:\/\/mouldking.store\/wp-content\/uploads\/2022\/05\/MOULDKING-18019A-Hurricane-7.jpg\" alt=\"Mould King 18019A RC Hurricane with 708 pieces\" width=\"991\" height=\"903\" title=\"-\" srcset=\"https:\/\/mouldking.store\/wp-content\/uploads\/2022\/05\/MOULDKING-18019A-Hurricane-7.jpg 991w, https:\/\/mouldking.store\/wp-content\/uploads\/2022\/05\/MOULDKING-18019A-Hurricane-7-300x273.jpg 300w, https:\/\/mouldking.store\/wp-content\/uploads\/2022\/05\/MOULDKING-18019A-Hurricane-7-768x700.jpg 768w, https:\/\/mouldking.store\/wp-content\/uploads\/2022\/05\/MOULDKING-18019A-Hurricane-7-600x547.jpg 600w, https:\/\/mouldking.store\/wp-content\/uploads\/2022\/05\/MOULDKING-18019A-Hurricane-7-150x137.jpg 150w\" sizes=\"(max-width: 991px) 100vw, 991px\" \/><figcaption id=\"caption-attachment-31367\" class=\"wp-caption-text\">Mould King 18019A RC Hurricane mit 708 Teilen<\/figcaption><\/figure>\n<figure id=\"attachment_31368\" aria-describedby=\"caption-attachment-31368\" style=\"width: 829px\" class=\"wp-caption aligncenter\"><img loading=\"lazy\" decoding=\"async\" class=\"wp-image-31368 size-full\" src=\"https:\/\/mouldking.store\/wp-content\/uploads\/2022\/05\/MOULDKING-18019A-Hurricane-8.jpg\" alt=\"Mould King 18019A RC Hurricane with 708 pieces\" width=\"829\" height=\"889\" title=\"-\" srcset=\"https:\/\/mouldking.store\/wp-content\/uploads\/2022\/05\/MOULDKING-18019A-Hurricane-8.jpg 829w, https:\/\/mouldking.store\/wp-content\/uploads\/2022\/05\/MOULDKING-18019A-Hurricane-8-280x300.jpg 280w, https:\/\/mouldking.store\/wp-content\/uploads\/2022\/05\/MOULDKING-18019A-Hurricane-8-768x824.jpg 768w, https:\/\/mouldking.store\/wp-content\/uploads\/2022\/05\/MOULDKING-18019A-Hurricane-8-300x322.jpg 300w, https:\/\/mouldking.store\/wp-content\/uploads\/2022\/05\/MOULDKING-18019A-Hurricane-8-600x643.jpg 600w, https:\/\/mouldking.store\/wp-content\/uploads\/2022\/05\/MOULDKING-18019A-Hurricane-8-140x150.jpg 140w\" sizes=\"(max-width: 829px) 100vw, 829px\" \/><figcaption id=\"caption-attachment-31368\" class=\"wp-caption-text\">Mould King 18019A RC Hurricane mit 708 Teilen<\/figcaption><\/figure>\n<figure id=\"attachment_31362\" aria-describedby=\"caption-attachment-31362\" style=\"width: 987px\" class=\"wp-caption aligncenter\"><img loading=\"lazy\" decoding=\"async\" class=\"wp-image-31362 size-full\" src=\"https:\/\/mouldking.store\/wp-content\/uploads\/2022\/05\/MOULDKING-18019A-Hurricane-2.jpg\" alt=\"Mould King 18019A RC Hurricane with 708 pieces\" width=\"987\" height=\"807\" title=\"-\" srcset=\"https:\/\/mouldking.store\/wp-content\/uploads\/2022\/05\/MOULDKING-18019A-Hurricane-2.jpg 987w, https:\/\/mouldking.store\/wp-content\/uploads\/2022\/05\/MOULDKING-18019A-Hurricane-2-300x245.jpg 300w, https:\/\/mouldking.store\/wp-content\/uploads\/2022\/05\/MOULDKING-18019A-Hurricane-2-768x628.jpg 768w, https:\/\/mouldking.store\/wp-content\/uploads\/2022\/05\/MOULDKING-18019A-Hurricane-2-600x491.jpg 600w, https:\/\/mouldking.store\/wp-content\/uploads\/2022\/05\/MOULDKING-18019A-Hurricane-2-150x123.jpg 150w\" sizes=\"(max-width: 987px) 100vw, 987px\" \/><figcaption id=\"caption-attachment-31362\" class=\"wp-caption-text\">Mould King 18019A RC Hurricane mit 708 Teilen<\/figcaption><\/figure>","protected":false},"excerpt":{"rendered":"<p>Product information: Brand: Mould King Gender: Unisex Name: RC Hurricane Age Range: &gt; 14 years old Model Number: 18019A Classification: Assemblage Plastic Block Shape: Self-Locking Bricks Material: Plastic Plastic Type: ABS Bricks Blocks: 708 PCS Contains detailed assembly instructions. Notice: 1. Without an original box, but we guarantee our products have quality assurance and nice [&hellip;]<\/p>","protected":false},"featured_media":31361,"comment_status":"closed","ping_status":"closed","template":"","meta":{"_acf_changed":false},"product_cat":[364],"product_tag":[5402,5403,615,5400,5399,5398,481,5401],"class_list":["product","first","instock","shipping-taxable","purchasable","product-type-simple"],"acf":[],"_links":{"self":[{"href":"https:\/\/mouldking.store\/de\/wp-json\/wp\/v2\/product\/31360","targetHints":{"allow":["GET"]}}],"collection":[{"href":"https:\/\/mouldking.store\/de\/wp-json\/wp\/v2\/product"}],"about":[{"href":"https:\/\/mouldking.store\/de\/wp-json\/wp\/v2\/types\/product"}],"replies":[{"embeddable":true,"href":"https:\/\/mouldking.store\/de\/wp-json\/wp\/v2\/comments?post=31360"}],"wp:featuredmedia":[{"embeddable":true,"href":"https:\/\/mouldking.store\/de\/wp-json\/wp\/v2\/media\/31361"}],"wp:attachment":[{"href":"https:\/\/mouldking.store\/de\/wp-json\/wp\/v2\/media?parent=31360"}],"wp:term":[{"taxonomy":"product_cat","embeddable":true,"href":"https:\/\/mouldking.store\/de\/wp-json\/wp\/v2\/product_cat?post=31360"},{"taxonomy":"product_tag","embeddable":true,"href":"https:\/\/mouldking.store\/de\/wp-json\/wp\/v2\/product_tag?post=31360"}],"curies":[{"name":"wp","href":"https:\/\/api.w.org\/{rel}","templated":true}]}}