{"id":31369,"date":"2022-05-27T11:53:35","date_gmt":"2022-05-27T04:53:35","guid":{"rendered":"https:\/\/mouldking.store\/?post_type=product&#038;p=31369"},"modified":"2022-05-27T11:53:36","modified_gmt":"2022-05-27T04:53:36","slug":"qman-k20606-crayon-shin-chans-living-room-with-289-pieces","status":"publish","type":"product","link":"https:\/\/mouldking.store\/de\/shop\/qman-k20606-crayon-shin-chans-living-room-with-289-pieces\/","title":{"rendered":"Qman K20606 Crayon Shin-Chan&#8217;s Living Room with 289 pieces"},"content":{"rendered":"<p>Produktinformation:<\/p>\n<ol>\n<li>Marke: Qman<\/li>\n<li>Geschlecht: Unisex<\/li>\n<li>Name: Crayon Shin-Chan&#8217;s Living Room<\/li>\n<li>Altersspanne: &gt; 6 Jahre alt<\/li>\n<li>Model Number: K20606<\/li>\n<li>Einstufung: Assemblage<\/li>\n<li>Kunststoffblockform: Selbstsichernde Steine<\/li>\n<li>Material: Kunststoff<\/li>\n<li>Kunststofftyp: ABS<\/li>\n<li>Bricks Blocks: 289 PCS<\/li>\n<li>Enth\u00e4lt eine ausf\u00fchrliche Montageanleitung.<\/li>\n<\/ol>\n<p>Notiz:<br \/>\n1. Ohne Originalverpackung, aber wir garantieren, dass unsere Produkte eine Qualit\u00e4tssicherung und eine sch\u00f6ne Verpackung haben.<br \/>\n2. Wie alle Teile, die wir vor dem Versand \u00fcberpr\u00fcft haben, machen Sie sich keine Sorgen, wenn Sie feststellen, dass einige Teile fehlen oder besch\u00e4digt sind, und kontaktieren Sie uns einfach, und wir k\u00f6nnen sie Ihnen umgehend kostenlos erneut zusenden.<\/p>\n<p>&nbsp;<\/p>\n<figure id=\"attachment_31370\" aria-describedby=\"caption-attachment-31370\" style=\"width: 901px\" class=\"wp-caption aligncenter\"><img fetchpriority=\"high\" decoding=\"async\" class=\"wp-image-31370 size-full\" src=\"https:\/\/mouldking.store\/wp-content\/uploads\/2022\/05\/Qman-K20606-Crayon-Shin-Chans-Living-Room-1.jpg\" alt=\"Qman K20606 Crayon Shin-Chan&#039;s Living Room with 289 pieces\" width=\"901\" height=\"882\" title=\"-\" srcset=\"https:\/\/mouldking.store\/wp-content\/uploads\/2022\/05\/Qman-K20606-Crayon-Shin-Chans-Living-Room-1.jpg 901w, https:\/\/mouldking.store\/wp-content\/uploads\/2022\/05\/Qman-K20606-Crayon-Shin-Chans-Living-Room-1-300x294.jpg 300w, https:\/\/mouldking.store\/wp-content\/uploads\/2022\/05\/Qman-K20606-Crayon-Shin-Chans-Living-Room-1-768x752.jpg 768w, https:\/\/mouldking.store\/wp-content\/uploads\/2022\/05\/Qman-K20606-Crayon-Shin-Chans-Living-Room-1-600x587.jpg 600w, https:\/\/mouldking.store\/wp-content\/uploads\/2022\/05\/Qman-K20606-Crayon-Shin-Chans-Living-Room-1-150x147.jpg 150w\" sizes=\"(max-width: 901px) 100vw, 901px\" \/><figcaption id=\"caption-attachment-31370\" class=\"wp-caption-text\">Qman K20606 Crayon Shin-Chan&#8217;s Living Room with 289 pieces<\/figcaption><\/figure>\n<figure id=\"attachment_31372\" aria-describedby=\"caption-attachment-31372\" style=\"width: 752px\" class=\"wp-caption aligncenter\"><img decoding=\"async\" class=\"wp-image-31372 size-full\" src=\"https:\/\/mouldking.store\/wp-content\/uploads\/2022\/05\/Qman-K20606-Crayon-Shin-Chans-Living-Room-3.jpg\" alt=\"Qman K20606 Crayon Shin-Chan&#039;s Living Room with 289 pieces\" width=\"752\" height=\"869\" title=\"-\" srcset=\"https:\/\/mouldking.store\/wp-content\/uploads\/2022\/05\/Qman-K20606-Crayon-Shin-Chans-Living-Room-3.jpg 752w, https:\/\/mouldking.store\/wp-content\/uploads\/2022\/05\/Qman-K20606-Crayon-Shin-Chans-Living-Room-3-260x300.jpg 260w, https:\/\/mouldking.store\/wp-content\/uploads\/2022\/05\/Qman-K20606-Crayon-Shin-Chans-Living-Room-3-300x347.jpg 300w, https:\/\/mouldking.store\/wp-content\/uploads\/2022\/05\/Qman-K20606-Crayon-Shin-Chans-Living-Room-3-600x693.jpg 600w, https:\/\/mouldking.store\/wp-content\/uploads\/2022\/05\/Qman-K20606-Crayon-Shin-Chans-Living-Room-3-130x150.jpg 130w\" sizes=\"(max-width: 752px) 100vw, 752px\" \/><figcaption id=\"caption-attachment-31372\" class=\"wp-caption-text\">Qman K20606 Crayon Shin-Chan&#8217;s Living Room with 289 pieces<\/figcaption><\/figure>\n<figure id=\"attachment_31373\" aria-describedby=\"caption-attachment-31373\" style=\"width: 529px\" class=\"wp-caption aligncenter\"><img decoding=\"async\" class=\"wp-image-31373 size-full\" src=\"https:\/\/mouldking.store\/wp-content\/uploads\/2022\/05\/Qman-K20606-Crayon-Shin-Chans-Living-Room-4.jpg\" alt=\"Qman K20606 Crayon Shin-Chan&#039;s Living Room with 289 pieces\" width=\"529\" height=\"888\" title=\"-\" srcset=\"https:\/\/mouldking.store\/wp-content\/uploads\/2022\/05\/Qman-K20606-Crayon-Shin-Chans-Living-Room-4.jpg 529w, https:\/\/mouldking.store\/wp-content\/uploads\/2022\/05\/Qman-K20606-Crayon-Shin-Chans-Living-Room-4-179x300.jpg 179w, https:\/\/mouldking.store\/wp-content\/uploads\/2022\/05\/Qman-K20606-Crayon-Shin-Chans-Living-Room-4-300x504.jpg 300w, https:\/\/mouldking.store\/wp-content\/uploads\/2022\/05\/Qman-K20606-Crayon-Shin-Chans-Living-Room-4-89x150.jpg 89w\" sizes=\"(max-width: 529px) 100vw, 529px\" \/><figcaption id=\"caption-attachment-31373\" class=\"wp-caption-text\">Qman K20606 Crayon Shin-Chan&#8217;s Living Room with 289 pieces<\/figcaption><\/figure>\n<figure id=\"attachment_31374\" aria-describedby=\"caption-attachment-31374\" style=\"width: 534px\" class=\"wp-caption aligncenter\"><img loading=\"lazy\" decoding=\"async\" class=\"wp-image-31374 size-full\" src=\"https:\/\/mouldking.store\/wp-content\/uploads\/2022\/05\/Qman-K20606-Crayon-Shin-Chans-Living-Room-5.jpg\" alt=\"Qman K20606 Crayon Shin-Chan&#039;s Living Room with 289 pieces\" width=\"534\" height=\"874\" title=\"-\" srcset=\"https:\/\/mouldking.store\/wp-content\/uploads\/2022\/05\/Qman-K20606-Crayon-Shin-Chans-Living-Room-5.jpg 534w, https:\/\/mouldking.store\/wp-content\/uploads\/2022\/05\/Qman-K20606-Crayon-Shin-Chans-Living-Room-5-183x300.jpg 183w, https:\/\/mouldking.store\/wp-content\/uploads\/2022\/05\/Qman-K20606-Crayon-Shin-Chans-Living-Room-5-300x491.jpg 300w, https:\/\/mouldking.store\/wp-content\/uploads\/2022\/05\/Qman-K20606-Crayon-Shin-Chans-Living-Room-5-92x150.jpg 92w\" sizes=\"(max-width: 534px) 100vw, 534px\" \/><figcaption id=\"caption-attachment-31374\" class=\"wp-caption-text\">Qman K20606 Crayon Shin-Chan&#8217;s Living Room with 289 pieces<\/figcaption><\/figure>\n<figure id=\"attachment_31375\" aria-describedby=\"caption-attachment-31375\" style=\"width: 692px\" class=\"wp-caption aligncenter\"><img loading=\"lazy\" decoding=\"async\" class=\"wp-image-31375 size-full\" src=\"https:\/\/mouldking.store\/wp-content\/uploads\/2022\/05\/Qman-K20606-Crayon-Shin-Chans-Living-Room-6.jpg\" alt=\"Qman K20606 Crayon Shin-Chan&#039;s Living Room with 289 pieces\" width=\"692\" height=\"874\" title=\"-\" srcset=\"https:\/\/mouldking.store\/wp-content\/uploads\/2022\/05\/Qman-K20606-Crayon-Shin-Chans-Living-Room-6.jpg 692w, https:\/\/mouldking.store\/wp-content\/uploads\/2022\/05\/Qman-K20606-Crayon-Shin-Chans-Living-Room-6-238x300.jpg 238w, https:\/\/mouldking.store\/wp-content\/uploads\/2022\/05\/Qman-K20606-Crayon-Shin-Chans-Living-Room-6-300x379.jpg 300w, https:\/\/mouldking.store\/wp-content\/uploads\/2022\/05\/Qman-K20606-Crayon-Shin-Chans-Living-Room-6-600x758.jpg 600w, https:\/\/mouldking.store\/wp-content\/uploads\/2022\/05\/Qman-K20606-Crayon-Shin-Chans-Living-Room-6-119x150.jpg 119w\" sizes=\"(max-width: 692px) 100vw, 692px\" \/><figcaption id=\"caption-attachment-31375\" class=\"wp-caption-text\">Qman K20606 Crayon Shin-Chan&#8217;s Living Room with 289 pieces<\/figcaption><\/figure>\n<figure id=\"attachment_31376\" aria-describedby=\"caption-attachment-31376\" style=\"width: 578px\" class=\"wp-caption aligncenter\"><img loading=\"lazy\" decoding=\"async\" class=\"wp-image-31376 size-full\" src=\"https:\/\/mouldking.store\/wp-content\/uploads\/2022\/05\/Qman-K20606-Crayon-Shin-Chans-Living-Room-7.jpg\" alt=\"Qman K20606 Crayon Shin-Chan&#039;s Living Room with 289 pieces\" width=\"578\" height=\"884\" title=\"-\" srcset=\"https:\/\/mouldking.store\/wp-content\/uploads\/2022\/05\/Qman-K20606-Crayon-Shin-Chans-Living-Room-7.jpg 578w, https:\/\/mouldking.store\/wp-content\/uploads\/2022\/05\/Qman-K20606-Crayon-Shin-Chans-Living-Room-7-196x300.jpg 196w, https:\/\/mouldking.store\/wp-content\/uploads\/2022\/05\/Qman-K20606-Crayon-Shin-Chans-Living-Room-7-300x459.jpg 300w, https:\/\/mouldking.store\/wp-content\/uploads\/2022\/05\/Qman-K20606-Crayon-Shin-Chans-Living-Room-7-98x150.jpg 98w\" sizes=\"(max-width: 578px) 100vw, 578px\" \/><figcaption id=\"caption-attachment-31376\" class=\"wp-caption-text\">Qman K20606 Crayon Shin-Chan&#8217;s Living Room with 289 pieces<\/figcaption><\/figure>\n<figure id=\"attachment_31371\" aria-describedby=\"caption-attachment-31371\" style=\"width: 563px\" class=\"wp-caption aligncenter\"><img loading=\"lazy\" decoding=\"async\" class=\"wp-image-31371 size-full\" src=\"https:\/\/mouldking.store\/wp-content\/uploads\/2022\/05\/Qman-K20606-Crayon-Shin-Chans-Living-Room-2.jpg\" alt=\"Qman K20606 Crayon Shin-Chan&#039;s Living Room with 289 pieces\" width=\"563\" height=\"490\" title=\"-\" srcset=\"https:\/\/mouldking.store\/wp-content\/uploads\/2022\/05\/Qman-K20606-Crayon-Shin-Chans-Living-Room-2.jpg 563w, https:\/\/mouldking.store\/wp-content\/uploads\/2022\/05\/Qman-K20606-Crayon-Shin-Chans-Living-Room-2-300x261.jpg 300w, https:\/\/mouldking.store\/wp-content\/uploads\/2022\/05\/Qman-K20606-Crayon-Shin-Chans-Living-Room-2-150x131.jpg 150w\" sizes=\"(max-width: 563px) 100vw, 563px\" \/><figcaption id=\"caption-attachment-31371\" class=\"wp-caption-text\">Qman K20606 Crayon Shin-Chan&#8217;s Living Room with 289 pieces<\/figcaption><\/figure>","protected":false},"excerpt":{"rendered":"<p>Product information: Brand: Qman Gender: Unisex Name: Crayon Shin-Chan&#8217;s Living Room Age Range: &gt; 6 years old Model Number: K20606 Classification: Assemblage Plastic Block Shape: Self-Locking Bricks Material: Plastic Plastic Type: ABS Bricks Blocks: 289 PCS Contains detailed assembly instructions. Notice: 1. Without an original box, but we guarantee our products have quality assurance and [&hellip;]<\/p>","protected":false},"featured_media":31370,"comment_status":"closed","ping_status":"closed","template":"","meta":{"_acf_changed":false},"product_cat":[581,1408],"product_tag":[5409,5407,5408,5413,4125,5406,5405,5404,5411,5412,5410],"class_list":["product","first","instock","shipping-taxable","purchasable","product-type-simple"],"acf":[],"_links":{"self":[{"href":"https:\/\/mouldking.store\/de\/wp-json\/wp\/v2\/product\/31369","targetHints":{"allow":["GET"]}}],"collection":[{"href":"https:\/\/mouldking.store\/de\/wp-json\/wp\/v2\/product"}],"about":[{"href":"https:\/\/mouldking.store\/de\/wp-json\/wp\/v2\/types\/product"}],"replies":[{"embeddable":true,"href":"https:\/\/mouldking.store\/de\/wp-json\/wp\/v2\/comments?post=31369"}],"wp:featuredmedia":[{"embeddable":true,"href":"https:\/\/mouldking.store\/de\/wp-json\/wp\/v2\/media\/31370"}],"wp:attachment":[{"href":"https:\/\/mouldking.store\/de\/wp-json\/wp\/v2\/media?parent=31369"}],"wp:term":[{"taxonomy":"product_cat","embeddable":true,"href":"https:\/\/mouldking.store\/de\/wp-json\/wp\/v2\/product_cat?post=31369"},{"taxonomy":"product_tag","embeddable":true,"href":"https:\/\/mouldking.store\/de\/wp-json\/wp\/v2\/product_tag?post=31369"}],"curies":[{"name":"wp","href":"https:\/\/api.w.org\/{rel}","templated":true}]}}